{"id":11979,"date":"2018-04-17T14:49:33","date_gmt":"2018-04-17T12:49:33","guid":{"rendered":"https:\/\/iste.yhello.co\/?post_type=product&#038;p=11979"},"modified":"2024-01-03T13:42:08","modified_gmt":"2024-01-03T13:42:08","slug":"programmation-concurrente-temps-reel-et-distribuee-en-java","status":"publish","type":"product","link":"https:\/\/www.istegroup.com\/en\/produit\/programmation-concurrente-temps-reel-et-distribuee-en-java\/","title":{"rendered":"Programmation concurrente, temps r\u00e9el et distribu\u00e9e en Java"},"content":{"rendered":"<p>Cet ouvrage constitue une introduction \u00e0 la programmation concurrente, temps r\u00e9el et distribu\u00e9e avec le support du langage orient\u00e9 objet Java comme outil de description d&#8217;algorithmes. Il d\u00e9crit en particulier les m\u00e9canismes de synchronisation (coop\u00e9rative et comp\u00e9titive) et de partage de donn\u00e9es (classe interne, variables de type statique) entre Threads en Java.<\/p>\n<p><em>Programmation concurrente, temps r\u00e9el et distribu\u00e9e en Java<\/em>\u00a0pr\u00e9sente la programmation distribu\u00e9e en Java, ainsi que la sp\u00e9cification RTSJ (<em>Real Time Specification for Java<\/em>) d\u00e9di\u00e9e au d\u00e9veloppement d&#8217;applications temps r\u00e9el en Java. On s\u2019int\u00e9resse en particulier \u00e0 la communication bas niveau utilisant les Sockets TCP et \u00e0 la communication haut niveau utilisant le middleware Java RMI (<em>Remote Method Invocatio<\/em>n).<\/p>\n<p>Une partie de l\u2019ouvrage est consacr\u00e9e \u00e0 un ensemble d\u2019exercices d\u2019applications pratiques.<\/p>\n","protected":false},"excerpt":{"rendered":"<p>Cet ouvrage constitue une introduction \u00e0 la programmation concurrente, temps r\u00e9el et distribu\u00e9e avec le support du langage orient\u00e9 objet Java comme outil de description d&#8217;algorithmes. Il d\u00e9crit en particulier les m\u00e9canismes de synchronisation (coop\u00e9rative et comp\u00e9titive) et de partage de donn\u00e9es (classe interne, variables de type statique) entre Threads en Java. Programmation concurrente, temps [&hellip;]<\/p>\n","protected":false},"featured_media":11985,"template":"","meta":{"_acf_changed":false,"_links_to":"","_links_to_target":""},"product_brand":[],"product_cat":[3262],"product_tag":[3441,18,19,20,608,21,22,172,26,27,28,3440,3439,3438,3437,3436,3435],"class_list":{"0":"post-11979","1":"product","2":"type-product","3":"status-publish","4":"has-post-thumbnail","6":"product_cat-non-classe","7":"product_tag-badr-benmammar","8":"product_tag-edition-scientifique","9":"product_tag-editions-francaise","10":"product_tag-editions-technique","11":"product_tag-informatique","12":"product_tag-iste-group","13":"product_tag-istegroup","14":"product_tag-livre-scientifique","15":"product_tag-livre-scientifique-francais","16":"product_tag-livre-technique-francais","17":"product_tag-ouvrage-scientifique-francais","18":"product_tag-programmation-concurrente","19":"product_tag-real-time-specification-for-java","20":"product_tag-remote-method-invocation","21":"product_tag-rtsj-et-rmi","22":"product_tag-temps-reel-et-distribuee-en-java","23":"product_tag-threads","25":"first","26":"instock","27":"shipping-taxable","28":"purchasable","29":"product-type-variable"},"acf":[],"yoast_head":"<!-- This site is optimized with the Yoast SEO plugin v27.2 - https:\/\/yoast.com\/product\/yoast-seo-wordpress\/ -->\n<title>Programmation concurrente, temps r\u00e9el et distribu\u00e9e en Java - ISTE Group<\/title>\n<meta name=\"description\" content=\"Cet ouvrage constitue une introduction \u00e0 la programmation concurrente, temps r\u00e9el et distribu\u00e9e avec le support du langage orient\u00e9 objet Java comme outil de description d&#039;algorithmes.\" \/>\n<meta name=\"robots\" content=\"index, follow, max-snippet:-1, max-image-preview:large, max-video-preview:-1\" \/>\n<link rel=\"canonical\" href=\"https:\/\/www.istegroup.com\/en\/produit\/programmation-concurrente-temps-reel-et-distribuee-en-java\/\" \/>\n<meta property=\"og:locale\" content=\"en_US\" \/>\n<meta property=\"og:type\" content=\"article\" \/>\n<meta property=\"og:title\" content=\"Programmation concurrente, temps r\u00e9el et distribu\u00e9e en Java - ISTE Group\" \/>\n<meta property=\"og:description\" content=\"Cet ouvrage constitue une introduction \u00e0 la programmation concurrente, temps r\u00e9el et distribu\u00e9e avec le support du langage orient\u00e9 objet Java comme outil de description d&#039;algorithmes.\" \/>\n<meta property=\"og:url\" content=\"https:\/\/www.istegroup.com\/en\/produit\/programmation-concurrente-temps-reel-et-distribuee-en-java\/\" \/>\n<meta property=\"og:site_name\" content=\"ISTE Group\" \/>\n<meta property=\"article:modified_time\" content=\"2024-01-03T13:42:08+00:00\" \/>\n<meta property=\"og:image\" content=\"https:\/\/www.istegroup.com\/wp-content\/uploads\/2018\/04\/Benmammar_Front-scaled.jpg\" \/>\n\t<meta property=\"og:image:width\" content=\"1703\" \/>\n\t<meta property=\"og:image:height\" content=\"2560\" \/>\n\t<meta property=\"og:image:type\" content=\"image\/jpeg\" \/>\n<meta name=\"twitter:card\" content=\"summary_large_image\" \/>\n<meta name=\"twitter:label1\" content=\"Est. reading time\" \/>\n\t<meta name=\"twitter:data1\" content=\"1 minute\" \/>\n<script type=\"application\/ld+json\" class=\"yoast-schema-graph\">{\"@context\":\"https:\/\/schema.org\",\"@graph\":[{\"@type\":\"WebPage\",\"@id\":\"https:\/\/www.istegroup.com\/en\/produit\/programmation-concurrente-temps-reel-et-distribuee-en-java\/\",\"url\":\"https:\/\/www.istegroup.com\/en\/produit\/programmation-concurrente-temps-reel-et-distribuee-en-java\/\",\"name\":\"Programmation concurrente, temps r\u00e9el et distribu\u00e9e en Java - ISTE Group\",\"isPartOf\":{\"@id\":\"https:\/\/www.istegroup.com\/#website\"},\"primaryImageOfPage\":{\"@id\":\"https:\/\/www.istegroup.com\/en\/produit\/programmation-concurrente-temps-reel-et-distribuee-en-java\/#primaryimage\"},\"image\":{\"@id\":\"https:\/\/www.istegroup.com\/en\/produit\/programmation-concurrente-temps-reel-et-distribuee-en-java\/#primaryimage\"},\"thumbnailUrl\":\"https:\/\/www.istegroup.com\/wp-content\/uploads\/2018\/04\/Benmammar_Front-scaled.jpg\",\"datePublished\":\"2018-04-17T12:49:33+00:00\",\"dateModified\":\"2024-01-03T13:42:08+00:00\",\"description\":\"Cet ouvrage constitue une introduction \u00e0 la programmation concurrente, temps r\u00e9el et distribu\u00e9e avec le support du langage orient\u00e9 objet Java comme outil de description d'algorithmes.\",\"breadcrumb\":{\"@id\":\"https:\/\/www.istegroup.com\/en\/produit\/programmation-concurrente-temps-reel-et-distribuee-en-java\/#breadcrumb\"},\"inLanguage\":\"en-US\",\"potentialAction\":[{\"@type\":\"ReadAction\",\"target\":[\"https:\/\/www.istegroup.com\/en\/produit\/programmation-concurrente-temps-reel-et-distribuee-en-java\/\"]}]},{\"@type\":\"ImageObject\",\"inLanguage\":\"en-US\",\"@id\":\"https:\/\/www.istegroup.com\/en\/produit\/programmation-concurrente-temps-reel-et-distribuee-en-java\/#primaryimage\",\"url\":\"https:\/\/www.istegroup.com\/wp-content\/uploads\/2018\/04\/Benmammar_Front-scaled.jpg\",\"contentUrl\":\"https:\/\/www.istegroup.com\/wp-content\/uploads\/2018\/04\/Benmammar_Front-scaled.jpg\",\"width\":1703,\"height\":2560,\"caption\":\"Threads, RTSJ et RMI\"},{\"@type\":\"BreadcrumbList\",\"@id\":\"https:\/\/www.istegroup.com\/en\/produit\/programmation-concurrente-temps-reel-et-distribuee-en-java\/#breadcrumb\",\"itemListElement\":[{\"@type\":\"ListItem\",\"position\":1,\"name\":\"Home\",\"item\":\"https:\/\/www.istegroup.com\/\"},{\"@type\":\"ListItem\",\"position\":2,\"name\":\"Shop\",\"item\":\"https:\/\/www.istegroup.com\/fr\/nouveautes\/\"},{\"@type\":\"ListItem\",\"position\":3,\"name\":\"Programmation concurrente, temps r\u00e9el et distribu\u00e9e en Java\"}]},{\"@type\":\"WebSite\",\"@id\":\"https:\/\/www.istegroup.com\/#website\",\"url\":\"https:\/\/www.istegroup.com\/\",\"name\":\"ISTE Group\",\"description\":\"Publishing Knowledge\",\"potentialAction\":[{\"@type\":\"SearchAction\",\"target\":{\"@type\":\"EntryPoint\",\"urlTemplate\":\"https:\/\/www.istegroup.com\/?s={search_term_string}\"},\"query-input\":{\"@type\":\"PropertyValueSpecification\",\"valueRequired\":true,\"valueName\":\"search_term_string\"}}],\"inLanguage\":\"en-US\"}]}<\/script>\n<!-- \/ Yoast SEO plugin. -->","yoast_head_json":{"title":"Programmation concurrente, temps r\u00e9el et distribu\u00e9e en Java - ISTE Group","description":"Cet ouvrage constitue une introduction \u00e0 la programmation concurrente, temps r\u00e9el et distribu\u00e9e avec le support du langage orient\u00e9 objet Java comme outil de description d'algorithmes.","robots":{"index":"index","follow":"follow","max-snippet":"max-snippet:-1","max-image-preview":"max-image-preview:large","max-video-preview":"max-video-preview:-1"},"canonical":"https:\/\/www.istegroup.com\/en\/produit\/programmation-concurrente-temps-reel-et-distribuee-en-java\/","og_locale":"en_US","og_type":"article","og_title":"Programmation concurrente, temps r\u00e9el et distribu\u00e9e en Java - ISTE Group","og_description":"Cet ouvrage constitue une introduction \u00e0 la programmation concurrente, temps r\u00e9el et distribu\u00e9e avec le support du langage orient\u00e9 objet Java comme outil de description d'algorithmes.","og_url":"https:\/\/www.istegroup.com\/en\/produit\/programmation-concurrente-temps-reel-et-distribuee-en-java\/","og_site_name":"ISTE Group","article_modified_time":"2024-01-03T13:42:08+00:00","og_image":[{"width":1703,"height":2560,"url":"https:\/\/www.istegroup.com\/wp-content\/uploads\/2018\/04\/Benmammar_Front-scaled.jpg","type":"image\/jpeg"}],"twitter_card":"summary_large_image","twitter_misc":{"Est. reading time":"1 minute"},"schema":{"@context":"https:\/\/schema.org","@graph":[{"@type":"WebPage","@id":"https:\/\/www.istegroup.com\/en\/produit\/programmation-concurrente-temps-reel-et-distribuee-en-java\/","url":"https:\/\/www.istegroup.com\/en\/produit\/programmation-concurrente-temps-reel-et-distribuee-en-java\/","name":"Programmation concurrente, temps r\u00e9el et distribu\u00e9e en Java - ISTE Group","isPartOf":{"@id":"https:\/\/www.istegroup.com\/#website"},"primaryImageOfPage":{"@id":"https:\/\/www.istegroup.com\/en\/produit\/programmation-concurrente-temps-reel-et-distribuee-en-java\/#primaryimage"},"image":{"@id":"https:\/\/www.istegroup.com\/en\/produit\/programmation-concurrente-temps-reel-et-distribuee-en-java\/#primaryimage"},"thumbnailUrl":"https:\/\/www.istegroup.com\/wp-content\/uploads\/2018\/04\/Benmammar_Front-scaled.jpg","datePublished":"2018-04-17T12:49:33+00:00","dateModified":"2024-01-03T13:42:08+00:00","description":"Cet ouvrage constitue une introduction \u00e0 la programmation concurrente, temps r\u00e9el et distribu\u00e9e avec le support du langage orient\u00e9 objet Java comme outil de description d'algorithmes.","breadcrumb":{"@id":"https:\/\/www.istegroup.com\/en\/produit\/programmation-concurrente-temps-reel-et-distribuee-en-java\/#breadcrumb"},"inLanguage":"en-US","potentialAction":[{"@type":"ReadAction","target":["https:\/\/www.istegroup.com\/en\/produit\/programmation-concurrente-temps-reel-et-distribuee-en-java\/"]}]},{"@type":"ImageObject","inLanguage":"en-US","@id":"https:\/\/www.istegroup.com\/en\/produit\/programmation-concurrente-temps-reel-et-distribuee-en-java\/#primaryimage","url":"https:\/\/www.istegroup.com\/wp-content\/uploads\/2018\/04\/Benmammar_Front-scaled.jpg","contentUrl":"https:\/\/www.istegroup.com\/wp-content\/uploads\/2018\/04\/Benmammar_Front-scaled.jpg","width":1703,"height":2560,"caption":"Threads, RTSJ et RMI"},{"@type":"BreadcrumbList","@id":"https:\/\/www.istegroup.com\/en\/produit\/programmation-concurrente-temps-reel-et-distribuee-en-java\/#breadcrumb","itemListElement":[{"@type":"ListItem","position":1,"name":"Home","item":"https:\/\/www.istegroup.com\/"},{"@type":"ListItem","position":2,"name":"Shop","item":"https:\/\/www.istegroup.com\/fr\/nouveautes\/"},{"@type":"ListItem","position":3,"name":"Programmation concurrente, temps r\u00e9el et distribu\u00e9e en Java"}]},{"@type":"WebSite","@id":"https:\/\/www.istegroup.com\/#website","url":"https:\/\/www.istegroup.com\/","name":"ISTE Group","description":"Publishing Knowledge","potentialAction":[{"@type":"SearchAction","target":{"@type":"EntryPoint","urlTemplate":"https:\/\/www.istegroup.com\/?s={search_term_string}"},"query-input":{"@type":"PropertyValueSpecification","valueRequired":true,"valueName":"search_term_string"}}],"inLanguage":"en-US"}]}},"_links":{"self":[{"href":"https:\/\/www.istegroup.com\/en\/wp-json\/wp\/v2\/product\/11979","targetHints":{"allow":["GET"]}}],"collection":[{"href":"https:\/\/www.istegroup.com\/en\/wp-json\/wp\/v2\/product"}],"about":[{"href":"https:\/\/www.istegroup.com\/en\/wp-json\/wp\/v2\/types\/product"}],"wp:featuredmedia":[{"embeddable":true,"href":"https:\/\/www.istegroup.com\/en\/wp-json\/wp\/v2\/media\/11985"}],"wp:attachment":[{"href":"https:\/\/www.istegroup.com\/en\/wp-json\/wp\/v2\/media?parent=11979"}],"wp:term":[{"taxonomy":"product_brand","embeddable":true,"href":"https:\/\/www.istegroup.com\/en\/wp-json\/wp\/v2\/product_brand?post=11979"},{"taxonomy":"product_cat","embeddable":true,"href":"https:\/\/www.istegroup.com\/en\/wp-json\/wp\/v2\/product_cat?post=11979"},{"taxonomy":"product_tag","embeddable":true,"href":"https:\/\/www.istegroup.com\/en\/wp-json\/wp\/v2\/product_tag?post=11979"}],"curies":[{"name":"wp","href":"https:\/\/api.w.org\/{rel}","templated":true}]}}