{"id":11866,"date":"2018-04-04T16:20:21","date_gmt":"2018-04-04T14:20:21","guid":{"rendered":"https:\/\/iste.yhello.co\/?post_type=product&#038;p=11866"},"modified":"2024-01-03T13:42:07","modified_gmt":"2024-01-03T13:42:07","slug":"precis-de-mathematiques-approfondies-et-fondamentales-2","status":"publish","type":"product","link":"https:\/\/www.istegroup.com\/en\/produit\/precis-de-mathematiques-approfondies-et-fondamentales-2\/","title":{"rendered":"Pr\u00e9cis de math\u00e9matiques approfondies et fondamentales 2"},"content":{"rendered":"<p>Publi\u00e9 en trois volumes,\u00a0<em>Pr\u00e9cis de math\u00e9matiques approfondies et fondamentales<\/em>\u00a0pr\u00e9sente les \u00e9l\u00e9ments math\u00e9matiques qui \u00ab fondent \u00bb un certain nombre de m\u00e9thodes des sciences contemporaines : th\u00e9orie moderne des syst\u00e8mes, physique, sciences de l\u2019ing\u00e9nieur.<\/p>\n<p>Alors que le premier volume \u00e9tudie les conditions formelles de r\u00e9solubilit\u00e9 d\u2019un syst\u00e8me d\u2019\u00e9quations (polynomiales ou diff\u00e9rentielles lin\u00e9aires), ce second ouvrage traite de la nature des solutions des syst\u00e8mes d\u2019\u00e9quations. Pour cela, il s\u2019appuie essentiellement sur deux th\u00e9ories : la th\u00e9orie de Galois et la th\u00e9orie de Galois diff\u00e9rentielle.<\/p>\n<p>\u00c0 travers la topologie g\u00e9n\u00e9rale et la th\u00e9orie des espaces vectoriels topologiques, l\u2019ouvrage analyse les principaux espaces fonctionnels (g\u00e9n\u00e9ralis\u00e9s) : fonctions ind\u00e9finiment d\u00e9rivables, holomorphes, m\u00e9romorphes, mesures, distributions, hyperfonctions. Ces derni\u00e8res permettent d\u2019\u00e9tendre aux \u00e9quations diff\u00e9rentielles \u00e0 coefficients variables la dualit\u00e9 \u00e9quations\/solutions obtenue dans le premier volume dans le cas des coefficients constants.<\/p>\n","protected":false},"excerpt":{"rendered":"<p>Publi\u00e9 en trois volumes,\u00a0Pr\u00e9cis de math\u00e9matiques approfondies et fondamentales\u00a0pr\u00e9sente les \u00e9l\u00e9ments math\u00e9matiques qui \u00ab fondent \u00bb un certain nombre de m\u00e9thodes des sciences contemporaines : th\u00e9orie moderne des syst\u00e8mes, physique, sciences de l\u2019ing\u00e9nieur. Alors que le premier volume \u00e9tudie les conditions formelles de r\u00e9solubilit\u00e9 d\u2019un syst\u00e8me d\u2019\u00e9quations (polynomiales ou diff\u00e9rentielles lin\u00e9aires), ce second ouvrage traite [&hellip;]<\/p>\n","protected":false},"featured_media":11871,"template":"","meta":{"_acf_changed":false,"_links_to":"","_links_to_target":""},"product_brand":[],"product_cat":[3262],"product_tag":[18,19,20,3462,3461,3460,3459,199,21,22,25,26,27,28,3458,3457],"class_list":{"0":"post-11866","1":"product","2":"type-product","3":"status-publish","4":"has-post-thumbnail","6":"product_cat-non-classe","7":"product_tag-edition-scientifique","8":"product_tag-editions-francaise","9":"product_tag-editions-technique","10":"product_tag-espaces-fonctionnels","11":"product_tag-extensions-de-corps","12":"product_tag-faisceaux","13":"product_tag-henri-bourles","14":"product_tag-iste-editions","15":"product_tag-iste-group","16":"product_tag-istegroup","17":"product_tag-livre-numerique","18":"product_tag-livre-scientifique-francais","19":"product_tag-livre-technique-francais","20":"product_tag-ouvrage-scientifique-francais","21":"product_tag-precis-de-mathematiques-approfondies-et-fondamentales-2","22":"product_tag-topologie-et-espaces-vectoriels-topologiques","24":"first","25":"instock","26":"shipping-taxable","27":"purchasable","28":"product-type-variable"},"acf":[],"yoast_head":"<!-- This site is optimized with the Yoast SEO plugin v27.2 - https:\/\/yoast.com\/product\/yoast-seo-wordpress\/ -->\n<title>Pr\u00e9cis de math\u00e9matiques approfondies et fondamentales 2 - ISTE Group<\/title>\n<meta name=\"description\" content=\"Cet ouvrage traite de la nature des solutions des syst\u00e8mes d\u2019\u00e9quations. Pour cela, il s\u2019appuie essentiellement sur deux th\u00e9ories : la th\u00e9orie de Galois et la th\u00e9orie de Galois diff\u00e9rentielle.\" \/>\n<meta name=\"robots\" content=\"index, follow, max-snippet:-1, max-image-preview:large, max-video-preview:-1\" \/>\n<link rel=\"canonical\" href=\"https:\/\/www.istegroup.com\/en\/produit\/precis-de-mathematiques-approfondies-et-fondamentales-2\/\" \/>\n<meta property=\"og:locale\" content=\"en_US\" \/>\n<meta property=\"og:type\" content=\"article\" \/>\n<meta property=\"og:title\" content=\"Pr\u00e9cis de math\u00e9matiques approfondies et fondamentales 2 - ISTE Group\" \/>\n<meta property=\"og:description\" content=\"Cet ouvrage traite de la nature des solutions des syst\u00e8mes d\u2019\u00e9quations. Pour cela, il s\u2019appuie essentiellement sur deux th\u00e9ories : la th\u00e9orie de Galois et la th\u00e9orie de Galois diff\u00e9rentielle.\" \/>\n<meta property=\"og:url\" content=\"https:\/\/www.istegroup.com\/en\/produit\/precis-de-mathematiques-approfondies-et-fondamentales-2\/\" \/>\n<meta property=\"og:site_name\" content=\"ISTE Group\" \/>\n<meta property=\"article:modified_time\" content=\"2024-01-03T13:42:07+00:00\" \/>\n<meta property=\"og:image\" content=\"https:\/\/www.istegroup.com\/wp-content\/uploads\/2018\/04\/Bourles-2_Front-scaled.jpg\" \/>\n\t<meta property=\"og:image:width\" content=\"1706\" \/>\n\t<meta property=\"og:image:height\" content=\"2560\" \/>\n\t<meta property=\"og:image:type\" content=\"image\/jpeg\" \/>\n<meta name=\"twitter:card\" content=\"summary_large_image\" \/>\n<meta name=\"twitter:label1\" content=\"Est. reading time\" \/>\n\t<meta name=\"twitter:data1\" content=\"1 minute\" \/>\n<script type=\"application\/ld+json\" class=\"yoast-schema-graph\">{\"@context\":\"https:\/\/schema.org\",\"@graph\":[{\"@type\":\"WebPage\",\"@id\":\"https:\/\/www.istegroup.com\/en\/produit\/precis-de-mathematiques-approfondies-et-fondamentales-2\/\",\"url\":\"https:\/\/www.istegroup.com\/en\/produit\/precis-de-mathematiques-approfondies-et-fondamentales-2\/\",\"name\":\"Pr\u00e9cis de math\u00e9matiques approfondies et fondamentales 2 - ISTE Group\",\"isPartOf\":{\"@id\":\"https:\/\/www.istegroup.com\/#website\"},\"primaryImageOfPage\":{\"@id\":\"https:\/\/www.istegroup.com\/en\/produit\/precis-de-mathematiques-approfondies-et-fondamentales-2\/#primaryimage\"},\"image\":{\"@id\":\"https:\/\/www.istegroup.com\/en\/produit\/precis-de-mathematiques-approfondies-et-fondamentales-2\/#primaryimage\"},\"thumbnailUrl\":\"https:\/\/www.istegroup.com\/wp-content\/uploads\/2018\/04\/Bourles-2_Front-scaled.jpg\",\"datePublished\":\"2018-04-04T14:20:21+00:00\",\"dateModified\":\"2024-01-03T13:42:07+00:00\",\"description\":\"Cet ouvrage traite de la nature des solutions des syst\u00e8mes d\u2019\u00e9quations. Pour cela, il s\u2019appuie essentiellement sur deux th\u00e9ories : la th\u00e9orie de Galois et la th\u00e9orie de Galois diff\u00e9rentielle.\",\"breadcrumb\":{\"@id\":\"https:\/\/www.istegroup.com\/en\/produit\/precis-de-mathematiques-approfondies-et-fondamentales-2\/#breadcrumb\"},\"inLanguage\":\"en-US\",\"potentialAction\":[{\"@type\":\"ReadAction\",\"target\":[\"https:\/\/www.istegroup.com\/en\/produit\/precis-de-mathematiques-approfondies-et-fondamentales-2\/\"]}]},{\"@type\":\"ImageObject\",\"inLanguage\":\"en-US\",\"@id\":\"https:\/\/www.istegroup.com\/en\/produit\/precis-de-mathematiques-approfondies-et-fondamentales-2\/#primaryimage\",\"url\":\"https:\/\/www.istegroup.com\/wp-content\/uploads\/2018\/04\/Bourles-2_Front-scaled.jpg\",\"contentUrl\":\"https:\/\/www.istegroup.com\/wp-content\/uploads\/2018\/04\/Bourles-2_Front-scaled.jpg\",\"width\":1706,\"height\":2560,\"caption\":\"Extensions de corps, topologie et espaces vectoriels topologiques, espaces fonctionnels, faisceaux\"},{\"@type\":\"BreadcrumbList\",\"@id\":\"https:\/\/www.istegroup.com\/en\/produit\/precis-de-mathematiques-approfondies-et-fondamentales-2\/#breadcrumb\",\"itemListElement\":[{\"@type\":\"ListItem\",\"position\":1,\"name\":\"Home\",\"item\":\"https:\/\/www.istegroup.com\/\"},{\"@type\":\"ListItem\",\"position\":2,\"name\":\"Shop\",\"item\":\"https:\/\/www.istegroup.com\/fr\/nouveautes\/\"},{\"@type\":\"ListItem\",\"position\":3,\"name\":\"Pr\u00e9cis de math\u00e9matiques approfondies et fondamentales 2\"}]},{\"@type\":\"WebSite\",\"@id\":\"https:\/\/www.istegroup.com\/#website\",\"url\":\"https:\/\/www.istegroup.com\/\",\"name\":\"ISTE Group\",\"description\":\"Publishing Knowledge\",\"potentialAction\":[{\"@type\":\"SearchAction\",\"target\":{\"@type\":\"EntryPoint\",\"urlTemplate\":\"https:\/\/www.istegroup.com\/?s={search_term_string}\"},\"query-input\":{\"@type\":\"PropertyValueSpecification\",\"valueRequired\":true,\"valueName\":\"search_term_string\"}}],\"inLanguage\":\"en-US\"}]}<\/script>\n<!-- \/ Yoast SEO plugin. -->","yoast_head_json":{"title":"Pr\u00e9cis de math\u00e9matiques approfondies et fondamentales 2 - ISTE Group","description":"Cet ouvrage traite de la nature des solutions des syst\u00e8mes d\u2019\u00e9quations. Pour cela, il s\u2019appuie essentiellement sur deux th\u00e9ories : la th\u00e9orie de Galois et la th\u00e9orie de Galois diff\u00e9rentielle.","robots":{"index":"index","follow":"follow","max-snippet":"max-snippet:-1","max-image-preview":"max-image-preview:large","max-video-preview":"max-video-preview:-1"},"canonical":"https:\/\/www.istegroup.com\/en\/produit\/precis-de-mathematiques-approfondies-et-fondamentales-2\/","og_locale":"en_US","og_type":"article","og_title":"Pr\u00e9cis de math\u00e9matiques approfondies et fondamentales 2 - ISTE Group","og_description":"Cet ouvrage traite de la nature des solutions des syst\u00e8mes d\u2019\u00e9quations. Pour cela, il s\u2019appuie essentiellement sur deux th\u00e9ories : la th\u00e9orie de Galois et la th\u00e9orie de Galois diff\u00e9rentielle.","og_url":"https:\/\/www.istegroup.com\/en\/produit\/precis-de-mathematiques-approfondies-et-fondamentales-2\/","og_site_name":"ISTE Group","article_modified_time":"2024-01-03T13:42:07+00:00","og_image":[{"width":1706,"height":2560,"url":"https:\/\/www.istegroup.com\/wp-content\/uploads\/2018\/04\/Bourles-2_Front-scaled.jpg","type":"image\/jpeg"}],"twitter_card":"summary_large_image","twitter_misc":{"Est. reading time":"1 minute"},"schema":{"@context":"https:\/\/schema.org","@graph":[{"@type":"WebPage","@id":"https:\/\/www.istegroup.com\/en\/produit\/precis-de-mathematiques-approfondies-et-fondamentales-2\/","url":"https:\/\/www.istegroup.com\/en\/produit\/precis-de-mathematiques-approfondies-et-fondamentales-2\/","name":"Pr\u00e9cis de math\u00e9matiques approfondies et fondamentales 2 - ISTE Group","isPartOf":{"@id":"https:\/\/www.istegroup.com\/#website"},"primaryImageOfPage":{"@id":"https:\/\/www.istegroup.com\/en\/produit\/precis-de-mathematiques-approfondies-et-fondamentales-2\/#primaryimage"},"image":{"@id":"https:\/\/www.istegroup.com\/en\/produit\/precis-de-mathematiques-approfondies-et-fondamentales-2\/#primaryimage"},"thumbnailUrl":"https:\/\/www.istegroup.com\/wp-content\/uploads\/2018\/04\/Bourles-2_Front-scaled.jpg","datePublished":"2018-04-04T14:20:21+00:00","dateModified":"2024-01-03T13:42:07+00:00","description":"Cet ouvrage traite de la nature des solutions des syst\u00e8mes d\u2019\u00e9quations. Pour cela, il s\u2019appuie essentiellement sur deux th\u00e9ories : la th\u00e9orie de Galois et la th\u00e9orie de Galois diff\u00e9rentielle.","breadcrumb":{"@id":"https:\/\/www.istegroup.com\/en\/produit\/precis-de-mathematiques-approfondies-et-fondamentales-2\/#breadcrumb"},"inLanguage":"en-US","potentialAction":[{"@type":"ReadAction","target":["https:\/\/www.istegroup.com\/en\/produit\/precis-de-mathematiques-approfondies-et-fondamentales-2\/"]}]},{"@type":"ImageObject","inLanguage":"en-US","@id":"https:\/\/www.istegroup.com\/en\/produit\/precis-de-mathematiques-approfondies-et-fondamentales-2\/#primaryimage","url":"https:\/\/www.istegroup.com\/wp-content\/uploads\/2018\/04\/Bourles-2_Front-scaled.jpg","contentUrl":"https:\/\/www.istegroup.com\/wp-content\/uploads\/2018\/04\/Bourles-2_Front-scaled.jpg","width":1706,"height":2560,"caption":"Extensions de corps, topologie et espaces vectoriels topologiques, espaces fonctionnels, faisceaux"},{"@type":"BreadcrumbList","@id":"https:\/\/www.istegroup.com\/en\/produit\/precis-de-mathematiques-approfondies-et-fondamentales-2\/#breadcrumb","itemListElement":[{"@type":"ListItem","position":1,"name":"Home","item":"https:\/\/www.istegroup.com\/"},{"@type":"ListItem","position":2,"name":"Shop","item":"https:\/\/www.istegroup.com\/fr\/nouveautes\/"},{"@type":"ListItem","position":3,"name":"Pr\u00e9cis de math\u00e9matiques approfondies et fondamentales 2"}]},{"@type":"WebSite","@id":"https:\/\/www.istegroup.com\/#website","url":"https:\/\/www.istegroup.com\/","name":"ISTE Group","description":"Publishing Knowledge","potentialAction":[{"@type":"SearchAction","target":{"@type":"EntryPoint","urlTemplate":"https:\/\/www.istegroup.com\/?s={search_term_string}"},"query-input":{"@type":"PropertyValueSpecification","valueRequired":true,"valueName":"search_term_string"}}],"inLanguage":"en-US"}]}},"_links":{"self":[{"href":"https:\/\/www.istegroup.com\/en\/wp-json\/wp\/v2\/product\/11866","targetHints":{"allow":["GET"]}}],"collection":[{"href":"https:\/\/www.istegroup.com\/en\/wp-json\/wp\/v2\/product"}],"about":[{"href":"https:\/\/www.istegroup.com\/en\/wp-json\/wp\/v2\/types\/product"}],"wp:featuredmedia":[{"embeddable":true,"href":"https:\/\/www.istegroup.com\/en\/wp-json\/wp\/v2\/media\/11871"}],"wp:attachment":[{"href":"https:\/\/www.istegroup.com\/en\/wp-json\/wp\/v2\/media?parent=11866"}],"wp:term":[{"taxonomy":"product_brand","embeddable":true,"href":"https:\/\/www.istegroup.com\/en\/wp-json\/wp\/v2\/product_brand?post=11866"},{"taxonomy":"product_cat","embeddable":true,"href":"https:\/\/www.istegroup.com\/en\/wp-json\/wp\/v2\/product_cat?post=11866"},{"taxonomy":"product_tag","embeddable":true,"href":"https:\/\/www.istegroup.com\/en\/wp-json\/wp\/v2\/product_tag?post=11866"}],"curies":[{"name":"wp","href":"https:\/\/api.w.org\/{rel}","templated":true}]}}