{"id":11840,"date":"2018-04-04T14:54:44","date_gmt":"2018-04-04T12:54:44","guid":{"rendered":"https:\/\/iste.yhello.co\/?post_type=product&#038;p=11840"},"modified":"2024-01-03T13:42:06","modified_gmt":"2024-01-03T13:42:06","slug":"la-consommation-de-viande-et-ses-substituts","status":"publish","type":"product","link":"https:\/\/www.istegroup.com\/en\/produit\/la-consommation-de-viande-et-ses-substituts\/","title":{"rendered":"La consommation de viande et ses substituts"},"content":{"rendered":"<p>Largement carnivores, les Occidentaux sont g\u00e9n\u00e9ralement r\u00e9ticents \u00e0 envisager de remplacer leur consommation de viande par une alimentation compos\u00e9e plut\u00f4t d\u2019algues, d\u2019insectes et de l\u00e9gumes.<\/p>\n<p>Malgr\u00e9 l\u2019augmentation de la consommation de viande dans la soci\u00e9t\u00e9 occidentale et la persistance de traditions culinaires ax\u00e9es sur cette derni\u00e8re, une soci\u00e9t\u00e9 carnivore n\u2019est plus viable \u00e0 long terme. Les contraintes climatiques, et leurs effets sur le co\u00fbt croissant de la production de viande, sont quelques-unes des limites qui s\u2019imposent \u00e0 ce type de mode de vie. Des alternatives \u00e0 un r\u00e9gime \u00e0 base de viande peuvent \u00eatre trouv\u00e9es, avec l\u2019exemple des sous-cultures v\u00e9g\u00e9tariennes et de fitness, mais n\u2019ont jusqu&#8217;\u00e0 pr\u00e9sent pas r\u00e9ussi \u00e0 prendre de l&#8217;ampleur.<\/p>\n<p>Cet ouvrage examine le degr\u00e9 d\u2019acceptabilit\u00e9 dans ces alternatives, en tenant compte de l\u2019acceptation psychosociale de telles propositions par les consommateurs influenc\u00e9s par de nombreuses consid\u00e9rations subjectives port\u00e9es par les croyances, les habitudes et la culture.<\/p>\n","protected":false},"excerpt":{"rendered":"<p>Largement carnivores, les Occidentaux sont g\u00e9n\u00e9ralement r\u00e9ticents \u00e0 envisager de remplacer leur consommation de viande par une alimentation compos\u00e9e plut\u00f4t d\u2019algues, d\u2019insectes et de l\u00e9gumes. Malgr\u00e9 l\u2019augmentation de la consommation de viande dans la soci\u00e9t\u00e9 occidentale et la persistance de traditions culinaires ax\u00e9es sur cette derni\u00e8re, une soci\u00e9t\u00e9 carnivore n\u2019est plus viable \u00e0 long terme. [&hellip;]<\/p>\n","protected":false},"featured_media":11846,"template":"","meta":{"_acf_changed":false,"_links_to":"","_links_to_target":""},"product_brand":[],"product_cat":[3262],"product_tag":[3478,3477,3476,3475,31,18,20,3474,21,22,3473,172,26,27,209,38,145,28],"class_list":{"0":"post-11840","1":"product","2":"type-product","3":"status-publish","4":"has-post-thumbnail","6":"product_cat-non-classe","7":"product_tag-acceptabilite-et-evolution","8":"product_tag-agronomie-et-science-des-aliments","9":"product_tag-carnivores","10":"product_tag-christophe-terrien","11":"product_tag-ebook","12":"product_tag-edition-scientifique","13":"product_tag-editions-technique","14":"product_tag-enjeux","15":"product_tag-iste-group","16":"product_tag-istegroup","17":"product_tag-la-consommation-de-viande-et-ses-substituts","18":"product_tag-livre-scientifique","19":"product_tag-livre-scientifique-francais","20":"product_tag-livre-technique-francais","21":"product_tag-livres-scientifiques","22":"product_tag-ouvrage-numerique","23":"product_tag-ouvrage-scientifique","24":"product_tag-ouvrage-scientifique-francais","26":"first","27":"instock","28":"shipping-taxable","29":"purchasable","30":"product-type-variable"},"acf":[],"yoast_head":"<!-- This site is optimized with the Yoast SEO plugin v27.2 - https:\/\/yoast.com\/product\/yoast-seo-wordpress\/ -->\n<title>La consommation de viande et ses substituts - ISTE Group<\/title>\n<meta name=\"description\" content=\"Cet ouvrage examine le degr\u00e9 d\u2019acceptabilit\u00e9 dans ces alternatives, en tenant compte de l\u2019acceptation psychosociale de telles propositions par les consommateurs influenc\u00e9s par de nombreuses consid\u00e9rations subjectives port\u00e9es par les croyances, les habitudes et la culture.\" \/>\n<meta name=\"robots\" content=\"index, follow, max-snippet:-1, max-image-preview:large, max-video-preview:-1\" \/>\n<link rel=\"canonical\" href=\"https:\/\/www.istegroup.com\/fr\/produit\/la-consommation-de-viande-et-ses-substituts\/\" \/>\n<meta property=\"og:locale\" content=\"en_US\" \/>\n<meta property=\"og:type\" content=\"article\" \/>\n<meta property=\"og:title\" content=\"La consommation de viande et ses substituts - ISTE Group\" \/>\n<meta property=\"og:description\" content=\"Cet ouvrage examine le degr\u00e9 d\u2019acceptabilit\u00e9 dans ces alternatives, en tenant compte de l\u2019acceptation psychosociale de telles propositions par les consommateurs influenc\u00e9s par de nombreuses consid\u00e9rations subjectives port\u00e9es par les croyances, les habitudes et la culture.\" \/>\n<meta property=\"og:url\" content=\"https:\/\/www.istegroup.com\/fr\/produit\/la-consommation-de-viande-et-ses-substituts\/\" \/>\n<meta property=\"og:site_name\" content=\"ISTE Group\" \/>\n<meta property=\"article:modified_time\" content=\"2024-01-03T13:42:06+00:00\" \/>\n<meta property=\"og:image\" content=\"https:\/\/www.istegroup.com\/wp-content\/uploads\/2018\/04\/Terrien_Front-scaled.jpg\" \/>\n\t<meta property=\"og:image:width\" content=\"1663\" \/>\n\t<meta property=\"og:image:height\" content=\"2560\" \/>\n\t<meta property=\"og:image:type\" content=\"image\/jpeg\" \/>\n<meta name=\"twitter:card\" content=\"summary_large_image\" \/>\n<meta name=\"twitter:label1\" content=\"Est. reading time\" \/>\n\t<meta name=\"twitter:data1\" content=\"1 minute\" \/>\n<script type=\"application\/ld+json\" class=\"yoast-schema-graph\">{\"@context\":\"https:\/\/schema.org\",\"@graph\":[{\"@type\":\"WebPage\",\"@id\":\"https:\/\/www.istegroup.com\/fr\/produit\/la-consommation-de-viande-et-ses-substituts\/\",\"url\":\"https:\/\/www.istegroup.com\/fr\/produit\/la-consommation-de-viande-et-ses-substituts\/\",\"name\":\"La consommation de viande et ses substituts - ISTE Group\",\"isPartOf\":{\"@id\":\"https:\/\/www.istegroup.com\/#website\"},\"primaryImageOfPage\":{\"@id\":\"https:\/\/www.istegroup.com\/fr\/produit\/la-consommation-de-viande-et-ses-substituts\/#primaryimage\"},\"image\":{\"@id\":\"https:\/\/www.istegroup.com\/fr\/produit\/la-consommation-de-viande-et-ses-substituts\/#primaryimage\"},\"thumbnailUrl\":\"https:\/\/www.istegroup.com\/wp-content\/uploads\/2018\/04\/Terrien_Front-scaled.jpg\",\"datePublished\":\"2018-04-04T12:54:44+00:00\",\"dateModified\":\"2024-01-03T13:42:06+00:00\",\"description\":\"Cet ouvrage examine le degr\u00e9 d\u2019acceptabilit\u00e9 dans ces alternatives, en tenant compte de l\u2019acceptation psychosociale de telles propositions par les consommateurs influenc\u00e9s par de nombreuses consid\u00e9rations subjectives port\u00e9es par les croyances, les habitudes et la culture.\",\"breadcrumb\":{\"@id\":\"https:\/\/www.istegroup.com\/fr\/produit\/la-consommation-de-viande-et-ses-substituts\/#breadcrumb\"},\"inLanguage\":\"en-US\",\"potentialAction\":[{\"@type\":\"ReadAction\",\"target\":[\"https:\/\/www.istegroup.com\/fr\/produit\/la-consommation-de-viande-et-ses-substituts\/\"]}]},{\"@type\":\"ImageObject\",\"inLanguage\":\"en-US\",\"@id\":\"https:\/\/www.istegroup.com\/fr\/produit\/la-consommation-de-viande-et-ses-substituts\/#primaryimage\",\"url\":\"https:\/\/www.istegroup.com\/wp-content\/uploads\/2018\/04\/Terrien_Front-scaled.jpg\",\"contentUrl\":\"https:\/\/www.istegroup.com\/wp-content\/uploads\/2018\/04\/Terrien_Front-scaled.jpg\",\"width\":1663,\"height\":2560,\"caption\":\"Enjeux, acceptabilit\u00e9 et \u00e9volution\"},{\"@type\":\"BreadcrumbList\",\"@id\":\"https:\/\/www.istegroup.com\/fr\/produit\/la-consommation-de-viande-et-ses-substituts\/#breadcrumb\",\"itemListElement\":[{\"@type\":\"ListItem\",\"position\":1,\"name\":\"Home\",\"item\":\"https:\/\/www.istegroup.com\/\"},{\"@type\":\"ListItem\",\"position\":2,\"name\":\"Shop\",\"item\":\"https:\/\/www.istegroup.com\/fr\/nouveautes\/\"},{\"@type\":\"ListItem\",\"position\":3,\"name\":\"La consommation de viande et ses substituts\"}]},{\"@type\":\"WebSite\",\"@id\":\"https:\/\/www.istegroup.com\/#website\",\"url\":\"https:\/\/www.istegroup.com\/\",\"name\":\"ISTE Group\",\"description\":\"Publishing Knowledge\",\"potentialAction\":[{\"@type\":\"SearchAction\",\"target\":{\"@type\":\"EntryPoint\",\"urlTemplate\":\"https:\/\/www.istegroup.com\/?s={search_term_string}\"},\"query-input\":{\"@type\":\"PropertyValueSpecification\",\"valueRequired\":true,\"valueName\":\"search_term_string\"}}],\"inLanguage\":\"en-US\"}]}<\/script>\n<!-- \/ Yoast SEO plugin. -->","yoast_head_json":{"title":"La consommation de viande et ses substituts - ISTE Group","description":"Cet ouvrage examine le degr\u00e9 d\u2019acceptabilit\u00e9 dans ces alternatives, en tenant compte de l\u2019acceptation psychosociale de telles propositions par les consommateurs influenc\u00e9s par de nombreuses consid\u00e9rations subjectives port\u00e9es par les croyances, les habitudes et la culture.","robots":{"index":"index","follow":"follow","max-snippet":"max-snippet:-1","max-image-preview":"max-image-preview:large","max-video-preview":"max-video-preview:-1"},"canonical":"https:\/\/www.istegroup.com\/fr\/produit\/la-consommation-de-viande-et-ses-substituts\/","og_locale":"en_US","og_type":"article","og_title":"La consommation de viande et ses substituts - ISTE Group","og_description":"Cet ouvrage examine le degr\u00e9 d\u2019acceptabilit\u00e9 dans ces alternatives, en tenant compte de l\u2019acceptation psychosociale de telles propositions par les consommateurs influenc\u00e9s par de nombreuses consid\u00e9rations subjectives port\u00e9es par les croyances, les habitudes et la culture.","og_url":"https:\/\/www.istegroup.com\/fr\/produit\/la-consommation-de-viande-et-ses-substituts\/","og_site_name":"ISTE Group","article_modified_time":"2024-01-03T13:42:06+00:00","og_image":[{"width":1663,"height":2560,"url":"https:\/\/www.istegroup.com\/wp-content\/uploads\/2018\/04\/Terrien_Front-scaled.jpg","type":"image\/jpeg"}],"twitter_card":"summary_large_image","twitter_misc":{"Est. reading time":"1 minute"},"schema":{"@context":"https:\/\/schema.org","@graph":[{"@type":"WebPage","@id":"https:\/\/www.istegroup.com\/fr\/produit\/la-consommation-de-viande-et-ses-substituts\/","url":"https:\/\/www.istegroup.com\/fr\/produit\/la-consommation-de-viande-et-ses-substituts\/","name":"La consommation de viande et ses substituts - ISTE Group","isPartOf":{"@id":"https:\/\/www.istegroup.com\/#website"},"primaryImageOfPage":{"@id":"https:\/\/www.istegroup.com\/fr\/produit\/la-consommation-de-viande-et-ses-substituts\/#primaryimage"},"image":{"@id":"https:\/\/www.istegroup.com\/fr\/produit\/la-consommation-de-viande-et-ses-substituts\/#primaryimage"},"thumbnailUrl":"https:\/\/www.istegroup.com\/wp-content\/uploads\/2018\/04\/Terrien_Front-scaled.jpg","datePublished":"2018-04-04T12:54:44+00:00","dateModified":"2024-01-03T13:42:06+00:00","description":"Cet ouvrage examine le degr\u00e9 d\u2019acceptabilit\u00e9 dans ces alternatives, en tenant compte de l\u2019acceptation psychosociale de telles propositions par les consommateurs influenc\u00e9s par de nombreuses consid\u00e9rations subjectives port\u00e9es par les croyances, les habitudes et la culture.","breadcrumb":{"@id":"https:\/\/www.istegroup.com\/fr\/produit\/la-consommation-de-viande-et-ses-substituts\/#breadcrumb"},"inLanguage":"en-US","potentialAction":[{"@type":"ReadAction","target":["https:\/\/www.istegroup.com\/fr\/produit\/la-consommation-de-viande-et-ses-substituts\/"]}]},{"@type":"ImageObject","inLanguage":"en-US","@id":"https:\/\/www.istegroup.com\/fr\/produit\/la-consommation-de-viande-et-ses-substituts\/#primaryimage","url":"https:\/\/www.istegroup.com\/wp-content\/uploads\/2018\/04\/Terrien_Front-scaled.jpg","contentUrl":"https:\/\/www.istegroup.com\/wp-content\/uploads\/2018\/04\/Terrien_Front-scaled.jpg","width":1663,"height":2560,"caption":"Enjeux, acceptabilit\u00e9 et \u00e9volution"},{"@type":"BreadcrumbList","@id":"https:\/\/www.istegroup.com\/fr\/produit\/la-consommation-de-viande-et-ses-substituts\/#breadcrumb","itemListElement":[{"@type":"ListItem","position":1,"name":"Home","item":"https:\/\/www.istegroup.com\/"},{"@type":"ListItem","position":2,"name":"Shop","item":"https:\/\/www.istegroup.com\/fr\/nouveautes\/"},{"@type":"ListItem","position":3,"name":"La consommation de viande et ses substituts"}]},{"@type":"WebSite","@id":"https:\/\/www.istegroup.com\/#website","url":"https:\/\/www.istegroup.com\/","name":"ISTE Group","description":"Publishing Knowledge","potentialAction":[{"@type":"SearchAction","target":{"@type":"EntryPoint","urlTemplate":"https:\/\/www.istegroup.com\/?s={search_term_string}"},"query-input":{"@type":"PropertyValueSpecification","valueRequired":true,"valueName":"search_term_string"}}],"inLanguage":"en-US"}]}},"_links":{"self":[{"href":"https:\/\/www.istegroup.com\/en\/wp-json\/wp\/v2\/product\/11840","targetHints":{"allow":["GET"]}}],"collection":[{"href":"https:\/\/www.istegroup.com\/en\/wp-json\/wp\/v2\/product"}],"about":[{"href":"https:\/\/www.istegroup.com\/en\/wp-json\/wp\/v2\/types\/product"}],"wp:featuredmedia":[{"embeddable":true,"href":"https:\/\/www.istegroup.com\/en\/wp-json\/wp\/v2\/media\/11846"}],"wp:attachment":[{"href":"https:\/\/www.istegroup.com\/en\/wp-json\/wp\/v2\/media?parent=11840"}],"wp:term":[{"taxonomy":"product_brand","embeddable":true,"href":"https:\/\/www.istegroup.com\/en\/wp-json\/wp\/v2\/product_brand?post=11840"},{"taxonomy":"product_cat","embeddable":true,"href":"https:\/\/www.istegroup.com\/en\/wp-json\/wp\/v2\/product_cat?post=11840"},{"taxonomy":"product_tag","embeddable":true,"href":"https:\/\/www.istegroup.com\/en\/wp-json\/wp\/v2\/product_tag?post=11840"}],"curies":[{"name":"wp","href":"https:\/\/api.w.org\/{rel}","templated":true}]}}