{"id":11834,"date":"2018-04-10T14:51:14","date_gmt":"2018-04-10T12:51:14","guid":{"rendered":"https:\/\/iste.yhello.co\/?post_type=product&#038;p=11834"},"modified":"2024-01-03T13:42:06","modified_gmt":"2024-01-03T13:42:06","slug":"modelisation-architecturale-des-systemes-avec-la-methode-arcadia","status":"publish","type":"product","link":"https:\/\/www.istegroup.com\/en\/produit\/modelisation-architecturale-des-systemes-avec-la-methode-arcadia\/","title":{"rendered":"Mod\u00e9lisation architecturale des syst\u00e8mes avec la m\u00e9thode Arcadia"},"content":{"rendered":"<p>La m\u00e9thode de mod\u00e9lisation syst\u00e8me Arcadia est appliqu\u00e9e depuis 2011 sur un nombre croissant de projets dans des domaines tr\u00e8s divers. Elle est support\u00e9e, dans sa dimension mod\u00e9lisation, par Capella, un outil d\u00e9di\u00e9 qui r\u00e9pond aux contraintes de d\u00e9ploiement en vraie grandeur dans un contexte op\u00e9rationnel.<\/p>\n<p><em>Mod\u00e9lisation architecturale des syst\u00e8mes avec la m\u00e9thode Arcadia<\/em>\u00a0pr\u00e9sente ce nouvel environnement de mod\u00e9lisation pour l\u2019ing\u00e9nierie syst\u00e8me et traite de la richesse et des atouts de l\u2019outil Capella, bas\u00e9 sur la m\u00e9thode Arcadia. Pour cela, il offre des rappels sur la m\u00e9thode Arcadia, examine les enjeux et principes de l\u2019outil Capella, et pr\u00e9sente l\u2019utilisation concr\u00e8te de cet outil \u00e0 travers une \u00e9tude de cas r\u00e9aliste, de l\u2019analyse op\u00e9rationnelle \u00e0 l\u2019EPBS.<\/p>\n<p>Cet ouvrage s\u2019adresse avant tout aux professionnels de l\u2019ing\u00e9nierie syst\u00e8me, c\u2019est-\u00e0-dire \u00e0 tous ceux qui ont en charge des syst\u00e8mes complexes, incluant du logiciel et du mat\u00e9riel, que ce soit dans l\u2019a\u00e9ronautique, le spatial, l\u2019\u00e9nergie, le transport, la d\u00e9fense ou l\u2019automobile.<\/p>\n","protected":false},"excerpt":{"rendered":"<p>La m\u00e9thode de mod\u00e9lisation syst\u00e8me Arcadia est appliqu\u00e9e depuis 2011 sur un nombre croissant de projets dans des domaines tr\u00e8s divers. Elle est support\u00e9e, dans sa dimension mod\u00e9lisation, par Capella, un outil d\u00e9di\u00e9 qui r\u00e9pond aux contraintes de d\u00e9ploiement en vraie grandeur dans un contexte op\u00e9rationnel. Mod\u00e9lisation architecturale des syst\u00e8mes avec la m\u00e9thode Arcadia\u00a0pr\u00e9sente ce [&hellip;]<\/p>\n","protected":false},"featured_media":11839,"template":"","meta":{"_acf_changed":false,"_links_to":"","_links_to_target":""},"product_brand":[],"product_cat":[3262],"product_tag":[3471,1673,3470,18,19,20,21,22,3469,25,172,26,27,3456,28],"class_list":{"0":"post-11834","1":"product","2":"type-product","3":"status-publish","4":"has-post-thumbnail","6":"product_cat-non-classe","7":"product_tag-arcadia","8":"product_tag-architecture","9":"product_tag-conception-architecturale-des-systemes-basee-sur-les-modeles-avec-la-methode-arcadia","10":"product_tag-edition-scientifique","11":"product_tag-editions-francaise","12":"product_tag-editions-technique","13":"product_tag-iste-group","14":"product_tag-istegroup","15":"product_tag-jean-luc-voirin","16":"product_tag-livre-numerique","17":"product_tag-livre-scientifique","18":"product_tag-livre-scientifique-francais","19":"product_tag-livre-technique-francais","20":"product_tag-mise-en-oeuvre-du-model-based-system-engineering","21":"product_tag-ouvrage-scientifique-francais","23":"first","24":"instock","25":"shipping-taxable","26":"purchasable","27":"product-type-variable"},"acf":[],"yoast_head":"<!-- This site is optimized with the Yoast SEO plugin v27.2 - https:\/\/yoast.com\/product\/yoast-seo-wordpress\/ -->\n<title>Mod\u00e9lisation architecturale des syst\u00e8mes avec la m\u00e9thode Arcadia - ISTE Group<\/title>\n<meta name=\"description\" content=\"Mod\u00e9lisation architecturale des syst\u00e8mes avec la m\u00e9thode Arcadia\u00a0pr\u00e9sente ce nouvel environnement de mod\u00e9lisation pour l\u2019ing\u00e9nierie syst\u00e8me et traite de la richesse et des atouts de l\u2019outil Capella, bas\u00e9 sur la m\u00e9thode Arcadia.\" \/>\n<meta name=\"robots\" content=\"index, follow, max-snippet:-1, max-image-preview:large, max-video-preview:-1\" \/>\n<link rel=\"canonical\" href=\"https:\/\/www.istegroup.com\/fr\/produit\/modelisation-architecturale-des-systemes-avec-la-methode-arcadia\/\" \/>\n<meta property=\"og:locale\" content=\"en_US\" \/>\n<meta property=\"og:type\" content=\"article\" \/>\n<meta property=\"og:title\" content=\"Mod\u00e9lisation architecturale des syst\u00e8mes avec la m\u00e9thode Arcadia - ISTE Group\" \/>\n<meta property=\"og:description\" content=\"Mod\u00e9lisation architecturale des syst\u00e8mes avec la m\u00e9thode Arcadia\u00a0pr\u00e9sente ce nouvel environnement de mod\u00e9lisation pour l\u2019ing\u00e9nierie syst\u00e8me et traite de la richesse et des atouts de l\u2019outil Capella, bas\u00e9 sur la m\u00e9thode Arcadia.\" \/>\n<meta property=\"og:url\" content=\"https:\/\/www.istegroup.com\/fr\/produit\/modelisation-architecturale-des-systemes-avec-la-methode-arcadia\/\" \/>\n<meta property=\"og:site_name\" content=\"ISTE Group\" \/>\n<meta property=\"article:modified_time\" content=\"2024-01-03T13:42:06+00:00\" \/>\n<meta property=\"og:image\" content=\"https:\/\/www.istegroup.com\/wp-content\/uploads\/2018\/04\/Roques_Front.jpg\" \/>\n\t<meta property=\"og:image:width\" content=\"576\" \/>\n\t<meta property=\"og:image:height\" content=\"875\" \/>\n\t<meta property=\"og:image:type\" content=\"image\/jpeg\" \/>\n<meta name=\"twitter:card\" content=\"summary_large_image\" \/>\n<meta name=\"twitter:label1\" content=\"Est. reading time\" \/>\n\t<meta name=\"twitter:data1\" content=\"1 minute\" \/>\n<script type=\"application\/ld+json\" class=\"yoast-schema-graph\">{\"@context\":\"https:\/\/schema.org\",\"@graph\":[{\"@type\":\"WebPage\",\"@id\":\"https:\/\/www.istegroup.com\/fr\/produit\/modelisation-architecturale-des-systemes-avec-la-methode-arcadia\/\",\"url\":\"https:\/\/www.istegroup.com\/fr\/produit\/modelisation-architecturale-des-systemes-avec-la-methode-arcadia\/\",\"name\":\"Mod\u00e9lisation architecturale des syst\u00e8mes avec la m\u00e9thode Arcadia - ISTE Group\",\"isPartOf\":{\"@id\":\"https:\/\/www.istegroup.com\/#website\"},\"primaryImageOfPage\":{\"@id\":\"https:\/\/www.istegroup.com\/fr\/produit\/modelisation-architecturale-des-systemes-avec-la-methode-arcadia\/#primaryimage\"},\"image\":{\"@id\":\"https:\/\/www.istegroup.com\/fr\/produit\/modelisation-architecturale-des-systemes-avec-la-methode-arcadia\/#primaryimage\"},\"thumbnailUrl\":\"https:\/\/www.istegroup.com\/wp-content\/uploads\/2018\/04\/Roques_Front.jpg\",\"datePublished\":\"2018-04-10T12:51:14+00:00\",\"dateModified\":\"2024-01-03T13:42:06+00:00\",\"description\":\"Mod\u00e9lisation architecturale des syst\u00e8mes avec la m\u00e9thode Arcadia\u00a0pr\u00e9sente ce nouvel environnement de mod\u00e9lisation pour l\u2019ing\u00e9nierie syst\u00e8me et traite de la richesse et des atouts de l\u2019outil Capella, bas\u00e9 sur la m\u00e9thode Arcadia.\",\"breadcrumb\":{\"@id\":\"https:\/\/www.istegroup.com\/fr\/produit\/modelisation-architecturale-des-systemes-avec-la-methode-arcadia\/#breadcrumb\"},\"inLanguage\":\"en-US\",\"potentialAction\":[{\"@type\":\"ReadAction\",\"target\":[\"https:\/\/www.istegroup.com\/fr\/produit\/modelisation-architecturale-des-systemes-avec-la-methode-arcadia\/\"]}]},{\"@type\":\"ImageObject\",\"inLanguage\":\"en-US\",\"@id\":\"https:\/\/www.istegroup.com\/fr\/produit\/modelisation-architecturale-des-systemes-avec-la-methode-arcadia\/#primaryimage\",\"url\":\"https:\/\/www.istegroup.com\/wp-content\/uploads\/2018\/04\/Roques_Front.jpg\",\"contentUrl\":\"https:\/\/www.istegroup.com\/wp-content\/uploads\/2018\/04\/Roques_Front.jpg\",\"width\":576,\"height\":875,\"caption\":\"Guide pratique de Capella\"},{\"@type\":\"BreadcrumbList\",\"@id\":\"https:\/\/www.istegroup.com\/fr\/produit\/modelisation-architecturale-des-systemes-avec-la-methode-arcadia\/#breadcrumb\",\"itemListElement\":[{\"@type\":\"ListItem\",\"position\":1,\"name\":\"Home\",\"item\":\"https:\/\/www.istegroup.com\/\"},{\"@type\":\"ListItem\",\"position\":2,\"name\":\"Shop\",\"item\":\"https:\/\/www.istegroup.com\/fr\/nouveautes\/\"},{\"@type\":\"ListItem\",\"position\":3,\"name\":\"Mod\u00e9lisation architecturale des syst\u00e8mes avec la m\u00e9thode Arcadia\"}]},{\"@type\":\"WebSite\",\"@id\":\"https:\/\/www.istegroup.com\/#website\",\"url\":\"https:\/\/www.istegroup.com\/\",\"name\":\"ISTE Group\",\"description\":\"Publishing Knowledge\",\"potentialAction\":[{\"@type\":\"SearchAction\",\"target\":{\"@type\":\"EntryPoint\",\"urlTemplate\":\"https:\/\/www.istegroup.com\/?s={search_term_string}\"},\"query-input\":{\"@type\":\"PropertyValueSpecification\",\"valueRequired\":true,\"valueName\":\"search_term_string\"}}],\"inLanguage\":\"en-US\"}]}<\/script>\n<!-- \/ Yoast SEO plugin. -->","yoast_head_json":{"title":"Mod\u00e9lisation architecturale des syst\u00e8mes avec la m\u00e9thode Arcadia - ISTE Group","description":"Mod\u00e9lisation architecturale des syst\u00e8mes avec la m\u00e9thode Arcadia\u00a0pr\u00e9sente ce nouvel environnement de mod\u00e9lisation pour l\u2019ing\u00e9nierie syst\u00e8me et traite de la richesse et des atouts de l\u2019outil Capella, bas\u00e9 sur la m\u00e9thode Arcadia.","robots":{"index":"index","follow":"follow","max-snippet":"max-snippet:-1","max-image-preview":"max-image-preview:large","max-video-preview":"max-video-preview:-1"},"canonical":"https:\/\/www.istegroup.com\/fr\/produit\/modelisation-architecturale-des-systemes-avec-la-methode-arcadia\/","og_locale":"en_US","og_type":"article","og_title":"Mod\u00e9lisation architecturale des syst\u00e8mes avec la m\u00e9thode Arcadia - ISTE Group","og_description":"Mod\u00e9lisation architecturale des syst\u00e8mes avec la m\u00e9thode Arcadia\u00a0pr\u00e9sente ce nouvel environnement de mod\u00e9lisation pour l\u2019ing\u00e9nierie syst\u00e8me et traite de la richesse et des atouts de l\u2019outil Capella, bas\u00e9 sur la m\u00e9thode Arcadia.","og_url":"https:\/\/www.istegroup.com\/fr\/produit\/modelisation-architecturale-des-systemes-avec-la-methode-arcadia\/","og_site_name":"ISTE Group","article_modified_time":"2024-01-03T13:42:06+00:00","og_image":[{"width":576,"height":875,"url":"https:\/\/www.istegroup.com\/wp-content\/uploads\/2018\/04\/Roques_Front.jpg","type":"image\/jpeg"}],"twitter_card":"summary_large_image","twitter_misc":{"Est. reading time":"1 minute"},"schema":{"@context":"https:\/\/schema.org","@graph":[{"@type":"WebPage","@id":"https:\/\/www.istegroup.com\/fr\/produit\/modelisation-architecturale-des-systemes-avec-la-methode-arcadia\/","url":"https:\/\/www.istegroup.com\/fr\/produit\/modelisation-architecturale-des-systemes-avec-la-methode-arcadia\/","name":"Mod\u00e9lisation architecturale des syst\u00e8mes avec la m\u00e9thode Arcadia - ISTE Group","isPartOf":{"@id":"https:\/\/www.istegroup.com\/#website"},"primaryImageOfPage":{"@id":"https:\/\/www.istegroup.com\/fr\/produit\/modelisation-architecturale-des-systemes-avec-la-methode-arcadia\/#primaryimage"},"image":{"@id":"https:\/\/www.istegroup.com\/fr\/produit\/modelisation-architecturale-des-systemes-avec-la-methode-arcadia\/#primaryimage"},"thumbnailUrl":"https:\/\/www.istegroup.com\/wp-content\/uploads\/2018\/04\/Roques_Front.jpg","datePublished":"2018-04-10T12:51:14+00:00","dateModified":"2024-01-03T13:42:06+00:00","description":"Mod\u00e9lisation architecturale des syst\u00e8mes avec la m\u00e9thode Arcadia\u00a0pr\u00e9sente ce nouvel environnement de mod\u00e9lisation pour l\u2019ing\u00e9nierie syst\u00e8me et traite de la richesse et des atouts de l\u2019outil Capella, bas\u00e9 sur la m\u00e9thode Arcadia.","breadcrumb":{"@id":"https:\/\/www.istegroup.com\/fr\/produit\/modelisation-architecturale-des-systemes-avec-la-methode-arcadia\/#breadcrumb"},"inLanguage":"en-US","potentialAction":[{"@type":"ReadAction","target":["https:\/\/www.istegroup.com\/fr\/produit\/modelisation-architecturale-des-systemes-avec-la-methode-arcadia\/"]}]},{"@type":"ImageObject","inLanguage":"en-US","@id":"https:\/\/www.istegroup.com\/fr\/produit\/modelisation-architecturale-des-systemes-avec-la-methode-arcadia\/#primaryimage","url":"https:\/\/www.istegroup.com\/wp-content\/uploads\/2018\/04\/Roques_Front.jpg","contentUrl":"https:\/\/www.istegroup.com\/wp-content\/uploads\/2018\/04\/Roques_Front.jpg","width":576,"height":875,"caption":"Guide pratique de Capella"},{"@type":"BreadcrumbList","@id":"https:\/\/www.istegroup.com\/fr\/produit\/modelisation-architecturale-des-systemes-avec-la-methode-arcadia\/#breadcrumb","itemListElement":[{"@type":"ListItem","position":1,"name":"Home","item":"https:\/\/www.istegroup.com\/"},{"@type":"ListItem","position":2,"name":"Shop","item":"https:\/\/www.istegroup.com\/fr\/nouveautes\/"},{"@type":"ListItem","position":3,"name":"Mod\u00e9lisation architecturale des syst\u00e8mes avec la m\u00e9thode Arcadia"}]},{"@type":"WebSite","@id":"https:\/\/www.istegroup.com\/#website","url":"https:\/\/www.istegroup.com\/","name":"ISTE Group","description":"Publishing Knowledge","potentialAction":[{"@type":"SearchAction","target":{"@type":"EntryPoint","urlTemplate":"https:\/\/www.istegroup.com\/?s={search_term_string}"},"query-input":{"@type":"PropertyValueSpecification","valueRequired":true,"valueName":"search_term_string"}}],"inLanguage":"en-US"}]}},"_links":{"self":[{"href":"https:\/\/www.istegroup.com\/en\/wp-json\/wp\/v2\/product\/11834","targetHints":{"allow":["GET"]}}],"collection":[{"href":"https:\/\/www.istegroup.com\/en\/wp-json\/wp\/v2\/product"}],"about":[{"href":"https:\/\/www.istegroup.com\/en\/wp-json\/wp\/v2\/types\/product"}],"wp:featuredmedia":[{"embeddable":true,"href":"https:\/\/www.istegroup.com\/en\/wp-json\/wp\/v2\/media\/11839"}],"wp:attachment":[{"href":"https:\/\/www.istegroup.com\/en\/wp-json\/wp\/v2\/media?parent=11834"}],"wp:term":[{"taxonomy":"product_brand","embeddable":true,"href":"https:\/\/www.istegroup.com\/en\/wp-json\/wp\/v2\/product_brand?post=11834"},{"taxonomy":"product_cat","embeddable":true,"href":"https:\/\/www.istegroup.com\/en\/wp-json\/wp\/v2\/product_cat?post=11834"},{"taxonomy":"product_tag","embeddable":true,"href":"https:\/\/www.istegroup.com\/en\/wp-json\/wp\/v2\/product_tag?post=11834"}],"curies":[{"name":"wp","href":"https:\/\/api.w.org\/{rel}","templated":true}]}}