{"id":11827,"date":"2018-04-04T14:43:31","date_gmt":"2018-04-04T12:43:31","guid":{"rendered":"https:\/\/iste.yhello.co\/?post_type=product&#038;p=11827"},"modified":"2024-01-03T13:42:06","modified_gmt":"2024-01-03T13:42:06","slug":"ecoconception-generative","status":"publish","type":"product","link":"https:\/\/www.istegroup.com\/en\/produit\/ecoconception-generative\/","title":{"rendered":"\u00c9coconception g\u00e9n\u00e9rative"},"content":{"rendered":"<p>Pour r\u00e9pondre, d\u00e8s la phase d\u2019esquisse, aux enjeux d\u2019une production de l\u2019architecture plus responsable sur les plans \u00e9nerg\u00e9tiques et environnementaux, des logiciels d\u2019aide \u00e0 la conception issus de travaux de recherche r\u00e9cents ont \u00e9t\u00e9 d\u00e9velopp\u00e9s.<\/p>\n<p>L\u2019ouvrage pr\u00e9sente les contextes, les enjeux, les possibilit\u00e9s et les m\u00e9thodes de l\u2019\u00e9coconception. En s\u2019appuyant largement sur les travaux conduits au sein du projet EcoGen, il s\u2019attaque de front aux difficult\u00e9s majeures de la conception g\u00e9n\u00e9rative en temps interactif aux premiers stades du projet (l\u00e0 o\u00f9 les choix sont les plus d\u00e9terminants). Il s\u2019int\u00e9resse particuli\u00e8rement au comportement des \u00e9difices dans leur environnement construit, via une approche \u00e9co-performante et multicrit\u00e8re (morphologique, bioclimatique) de la conception, en essayant de pr\u00e9server la cr\u00e9ativit\u00e9 du concepteur.<\/p>\n<p>Enfin, il aborde des perspectives plus ambitieuses conjuguant certaines avanc\u00e9es sur la compr\u00e9hension de l\u2019\u00e9volution naturelle et le d\u00e9sir de voir \u00e9merger une th\u00e9orie de la morphog\u00e9n\u00e8se architecturale bio-inspir\u00e9e.<\/p>\n","protected":false},"excerpt":{"rendered":"<p>Pour r\u00e9pondre, d\u00e8s la phase d\u2019esquisse, aux enjeux d\u2019une production de l\u2019architecture plus responsable sur les plans \u00e9nerg\u00e9tiques et environnementaux, des logiciels d\u2019aide \u00e0 la conception issus de travaux de recherche r\u00e9cents ont \u00e9t\u00e9 d\u00e9velopp\u00e9s. L\u2019ouvrage pr\u00e9sente les contextes, les enjeux, les possibilit\u00e9s et les m\u00e9thodes de l\u2019\u00e9coconception. En s\u2019appuyant largement sur les travaux conduits [&hellip;]<\/p>\n","protected":false},"featured_media":22970,"template":"","meta":{"_acf_changed":false,"_links_to":"","_links_to_target":""},"product_brand":[],"product_cat":[3262],"product_tag":[3482,3479,18,20,199,21,22,26,27,209,145,28,3481,3480],"class_list":{"0":"post-11827","1":"product","2":"type-product","3":"status-publish","4":"has-post-thumbnail","6":"product_cat-non-classe","7":"product_tag-architecture-et-sciences-informatiques","8":"product_tag-ecoconception-generative","9":"product_tag-edition-scientifique","10":"product_tag-editions-technique","11":"product_tag-iste-editions","12":"product_tag-iste-group","13":"product_tag-istegroup","14":"product_tag-livre-scientifique-francais","15":"product_tag-livre-technique-francais","16":"product_tag-livres-scientifiques","17":"product_tag-ouvrage-scientifique","18":"product_tag-ouvrage-scientifique-francais","19":"product_tag-phase-amont-du-projet-darchitecture","20":"product_tag-xavier-marsault","22":"first","23":"instock","24":"shipping-taxable","25":"purchasable","26":"product-type-variable"},"acf":[],"yoast_head":"<!-- This site is optimized with the Yoast SEO plugin v27.2 - https:\/\/yoast.com\/product\/yoast-seo-wordpress\/ -->\n<title>\u00c9coconception g\u00e9n\u00e9rative - ISTE Group<\/title>\n<meta name=\"description\" content=\"L\u2019ouvrage pr\u00e9sente les contextes, les enjeux, les possibilit\u00e9s et les m\u00e9thodes de l\u2019\u00e9coconception. En s\u2019appuyant largement sur les travaux conduits au sein du projet EcoGen, il s\u2019attaque de front aux difficult\u00e9s majeures de la conception g\u00e9n\u00e9rative en temps interactif aux premiers stades du projet (l\u00e0 o\u00f9 les choix sont les plus d\u00e9terminants)\" \/>\n<meta name=\"robots\" content=\"index, follow, max-snippet:-1, max-image-preview:large, max-video-preview:-1\" \/>\n<link rel=\"canonical\" href=\"https:\/\/www.istegroup.com\/en\/produit\/ecoconception-generative\/\" \/>\n<meta property=\"og:locale\" content=\"en_US\" \/>\n<meta property=\"og:type\" content=\"article\" \/>\n<meta property=\"og:title\" content=\"\u00c9coconception g\u00e9n\u00e9rative - ISTE Group\" \/>\n<meta property=\"og:description\" content=\"L\u2019ouvrage pr\u00e9sente les contextes, les enjeux, les possibilit\u00e9s et les m\u00e9thodes de l\u2019\u00e9coconception. En s\u2019appuyant largement sur les travaux conduits au sein du projet EcoGen, il s\u2019attaque de front aux difficult\u00e9s majeures de la conception g\u00e9n\u00e9rative en temps interactif aux premiers stades du projet (l\u00e0 o\u00f9 les choix sont les plus d\u00e9terminants)\" \/>\n<meta property=\"og:url\" content=\"https:\/\/www.istegroup.com\/en\/produit\/ecoconception-generative\/\" \/>\n<meta property=\"og:site_name\" content=\"ISTE Group\" \/>\n<meta property=\"article:modified_time\" content=\"2024-01-03T13:42:06+00:00\" \/>\n<meta property=\"og:image\" content=\"https:\/\/www.istegroup.com\/wp-content\/uploads\/2019\/09\/\u00c9coconception-g\u00e9n\u00e9rative.jpg\" \/>\n\t<meta property=\"og:image:width\" content=\"300\" \/>\n\t<meta property=\"og:image:height\" content=\"451\" \/>\n\t<meta property=\"og:image:type\" content=\"image\/jpeg\" \/>\n<meta name=\"twitter:card\" content=\"summary_large_image\" \/>\n<meta name=\"twitter:label1\" content=\"Est. reading time\" \/>\n\t<meta name=\"twitter:data1\" content=\"1 minute\" \/>\n<script type=\"application\/ld+json\" class=\"yoast-schema-graph\">{\"@context\":\"https:\/\/schema.org\",\"@graph\":[{\"@type\":\"WebPage\",\"@id\":\"https:\/\/www.istegroup.com\/en\/produit\/ecoconception-generative\/\",\"url\":\"https:\/\/www.istegroup.com\/en\/produit\/ecoconception-generative\/\",\"name\":\"\u00c9coconception g\u00e9n\u00e9rative - ISTE Group\",\"isPartOf\":{\"@id\":\"https:\/\/www.istegroup.com\/#website\"},\"primaryImageOfPage\":{\"@id\":\"https:\/\/www.istegroup.com\/en\/produit\/ecoconception-generative\/#primaryimage\"},\"image\":{\"@id\":\"https:\/\/www.istegroup.com\/en\/produit\/ecoconception-generative\/#primaryimage\"},\"thumbnailUrl\":\"https:\/\/www.istegroup.com\/wp-content\/uploads\/2019\/09\/\u00c9coconception-g\u00e9n\u00e9rative.jpg\",\"datePublished\":\"2018-04-04T12:43:31+00:00\",\"dateModified\":\"2024-01-03T13:42:06+00:00\",\"description\":\"L\u2019ouvrage pr\u00e9sente les contextes, les enjeux, les possibilit\u00e9s et les m\u00e9thodes de l\u2019\u00e9coconception. En s\u2019appuyant largement sur les travaux conduits au sein du projet EcoGen, il s\u2019attaque de front aux difficult\u00e9s majeures de la conception g\u00e9n\u00e9rative en temps interactif aux premiers stades du projet (l\u00e0 o\u00f9 les choix sont les plus d\u00e9terminants)\",\"breadcrumb\":{\"@id\":\"https:\/\/www.istegroup.com\/en\/produit\/ecoconception-generative\/#breadcrumb\"},\"inLanguage\":\"en-US\",\"potentialAction\":[{\"@type\":\"ReadAction\",\"target\":[\"https:\/\/www.istegroup.com\/en\/produit\/ecoconception-generative\/\"]}]},{\"@type\":\"ImageObject\",\"inLanguage\":\"en-US\",\"@id\":\"https:\/\/www.istegroup.com\/en\/produit\/ecoconception-generative\/#primaryimage\",\"url\":\"https:\/\/www.istegroup.com\/wp-content\/uploads\/2019\/09\/\u00c9coconception-g\u00e9n\u00e9rative.jpg\",\"contentUrl\":\"https:\/\/www.istegroup.com\/wp-content\/uploads\/2019\/09\/\u00c9coconception-g\u00e9n\u00e9rative.jpg\",\"width\":300,\"height\":451,\"caption\":\"Phase amont du projet d\u2019architecture\"},{\"@type\":\"BreadcrumbList\",\"@id\":\"https:\/\/www.istegroup.com\/en\/produit\/ecoconception-generative\/#breadcrumb\",\"itemListElement\":[{\"@type\":\"ListItem\",\"position\":1,\"name\":\"Home\",\"item\":\"https:\/\/www.istegroup.com\/\"},{\"@type\":\"ListItem\",\"position\":2,\"name\":\"Shop\",\"item\":\"https:\/\/www.istegroup.com\/fr\/nouveautes\/\"},{\"@type\":\"ListItem\",\"position\":3,\"name\":\"\u00c9coconception g\u00e9n\u00e9rative\"}]},{\"@type\":\"WebSite\",\"@id\":\"https:\/\/www.istegroup.com\/#website\",\"url\":\"https:\/\/www.istegroup.com\/\",\"name\":\"ISTE Group\",\"description\":\"Publishing Knowledge\",\"potentialAction\":[{\"@type\":\"SearchAction\",\"target\":{\"@type\":\"EntryPoint\",\"urlTemplate\":\"https:\/\/www.istegroup.com\/?s={search_term_string}\"},\"query-input\":{\"@type\":\"PropertyValueSpecification\",\"valueRequired\":true,\"valueName\":\"search_term_string\"}}],\"inLanguage\":\"en-US\"}]}<\/script>\n<!-- \/ Yoast SEO plugin. -->","yoast_head_json":{"title":"\u00c9coconception g\u00e9n\u00e9rative - ISTE Group","description":"L\u2019ouvrage pr\u00e9sente les contextes, les enjeux, les possibilit\u00e9s et les m\u00e9thodes de l\u2019\u00e9coconception. En s\u2019appuyant largement sur les travaux conduits au sein du projet EcoGen, il s\u2019attaque de front aux difficult\u00e9s majeures de la conception g\u00e9n\u00e9rative en temps interactif aux premiers stades du projet (l\u00e0 o\u00f9 les choix sont les plus d\u00e9terminants)","robots":{"index":"index","follow":"follow","max-snippet":"max-snippet:-1","max-image-preview":"max-image-preview:large","max-video-preview":"max-video-preview:-1"},"canonical":"https:\/\/www.istegroup.com\/en\/produit\/ecoconception-generative\/","og_locale":"en_US","og_type":"article","og_title":"\u00c9coconception g\u00e9n\u00e9rative - ISTE Group","og_description":"L\u2019ouvrage pr\u00e9sente les contextes, les enjeux, les possibilit\u00e9s et les m\u00e9thodes de l\u2019\u00e9coconception. En s\u2019appuyant largement sur les travaux conduits au sein du projet EcoGen, il s\u2019attaque de front aux difficult\u00e9s majeures de la conception g\u00e9n\u00e9rative en temps interactif aux premiers stades du projet (l\u00e0 o\u00f9 les choix sont les plus d\u00e9terminants)","og_url":"https:\/\/www.istegroup.com\/en\/produit\/ecoconception-generative\/","og_site_name":"ISTE Group","article_modified_time":"2024-01-03T13:42:06+00:00","og_image":[{"width":300,"height":451,"url":"https:\/\/www.istegroup.com\/wp-content\/uploads\/2019\/09\/\u00c9coconception-g\u00e9n\u00e9rative.jpg","type":"image\/jpeg"}],"twitter_card":"summary_large_image","twitter_misc":{"Est. reading time":"1 minute"},"schema":{"@context":"https:\/\/schema.org","@graph":[{"@type":"WebPage","@id":"https:\/\/www.istegroup.com\/en\/produit\/ecoconception-generative\/","url":"https:\/\/www.istegroup.com\/en\/produit\/ecoconception-generative\/","name":"\u00c9coconception g\u00e9n\u00e9rative - ISTE Group","isPartOf":{"@id":"https:\/\/www.istegroup.com\/#website"},"primaryImageOfPage":{"@id":"https:\/\/www.istegroup.com\/en\/produit\/ecoconception-generative\/#primaryimage"},"image":{"@id":"https:\/\/www.istegroup.com\/en\/produit\/ecoconception-generative\/#primaryimage"},"thumbnailUrl":"https:\/\/www.istegroup.com\/wp-content\/uploads\/2019\/09\/\u00c9coconception-g\u00e9n\u00e9rative.jpg","datePublished":"2018-04-04T12:43:31+00:00","dateModified":"2024-01-03T13:42:06+00:00","description":"L\u2019ouvrage pr\u00e9sente les contextes, les enjeux, les possibilit\u00e9s et les m\u00e9thodes de l\u2019\u00e9coconception. En s\u2019appuyant largement sur les travaux conduits au sein du projet EcoGen, il s\u2019attaque de front aux difficult\u00e9s majeures de la conception g\u00e9n\u00e9rative en temps interactif aux premiers stades du projet (l\u00e0 o\u00f9 les choix sont les plus d\u00e9terminants)","breadcrumb":{"@id":"https:\/\/www.istegroup.com\/en\/produit\/ecoconception-generative\/#breadcrumb"},"inLanguage":"en-US","potentialAction":[{"@type":"ReadAction","target":["https:\/\/www.istegroup.com\/en\/produit\/ecoconception-generative\/"]}]},{"@type":"ImageObject","inLanguage":"en-US","@id":"https:\/\/www.istegroup.com\/en\/produit\/ecoconception-generative\/#primaryimage","url":"https:\/\/www.istegroup.com\/wp-content\/uploads\/2019\/09\/\u00c9coconception-g\u00e9n\u00e9rative.jpg","contentUrl":"https:\/\/www.istegroup.com\/wp-content\/uploads\/2019\/09\/\u00c9coconception-g\u00e9n\u00e9rative.jpg","width":300,"height":451,"caption":"Phase amont du projet d\u2019architecture"},{"@type":"BreadcrumbList","@id":"https:\/\/www.istegroup.com\/en\/produit\/ecoconception-generative\/#breadcrumb","itemListElement":[{"@type":"ListItem","position":1,"name":"Home","item":"https:\/\/www.istegroup.com\/"},{"@type":"ListItem","position":2,"name":"Shop","item":"https:\/\/www.istegroup.com\/fr\/nouveautes\/"},{"@type":"ListItem","position":3,"name":"\u00c9coconception g\u00e9n\u00e9rative"}]},{"@type":"WebSite","@id":"https:\/\/www.istegroup.com\/#website","url":"https:\/\/www.istegroup.com\/","name":"ISTE Group","description":"Publishing Knowledge","potentialAction":[{"@type":"SearchAction","target":{"@type":"EntryPoint","urlTemplate":"https:\/\/www.istegroup.com\/?s={search_term_string}"},"query-input":{"@type":"PropertyValueSpecification","valueRequired":true,"valueName":"search_term_string"}}],"inLanguage":"en-US"}]}},"_links":{"self":[{"href":"https:\/\/www.istegroup.com\/en\/wp-json\/wp\/v2\/product\/11827","targetHints":{"allow":["GET"]}}],"collection":[{"href":"https:\/\/www.istegroup.com\/en\/wp-json\/wp\/v2\/product"}],"about":[{"href":"https:\/\/www.istegroup.com\/en\/wp-json\/wp\/v2\/types\/product"}],"wp:featuredmedia":[{"embeddable":true,"href":"https:\/\/www.istegroup.com\/en\/wp-json\/wp\/v2\/media\/22970"}],"wp:attachment":[{"href":"https:\/\/www.istegroup.com\/en\/wp-json\/wp\/v2\/media?parent=11827"}],"wp:term":[{"taxonomy":"product_brand","embeddable":true,"href":"https:\/\/www.istegroup.com\/en\/wp-json\/wp\/v2\/product_brand?post=11827"},{"taxonomy":"product_cat","embeddable":true,"href":"https:\/\/www.istegroup.com\/en\/wp-json\/wp\/v2\/product_cat?post=11827"},{"taxonomy":"product_tag","embeddable":true,"href":"https:\/\/www.istegroup.com\/en\/wp-json\/wp\/v2\/product_tag?post=11827"}],"curies":[{"name":"wp","href":"https:\/\/api.w.org\/{rel}","templated":true}]}}