{"id":11788,"date":"2018-03-29T10:18:34","date_gmt":"2018-03-29T08:18:34","guid":{"rendered":"https:\/\/iste.yhello.co\/?post_type=product&#038;p=11788"},"modified":"2024-01-03T13:41:52","modified_gmt":"2024-01-03T13:41:52","slug":"technicite-versus-scientificite","status":"publish","type":"product","link":"https:\/\/www.istegroup.com\/en\/produit\/technicite-versus-scientificite\/","title":{"rendered":"Technicit\u00e9 versus scientificit\u00e9"},"content":{"rendered":"<p>La relation entre techniques et sciences est \u00e9trangement n\u00e9glig\u00e9e, \u00e9vit\u00e9e ou confi\u00e9e \u00e0 des intuitions discr\u00e8tes, bien que sa clarification soit d\u00e9terminante, notamment pour toute programmation d\u2019une interdisciplinarit\u00e9.<\/p>\n<p><em>Technicit\u00e9 versus scientificit\u00e9<\/em>\u00a0montre que cette relation, sit\u00f4t qu\u2019on l\u2019interroge au lieu de la contourner, se r\u00e9v\u00e8le omnipr\u00e9sente dans les sciences, extr\u00eamement diversifi\u00e9e parmi elles et tr\u00e8s modulable au cours des phases d\u2019une recherche.<\/p>\n<p>Quatre anthropologues proposent ici des approches tr\u00e8s diff\u00e9rentes : ils ne pr\u00e9tendent pas \u00e9puiser le sujet, mais au moins montrer que ce contournement r\u00e9gulier est lourd de cons\u00e9quences et qu\u2019un vaste chantier devrait rena\u00eetre \u00e0 cet endroit.<\/p>\n","protected":false},"excerpt":{"rendered":"<p>La relation entre techniques et sciences est \u00e9trangement n\u00e9glig\u00e9e, \u00e9vit\u00e9e ou confi\u00e9e \u00e0 des intuitions discr\u00e8tes, bien que sa clarification soit d\u00e9terminante, notamment pour toute programmation d\u2019une interdisciplinarit\u00e9. Technicit\u00e9 versus scientificit\u00e9\u00a0montre que cette relation, sit\u00f4t qu\u2019on l\u2019interroge au lieu de la contourner, se r\u00e9v\u00e8le omnipr\u00e9sente dans les sciences, extr\u00eamement diversifi\u00e9e parmi elles et tr\u00e8s modulable [&hellip;]<\/p>\n","protected":false},"featured_media":11795,"template":"","meta":{"_acf_changed":false,"_links_to":"","_links_to_target":""},"product_brand":[],"product_cat":[3262],"product_tag":[3505,18,19,20,3504,3503,3502,3501,21,22,25,26,27,28,233,3500,3499],"class_list":{"0":"post-11788","1":"product","2":"type-product","3":"status-publish","4":"has-post-thumbnail","6":"product_cat-non-classe","7":"product_tag-anthropologues","8":"product_tag-edition-scientifique","9":"product_tag-editions-francaise","10":"product_tag-editions-technique","11":"product_tag-flavia-carraro","12":"product_tag-georges-guille-escuret","13":"product_tag-giulia-anichini","14":"product_tag-interdisciplinarite-autour-du-social","15":"product_tag-iste-group","16":"product_tag-istegroup","17":"product_tag-livre-numerique","18":"product_tag-livre-scientifique-francais","19":"product_tag-livre-technique-francais","20":"product_tag-ouvrage-scientifique-francais","21":"product_tag-philippe-geslin","22":"product_tag-technicite-versus-scientificite","23":"product_tag-tensions-et-equivoques","25":"first","26":"instock","27":"shipping-taxable","28":"purchasable","29":"product-type-variable"},"acf":[],"yoast_head":"<!-- This site is optimized with the Yoast SEO plugin v27.2 - https:\/\/yoast.com\/product\/yoast-seo-wordpress\/ -->\n<title>Technicit\u00e9 versus scientificit\u00e9 - ISTE Group<\/title>\n<meta name=\"description\" content=\"La relation entre techniques et sciences est \u00e9trangement n\u00e9glig\u00e9e, \u00e9vit\u00e9e ou confi\u00e9e \u00e0 des intuitions discr\u00e8tes, bien que sa clarification soit d\u00e9terminante, notamment pour toute programmation d\u2019une interdisciplinarit\u00e9.\" \/>\n<meta name=\"robots\" content=\"index, follow, max-snippet:-1, max-image-preview:large, max-video-preview:-1\" \/>\n<link rel=\"canonical\" href=\"https:\/\/www.istegroup.com\/fr\/produit\/technicite-versus-scientificite\/\" \/>\n<meta property=\"og:locale\" content=\"en_US\" \/>\n<meta property=\"og:type\" content=\"article\" \/>\n<meta property=\"og:title\" content=\"Technicit\u00e9 versus scientificit\u00e9 - ISTE Group\" \/>\n<meta property=\"og:description\" content=\"La relation entre techniques et sciences est \u00e9trangement n\u00e9glig\u00e9e, \u00e9vit\u00e9e ou confi\u00e9e \u00e0 des intuitions discr\u00e8tes, bien que sa clarification soit d\u00e9terminante, notamment pour toute programmation d\u2019une interdisciplinarit\u00e9.\" \/>\n<meta property=\"og:url\" content=\"https:\/\/www.istegroup.com\/fr\/produit\/technicite-versus-scientificite\/\" \/>\n<meta property=\"og:site_name\" content=\"ISTE Group\" \/>\n<meta property=\"article:modified_time\" content=\"2024-01-03T13:41:52+00:00\" \/>\n<meta property=\"og:image\" content=\"https:\/\/www.istegroup.com\/wp-content\/uploads\/2018\/03\/Anichini_Front.jpg\" \/>\n\t<meta property=\"og:image:width\" content=\"300\" \/>\n\t<meta property=\"og:image:height\" content=\"450\" \/>\n\t<meta property=\"og:image:type\" content=\"image\/jpeg\" \/>\n<meta name=\"twitter:card\" content=\"summary_large_image\" \/>\n<meta name=\"twitter:label1\" content=\"Est. reading time\" \/>\n\t<meta name=\"twitter:data1\" content=\"1 minute\" \/>\n<script type=\"application\/ld+json\" class=\"yoast-schema-graph\">{\"@context\":\"https:\/\/schema.org\",\"@graph\":[{\"@type\":\"WebPage\",\"@id\":\"https:\/\/www.istegroup.com\/fr\/produit\/technicite-versus-scientificite\/\",\"url\":\"https:\/\/www.istegroup.com\/fr\/produit\/technicite-versus-scientificite\/\",\"name\":\"Technicit\u00e9 versus scientificit\u00e9 - ISTE Group\",\"isPartOf\":{\"@id\":\"https:\/\/www.istegroup.com\/#website\"},\"primaryImageOfPage\":{\"@id\":\"https:\/\/www.istegroup.com\/fr\/produit\/technicite-versus-scientificite\/#primaryimage\"},\"image\":{\"@id\":\"https:\/\/www.istegroup.com\/fr\/produit\/technicite-versus-scientificite\/#primaryimage\"},\"thumbnailUrl\":\"https:\/\/www.istegroup.com\/wp-content\/uploads\/2018\/03\/Anichini_Front.jpg\",\"datePublished\":\"2018-03-29T08:18:34+00:00\",\"dateModified\":\"2024-01-03T13:41:52+00:00\",\"description\":\"La relation entre techniques et sciences est \u00e9trangement n\u00e9glig\u00e9e, \u00e9vit\u00e9e ou confi\u00e9e \u00e0 des intuitions discr\u00e8tes, bien que sa clarification soit d\u00e9terminante, notamment pour toute programmation d\u2019une interdisciplinarit\u00e9.\",\"breadcrumb\":{\"@id\":\"https:\/\/www.istegroup.com\/fr\/produit\/technicite-versus-scientificite\/#breadcrumb\"},\"inLanguage\":\"en-US\",\"potentialAction\":[{\"@type\":\"ReadAction\",\"target\":[\"https:\/\/www.istegroup.com\/fr\/produit\/technicite-versus-scientificite\/\"]}]},{\"@type\":\"ImageObject\",\"inLanguage\":\"en-US\",\"@id\":\"https:\/\/www.istegroup.com\/fr\/produit\/technicite-versus-scientificite\/#primaryimage\",\"url\":\"https:\/\/www.istegroup.com\/wp-content\/uploads\/2018\/03\/Anichini_Front.jpg\",\"contentUrl\":\"https:\/\/www.istegroup.com\/wp-content\/uploads\/2018\/03\/Anichini_Front.jpg\",\"width\":300,\"height\":450,\"caption\":\"Tensions et \u00e9quivoques\"},{\"@type\":\"BreadcrumbList\",\"@id\":\"https:\/\/www.istegroup.com\/fr\/produit\/technicite-versus-scientificite\/#breadcrumb\",\"itemListElement\":[{\"@type\":\"ListItem\",\"position\":1,\"name\":\"Home\",\"item\":\"https:\/\/www.istegroup.com\/\"},{\"@type\":\"ListItem\",\"position\":2,\"name\":\"Shop\",\"item\":\"https:\/\/www.istegroup.com\/fr\/nouveautes\/\"},{\"@type\":\"ListItem\",\"position\":3,\"name\":\"Technicit\u00e9 versus scientificit\u00e9\"}]},{\"@type\":\"WebSite\",\"@id\":\"https:\/\/www.istegroup.com\/#website\",\"url\":\"https:\/\/www.istegroup.com\/\",\"name\":\"ISTE Group\",\"description\":\"Publishing Knowledge\",\"potentialAction\":[{\"@type\":\"SearchAction\",\"target\":{\"@type\":\"EntryPoint\",\"urlTemplate\":\"https:\/\/www.istegroup.com\/?s={search_term_string}\"},\"query-input\":{\"@type\":\"PropertyValueSpecification\",\"valueRequired\":true,\"valueName\":\"search_term_string\"}}],\"inLanguage\":\"en-US\"}]}<\/script>\n<!-- \/ Yoast SEO plugin. -->","yoast_head_json":{"title":"Technicit\u00e9 versus scientificit\u00e9 - ISTE Group","description":"La relation entre techniques et sciences est \u00e9trangement n\u00e9glig\u00e9e, \u00e9vit\u00e9e ou confi\u00e9e \u00e0 des intuitions discr\u00e8tes, bien que sa clarification soit d\u00e9terminante, notamment pour toute programmation d\u2019une interdisciplinarit\u00e9.","robots":{"index":"index","follow":"follow","max-snippet":"max-snippet:-1","max-image-preview":"max-image-preview:large","max-video-preview":"max-video-preview:-1"},"canonical":"https:\/\/www.istegroup.com\/fr\/produit\/technicite-versus-scientificite\/","og_locale":"en_US","og_type":"article","og_title":"Technicit\u00e9 versus scientificit\u00e9 - ISTE Group","og_description":"La relation entre techniques et sciences est \u00e9trangement n\u00e9glig\u00e9e, \u00e9vit\u00e9e ou confi\u00e9e \u00e0 des intuitions discr\u00e8tes, bien que sa clarification soit d\u00e9terminante, notamment pour toute programmation d\u2019une interdisciplinarit\u00e9.","og_url":"https:\/\/www.istegroup.com\/fr\/produit\/technicite-versus-scientificite\/","og_site_name":"ISTE Group","article_modified_time":"2024-01-03T13:41:52+00:00","og_image":[{"width":300,"height":450,"url":"https:\/\/www.istegroup.com\/wp-content\/uploads\/2018\/03\/Anichini_Front.jpg","type":"image\/jpeg"}],"twitter_card":"summary_large_image","twitter_misc":{"Est. reading time":"1 minute"},"schema":{"@context":"https:\/\/schema.org","@graph":[{"@type":"WebPage","@id":"https:\/\/www.istegroup.com\/fr\/produit\/technicite-versus-scientificite\/","url":"https:\/\/www.istegroup.com\/fr\/produit\/technicite-versus-scientificite\/","name":"Technicit\u00e9 versus scientificit\u00e9 - ISTE Group","isPartOf":{"@id":"https:\/\/www.istegroup.com\/#website"},"primaryImageOfPage":{"@id":"https:\/\/www.istegroup.com\/fr\/produit\/technicite-versus-scientificite\/#primaryimage"},"image":{"@id":"https:\/\/www.istegroup.com\/fr\/produit\/technicite-versus-scientificite\/#primaryimage"},"thumbnailUrl":"https:\/\/www.istegroup.com\/wp-content\/uploads\/2018\/03\/Anichini_Front.jpg","datePublished":"2018-03-29T08:18:34+00:00","dateModified":"2024-01-03T13:41:52+00:00","description":"La relation entre techniques et sciences est \u00e9trangement n\u00e9glig\u00e9e, \u00e9vit\u00e9e ou confi\u00e9e \u00e0 des intuitions discr\u00e8tes, bien que sa clarification soit d\u00e9terminante, notamment pour toute programmation d\u2019une interdisciplinarit\u00e9.","breadcrumb":{"@id":"https:\/\/www.istegroup.com\/fr\/produit\/technicite-versus-scientificite\/#breadcrumb"},"inLanguage":"en-US","potentialAction":[{"@type":"ReadAction","target":["https:\/\/www.istegroup.com\/fr\/produit\/technicite-versus-scientificite\/"]}]},{"@type":"ImageObject","inLanguage":"en-US","@id":"https:\/\/www.istegroup.com\/fr\/produit\/technicite-versus-scientificite\/#primaryimage","url":"https:\/\/www.istegroup.com\/wp-content\/uploads\/2018\/03\/Anichini_Front.jpg","contentUrl":"https:\/\/www.istegroup.com\/wp-content\/uploads\/2018\/03\/Anichini_Front.jpg","width":300,"height":450,"caption":"Tensions et \u00e9quivoques"},{"@type":"BreadcrumbList","@id":"https:\/\/www.istegroup.com\/fr\/produit\/technicite-versus-scientificite\/#breadcrumb","itemListElement":[{"@type":"ListItem","position":1,"name":"Home","item":"https:\/\/www.istegroup.com\/"},{"@type":"ListItem","position":2,"name":"Shop","item":"https:\/\/www.istegroup.com\/fr\/nouveautes\/"},{"@type":"ListItem","position":3,"name":"Technicit\u00e9 versus scientificit\u00e9"}]},{"@type":"WebSite","@id":"https:\/\/www.istegroup.com\/#website","url":"https:\/\/www.istegroup.com\/","name":"ISTE Group","description":"Publishing Knowledge","potentialAction":[{"@type":"SearchAction","target":{"@type":"EntryPoint","urlTemplate":"https:\/\/www.istegroup.com\/?s={search_term_string}"},"query-input":{"@type":"PropertyValueSpecification","valueRequired":true,"valueName":"search_term_string"}}],"inLanguage":"en-US"}]}},"_links":{"self":[{"href":"https:\/\/www.istegroup.com\/en\/wp-json\/wp\/v2\/product\/11788","targetHints":{"allow":["GET"]}}],"collection":[{"href":"https:\/\/www.istegroup.com\/en\/wp-json\/wp\/v2\/product"}],"about":[{"href":"https:\/\/www.istegroup.com\/en\/wp-json\/wp\/v2\/types\/product"}],"wp:featuredmedia":[{"embeddable":true,"href":"https:\/\/www.istegroup.com\/en\/wp-json\/wp\/v2\/media\/11795"}],"wp:attachment":[{"href":"https:\/\/www.istegroup.com\/en\/wp-json\/wp\/v2\/media?parent=11788"}],"wp:term":[{"taxonomy":"product_brand","embeddable":true,"href":"https:\/\/www.istegroup.com\/en\/wp-json\/wp\/v2\/product_brand?post=11788"},{"taxonomy":"product_cat","embeddable":true,"href":"https:\/\/www.istegroup.com\/en\/wp-json\/wp\/v2\/product_cat?post=11788"},{"taxonomy":"product_tag","embeddable":true,"href":"https:\/\/www.istegroup.com\/en\/wp-json\/wp\/v2\/product_tag?post=11788"}],"curies":[{"name":"wp","href":"https:\/\/api.w.org\/{rel}","templated":true}]}}