{"id":11768,"date":"2018-03-28T18:44:00","date_gmt":"2018-03-28T16:44:00","guid":{"rendered":"https:\/\/iste.yhello.co\/?post_type=product&#038;p=11768"},"modified":"2024-01-03T13:41:51","modified_gmt":"2024-01-03T13:41:51","slug":"sociobiologie-versus-socio-ecologie","status":"publish","type":"product","link":"https:\/\/www.istegroup.com\/en\/produit\/sociobiologie-versus-socio-ecologie\/","title":{"rendered":"Sociobiologie versus socio-\u00e9cologie"},"content":{"rendered":"<p>La sociobiologie s\u2019oppose en tant que th\u00e9orie \u00e0 la socio-\u00e9cologie, laquelle d\u00e9signe une discipline entrav\u00e9e depuis sa naissance. La mise en accusation des intentions id\u00e9ologiques de la premi\u00e8re aura masqu\u00e9 l\u2019obstruction que la domination croissante de l\u2019image du \u00ab g\u00e8ne \u00e9go\u00efste \u00bb faisait subir au n\u00e9cessaire essor de la seconde.<\/p>\n<p>Une terrible force d\u2019inertie a ainsi gel\u00e9 pendant quarante ans l\u2019analyse globale des interactions socio-\u00e9cologiques hors du parti pris th\u00e9orique impos\u00e9 de l\u2019ext\u00e9rieur aux sciences sociales par la pr\u00e9tendue \u00ab \u00e9cologie comportementale \u00bb, qui se r\u00e9sume \u00e0 une simple \u00e9manation de la sociobiologie. Cet ouvrage expose les abus m\u00e9thodologiques et les l\u00e9gitimations illusoires d\u2019une \u00e9cole dont la st\u00e9rilit\u00e9 ne peut plus \u00eatre dissimul\u00e9e, mais qui s\u2019appr\u00eate \u00e0 changer en rempla\u00e7ant cyniquement ses lois chancelantes par une r\u00e9cup\u00e9ration \u00e0 son profit des prouesses r\u00e9centes de l\u2019\u00e9pig\u00e9n\u00e9tique.<\/p>\n<p>Dans\u00a0<em>Sociobiologie versus socio-\u00e9cologie,<\/em>\u00a0les auteurs mettent en lumi\u00e8re des chemins arbitrairement \u00e9lud\u00e9s de l\u2019\u00e9tude des interactions socio-\u00e9cologiques.<\/p>\n","protected":false},"excerpt":{"rendered":"<p>La sociobiologie s\u2019oppose en tant que th\u00e9orie \u00e0 la socio-\u00e9cologie, laquelle d\u00e9signe une discipline entrav\u00e9e depuis sa naissance. La mise en accusation des intentions id\u00e9ologiques de la premi\u00e8re aura masqu\u00e9 l\u2019obstruction que la domination croissante de l\u2019image du \u00ab g\u00e8ne \u00e9go\u00efste \u00bb faisait subir au n\u00e9cessaire essor de la seconde. Une terrible force d\u2019inertie a [&hellip;]<\/p>\n","protected":false},"featured_media":11774,"template":"","meta":{"_acf_changed":false,"_links_to":"","_links_to_target":""},"product_brand":[],"product_cat":[3262],"product_tag":[18,19,20,3503,3513,21,22,3512,25,26,27,28,3511,3510],"class_list":{"0":"post-11768","1":"product","2":"type-product","3":"status-publish","4":"has-post-thumbnail","6":"product_cat-non-classe","7":"product_tag-edition-scientifique","8":"product_tag-editions-francaise","9":"product_tag-editions-technique","10":"product_tag-georges-guille-escuret","11":"product_tag-interdisciplinarite-sciences-biologiques-et-sciences-sociales","12":"product_tag-iste-group","13":"product_tag-istegroup","14":"product_tag-les-enjeux-dun-debat-en-suspens","15":"product_tag-livre-numerique","16":"product_tag-livre-scientifique-francais","17":"product_tag-livre-technique-francais","18":"product_tag-ouvrage-scientifique-francais","19":"product_tag-sejin-park","20":"product_tag-sociobiologie-versus-socio-ecologie","22":"first","23":"instock","24":"shipping-taxable","25":"purchasable","26":"product-type-variable"},"acf":[],"yoast_head":"<!-- This site is optimized with the Yoast SEO plugin v27.2 - https:\/\/yoast.com\/product\/yoast-seo-wordpress\/ -->\n<title>Sociobiologie versus socio-\u00e9cologie - ISTE Group<\/title>\n<meta name=\"robots\" content=\"index, follow, max-snippet:-1, max-image-preview:large, max-video-preview:-1\" \/>\n<link rel=\"canonical\" href=\"https:\/\/www.istegroup.com\/fr\/produit\/sociobiologie-versus-socio-ecologie\/\" \/>\n<meta property=\"og:locale\" content=\"en_US\" \/>\n<meta property=\"og:type\" content=\"article\" \/>\n<meta property=\"og:title\" content=\"Sociobiologie versus socio-\u00e9cologie - ISTE Group\" \/>\n<meta property=\"og:description\" content=\"La sociobiologie s\u2019oppose en tant que th\u00e9orie \u00e0 la socio-\u00e9cologie, laquelle d\u00e9signe une discipline entrav\u00e9e depuis sa naissance. La mise en accusation des intentions id\u00e9ologiques de la premi\u00e8re aura masqu\u00e9 l\u2019obstruction que la domination croissante de l\u2019image du \u00ab g\u00e8ne \u00e9go\u00efste \u00bb faisait subir au n\u00e9cessaire essor de la seconde. Une terrible force d\u2019inertie a [&hellip;]\" \/>\n<meta property=\"og:url\" content=\"https:\/\/www.istegroup.com\/fr\/produit\/sociobiologie-versus-socio-ecologie\/\" \/>\n<meta property=\"og:site_name\" content=\"ISTE Group\" \/>\n<meta property=\"article:modified_time\" content=\"2024-01-03T13:41:51+00:00\" \/>\n<meta property=\"og:image\" content=\"https:\/\/www.istegroup.com\/wp-content\/uploads\/2018\/03\/Park_Front-scaled.jpg\" \/>\n\t<meta property=\"og:image:width\" content=\"1665\" \/>\n\t<meta property=\"og:image:height\" content=\"2560\" \/>\n\t<meta property=\"og:image:type\" content=\"image\/jpeg\" \/>\n<meta name=\"twitter:card\" content=\"summary_large_image\" \/>\n<meta name=\"twitter:label1\" content=\"Est. reading time\" \/>\n\t<meta name=\"twitter:data1\" content=\"1 minute\" \/>\n<script type=\"application\/ld+json\" class=\"yoast-schema-graph\">{\"@context\":\"https:\/\/schema.org\",\"@graph\":[{\"@type\":\"WebPage\",\"@id\":\"https:\/\/www.istegroup.com\/fr\/produit\/sociobiologie-versus-socio-ecologie\/\",\"url\":\"https:\/\/www.istegroup.com\/fr\/produit\/sociobiologie-versus-socio-ecologie\/\",\"name\":\"Sociobiologie versus socio-\u00e9cologie - ISTE Group\",\"isPartOf\":{\"@id\":\"https:\/\/www.istegroup.com\/#website\"},\"primaryImageOfPage\":{\"@id\":\"https:\/\/www.istegroup.com\/fr\/produit\/sociobiologie-versus-socio-ecologie\/#primaryimage\"},\"image\":{\"@id\":\"https:\/\/www.istegroup.com\/fr\/produit\/sociobiologie-versus-socio-ecologie\/#primaryimage\"},\"thumbnailUrl\":\"https:\/\/www.istegroup.com\/wp-content\/uploads\/2018\/03\/Park_Front-scaled.jpg\",\"datePublished\":\"2018-03-28T16:44:00+00:00\",\"dateModified\":\"2024-01-03T13:41:51+00:00\",\"breadcrumb\":{\"@id\":\"https:\/\/www.istegroup.com\/fr\/produit\/sociobiologie-versus-socio-ecologie\/#breadcrumb\"},\"inLanguage\":\"en-US\",\"potentialAction\":[{\"@type\":\"ReadAction\",\"target\":[\"https:\/\/www.istegroup.com\/fr\/produit\/sociobiologie-versus-socio-ecologie\/\"]}]},{\"@type\":\"ImageObject\",\"inLanguage\":\"en-US\",\"@id\":\"https:\/\/www.istegroup.com\/fr\/produit\/sociobiologie-versus-socio-ecologie\/#primaryimage\",\"url\":\"https:\/\/www.istegroup.com\/wp-content\/uploads\/2018\/03\/Park_Front-scaled.jpg\",\"contentUrl\":\"https:\/\/www.istegroup.com\/wp-content\/uploads\/2018\/03\/Park_Front-scaled.jpg\",\"width\":1665,\"height\":2560,\"caption\":\"Les enjeux d'un d\u00e9bat en suspens\"},{\"@type\":\"BreadcrumbList\",\"@id\":\"https:\/\/www.istegroup.com\/fr\/produit\/sociobiologie-versus-socio-ecologie\/#breadcrumb\",\"itemListElement\":[{\"@type\":\"ListItem\",\"position\":1,\"name\":\"Home\",\"item\":\"https:\/\/www.istegroup.com\/\"},{\"@type\":\"ListItem\",\"position\":2,\"name\":\"Shop\",\"item\":\"https:\/\/www.istegroup.com\/fr\/nouveautes\/\"},{\"@type\":\"ListItem\",\"position\":3,\"name\":\"Sociobiologie versus socio-\u00e9cologie\"}]},{\"@type\":\"WebSite\",\"@id\":\"https:\/\/www.istegroup.com\/#website\",\"url\":\"https:\/\/www.istegroup.com\/\",\"name\":\"ISTE Group\",\"description\":\"Publishing Knowledge\",\"potentialAction\":[{\"@type\":\"SearchAction\",\"target\":{\"@type\":\"EntryPoint\",\"urlTemplate\":\"https:\/\/www.istegroup.com\/?s={search_term_string}\"},\"query-input\":{\"@type\":\"PropertyValueSpecification\",\"valueRequired\":true,\"valueName\":\"search_term_string\"}}],\"inLanguage\":\"en-US\"}]}<\/script>\n<!-- \/ Yoast SEO plugin. -->","yoast_head_json":{"title":"Sociobiologie versus socio-\u00e9cologie - ISTE Group","robots":{"index":"index","follow":"follow","max-snippet":"max-snippet:-1","max-image-preview":"max-image-preview:large","max-video-preview":"max-video-preview:-1"},"canonical":"https:\/\/www.istegroup.com\/fr\/produit\/sociobiologie-versus-socio-ecologie\/","og_locale":"en_US","og_type":"article","og_title":"Sociobiologie versus socio-\u00e9cologie - ISTE Group","og_description":"La sociobiologie s\u2019oppose en tant que th\u00e9orie \u00e0 la socio-\u00e9cologie, laquelle d\u00e9signe une discipline entrav\u00e9e depuis sa naissance. La mise en accusation des intentions id\u00e9ologiques de la premi\u00e8re aura masqu\u00e9 l\u2019obstruction que la domination croissante de l\u2019image du \u00ab g\u00e8ne \u00e9go\u00efste \u00bb faisait subir au n\u00e9cessaire essor de la seconde. Une terrible force d\u2019inertie a [&hellip;]","og_url":"https:\/\/www.istegroup.com\/fr\/produit\/sociobiologie-versus-socio-ecologie\/","og_site_name":"ISTE Group","article_modified_time":"2024-01-03T13:41:51+00:00","og_image":[{"width":1665,"height":2560,"url":"https:\/\/www.istegroup.com\/wp-content\/uploads\/2018\/03\/Park_Front-scaled.jpg","type":"image\/jpeg"}],"twitter_card":"summary_large_image","twitter_misc":{"Est. reading time":"1 minute"},"schema":{"@context":"https:\/\/schema.org","@graph":[{"@type":"WebPage","@id":"https:\/\/www.istegroup.com\/fr\/produit\/sociobiologie-versus-socio-ecologie\/","url":"https:\/\/www.istegroup.com\/fr\/produit\/sociobiologie-versus-socio-ecologie\/","name":"Sociobiologie versus socio-\u00e9cologie - ISTE Group","isPartOf":{"@id":"https:\/\/www.istegroup.com\/#website"},"primaryImageOfPage":{"@id":"https:\/\/www.istegroup.com\/fr\/produit\/sociobiologie-versus-socio-ecologie\/#primaryimage"},"image":{"@id":"https:\/\/www.istegroup.com\/fr\/produit\/sociobiologie-versus-socio-ecologie\/#primaryimage"},"thumbnailUrl":"https:\/\/www.istegroup.com\/wp-content\/uploads\/2018\/03\/Park_Front-scaled.jpg","datePublished":"2018-03-28T16:44:00+00:00","dateModified":"2024-01-03T13:41:51+00:00","breadcrumb":{"@id":"https:\/\/www.istegroup.com\/fr\/produit\/sociobiologie-versus-socio-ecologie\/#breadcrumb"},"inLanguage":"en-US","potentialAction":[{"@type":"ReadAction","target":["https:\/\/www.istegroup.com\/fr\/produit\/sociobiologie-versus-socio-ecologie\/"]}]},{"@type":"ImageObject","inLanguage":"en-US","@id":"https:\/\/www.istegroup.com\/fr\/produit\/sociobiologie-versus-socio-ecologie\/#primaryimage","url":"https:\/\/www.istegroup.com\/wp-content\/uploads\/2018\/03\/Park_Front-scaled.jpg","contentUrl":"https:\/\/www.istegroup.com\/wp-content\/uploads\/2018\/03\/Park_Front-scaled.jpg","width":1665,"height":2560,"caption":"Les enjeux d'un d\u00e9bat en suspens"},{"@type":"BreadcrumbList","@id":"https:\/\/www.istegroup.com\/fr\/produit\/sociobiologie-versus-socio-ecologie\/#breadcrumb","itemListElement":[{"@type":"ListItem","position":1,"name":"Home","item":"https:\/\/www.istegroup.com\/"},{"@type":"ListItem","position":2,"name":"Shop","item":"https:\/\/www.istegroup.com\/fr\/nouveautes\/"},{"@type":"ListItem","position":3,"name":"Sociobiologie versus socio-\u00e9cologie"}]},{"@type":"WebSite","@id":"https:\/\/www.istegroup.com\/#website","url":"https:\/\/www.istegroup.com\/","name":"ISTE Group","description":"Publishing Knowledge","potentialAction":[{"@type":"SearchAction","target":{"@type":"EntryPoint","urlTemplate":"https:\/\/www.istegroup.com\/?s={search_term_string}"},"query-input":{"@type":"PropertyValueSpecification","valueRequired":true,"valueName":"search_term_string"}}],"inLanguage":"en-US"}]}},"_links":{"self":[{"href":"https:\/\/www.istegroup.com\/en\/wp-json\/wp\/v2\/product\/11768","targetHints":{"allow":["GET"]}}],"collection":[{"href":"https:\/\/www.istegroup.com\/en\/wp-json\/wp\/v2\/product"}],"about":[{"href":"https:\/\/www.istegroup.com\/en\/wp-json\/wp\/v2\/types\/product"}],"wp:featuredmedia":[{"embeddable":true,"href":"https:\/\/www.istegroup.com\/en\/wp-json\/wp\/v2\/media\/11774"}],"wp:attachment":[{"href":"https:\/\/www.istegroup.com\/en\/wp-json\/wp\/v2\/media?parent=11768"}],"wp:term":[{"taxonomy":"product_brand","embeddable":true,"href":"https:\/\/www.istegroup.com\/en\/wp-json\/wp\/v2\/product_brand?post=11768"},{"taxonomy":"product_cat","embeddable":true,"href":"https:\/\/www.istegroup.com\/en\/wp-json\/wp\/v2\/product_cat?post=11768"},{"taxonomy":"product_tag","embeddable":true,"href":"https:\/\/www.istegroup.com\/en\/wp-json\/wp\/v2\/product_tag?post=11768"}],"curies":[{"name":"wp","href":"https:\/\/api.w.org\/{rel}","templated":true}]}}