{"id":11759,"date":"2018-03-28T18:34:54","date_gmt":"2018-03-28T16:34:54","guid":{"rendered":"https:\/\/iste.yhello.co\/?post_type=product&#038;p=11759"},"modified":"2024-01-03T13:41:51","modified_gmt":"2024-01-03T13:41:51","slug":"sciences-de-la-vie-sciences-de-linformation","status":"publish","type":"product","link":"https:\/\/www.istegroup.com\/en\/produit\/sciences-de-la-vie-sciences-de-linformation\/","title":{"rendered":"Sciences de la vie, sciences de l\u2019information"},"content":{"rendered":"<p><em>Sciences de la vie, sciences de l\u2019information<\/em>\u00a0regroupe trente-trois communications originales du colloque du m\u00eame nom, organis\u00e9 dans le cadre du Centre Culturel International de Cerisy en 2016.<\/p>\n<p>Cet ouvrage, qui donne mati\u00e8re \u00e0 penser, traite de la question fondamentale des rapports entre la vie, l\u2019information et les machines, abordant cette probl\u00e9matique de diff\u00e9rents points de vue : biologique, informatique, math\u00e9matique, physique, \u00e9thique, philosophique, technologique, ou encore \u00e9thologique.<\/p>\n<p>Une premi\u00e8re partie, \u00ab Du g\u00e8ne \u00e0 l\u2019esp\u00e8ce \u00bb, analyse le passage de l\u2019ADN au ph\u00e9notype et \u00e0 ce qui caract\u00e9rise l\u2019esp\u00e8ce, tandis que la deuxi\u00e8me partie traite \u00ab Du programme \u00e0 la vie \u00bb en passant par l\u2019individuation, l\u2019interaction et la philosophie.<\/p>\n","protected":false},"excerpt":{"rendered":"<p>Sciences de la vie, sciences de l\u2019information\u00a0regroupe trente-trois communications originales du colloque du m\u00eame nom, organis\u00e9 dans le cadre du Centre Culturel International de Cerisy en 2016. Cet ouvrage, qui donne mati\u00e8re \u00e0 penser, traite de la question fondamentale des rapports entre la vie, l\u2019information et les machines, abordant cette probl\u00e9matique de diff\u00e9rents points de [&hellip;]<\/p>\n","protected":false},"featured_media":11767,"template":"","meta":{"_acf_changed":false,"_links_to":"","_links_to_target":""},"product_brand":[],"product_cat":[3262],"product_tag":[3522,3521,3520,3519,18,19,20,21,22,3518,25,26,27,3517,28,3515,3516,3514],"class_list":{"0":"post-11759","1":"product","2":"type-product","3":"status-publish","4":"has-post-thumbnail","6":"product_cat-non-classe","7":"product_tag-colloque-de-cerisy","8":"product_tag-dominique-lacroix","9":"product_tag-du-gene-a-lespece","10":"product_tag-du-programme-a-la-vie","11":"product_tag-edition-scientifique","12":"product_tag-editions-francaise","13":"product_tag-editions-technique","14":"product_tag-iste-group","15":"product_tag-istegroup","16":"product_tag-jean-charles-pomerol","17":"product_tag-livre-numerique","18":"product_tag-livre-scientifique-francais","19":"product_tag-livre-technique-francais","20":"product_tag-marie-christine-maurel","21":"product_tag-ouvrage-scientifique-francais","22":"product_tag-sciences-de-linformation","23":"product_tag-sciences-de-la-vie","24":"product_tag-thierry-gaudin","26":"first","27":"instock","28":"shipping-taxable","29":"purchasable","30":"product-type-variable"},"acf":[],"yoast_head":"<!-- This site is optimized with the Yoast SEO plugin v27.2 - https:\/\/yoast.com\/product\/yoast-seo-wordpress\/ -->\n<title>Sciences de la vie, sciences de l\u2019information - ISTE Group<\/title>\n<meta name=\"description\" content=\"Sciences de la vie, sciences de l\u2019information\u00a0regroupe trente-trois communications originales du colloque du m\u00eame nom, organis\u00e9 dans le cadre du Centre Culturel International de Cerisy en 2016.\" \/>\n<meta name=\"robots\" content=\"index, follow, max-snippet:-1, max-image-preview:large, max-video-preview:-1\" \/>\n<link rel=\"canonical\" href=\"https:\/\/www.istegroup.com\/en\/produit\/sciences-de-la-vie-sciences-de-linformation\/\" \/>\n<meta property=\"og:locale\" content=\"en_US\" \/>\n<meta property=\"og:type\" content=\"article\" \/>\n<meta property=\"og:title\" content=\"Sciences de la vie, sciences de l\u2019information - ISTE Group\" \/>\n<meta property=\"og:description\" content=\"Sciences de la vie, sciences de l\u2019information\u00a0regroupe trente-trois communications originales du colloque du m\u00eame nom, organis\u00e9 dans le cadre du Centre Culturel International de Cerisy en 2016.\" \/>\n<meta property=\"og:url\" content=\"https:\/\/www.istegroup.com\/en\/produit\/sciences-de-la-vie-sciences-de-linformation\/\" \/>\n<meta property=\"og:site_name\" content=\"ISTE Group\" \/>\n<meta property=\"article:modified_time\" content=\"2024-01-03T13:41:51+00:00\" \/>\n<meta property=\"og:image\" content=\"https:\/\/www.istegroup.com\/wp-content\/uploads\/2018\/03\/Cerisey_Front.jpg\" \/>\n\t<meta property=\"og:image:width\" content=\"300\" \/>\n\t<meta property=\"og:image:height\" content=\"450\" \/>\n\t<meta property=\"og:image:type\" content=\"image\/jpeg\" \/>\n<meta name=\"twitter:card\" content=\"summary_large_image\" \/>\n<meta name=\"twitter:label1\" content=\"Est. reading time\" \/>\n\t<meta name=\"twitter:data1\" content=\"1 minute\" \/>\n<script type=\"application\/ld+json\" class=\"yoast-schema-graph\">{\"@context\":\"https:\/\/schema.org\",\"@graph\":[{\"@type\":\"WebPage\",\"@id\":\"https:\/\/www.istegroup.com\/en\/produit\/sciences-de-la-vie-sciences-de-linformation\/\",\"url\":\"https:\/\/www.istegroup.com\/en\/produit\/sciences-de-la-vie-sciences-de-linformation\/\",\"name\":\"Sciences de la vie, sciences de l\u2019information - ISTE Group\",\"isPartOf\":{\"@id\":\"https:\/\/www.istegroup.com\/#website\"},\"primaryImageOfPage\":{\"@id\":\"https:\/\/www.istegroup.com\/en\/produit\/sciences-de-la-vie-sciences-de-linformation\/#primaryimage\"},\"image\":{\"@id\":\"https:\/\/www.istegroup.com\/en\/produit\/sciences-de-la-vie-sciences-de-linformation\/#primaryimage\"},\"thumbnailUrl\":\"https:\/\/www.istegroup.com\/wp-content\/uploads\/2018\/03\/Cerisey_Front.jpg\",\"datePublished\":\"2018-03-28T16:34:54+00:00\",\"dateModified\":\"2024-01-03T13:41:51+00:00\",\"description\":\"Sciences de la vie, sciences de l\u2019information\u00a0regroupe trente-trois communications originales du colloque du m\u00eame nom, organis\u00e9 dans le cadre du Centre Culturel International de Cerisy en 2016.\",\"breadcrumb\":{\"@id\":\"https:\/\/www.istegroup.com\/en\/produit\/sciences-de-la-vie-sciences-de-linformation\/#breadcrumb\"},\"inLanguage\":\"en-US\",\"potentialAction\":[{\"@type\":\"ReadAction\",\"target\":[\"https:\/\/www.istegroup.com\/en\/produit\/sciences-de-la-vie-sciences-de-linformation\/\"]}]},{\"@type\":\"ImageObject\",\"inLanguage\":\"en-US\",\"@id\":\"https:\/\/www.istegroup.com\/en\/produit\/sciences-de-la-vie-sciences-de-linformation\/#primaryimage\",\"url\":\"https:\/\/www.istegroup.com\/wp-content\/uploads\/2018\/03\/Cerisey_Front.jpg\",\"contentUrl\":\"https:\/\/www.istegroup.com\/wp-content\/uploads\/2018\/03\/Cerisey_Front.jpg\",\"width\":300,\"height\":450,\"caption\":\"Colloque de Cerisy\"},{\"@type\":\"BreadcrumbList\",\"@id\":\"https:\/\/www.istegroup.com\/en\/produit\/sciences-de-la-vie-sciences-de-linformation\/#breadcrumb\",\"itemListElement\":[{\"@type\":\"ListItem\",\"position\":1,\"name\":\"Home\",\"item\":\"https:\/\/www.istegroup.com\/\"},{\"@type\":\"ListItem\",\"position\":2,\"name\":\"Shop\",\"item\":\"https:\/\/www.istegroup.com\/fr\/nouveautes\/\"},{\"@type\":\"ListItem\",\"position\":3,\"name\":\"Sciences de la vie, sciences de l\u2019information\"}]},{\"@type\":\"WebSite\",\"@id\":\"https:\/\/www.istegroup.com\/#website\",\"url\":\"https:\/\/www.istegroup.com\/\",\"name\":\"ISTE Group\",\"description\":\"Publishing Knowledge\",\"potentialAction\":[{\"@type\":\"SearchAction\",\"target\":{\"@type\":\"EntryPoint\",\"urlTemplate\":\"https:\/\/www.istegroup.com\/?s={search_term_string}\"},\"query-input\":{\"@type\":\"PropertyValueSpecification\",\"valueRequired\":true,\"valueName\":\"search_term_string\"}}],\"inLanguage\":\"en-US\"}]}<\/script>\n<!-- \/ Yoast SEO plugin. -->","yoast_head_json":{"title":"Sciences de la vie, sciences de l\u2019information - ISTE Group","description":"Sciences de la vie, sciences de l\u2019information\u00a0regroupe trente-trois communications originales du colloque du m\u00eame nom, organis\u00e9 dans le cadre du Centre Culturel International de Cerisy en 2016.","robots":{"index":"index","follow":"follow","max-snippet":"max-snippet:-1","max-image-preview":"max-image-preview:large","max-video-preview":"max-video-preview:-1"},"canonical":"https:\/\/www.istegroup.com\/en\/produit\/sciences-de-la-vie-sciences-de-linformation\/","og_locale":"en_US","og_type":"article","og_title":"Sciences de la vie, sciences de l\u2019information - ISTE Group","og_description":"Sciences de la vie, sciences de l\u2019information\u00a0regroupe trente-trois communications originales du colloque du m\u00eame nom, organis\u00e9 dans le cadre du Centre Culturel International de Cerisy en 2016.","og_url":"https:\/\/www.istegroup.com\/en\/produit\/sciences-de-la-vie-sciences-de-linformation\/","og_site_name":"ISTE Group","article_modified_time":"2024-01-03T13:41:51+00:00","og_image":[{"width":300,"height":450,"url":"https:\/\/www.istegroup.com\/wp-content\/uploads\/2018\/03\/Cerisey_Front.jpg","type":"image\/jpeg"}],"twitter_card":"summary_large_image","twitter_misc":{"Est. reading time":"1 minute"},"schema":{"@context":"https:\/\/schema.org","@graph":[{"@type":"WebPage","@id":"https:\/\/www.istegroup.com\/en\/produit\/sciences-de-la-vie-sciences-de-linformation\/","url":"https:\/\/www.istegroup.com\/en\/produit\/sciences-de-la-vie-sciences-de-linformation\/","name":"Sciences de la vie, sciences de l\u2019information - ISTE Group","isPartOf":{"@id":"https:\/\/www.istegroup.com\/#website"},"primaryImageOfPage":{"@id":"https:\/\/www.istegroup.com\/en\/produit\/sciences-de-la-vie-sciences-de-linformation\/#primaryimage"},"image":{"@id":"https:\/\/www.istegroup.com\/en\/produit\/sciences-de-la-vie-sciences-de-linformation\/#primaryimage"},"thumbnailUrl":"https:\/\/www.istegroup.com\/wp-content\/uploads\/2018\/03\/Cerisey_Front.jpg","datePublished":"2018-03-28T16:34:54+00:00","dateModified":"2024-01-03T13:41:51+00:00","description":"Sciences de la vie, sciences de l\u2019information\u00a0regroupe trente-trois communications originales du colloque du m\u00eame nom, organis\u00e9 dans le cadre du Centre Culturel International de Cerisy en 2016.","breadcrumb":{"@id":"https:\/\/www.istegroup.com\/en\/produit\/sciences-de-la-vie-sciences-de-linformation\/#breadcrumb"},"inLanguage":"en-US","potentialAction":[{"@type":"ReadAction","target":["https:\/\/www.istegroup.com\/en\/produit\/sciences-de-la-vie-sciences-de-linformation\/"]}]},{"@type":"ImageObject","inLanguage":"en-US","@id":"https:\/\/www.istegroup.com\/en\/produit\/sciences-de-la-vie-sciences-de-linformation\/#primaryimage","url":"https:\/\/www.istegroup.com\/wp-content\/uploads\/2018\/03\/Cerisey_Front.jpg","contentUrl":"https:\/\/www.istegroup.com\/wp-content\/uploads\/2018\/03\/Cerisey_Front.jpg","width":300,"height":450,"caption":"Colloque de Cerisy"},{"@type":"BreadcrumbList","@id":"https:\/\/www.istegroup.com\/en\/produit\/sciences-de-la-vie-sciences-de-linformation\/#breadcrumb","itemListElement":[{"@type":"ListItem","position":1,"name":"Home","item":"https:\/\/www.istegroup.com\/"},{"@type":"ListItem","position":2,"name":"Shop","item":"https:\/\/www.istegroup.com\/fr\/nouveautes\/"},{"@type":"ListItem","position":3,"name":"Sciences de la vie, sciences de l\u2019information"}]},{"@type":"WebSite","@id":"https:\/\/www.istegroup.com\/#website","url":"https:\/\/www.istegroup.com\/","name":"ISTE Group","description":"Publishing Knowledge","potentialAction":[{"@type":"SearchAction","target":{"@type":"EntryPoint","urlTemplate":"https:\/\/www.istegroup.com\/?s={search_term_string}"},"query-input":{"@type":"PropertyValueSpecification","valueRequired":true,"valueName":"search_term_string"}}],"inLanguage":"en-US"}]}},"_links":{"self":[{"href":"https:\/\/www.istegroup.com\/en\/wp-json\/wp\/v2\/product\/11759","targetHints":{"allow":["GET"]}}],"collection":[{"href":"https:\/\/www.istegroup.com\/en\/wp-json\/wp\/v2\/product"}],"about":[{"href":"https:\/\/www.istegroup.com\/en\/wp-json\/wp\/v2\/types\/product"}],"wp:featuredmedia":[{"embeddable":true,"href":"https:\/\/www.istegroup.com\/en\/wp-json\/wp\/v2\/media\/11767"}],"wp:attachment":[{"href":"https:\/\/www.istegroup.com\/en\/wp-json\/wp\/v2\/media?parent=11759"}],"wp:term":[{"taxonomy":"product_brand","embeddable":true,"href":"https:\/\/www.istegroup.com\/en\/wp-json\/wp\/v2\/product_brand?post=11759"},{"taxonomy":"product_cat","embeddable":true,"href":"https:\/\/www.istegroup.com\/en\/wp-json\/wp\/v2\/product_cat?post=11759"},{"taxonomy":"product_tag","embeddable":true,"href":"https:\/\/www.istegroup.com\/en\/wp-json\/wp\/v2\/product_tag?post=11759"}],"curies":[{"name":"wp","href":"https:\/\/api.w.org\/{rel}","templated":true}]}}