{"id":11754,"date":"2018-03-28T18:14:41","date_gmt":"2018-03-28T16:14:41","guid":{"rendered":"https:\/\/iste.yhello.co\/?post_type=product&#038;p=11754"},"modified":"2024-01-03T13:41:51","modified_gmt":"2024-01-03T13:41:51","slug":"schemas-numeriques-stables-pour-fluides-structures-et-leurs-interactions","status":"publish","type":"product","link":"https:\/\/www.istegroup.com\/en\/produit\/schemas-numeriques-stables-pour-fluides-structures-et-leurs-interactions\/","title":{"rendered":"Sch\u00e9mas num\u00e9riques stables pour fluides, structures et leurs interactions"},"content":{"rendered":"<p>Cet ouvrage examine des sch\u00e9mas num\u00e9riques stables pour fluides incompressibles, structures \u00e9lastiques lin\u00e9aires et non lin\u00e9aires, ainsi que pour l\u2019interaction fluide-structure. Il expose une s\u00e9lection de m\u00e9thodes fondamentales, mais aussi quelques nouvelles approches.<\/p>\n<p>Pour les fluides gouvern\u00e9s par les \u00e9quations de Stokes et de Navier-Stokes, cet ouvrage pr\u00e9sente la m\u00e9thode des \u00e9l\u00e9ments finis mixtes. Dans le cas o\u00f9 le domaine occup\u00e9 par le fluide est en mouvement, le formalisme ALE (<em>Arbitrary Lagrangian Eulerian<\/em>) est employ\u00e9. Des sch\u00e9mas sont analys\u00e9s pour les structures \u00e9lastiques lin\u00e9aires ou qui v\u00e9rifient le mod\u00e8le de Saint Venant- Kirchhoff. Pour l&#8217;interaction fluide-structure, l\u2019ouvrage expose d&#8217;abord un sch\u00e9ma implicite, puis un sch\u00e9ma semi-implicite o\u00f9 le domaine du fluide est calcul\u00e9 d&#8217;une mani\u00e8re explicite.<\/p>\n<p>L\u2019auteur donne la d\u00e9monstration d\u00e9taill\u00e9e de la stabilit\u00e9 pour chaque sch\u00e9ma pr\u00e9sent\u00e9. Chaque chapitre se termine par des tests num\u00e9riques qui confirment les r\u00e9sultats th\u00e9oriques. Cet ouvrage s\u2019adresse aux \u00e9tudiants en Master 2 math\u00e9matiques ainsi qu\u2019aux \u00e9l\u00e8ves des \u00e9coles d\u2019ing\u00e9nieurs.<\/p>\n","protected":false},"excerpt":{"rendered":"<p>Cet ouvrage examine des sch\u00e9mas num\u00e9riques stables pour fluides incompressibles, structures \u00e9lastiques lin\u00e9aires et non lin\u00e9aires, ainsi que pour l\u2019interaction fluide-structure. Il expose une s\u00e9lection de m\u00e9thodes fondamentales, mais aussi quelques nouvelles approches. Pour les fluides gouvern\u00e9s par les \u00e9quations de Stokes et de Navier-Stokes, cet ouvrage pr\u00e9sente la m\u00e9thode des \u00e9l\u00e9ments finis mixtes. Dans [&hellip;]<\/p>\n","protected":false},"featured_media":11758,"template":"","meta":{"_acf_changed":false,"_links_to":"","_links_to_target":""},"product_brand":[],"product_cat":[3262],"product_tag":[3525,18,19,20,21,22,25,26,27,154,28,29,3524,3523],"class_list":{"0":"post-11754","1":"product","2":"type-product","3":"status-publish","4":"has-post-thumbnail","6":"product_cat-non-classe","7":"product_tag-cornel-marius-murea","8":"product_tag-edition-scientifique","9":"product_tag-editions-francaise","10":"product_tag-editions-technique","11":"product_tag-iste-group","12":"product_tag-istegroup","13":"product_tag-livre-numerique","14":"product_tag-livre-scientifique-francais","15":"product_tag-livre-technique-francais","16":"product_tag-mecanique-des-fluides","17":"product_tag-ouvrage-scientifique-francais","18":"product_tag-ouvrage-technique","19":"product_tag-schemas-numeriques-stables-pour-fluides","20":"product_tag-structures-et-leurs-interactions","22":"first","23":"instock","24":"shipping-taxable","25":"purchasable","26":"product-type-variable"},"acf":[],"yoast_head":"<!-- This site is optimized with the Yoast SEO plugin v27.2 - https:\/\/yoast.com\/product\/yoast-seo-wordpress\/ -->\n<title>Sch\u00e9mas num\u00e9riques stables pour fluides, structures et leurs interactions - ISTE Group<\/title>\n<meta name=\"description\" content=\"Cet ouvrage examine des sch\u00e9mas num\u00e9riques stables pour fluides incompressibles, structures \u00e9lastiques lin\u00e9aires et non lin\u00e9aires, ainsi que pour l\u2019interaction fluide-structure.\" \/>\n<meta name=\"robots\" content=\"index, follow, max-snippet:-1, max-image-preview:large, max-video-preview:-1\" \/>\n<link rel=\"canonical\" href=\"https:\/\/www.istegroup.com\/fr\/produit\/schemas-numeriques-stables-pour-fluides-structures-et-leurs-interactions\/\" \/>\n<meta property=\"og:locale\" content=\"en_US\" \/>\n<meta property=\"og:type\" content=\"article\" \/>\n<meta property=\"og:title\" content=\"Sch\u00e9mas num\u00e9riques stables pour fluides, structures et leurs interactions - ISTE Group\" \/>\n<meta property=\"og:description\" content=\"Cet ouvrage examine des sch\u00e9mas num\u00e9riques stables pour fluides incompressibles, structures \u00e9lastiques lin\u00e9aires et non lin\u00e9aires, ainsi que pour l\u2019interaction fluide-structure.\" \/>\n<meta property=\"og:url\" content=\"https:\/\/www.istegroup.com\/fr\/produit\/schemas-numeriques-stables-pour-fluides-structures-et-leurs-interactions\/\" \/>\n<meta property=\"og:site_name\" content=\"ISTE Group\" \/>\n<meta property=\"article:modified_time\" content=\"2024-01-03T13:41:51+00:00\" \/>\n<meta property=\"og:image\" content=\"https:\/\/www.istegroup.com\/wp-content\/uploads\/2018\/03\/Murea-front-scaled.jpg\" \/>\n\t<meta property=\"og:image:width\" content=\"1707\" \/>\n\t<meta property=\"og:image:height\" content=\"2560\" \/>\n\t<meta property=\"og:image:type\" content=\"image\/jpeg\" \/>\n<meta name=\"twitter:card\" content=\"summary_large_image\" \/>\n<meta name=\"twitter:label1\" content=\"Est. reading time\" \/>\n\t<meta name=\"twitter:data1\" content=\"1 minute\" \/>\n<script type=\"application\/ld+json\" class=\"yoast-schema-graph\">{\"@context\":\"https:\/\/schema.org\",\"@graph\":[{\"@type\":\"WebPage\",\"@id\":\"https:\/\/www.istegroup.com\/fr\/produit\/schemas-numeriques-stables-pour-fluides-structures-et-leurs-interactions\/\",\"url\":\"https:\/\/www.istegroup.com\/fr\/produit\/schemas-numeriques-stables-pour-fluides-structures-et-leurs-interactions\/\",\"name\":\"Sch\u00e9mas num\u00e9riques stables pour fluides, structures et leurs interactions - ISTE Group\",\"isPartOf\":{\"@id\":\"https:\/\/www.istegroup.com\/#website\"},\"primaryImageOfPage\":{\"@id\":\"https:\/\/www.istegroup.com\/fr\/produit\/schemas-numeriques-stables-pour-fluides-structures-et-leurs-interactions\/#primaryimage\"},\"image\":{\"@id\":\"https:\/\/www.istegroup.com\/fr\/produit\/schemas-numeriques-stables-pour-fluides-structures-et-leurs-interactions\/#primaryimage\"},\"thumbnailUrl\":\"https:\/\/www.istegroup.com\/wp-content\/uploads\/2018\/03\/Murea-front-scaled.jpg\",\"datePublished\":\"2018-03-28T16:14:41+00:00\",\"dateModified\":\"2024-01-03T13:41:51+00:00\",\"description\":\"Cet ouvrage examine des sch\u00e9mas num\u00e9riques stables pour fluides incompressibles, structures \u00e9lastiques lin\u00e9aires et non lin\u00e9aires, ainsi que pour l\u2019interaction fluide-structure.\",\"breadcrumb\":{\"@id\":\"https:\/\/www.istegroup.com\/fr\/produit\/schemas-numeriques-stables-pour-fluides-structures-et-leurs-interactions\/#breadcrumb\"},\"inLanguage\":\"en-US\",\"potentialAction\":[{\"@type\":\"ReadAction\",\"target\":[\"https:\/\/www.istegroup.com\/fr\/produit\/schemas-numeriques-stables-pour-fluides-structures-et-leurs-interactions\/\"]}]},{\"@type\":\"ImageObject\",\"inLanguage\":\"en-US\",\"@id\":\"https:\/\/www.istegroup.com\/fr\/produit\/schemas-numeriques-stables-pour-fluides-structures-et-leurs-interactions\/#primaryimage\",\"url\":\"https:\/\/www.istegroup.com\/wp-content\/uploads\/2018\/03\/Murea-front-scaled.jpg\",\"contentUrl\":\"https:\/\/www.istegroup.com\/wp-content\/uploads\/2018\/03\/Murea-front-scaled.jpg\",\"width\":1707,\"height\":2560,\"caption\":\"Sch\u00e9mas num\u00e9riques stables pour fluides, structures et leurs interactions iste group\"},{\"@type\":\"BreadcrumbList\",\"@id\":\"https:\/\/www.istegroup.com\/fr\/produit\/schemas-numeriques-stables-pour-fluides-structures-et-leurs-interactions\/#breadcrumb\",\"itemListElement\":[{\"@type\":\"ListItem\",\"position\":1,\"name\":\"Home\",\"item\":\"https:\/\/www.istegroup.com\/\"},{\"@type\":\"ListItem\",\"position\":2,\"name\":\"Shop\",\"item\":\"https:\/\/www.istegroup.com\/fr\/nouveautes\/\"},{\"@type\":\"ListItem\",\"position\":3,\"name\":\"Sch\u00e9mas num\u00e9riques stables pour fluides, structures et leurs interactions\"}]},{\"@type\":\"WebSite\",\"@id\":\"https:\/\/www.istegroup.com\/#website\",\"url\":\"https:\/\/www.istegroup.com\/\",\"name\":\"ISTE Group\",\"description\":\"Publishing Knowledge\",\"potentialAction\":[{\"@type\":\"SearchAction\",\"target\":{\"@type\":\"EntryPoint\",\"urlTemplate\":\"https:\/\/www.istegroup.com\/?s={search_term_string}\"},\"query-input\":{\"@type\":\"PropertyValueSpecification\",\"valueRequired\":true,\"valueName\":\"search_term_string\"}}],\"inLanguage\":\"en-US\"}]}<\/script>\n<!-- \/ Yoast SEO plugin. -->","yoast_head_json":{"title":"Sch\u00e9mas num\u00e9riques stables pour fluides, structures et leurs interactions - ISTE Group","description":"Cet ouvrage examine des sch\u00e9mas num\u00e9riques stables pour fluides incompressibles, structures \u00e9lastiques lin\u00e9aires et non lin\u00e9aires, ainsi que pour l\u2019interaction fluide-structure.","robots":{"index":"index","follow":"follow","max-snippet":"max-snippet:-1","max-image-preview":"max-image-preview:large","max-video-preview":"max-video-preview:-1"},"canonical":"https:\/\/www.istegroup.com\/fr\/produit\/schemas-numeriques-stables-pour-fluides-structures-et-leurs-interactions\/","og_locale":"en_US","og_type":"article","og_title":"Sch\u00e9mas num\u00e9riques stables pour fluides, structures et leurs interactions - ISTE Group","og_description":"Cet ouvrage examine des sch\u00e9mas num\u00e9riques stables pour fluides incompressibles, structures \u00e9lastiques lin\u00e9aires et non lin\u00e9aires, ainsi que pour l\u2019interaction fluide-structure.","og_url":"https:\/\/www.istegroup.com\/fr\/produit\/schemas-numeriques-stables-pour-fluides-structures-et-leurs-interactions\/","og_site_name":"ISTE Group","article_modified_time":"2024-01-03T13:41:51+00:00","og_image":[{"width":1707,"height":2560,"url":"https:\/\/www.istegroup.com\/wp-content\/uploads\/2018\/03\/Murea-front-scaled.jpg","type":"image\/jpeg"}],"twitter_card":"summary_large_image","twitter_misc":{"Est. reading time":"1 minute"},"schema":{"@context":"https:\/\/schema.org","@graph":[{"@type":"WebPage","@id":"https:\/\/www.istegroup.com\/fr\/produit\/schemas-numeriques-stables-pour-fluides-structures-et-leurs-interactions\/","url":"https:\/\/www.istegroup.com\/fr\/produit\/schemas-numeriques-stables-pour-fluides-structures-et-leurs-interactions\/","name":"Sch\u00e9mas num\u00e9riques stables pour fluides, structures et leurs interactions - ISTE Group","isPartOf":{"@id":"https:\/\/www.istegroup.com\/#website"},"primaryImageOfPage":{"@id":"https:\/\/www.istegroup.com\/fr\/produit\/schemas-numeriques-stables-pour-fluides-structures-et-leurs-interactions\/#primaryimage"},"image":{"@id":"https:\/\/www.istegroup.com\/fr\/produit\/schemas-numeriques-stables-pour-fluides-structures-et-leurs-interactions\/#primaryimage"},"thumbnailUrl":"https:\/\/www.istegroup.com\/wp-content\/uploads\/2018\/03\/Murea-front-scaled.jpg","datePublished":"2018-03-28T16:14:41+00:00","dateModified":"2024-01-03T13:41:51+00:00","description":"Cet ouvrage examine des sch\u00e9mas num\u00e9riques stables pour fluides incompressibles, structures \u00e9lastiques lin\u00e9aires et non lin\u00e9aires, ainsi que pour l\u2019interaction fluide-structure.","breadcrumb":{"@id":"https:\/\/www.istegroup.com\/fr\/produit\/schemas-numeriques-stables-pour-fluides-structures-et-leurs-interactions\/#breadcrumb"},"inLanguage":"en-US","potentialAction":[{"@type":"ReadAction","target":["https:\/\/www.istegroup.com\/fr\/produit\/schemas-numeriques-stables-pour-fluides-structures-et-leurs-interactions\/"]}]},{"@type":"ImageObject","inLanguage":"en-US","@id":"https:\/\/www.istegroup.com\/fr\/produit\/schemas-numeriques-stables-pour-fluides-structures-et-leurs-interactions\/#primaryimage","url":"https:\/\/www.istegroup.com\/wp-content\/uploads\/2018\/03\/Murea-front-scaled.jpg","contentUrl":"https:\/\/www.istegroup.com\/wp-content\/uploads\/2018\/03\/Murea-front-scaled.jpg","width":1707,"height":2560,"caption":"Sch\u00e9mas num\u00e9riques stables pour fluides, structures et leurs interactions iste group"},{"@type":"BreadcrumbList","@id":"https:\/\/www.istegroup.com\/fr\/produit\/schemas-numeriques-stables-pour-fluides-structures-et-leurs-interactions\/#breadcrumb","itemListElement":[{"@type":"ListItem","position":1,"name":"Home","item":"https:\/\/www.istegroup.com\/"},{"@type":"ListItem","position":2,"name":"Shop","item":"https:\/\/www.istegroup.com\/fr\/nouveautes\/"},{"@type":"ListItem","position":3,"name":"Sch\u00e9mas num\u00e9riques stables pour fluides, structures et leurs interactions"}]},{"@type":"WebSite","@id":"https:\/\/www.istegroup.com\/#website","url":"https:\/\/www.istegroup.com\/","name":"ISTE Group","description":"Publishing Knowledge","potentialAction":[{"@type":"SearchAction","target":{"@type":"EntryPoint","urlTemplate":"https:\/\/www.istegroup.com\/?s={search_term_string}"},"query-input":{"@type":"PropertyValueSpecification","valueRequired":true,"valueName":"search_term_string"}}],"inLanguage":"en-US"}]}},"_links":{"self":[{"href":"https:\/\/www.istegroup.com\/en\/wp-json\/wp\/v2\/product\/11754","targetHints":{"allow":["GET"]}}],"collection":[{"href":"https:\/\/www.istegroup.com\/en\/wp-json\/wp\/v2\/product"}],"about":[{"href":"https:\/\/www.istegroup.com\/en\/wp-json\/wp\/v2\/types\/product"}],"wp:featuredmedia":[{"embeddable":true,"href":"https:\/\/www.istegroup.com\/en\/wp-json\/wp\/v2\/media\/11758"}],"wp:attachment":[{"href":"https:\/\/www.istegroup.com\/en\/wp-json\/wp\/v2\/media?parent=11754"}],"wp:term":[{"taxonomy":"product_brand","embeddable":true,"href":"https:\/\/www.istegroup.com\/en\/wp-json\/wp\/v2\/product_brand?post=11754"},{"taxonomy":"product_cat","embeddable":true,"href":"https:\/\/www.istegroup.com\/en\/wp-json\/wp\/v2\/product_cat?post=11754"},{"taxonomy":"product_tag","embeddable":true,"href":"https:\/\/www.istegroup.com\/en\/wp-json\/wp\/v2\/product_tag?post=11754"}],"curies":[{"name":"wp","href":"https:\/\/api.w.org\/{rel}","templated":true}]}}