{"id":11749,"date":"2018-03-28T18:10:10","date_gmt":"2018-03-28T16:10:10","guid":{"rendered":"https:\/\/iste.yhello.co\/?post_type=product&#038;p=11749"},"modified":"2024-01-03T13:41:51","modified_gmt":"2024-01-03T13:41:51","slug":"regulation-predictive","status":"publish","type":"product","link":"https:\/\/www.istegroup.com\/en\/produit\/regulation-predictive\/","title":{"rendered":"R\u00e9gulation pr\u00e9dictive"},"content":{"rendered":"<p>V\u00e9ritable guide pratique, cet ouvrage offre un r\u00e9gulateur pr\u00e9dictif simple r\u00e9pondant \u00e0 un grand nombre d\u2019applications industrielles, o\u00f9 les lois de commande sont donn\u00e9es en clair, ne n\u00e9cessitant aucun calcul.<\/p>\n<p>Le r\u00e9glage pr\u00e9sent\u00e9, r\u00e9duit \u00e0 un ou deux param\u00e8tres, est particuli\u00e8rement ais\u00e9, par le biais d&#8217;abaques permettant \u00e0 l&#8217;op\u00e9rateur de choisir l&#8217;horizon en fonction des performances d\u00e9sir\u00e9es. La mise en oeuvre est abord\u00e9e dans le d\u00e9tail sous deux formes : r\u00e9gulateurs RS ou RST en z-1, et algorithmes de r\u00e9alisation en pseudo-code pour un programme complet (mod\u00e8le et r\u00e9gulateur).<\/p>\n<p><em>R\u00e9gulation pr\u00e9dictive<\/em>\u00a0se veut simple et pratique dans le but d&#8217;une mise en oeuvre industrielle sur de nombreux proc\u00e9d\u00e9s : mod\u00e8les de Bro\u00efda, Strejc, int\u00e9grateurs, int\u00e9grateurs doubles, avec retard, ou avec r\u00e9ponse inverse. Tous les r\u00e9glages sont abondamment illustr\u00e9s par des courbes de r\u00e9ponse.<\/p>\n","protected":false},"excerpt":{"rendered":"<p>V\u00e9ritable guide pratique, cet ouvrage offre un r\u00e9gulateur pr\u00e9dictif simple r\u00e9pondant \u00e0 un grand nombre d\u2019applications industrielles, o\u00f9 les lois de commande sont donn\u00e9es en clair, ne n\u00e9cessitant aucun calcul. Le r\u00e9glage pr\u00e9sent\u00e9, r\u00e9duit \u00e0 un ou deux param\u00e8tres, est particuli\u00e8rement ais\u00e9, par le biais d&#8217;abaques permettant \u00e0 l&#8217;op\u00e9rateur de choisir l&#8217;horizon en fonction des [&hellip;]<\/p>\n","protected":false},"featured_media":11753,"template":"","meta":{"_acf_changed":false,"_links_to":"","_links_to_target":""},"product_brand":[],"product_cat":[3262],"product_tag":[3530,3529,18,19,20,21,22,25,26,27,28,3528,3527,3526,3411],"class_list":{"0":"post-11749","1":"product","2":"type-product","3":"status-publish","4":"has-post-thumbnail","6":"product_cat-non-classe","7":"product_tag-algorithmes","8":"product_tag-daniel-lequesne","9":"product_tag-edition-scientifique","10":"product_tag-editions-francaise","11":"product_tag-editions-technique","12":"product_tag-iste-group","13":"product_tag-istegroup","14":"product_tag-livre-numerique","15":"product_tag-livre-scientifique-francais","16":"product_tag-livre-technique-francais","17":"product_tag-ouvrage-scientifique-francais","18":"product_tag-regulateurs-rs","19":"product_tag-regulateurs-rst-en-z-1","20":"product_tag-regulation-predictive","21":"product_tag-systemes-et-genie-industriel","23":"first","24":"instock","25":"shipping-taxable","26":"purchasable","27":"product-type-variable"},"acf":[],"yoast_head":"<!-- This site is optimized with the Yoast SEO plugin v27.2 - https:\/\/yoast.com\/product\/yoast-seo-wordpress\/ -->\n<title>R\u00e9gulation pr\u00e9dictive - ISTE Group<\/title>\n<meta name=\"description\" content=\"V\u00e9ritable guide pratique, cet ouvrage offre un r\u00e9gulateur pr\u00e9dictif simple r\u00e9pondant \u00e0 un grand nombre d\u2019applications industrielles, o\u00f9 les lois de commande sont donn\u00e9es en clair, ne n\u00e9cessitant aucun calcul.\" \/>\n<meta name=\"robots\" content=\"index, follow, max-snippet:-1, max-image-preview:large, max-video-preview:-1\" \/>\n<link rel=\"canonical\" href=\"https:\/\/www.istegroup.com\/fr\/produit\/regulation-predictive\/\" \/>\n<meta property=\"og:locale\" content=\"en_US\" \/>\n<meta property=\"og:type\" content=\"article\" \/>\n<meta property=\"og:title\" content=\"R\u00e9gulation pr\u00e9dictive - ISTE Group\" \/>\n<meta property=\"og:description\" content=\"V\u00e9ritable guide pratique, cet ouvrage offre un r\u00e9gulateur pr\u00e9dictif simple r\u00e9pondant \u00e0 un grand nombre d\u2019applications industrielles, o\u00f9 les lois de commande sont donn\u00e9es en clair, ne n\u00e9cessitant aucun calcul.\" \/>\n<meta property=\"og:url\" content=\"https:\/\/www.istegroup.com\/fr\/produit\/regulation-predictive\/\" \/>\n<meta property=\"og:site_name\" content=\"ISTE Group\" \/>\n<meta property=\"article:modified_time\" content=\"2024-01-03T13:41:51+00:00\" \/>\n<meta property=\"og:image\" content=\"https:\/\/www.istegroup.com\/wp-content\/uploads\/2018\/03\/Lequesne-Cover_Front-scaled.jpg\" \/>\n\t<meta property=\"og:image:width\" content=\"1652\" \/>\n\t<meta property=\"og:image:height\" content=\"2560\" \/>\n\t<meta property=\"og:image:type\" content=\"image\/jpeg\" \/>\n<meta name=\"twitter:card\" content=\"summary_large_image\" \/>\n<meta name=\"twitter:label1\" content=\"Est. reading time\" \/>\n\t<meta name=\"twitter:data1\" content=\"1 minute\" \/>\n<script type=\"application\/ld+json\" class=\"yoast-schema-graph\">{\"@context\":\"https:\/\/schema.org\",\"@graph\":[{\"@type\":\"WebPage\",\"@id\":\"https:\/\/www.istegroup.com\/fr\/produit\/regulation-predictive\/\",\"url\":\"https:\/\/www.istegroup.com\/fr\/produit\/regulation-predictive\/\",\"name\":\"R\u00e9gulation pr\u00e9dictive - ISTE Group\",\"isPartOf\":{\"@id\":\"https:\/\/www.istegroup.com\/#website\"},\"primaryImageOfPage\":{\"@id\":\"https:\/\/www.istegroup.com\/fr\/produit\/regulation-predictive\/#primaryimage\"},\"image\":{\"@id\":\"https:\/\/www.istegroup.com\/fr\/produit\/regulation-predictive\/#primaryimage\"},\"thumbnailUrl\":\"https:\/\/www.istegroup.com\/wp-content\/uploads\/2018\/03\/Lequesne-Cover_Front-scaled.jpg\",\"datePublished\":\"2018-03-28T16:10:10+00:00\",\"dateModified\":\"2024-01-03T13:41:51+00:00\",\"description\":\"V\u00e9ritable guide pratique, cet ouvrage offre un r\u00e9gulateur pr\u00e9dictif simple r\u00e9pondant \u00e0 un grand nombre d\u2019applications industrielles, o\u00f9 les lois de commande sont donn\u00e9es en clair, ne n\u00e9cessitant aucun calcul.\",\"breadcrumb\":{\"@id\":\"https:\/\/www.istegroup.com\/fr\/produit\/regulation-predictive\/#breadcrumb\"},\"inLanguage\":\"en-US\",\"potentialAction\":[{\"@type\":\"ReadAction\",\"target\":[\"https:\/\/www.istegroup.com\/fr\/produit\/regulation-predictive\/\"]}]},{\"@type\":\"ImageObject\",\"inLanguage\":\"en-US\",\"@id\":\"https:\/\/www.istegroup.com\/fr\/produit\/regulation-predictive\/#primaryimage\",\"url\":\"https:\/\/www.istegroup.com\/wp-content\/uploads\/2018\/03\/Lequesne-Cover_Front-scaled.jpg\",\"contentUrl\":\"https:\/\/www.istegroup.com\/wp-content\/uploads\/2018\/03\/Lequesne-Cover_Front-scaled.jpg\",\"width\":1652,\"height\":2560,\"caption\":\"R\u00e9gulation pr\u00e9dictive iste group\"},{\"@type\":\"BreadcrumbList\",\"@id\":\"https:\/\/www.istegroup.com\/fr\/produit\/regulation-predictive\/#breadcrumb\",\"itemListElement\":[{\"@type\":\"ListItem\",\"position\":1,\"name\":\"Home\",\"item\":\"https:\/\/www.istegroup.com\/\"},{\"@type\":\"ListItem\",\"position\":2,\"name\":\"Shop\",\"item\":\"https:\/\/www.istegroup.com\/fr\/nouveautes\/\"},{\"@type\":\"ListItem\",\"position\":3,\"name\":\"R\u00e9gulation pr\u00e9dictive\"}]},{\"@type\":\"WebSite\",\"@id\":\"https:\/\/www.istegroup.com\/#website\",\"url\":\"https:\/\/www.istegroup.com\/\",\"name\":\"ISTE Group\",\"description\":\"Publishing Knowledge\",\"potentialAction\":[{\"@type\":\"SearchAction\",\"target\":{\"@type\":\"EntryPoint\",\"urlTemplate\":\"https:\/\/www.istegroup.com\/?s={search_term_string}\"},\"query-input\":{\"@type\":\"PropertyValueSpecification\",\"valueRequired\":true,\"valueName\":\"search_term_string\"}}],\"inLanguage\":\"en-US\"}]}<\/script>\n<!-- \/ Yoast SEO plugin. -->","yoast_head_json":{"title":"R\u00e9gulation pr\u00e9dictive - ISTE Group","description":"V\u00e9ritable guide pratique, cet ouvrage offre un r\u00e9gulateur pr\u00e9dictif simple r\u00e9pondant \u00e0 un grand nombre d\u2019applications industrielles, o\u00f9 les lois de commande sont donn\u00e9es en clair, ne n\u00e9cessitant aucun calcul.","robots":{"index":"index","follow":"follow","max-snippet":"max-snippet:-1","max-image-preview":"max-image-preview:large","max-video-preview":"max-video-preview:-1"},"canonical":"https:\/\/www.istegroup.com\/fr\/produit\/regulation-predictive\/","og_locale":"en_US","og_type":"article","og_title":"R\u00e9gulation pr\u00e9dictive - ISTE Group","og_description":"V\u00e9ritable guide pratique, cet ouvrage offre un r\u00e9gulateur pr\u00e9dictif simple r\u00e9pondant \u00e0 un grand nombre d\u2019applications industrielles, o\u00f9 les lois de commande sont donn\u00e9es en clair, ne n\u00e9cessitant aucun calcul.","og_url":"https:\/\/www.istegroup.com\/fr\/produit\/regulation-predictive\/","og_site_name":"ISTE Group","article_modified_time":"2024-01-03T13:41:51+00:00","og_image":[{"width":1652,"height":2560,"url":"https:\/\/www.istegroup.com\/wp-content\/uploads\/2018\/03\/Lequesne-Cover_Front-scaled.jpg","type":"image\/jpeg"}],"twitter_card":"summary_large_image","twitter_misc":{"Est. reading time":"1 minute"},"schema":{"@context":"https:\/\/schema.org","@graph":[{"@type":"WebPage","@id":"https:\/\/www.istegroup.com\/fr\/produit\/regulation-predictive\/","url":"https:\/\/www.istegroup.com\/fr\/produit\/regulation-predictive\/","name":"R\u00e9gulation pr\u00e9dictive - ISTE Group","isPartOf":{"@id":"https:\/\/www.istegroup.com\/#website"},"primaryImageOfPage":{"@id":"https:\/\/www.istegroup.com\/fr\/produit\/regulation-predictive\/#primaryimage"},"image":{"@id":"https:\/\/www.istegroup.com\/fr\/produit\/regulation-predictive\/#primaryimage"},"thumbnailUrl":"https:\/\/www.istegroup.com\/wp-content\/uploads\/2018\/03\/Lequesne-Cover_Front-scaled.jpg","datePublished":"2018-03-28T16:10:10+00:00","dateModified":"2024-01-03T13:41:51+00:00","description":"V\u00e9ritable guide pratique, cet ouvrage offre un r\u00e9gulateur pr\u00e9dictif simple r\u00e9pondant \u00e0 un grand nombre d\u2019applications industrielles, o\u00f9 les lois de commande sont donn\u00e9es en clair, ne n\u00e9cessitant aucun calcul.","breadcrumb":{"@id":"https:\/\/www.istegroup.com\/fr\/produit\/regulation-predictive\/#breadcrumb"},"inLanguage":"en-US","potentialAction":[{"@type":"ReadAction","target":["https:\/\/www.istegroup.com\/fr\/produit\/regulation-predictive\/"]}]},{"@type":"ImageObject","inLanguage":"en-US","@id":"https:\/\/www.istegroup.com\/fr\/produit\/regulation-predictive\/#primaryimage","url":"https:\/\/www.istegroup.com\/wp-content\/uploads\/2018\/03\/Lequesne-Cover_Front-scaled.jpg","contentUrl":"https:\/\/www.istegroup.com\/wp-content\/uploads\/2018\/03\/Lequesne-Cover_Front-scaled.jpg","width":1652,"height":2560,"caption":"R\u00e9gulation pr\u00e9dictive iste group"},{"@type":"BreadcrumbList","@id":"https:\/\/www.istegroup.com\/fr\/produit\/regulation-predictive\/#breadcrumb","itemListElement":[{"@type":"ListItem","position":1,"name":"Home","item":"https:\/\/www.istegroup.com\/"},{"@type":"ListItem","position":2,"name":"Shop","item":"https:\/\/www.istegroup.com\/fr\/nouveautes\/"},{"@type":"ListItem","position":3,"name":"R\u00e9gulation pr\u00e9dictive"}]},{"@type":"WebSite","@id":"https:\/\/www.istegroup.com\/#website","url":"https:\/\/www.istegroup.com\/","name":"ISTE Group","description":"Publishing Knowledge","potentialAction":[{"@type":"SearchAction","target":{"@type":"EntryPoint","urlTemplate":"https:\/\/www.istegroup.com\/?s={search_term_string}"},"query-input":{"@type":"PropertyValueSpecification","valueRequired":true,"valueName":"search_term_string"}}],"inLanguage":"en-US"}]}},"_links":{"self":[{"href":"https:\/\/www.istegroup.com\/en\/wp-json\/wp\/v2\/product\/11749","targetHints":{"allow":["GET"]}}],"collection":[{"href":"https:\/\/www.istegroup.com\/en\/wp-json\/wp\/v2\/product"}],"about":[{"href":"https:\/\/www.istegroup.com\/en\/wp-json\/wp\/v2\/types\/product"}],"wp:featuredmedia":[{"embeddable":true,"href":"https:\/\/www.istegroup.com\/en\/wp-json\/wp\/v2\/media\/11753"}],"wp:attachment":[{"href":"https:\/\/www.istegroup.com\/en\/wp-json\/wp\/v2\/media?parent=11749"}],"wp:term":[{"taxonomy":"product_brand","embeddable":true,"href":"https:\/\/www.istegroup.com\/en\/wp-json\/wp\/v2\/product_brand?post=11749"},{"taxonomy":"product_cat","embeddable":true,"href":"https:\/\/www.istegroup.com\/en\/wp-json\/wp\/v2\/product_cat?post=11749"},{"taxonomy":"product_tag","embeddable":true,"href":"https:\/\/www.istegroup.com\/en\/wp-json\/wp\/v2\/product_tag?post=11749"}],"curies":[{"name":"wp","href":"https:\/\/api.w.org\/{rel}","templated":true}]}}