{"id":11744,"date":"2018-03-28T18:04:25","date_gmt":"2018-03-28T16:04:25","guid":{"rendered":"https:\/\/iste.yhello.co\/?post_type=product&#038;p=11744"},"modified":"2024-01-03T13:41:50","modified_gmt":"2024-01-03T13:41:50","slug":"rayons-x-et-matiere-5","status":"publish","type":"product","link":"https:\/\/www.istegroup.com\/en\/produit\/rayons-x-et-matiere-5\/","title":{"rendered":"Rayons X et Mati\u00e8re 5"},"content":{"rendered":"<p>P\u00e9dagogique, la s\u00e9rie\u00a0<em>Rayons X et Mati\u00e8re<\/em>\u00a0offre une synth\u00e8se de r\u00e9f\u00e9rence des diff\u00e9rents aspects de l\u2019interaction entre le rayonnement X et la mati\u00e8re, qu\u2019il s\u2019agisse de d\u00e9veloppements instrumentaux, d\u2019approches m\u00e9thodologiques ou d\u2019applications de l\u2019\u00e9tude de cette interaction \u00e0 un champ scientifique sp\u00e9cifique.<\/p>\n<p>Ce cinqui\u00e8me volume pr\u00e9sente des consid\u00e9rations de principe d\u00e9crivant la diffusion des rayons X et s\u2019\u00e9tend jusqu\u2019\u00e0 des applications particuli\u00e8res en passant par la description de certaines m\u00e9thodes exp\u00e9rimentales sp\u00e9cifiques.<\/p>\n<p>Les chapitres, r\u00e9dig\u00e9s par des auteurs reconnus, correspondent \u00e0 des conf\u00e9rences invit\u00e9es qui ont \u00e9t\u00e9 pr\u00e9sent\u00e9es lors du colloque\u00a0<em>Rayons X et mati\u00e8re \u2013 RX2013.<\/em><\/p>\n","protected":false},"excerpt":{"rendered":"<p>P\u00e9dagogique, la s\u00e9rie\u00a0Rayons X et Mati\u00e8re\u00a0offre une synth\u00e8se de r\u00e9f\u00e9rence des diff\u00e9rents aspects de l\u2019interaction entre le rayonnement X et la mati\u00e8re, qu\u2019il s\u2019agisse de d\u00e9veloppements instrumentaux, d\u2019approches m\u00e9thodologiques ou d\u2019applications de l\u2019\u00e9tude de cette interaction \u00e0 un champ scientifique sp\u00e9cifique. Ce cinqui\u00e8me volume pr\u00e9sente des consid\u00e9rations de principe d\u00e9crivant la diffusion des rayons X [&hellip;]<\/p>\n","protected":false},"featured_media":11748,"template":"","meta":{"_acf_changed":false,"_links_to":"","_links_to_target":""},"product_brand":[],"product_cat":[3262],"product_tag":[18,19,20,21,22,25,26,27,452,38,28,2183,3533,3532,2188,3531,2190],"class_list":{"0":"post-11744","1":"product","2":"type-product","3":"status-publish","4":"has-post-thumbnail","6":"product_cat-non-classe","7":"product_tag-edition-scientifique","8":"product_tag-editions-francaise","9":"product_tag-editions-technique","10":"product_tag-iste-group","11":"product_tag-istegroup","12":"product_tag-livre-numerique","13":"product_tag-livre-scientifique-francais","14":"product_tag-livre-technique-francais","15":"product_tag-matiere","16":"product_tag-ouvrage-numerique","17":"product_tag-ouvrage-scientifique-francais","18":"product_tag-philippe-goudeau","19":"product_tag-rayonnement-x","20":"product_tag-rayons-x-et-matiere-5","21":"product_tag-rene-guinebretiere","22":"product_tag-rx-2013","23":"product_tag-science-des-materiaux","25":"first","26":"instock","27":"shipping-taxable","28":"purchasable","29":"product-type-variable"},"acf":[],"yoast_head":"<!-- This site is optimized with the Yoast SEO plugin v27.2 - https:\/\/yoast.com\/product\/yoast-seo-wordpress\/ -->\n<title>Rayons X et Mati\u00e8re 5 - ISTE Group<\/title>\n<meta name=\"description\" content=\"Cet ouvrage pr\u00e9sente des consid\u00e9rations de principe d\u00e9crivant la diffusion des rayons X et s\u2019\u00e9tend jusqu\u2019\u00e0 des applications particuli\u00e8res en passant par la description de certaines m\u00e9thodes exp\u00e9rimentales sp\u00e9cifiques.\" \/>\n<meta name=\"robots\" content=\"index, follow, max-snippet:-1, max-image-preview:large, max-video-preview:-1\" \/>\n<link rel=\"canonical\" href=\"https:\/\/www.istegroup.com\/fr\/produit\/rayons-x-et-matiere-5\/\" \/>\n<meta property=\"og:locale\" content=\"en_US\" \/>\n<meta property=\"og:type\" content=\"article\" \/>\n<meta property=\"og:title\" content=\"Rayons X et Mati\u00e8re 5 - ISTE Group\" \/>\n<meta property=\"og:description\" content=\"Cet ouvrage pr\u00e9sente des consid\u00e9rations de principe d\u00e9crivant la diffusion des rayons X et s\u2019\u00e9tend jusqu\u2019\u00e0 des applications particuli\u00e8res en passant par la description de certaines m\u00e9thodes exp\u00e9rimentales sp\u00e9cifiques.\" \/>\n<meta property=\"og:url\" content=\"https:\/\/www.istegroup.com\/fr\/produit\/rayons-x-et-matiere-5\/\" \/>\n<meta property=\"og:site_name\" content=\"ISTE Group\" \/>\n<meta property=\"article:modified_time\" content=\"2024-01-03T13:41:50+00:00\" \/>\n<meta property=\"og:image\" content=\"https:\/\/www.istegroup.com\/wp-content\/uploads\/2018\/03\/Goudeau_Front.jpg\" \/>\n\t<meta property=\"og:image:width\" content=\"300\" \/>\n\t<meta property=\"og:image:height\" content=\"453\" \/>\n\t<meta property=\"og:image:type\" content=\"image\/jpeg\" \/>\n<meta name=\"twitter:card\" content=\"summary_large_image\" \/>\n<meta name=\"twitter:label1\" content=\"Est. reading time\" \/>\n\t<meta name=\"twitter:data1\" content=\"1 minute\" \/>\n<script type=\"application\/ld+json\" class=\"yoast-schema-graph\">{\"@context\":\"https:\/\/schema.org\",\"@graph\":[{\"@type\":\"WebPage\",\"@id\":\"https:\/\/www.istegroup.com\/fr\/produit\/rayons-x-et-matiere-5\/\",\"url\":\"https:\/\/www.istegroup.com\/fr\/produit\/rayons-x-et-matiere-5\/\",\"name\":\"Rayons X et Mati\u00e8re 5 - ISTE Group\",\"isPartOf\":{\"@id\":\"https:\/\/www.istegroup.com\/#website\"},\"primaryImageOfPage\":{\"@id\":\"https:\/\/www.istegroup.com\/fr\/produit\/rayons-x-et-matiere-5\/#primaryimage\"},\"image\":{\"@id\":\"https:\/\/www.istegroup.com\/fr\/produit\/rayons-x-et-matiere-5\/#primaryimage\"},\"thumbnailUrl\":\"https:\/\/www.istegroup.com\/wp-content\/uploads\/2018\/03\/Goudeau_Front.jpg\",\"datePublished\":\"2018-03-28T16:04:25+00:00\",\"dateModified\":\"2024-01-03T13:41:50+00:00\",\"description\":\"Cet ouvrage pr\u00e9sente des consid\u00e9rations de principe d\u00e9crivant la diffusion des rayons X et s\u2019\u00e9tend jusqu\u2019\u00e0 des applications particuli\u00e8res en passant par la description de certaines m\u00e9thodes exp\u00e9rimentales sp\u00e9cifiques.\",\"breadcrumb\":{\"@id\":\"https:\/\/www.istegroup.com\/fr\/produit\/rayons-x-et-matiere-5\/#breadcrumb\"},\"inLanguage\":\"en-US\",\"potentialAction\":[{\"@type\":\"ReadAction\",\"target\":[\"https:\/\/www.istegroup.com\/fr\/produit\/rayons-x-et-matiere-5\/\"]}]},{\"@type\":\"ImageObject\",\"inLanguage\":\"en-US\",\"@id\":\"https:\/\/www.istegroup.com\/fr\/produit\/rayons-x-et-matiere-5\/#primaryimage\",\"url\":\"https:\/\/www.istegroup.com\/wp-content\/uploads\/2018\/03\/Goudeau_Front.jpg\",\"contentUrl\":\"https:\/\/www.istegroup.com\/wp-content\/uploads\/2018\/03\/Goudeau_Front.jpg\",\"width\":300,\"height\":453,\"caption\":\"RX 2013\"},{\"@type\":\"BreadcrumbList\",\"@id\":\"https:\/\/www.istegroup.com\/fr\/produit\/rayons-x-et-matiere-5\/#breadcrumb\",\"itemListElement\":[{\"@type\":\"ListItem\",\"position\":1,\"name\":\"Home\",\"item\":\"https:\/\/www.istegroup.com\/\"},{\"@type\":\"ListItem\",\"position\":2,\"name\":\"Shop\",\"item\":\"https:\/\/www.istegroup.com\/fr\/nouveautes\/\"},{\"@type\":\"ListItem\",\"position\":3,\"name\":\"Rayons X et Mati\u00e8re 5\"}]},{\"@type\":\"WebSite\",\"@id\":\"https:\/\/www.istegroup.com\/#website\",\"url\":\"https:\/\/www.istegroup.com\/\",\"name\":\"ISTE Group\",\"description\":\"Publishing Knowledge\",\"potentialAction\":[{\"@type\":\"SearchAction\",\"target\":{\"@type\":\"EntryPoint\",\"urlTemplate\":\"https:\/\/www.istegroup.com\/?s={search_term_string}\"},\"query-input\":{\"@type\":\"PropertyValueSpecification\",\"valueRequired\":true,\"valueName\":\"search_term_string\"}}],\"inLanguage\":\"en-US\"}]}<\/script>\n<!-- \/ Yoast SEO plugin. -->","yoast_head_json":{"title":"Rayons X et Mati\u00e8re 5 - ISTE Group","description":"Cet ouvrage pr\u00e9sente des consid\u00e9rations de principe d\u00e9crivant la diffusion des rayons X et s\u2019\u00e9tend jusqu\u2019\u00e0 des applications particuli\u00e8res en passant par la description de certaines m\u00e9thodes exp\u00e9rimentales sp\u00e9cifiques.","robots":{"index":"index","follow":"follow","max-snippet":"max-snippet:-1","max-image-preview":"max-image-preview:large","max-video-preview":"max-video-preview:-1"},"canonical":"https:\/\/www.istegroup.com\/fr\/produit\/rayons-x-et-matiere-5\/","og_locale":"en_US","og_type":"article","og_title":"Rayons X et Mati\u00e8re 5 - ISTE Group","og_description":"Cet ouvrage pr\u00e9sente des consid\u00e9rations de principe d\u00e9crivant la diffusion des rayons X et s\u2019\u00e9tend jusqu\u2019\u00e0 des applications particuli\u00e8res en passant par la description de certaines m\u00e9thodes exp\u00e9rimentales sp\u00e9cifiques.","og_url":"https:\/\/www.istegroup.com\/fr\/produit\/rayons-x-et-matiere-5\/","og_site_name":"ISTE Group","article_modified_time":"2024-01-03T13:41:50+00:00","og_image":[{"width":300,"height":453,"url":"https:\/\/www.istegroup.com\/wp-content\/uploads\/2018\/03\/Goudeau_Front.jpg","type":"image\/jpeg"}],"twitter_card":"summary_large_image","twitter_misc":{"Est. reading time":"1 minute"},"schema":{"@context":"https:\/\/schema.org","@graph":[{"@type":"WebPage","@id":"https:\/\/www.istegroup.com\/fr\/produit\/rayons-x-et-matiere-5\/","url":"https:\/\/www.istegroup.com\/fr\/produit\/rayons-x-et-matiere-5\/","name":"Rayons X et Mati\u00e8re 5 - ISTE Group","isPartOf":{"@id":"https:\/\/www.istegroup.com\/#website"},"primaryImageOfPage":{"@id":"https:\/\/www.istegroup.com\/fr\/produit\/rayons-x-et-matiere-5\/#primaryimage"},"image":{"@id":"https:\/\/www.istegroup.com\/fr\/produit\/rayons-x-et-matiere-5\/#primaryimage"},"thumbnailUrl":"https:\/\/www.istegroup.com\/wp-content\/uploads\/2018\/03\/Goudeau_Front.jpg","datePublished":"2018-03-28T16:04:25+00:00","dateModified":"2024-01-03T13:41:50+00:00","description":"Cet ouvrage pr\u00e9sente des consid\u00e9rations de principe d\u00e9crivant la diffusion des rayons X et s\u2019\u00e9tend jusqu\u2019\u00e0 des applications particuli\u00e8res en passant par la description de certaines m\u00e9thodes exp\u00e9rimentales sp\u00e9cifiques.","breadcrumb":{"@id":"https:\/\/www.istegroup.com\/fr\/produit\/rayons-x-et-matiere-5\/#breadcrumb"},"inLanguage":"en-US","potentialAction":[{"@type":"ReadAction","target":["https:\/\/www.istegroup.com\/fr\/produit\/rayons-x-et-matiere-5\/"]}]},{"@type":"ImageObject","inLanguage":"en-US","@id":"https:\/\/www.istegroup.com\/fr\/produit\/rayons-x-et-matiere-5\/#primaryimage","url":"https:\/\/www.istegroup.com\/wp-content\/uploads\/2018\/03\/Goudeau_Front.jpg","contentUrl":"https:\/\/www.istegroup.com\/wp-content\/uploads\/2018\/03\/Goudeau_Front.jpg","width":300,"height":453,"caption":"RX 2013"},{"@type":"BreadcrumbList","@id":"https:\/\/www.istegroup.com\/fr\/produit\/rayons-x-et-matiere-5\/#breadcrumb","itemListElement":[{"@type":"ListItem","position":1,"name":"Home","item":"https:\/\/www.istegroup.com\/"},{"@type":"ListItem","position":2,"name":"Shop","item":"https:\/\/www.istegroup.com\/fr\/nouveautes\/"},{"@type":"ListItem","position":3,"name":"Rayons X et Mati\u00e8re 5"}]},{"@type":"WebSite","@id":"https:\/\/www.istegroup.com\/#website","url":"https:\/\/www.istegroup.com\/","name":"ISTE Group","description":"Publishing Knowledge","potentialAction":[{"@type":"SearchAction","target":{"@type":"EntryPoint","urlTemplate":"https:\/\/www.istegroup.com\/?s={search_term_string}"},"query-input":{"@type":"PropertyValueSpecification","valueRequired":true,"valueName":"search_term_string"}}],"inLanguage":"en-US"}]}},"_links":{"self":[{"href":"https:\/\/www.istegroup.com\/en\/wp-json\/wp\/v2\/product\/11744","targetHints":{"allow":["GET"]}}],"collection":[{"href":"https:\/\/www.istegroup.com\/en\/wp-json\/wp\/v2\/product"}],"about":[{"href":"https:\/\/www.istegroup.com\/en\/wp-json\/wp\/v2\/types\/product"}],"wp:featuredmedia":[{"embeddable":true,"href":"https:\/\/www.istegroup.com\/en\/wp-json\/wp\/v2\/media\/11748"}],"wp:attachment":[{"href":"https:\/\/www.istegroup.com\/en\/wp-json\/wp\/v2\/media?parent=11744"}],"wp:term":[{"taxonomy":"product_brand","embeddable":true,"href":"https:\/\/www.istegroup.com\/en\/wp-json\/wp\/v2\/product_brand?post=11744"},{"taxonomy":"product_cat","embeddable":true,"href":"https:\/\/www.istegroup.com\/en\/wp-json\/wp\/v2\/product_cat?post=11744"},{"taxonomy":"product_tag","embeddable":true,"href":"https:\/\/www.istegroup.com\/en\/wp-json\/wp\/v2\/product_tag?post=11744"}],"curies":[{"name":"wp","href":"https:\/\/api.w.org\/{rel}","templated":true}]}}