{"id":11721,"date":"2018-03-28T16:21:06","date_gmt":"2018-03-28T14:21:06","guid":{"rendered":"https:\/\/iste.yhello.co\/?post_type=product&#038;p=11721"},"modified":"2024-01-03T13:41:50","modified_gmt":"2024-01-03T13:41:50","slug":"precis-de-mathematiques-approfondies-et-fondamentales-1","status":"publish","type":"product","link":"https:\/\/www.istegroup.com\/en\/produit\/precis-de-mathematiques-approfondies-et-fondamentales-1\/","title":{"rendered":"Pr\u00e9cis de math\u00e9matiques approfondies et fondamentales 1"},"content":{"rendered":"<p>Publi\u00e9 en trois volumes,\u00a0<em>Pr\u00e9cis de math\u00e9matiques approfondies et fondamentales<\/em>\u00a0pr\u00e9sente les \u00e9l\u00e9ments math\u00e9matiques qui \u00ab fondent \u00bb un certain nombre de m\u00e9thodes des sciences contemporaines : th\u00e9orie moderne des syst\u00e8mes, physique, sciences de l\u2019ing\u00e9nieur.<\/p>\n<p>Ce premier volume traite essentiellement des questions alg\u00e9briques : cat\u00e9gories et foncteurs, groupes, anneaux, modules et alg\u00e8bres. Les notions sont introduites dans un cadre g\u00e9n\u00e9ral puis \u00e9tudi\u00e9es dans le contexte de l\u2019alg\u00e8bre commutative et de l\u2019alg\u00e8bre homologique ; leurs applications \u00e0 la g\u00e9om\u00e9trie et \u00e0 la topologie alg\u00e9briques sont alors examin\u00e9es. Ces notions jouent un r\u00f4le essentiel en analyse alg\u00e9brique \u2013 th\u00e9orie analyticoalg\u00e9brique des syst\u00e8mes d\u2019\u00e9quations diff\u00e9rentielles lin\u00e9aires, ordinaires ou aux d\u00e9riv\u00e9es partielles.<\/p>\n<p>L\u2019ouvrage \u00e9tudie \u00e9galement les modules sur les anneaux principaux non commutatifs, la forme canonique rationnelle d\u2019une matrice, la th\u00e9orie des diviseurs \u00e9l\u00e9mentaires \u2013 dans le cas commutatif \u2013 et leur application aux syst\u00e8mes d\u2019\u00e9quations diff\u00e9rentielles lin\u00e9aires \u00e0 coefficients constants.<\/p>\n","protected":false},"excerpt":{"rendered":"<p>Publi\u00e9 en trois volumes,\u00a0Pr\u00e9cis de math\u00e9matiques approfondies et fondamentales\u00a0pr\u00e9sente les \u00e9l\u00e9ments math\u00e9matiques qui \u00ab fondent \u00bb un certain nombre de m\u00e9thodes des sciences contemporaines : th\u00e9orie moderne des syst\u00e8mes, physique, sciences de l\u2019ing\u00e9nieur. Ce premier volume traite essentiellement des questions alg\u00e9briques : cat\u00e9gories et foncteurs, groupes, anneaux, modules et alg\u00e8bres. Les notions sont introduites dans [&hellip;]<\/p>\n","protected":false},"featured_media":11726,"template":"","meta":{"_acf_changed":false,"_links_to":"","_links_to_target":""},"product_brand":[],"product_cat":[3262],"product_tag":[3546,3545,18,19,20,3459,21,22,25,26,27,3544,28,3543,3542,3541],"class_list":{"0":"post-11721","1":"product","2":"type-product","3":"status-publish","4":"has-post-thumbnail","6":"product_cat-non-classe","7":"product_tag-algebre-lineaire-et-homologique","8":"product_tag-categories","9":"product_tag-edition-scientifique","10":"product_tag-editions-francaise","11":"product_tag-editions-technique","12":"product_tag-henri-bourles","13":"product_tag-iste-group","14":"product_tag-istegroup","15":"product_tag-livre-numerique","16":"product_tag-livre-scientifique-francais","17":"product_tag-livre-technique-francais","18":"product_tag-nouvelles-methodes-mathematiques","19":"product_tag-ouvrage-scientifique-francais","20":"product_tag-precis-de-mathematiques-approfondies-et-fondamentales-1","21":"product_tag-structures-algebriques","22":"product_tag-systemes-et-applications","24":"first","25":"instock","26":"shipping-taxable","27":"purchasable","28":"product-type-variable"},"acf":[],"yoast_head":"<!-- This site is optimized with the Yoast SEO plugin v27.2 - https:\/\/yoast.com\/product\/yoast-seo-wordpress\/ -->\n<title>Pr\u00e9cis de math\u00e9matiques approfondies et fondamentales 1 - ISTE Group<\/title>\n<meta name=\"description\" content=\"Pr\u00e9cis de math\u00e9matiques approfondies et fondamentales 1 traite essentiellement des questions alg\u00e9briques : cat\u00e9gories et foncteurs, groupes, anneaux, modules et alg\u00e8bres.\" \/>\n<meta name=\"robots\" content=\"index, follow, max-snippet:-1, max-image-preview:large, max-video-preview:-1\" \/>\n<link rel=\"canonical\" href=\"https:\/\/www.istegroup.com\/en\/produit\/precis-de-mathematiques-approfondies-et-fondamentales-1\/\" \/>\n<meta property=\"og:locale\" content=\"en_US\" \/>\n<meta property=\"og:type\" content=\"article\" \/>\n<meta property=\"og:title\" content=\"Pr\u00e9cis de math\u00e9matiques approfondies et fondamentales 1 - ISTE Group\" \/>\n<meta property=\"og:description\" content=\"Pr\u00e9cis de math\u00e9matiques approfondies et fondamentales 1 traite essentiellement des questions alg\u00e9briques : cat\u00e9gories et foncteurs, groupes, anneaux, modules et alg\u00e8bres.\" \/>\n<meta property=\"og:url\" content=\"https:\/\/www.istegroup.com\/en\/produit\/precis-de-mathematiques-approfondies-et-fondamentales-1\/\" \/>\n<meta property=\"og:site_name\" content=\"ISTE Group\" \/>\n<meta property=\"article:modified_time\" content=\"2024-01-03T13:41:50+00:00\" \/>\n<meta property=\"og:image\" content=\"https:\/\/www.istegroup.com\/wp-content\/uploads\/2018\/03\/Bourles_Front-scaled.jpg\" \/>\n\t<meta property=\"og:image:width\" content=\"1688\" \/>\n\t<meta property=\"og:image:height\" content=\"2560\" \/>\n\t<meta property=\"og:image:type\" content=\"image\/jpeg\" \/>\n<meta name=\"twitter:card\" content=\"summary_large_image\" \/>\n<meta name=\"twitter:label1\" content=\"Est. reading time\" \/>\n\t<meta name=\"twitter:data1\" content=\"1 minute\" \/>\n<script type=\"application\/ld+json\" class=\"yoast-schema-graph\">{\"@context\":\"https:\/\/schema.org\",\"@graph\":[{\"@type\":\"WebPage\",\"@id\":\"https:\/\/www.istegroup.com\/en\/produit\/precis-de-mathematiques-approfondies-et-fondamentales-1\/\",\"url\":\"https:\/\/www.istegroup.com\/en\/produit\/precis-de-mathematiques-approfondies-et-fondamentales-1\/\",\"name\":\"Pr\u00e9cis de math\u00e9matiques approfondies et fondamentales 1 - ISTE Group\",\"isPartOf\":{\"@id\":\"https:\/\/www.istegroup.com\/#website\"},\"primaryImageOfPage\":{\"@id\":\"https:\/\/www.istegroup.com\/en\/produit\/precis-de-mathematiques-approfondies-et-fondamentales-1\/#primaryimage\"},\"image\":{\"@id\":\"https:\/\/www.istegroup.com\/en\/produit\/precis-de-mathematiques-approfondies-et-fondamentales-1\/#primaryimage\"},\"thumbnailUrl\":\"https:\/\/www.istegroup.com\/wp-content\/uploads\/2018\/03\/Bourles_Front-scaled.jpg\",\"datePublished\":\"2018-03-28T14:21:06+00:00\",\"dateModified\":\"2024-01-03T13:41:50+00:00\",\"description\":\"Pr\u00e9cis de math\u00e9matiques approfondies et fondamentales 1 traite essentiellement des questions alg\u00e9briques : cat\u00e9gories et foncteurs, groupes, anneaux, modules et alg\u00e8bres.\",\"breadcrumb\":{\"@id\":\"https:\/\/www.istegroup.com\/en\/produit\/precis-de-mathematiques-approfondies-et-fondamentales-1\/#breadcrumb\"},\"inLanguage\":\"en-US\",\"potentialAction\":[{\"@type\":\"ReadAction\",\"target\":[\"https:\/\/www.istegroup.com\/en\/produit\/precis-de-mathematiques-approfondies-et-fondamentales-1\/\"]}]},{\"@type\":\"ImageObject\",\"inLanguage\":\"en-US\",\"@id\":\"https:\/\/www.istegroup.com\/en\/produit\/precis-de-mathematiques-approfondies-et-fondamentales-1\/#primaryimage\",\"url\":\"https:\/\/www.istegroup.com\/wp-content\/uploads\/2018\/03\/Bourles_Front-scaled.jpg\",\"contentUrl\":\"https:\/\/www.istegroup.com\/wp-content\/uploads\/2018\/03\/Bourles_Front-scaled.jpg\",\"width\":1688,\"height\":2560,\"caption\":\"Cat\u00e9gories, structures alg\u00e9briques, alg\u00e8bre lin\u00e9aire et homologique\"},{\"@type\":\"BreadcrumbList\",\"@id\":\"https:\/\/www.istegroup.com\/en\/produit\/precis-de-mathematiques-approfondies-et-fondamentales-1\/#breadcrumb\",\"itemListElement\":[{\"@type\":\"ListItem\",\"position\":1,\"name\":\"Home\",\"item\":\"https:\/\/www.istegroup.com\/\"},{\"@type\":\"ListItem\",\"position\":2,\"name\":\"Shop\",\"item\":\"https:\/\/www.istegroup.com\/fr\/nouveautes\/\"},{\"@type\":\"ListItem\",\"position\":3,\"name\":\"Pr\u00e9cis de math\u00e9matiques approfondies et fondamentales 1\"}]},{\"@type\":\"WebSite\",\"@id\":\"https:\/\/www.istegroup.com\/#website\",\"url\":\"https:\/\/www.istegroup.com\/\",\"name\":\"ISTE Group\",\"description\":\"Publishing Knowledge\",\"potentialAction\":[{\"@type\":\"SearchAction\",\"target\":{\"@type\":\"EntryPoint\",\"urlTemplate\":\"https:\/\/www.istegroup.com\/?s={search_term_string}\"},\"query-input\":{\"@type\":\"PropertyValueSpecification\",\"valueRequired\":true,\"valueName\":\"search_term_string\"}}],\"inLanguage\":\"en-US\"}]}<\/script>\n<!-- \/ Yoast SEO plugin. -->","yoast_head_json":{"title":"Pr\u00e9cis de math\u00e9matiques approfondies et fondamentales 1 - ISTE Group","description":"Pr\u00e9cis de math\u00e9matiques approfondies et fondamentales 1 traite essentiellement des questions alg\u00e9briques : cat\u00e9gories et foncteurs, groupes, anneaux, modules et alg\u00e8bres.","robots":{"index":"index","follow":"follow","max-snippet":"max-snippet:-1","max-image-preview":"max-image-preview:large","max-video-preview":"max-video-preview:-1"},"canonical":"https:\/\/www.istegroup.com\/en\/produit\/precis-de-mathematiques-approfondies-et-fondamentales-1\/","og_locale":"en_US","og_type":"article","og_title":"Pr\u00e9cis de math\u00e9matiques approfondies et fondamentales 1 - ISTE Group","og_description":"Pr\u00e9cis de math\u00e9matiques approfondies et fondamentales 1 traite essentiellement des questions alg\u00e9briques : cat\u00e9gories et foncteurs, groupes, anneaux, modules et alg\u00e8bres.","og_url":"https:\/\/www.istegroup.com\/en\/produit\/precis-de-mathematiques-approfondies-et-fondamentales-1\/","og_site_name":"ISTE Group","article_modified_time":"2024-01-03T13:41:50+00:00","og_image":[{"width":1688,"height":2560,"url":"https:\/\/www.istegroup.com\/wp-content\/uploads\/2018\/03\/Bourles_Front-scaled.jpg","type":"image\/jpeg"}],"twitter_card":"summary_large_image","twitter_misc":{"Est. reading time":"1 minute"},"schema":{"@context":"https:\/\/schema.org","@graph":[{"@type":"WebPage","@id":"https:\/\/www.istegroup.com\/en\/produit\/precis-de-mathematiques-approfondies-et-fondamentales-1\/","url":"https:\/\/www.istegroup.com\/en\/produit\/precis-de-mathematiques-approfondies-et-fondamentales-1\/","name":"Pr\u00e9cis de math\u00e9matiques approfondies et fondamentales 1 - ISTE Group","isPartOf":{"@id":"https:\/\/www.istegroup.com\/#website"},"primaryImageOfPage":{"@id":"https:\/\/www.istegroup.com\/en\/produit\/precis-de-mathematiques-approfondies-et-fondamentales-1\/#primaryimage"},"image":{"@id":"https:\/\/www.istegroup.com\/en\/produit\/precis-de-mathematiques-approfondies-et-fondamentales-1\/#primaryimage"},"thumbnailUrl":"https:\/\/www.istegroup.com\/wp-content\/uploads\/2018\/03\/Bourles_Front-scaled.jpg","datePublished":"2018-03-28T14:21:06+00:00","dateModified":"2024-01-03T13:41:50+00:00","description":"Pr\u00e9cis de math\u00e9matiques approfondies et fondamentales 1 traite essentiellement des questions alg\u00e9briques : cat\u00e9gories et foncteurs, groupes, anneaux, modules et alg\u00e8bres.","breadcrumb":{"@id":"https:\/\/www.istegroup.com\/en\/produit\/precis-de-mathematiques-approfondies-et-fondamentales-1\/#breadcrumb"},"inLanguage":"en-US","potentialAction":[{"@type":"ReadAction","target":["https:\/\/www.istegroup.com\/en\/produit\/precis-de-mathematiques-approfondies-et-fondamentales-1\/"]}]},{"@type":"ImageObject","inLanguage":"en-US","@id":"https:\/\/www.istegroup.com\/en\/produit\/precis-de-mathematiques-approfondies-et-fondamentales-1\/#primaryimage","url":"https:\/\/www.istegroup.com\/wp-content\/uploads\/2018\/03\/Bourles_Front-scaled.jpg","contentUrl":"https:\/\/www.istegroup.com\/wp-content\/uploads\/2018\/03\/Bourles_Front-scaled.jpg","width":1688,"height":2560,"caption":"Cat\u00e9gories, structures alg\u00e9briques, alg\u00e8bre lin\u00e9aire et homologique"},{"@type":"BreadcrumbList","@id":"https:\/\/www.istegroup.com\/en\/produit\/precis-de-mathematiques-approfondies-et-fondamentales-1\/#breadcrumb","itemListElement":[{"@type":"ListItem","position":1,"name":"Home","item":"https:\/\/www.istegroup.com\/"},{"@type":"ListItem","position":2,"name":"Shop","item":"https:\/\/www.istegroup.com\/fr\/nouveautes\/"},{"@type":"ListItem","position":3,"name":"Pr\u00e9cis de math\u00e9matiques approfondies et fondamentales 1"}]},{"@type":"WebSite","@id":"https:\/\/www.istegroup.com\/#website","url":"https:\/\/www.istegroup.com\/","name":"ISTE Group","description":"Publishing Knowledge","potentialAction":[{"@type":"SearchAction","target":{"@type":"EntryPoint","urlTemplate":"https:\/\/www.istegroup.com\/?s={search_term_string}"},"query-input":{"@type":"PropertyValueSpecification","valueRequired":true,"valueName":"search_term_string"}}],"inLanguage":"en-US"}]}},"_links":{"self":[{"href":"https:\/\/www.istegroup.com\/en\/wp-json\/wp\/v2\/product\/11721","targetHints":{"allow":["GET"]}}],"collection":[{"href":"https:\/\/www.istegroup.com\/en\/wp-json\/wp\/v2\/product"}],"about":[{"href":"https:\/\/www.istegroup.com\/en\/wp-json\/wp\/v2\/types\/product"}],"wp:featuredmedia":[{"embeddable":true,"href":"https:\/\/www.istegroup.com\/en\/wp-json\/wp\/v2\/media\/11726"}],"wp:attachment":[{"href":"https:\/\/www.istegroup.com\/en\/wp-json\/wp\/v2\/media?parent=11721"}],"wp:term":[{"taxonomy":"product_brand","embeddable":true,"href":"https:\/\/www.istegroup.com\/en\/wp-json\/wp\/v2\/product_brand?post=11721"},{"taxonomy":"product_cat","embeddable":true,"href":"https:\/\/www.istegroup.com\/en\/wp-json\/wp\/v2\/product_cat?post=11721"},{"taxonomy":"product_tag","embeddable":true,"href":"https:\/\/www.istegroup.com\/en\/wp-json\/wp\/v2\/product_tag?post=11721"}],"curies":[{"name":"wp","href":"https:\/\/api.w.org\/{rel}","templated":true}]}}