{"id":11686,"date":"2017-10-28T15:12:15","date_gmt":"2017-10-28T13:12:15","guid":{"rendered":"https:\/\/iste.yhello.co\/?post_type=product&#038;p=11686"},"modified":"2024-01-03T13:41:44","modified_gmt":"2024-01-03T13:41:44","slug":"nouveaux-systemes-de-sante","status":"publish","type":"product","link":"https:\/\/www.istegroup.com\/en\/produit\/nouveaux-systemes-de-sante\/","title":{"rendered":"Nouveaux syst\u00e8mes de sant\u00e9"},"content":{"rendered":"<p>Les in\u00e9galit\u00e9s de sant\u00e9, aliment\u00e9es par les \u00e9volutions, r\u00e9elles ou per\u00e7ues, des syst\u00e8mes de sant\u00e9 dans le monde, repr\u00e9sentent une pr\u00e9occupation croissante. La r\u00e9duction de ces in\u00e9galit\u00e9s comporte plusieurs dimensions : financi\u00e8re, spatiale et comportementale.<\/p>\n<p>Comprendre les dynamiques qui animent les syst\u00e8mes de sant\u00e9, proposer des architectures \u00e9quitables et \u00e9valuer de fa\u00e7on compar\u00e9e les diff\u00e9rents syst\u00e8mes d\u2019int\u00e9gration de soins qui sont propos\u00e9s est aujourd\u2019hui primordial.<\/p>\n<p><em>Nouveaux syst\u00e8mes de sant\u00e9<\/em>\u00a0pr\u00e9sente un \u00e9tat des in\u00e9galit\u00e9s de sant\u00e9 dans le monde et examine la convergence des grands programmes de r\u00e9forme de syst\u00e8mes de sant\u00e9 dans l\u2019approche de soins int\u00e9gr\u00e9s.<\/p>\n","protected":false},"excerpt":{"rendered":"<p>Les in\u00e9galit\u00e9s de sant\u00e9, aliment\u00e9es par les \u00e9volutions, r\u00e9elles ou per\u00e7ues, des syst\u00e8mes de sant\u00e9 dans le monde, repr\u00e9sentent une pr\u00e9occupation croissante. La r\u00e9duction de ces in\u00e9galit\u00e9s comporte plusieurs dimensions : financi\u00e8re, spatiale et comportementale. Comprendre les dynamiques qui animent les syst\u00e8mes de sant\u00e9, proposer des architectures \u00e9quitables et \u00e9valuer de fa\u00e7on compar\u00e9e les diff\u00e9rents [&hellip;]<\/p>\n","protected":false},"featured_media":11693,"template":"","meta":{"_acf_changed":false,"_links_to":"","_links_to_target":""},"product_brand":[],"product_cat":[3262],"product_tag":[18,19,20,21,22,25,26,27,3559,28],"class_list":{"0":"post-11686","1":"product","2":"type-product","3":"status-publish","4":"has-post-thumbnail","6":"product_cat-non-classe","7":"product_tag-edition-scientifique","8":"product_tag-editions-francaise","9":"product_tag-editions-technique","10":"product_tag-iste-group","11":"product_tag-istegroup","12":"product_tag-livre-numerique","13":"product_tag-livre-scientifique-francais","14":"product_tag-livre-technique-francais","15":"product_tag-mohamed-lamine-bendaoud","16":"product_tag-ouvrage-scientifique-francais","18":"first","19":"instock","20":"shipping-taxable","21":"purchasable","22":"product-type-variable"},"acf":[],"yoast_head":"<!-- This site is optimized with the Yoast SEO plugin v27.2 - https:\/\/yoast.com\/product\/yoast-seo-wordpress\/ -->\n<title>Nouveaux syst\u00e8mes de sant\u00e9 - ISTE Group<\/title>\n<meta name=\"description\" content=\"Nouveaux syst\u00e8mes de sant\u00e9\u00a0pr\u00e9sente un \u00e9tat des in\u00e9galit\u00e9s de sant\u00e9 dans le monde et examine la convergence des grands programmes de r\u00e9forme de syst\u00e8mes de sant\u00e9 dans l\u2019approche de soins int\u00e9gr\u00e9s.\" \/>\n<meta name=\"robots\" content=\"index, follow, max-snippet:-1, max-image-preview:large, max-video-preview:-1\" \/>\n<link rel=\"canonical\" href=\"https:\/\/www.istegroup.com\/en\/produit\/nouveaux-systemes-de-sante\/\" \/>\n<meta property=\"og:locale\" content=\"en_US\" \/>\n<meta property=\"og:type\" content=\"article\" \/>\n<meta property=\"og:title\" content=\"Nouveaux syst\u00e8mes de sant\u00e9 - ISTE Group\" \/>\n<meta property=\"og:description\" content=\"Nouveaux syst\u00e8mes de sant\u00e9\u00a0pr\u00e9sente un \u00e9tat des in\u00e9galit\u00e9s de sant\u00e9 dans le monde et examine la convergence des grands programmes de r\u00e9forme de syst\u00e8mes de sant\u00e9 dans l\u2019approche de soins int\u00e9gr\u00e9s.\" \/>\n<meta property=\"og:url\" content=\"https:\/\/www.istegroup.com\/en\/produit\/nouveaux-systemes-de-sante\/\" \/>\n<meta property=\"og:site_name\" content=\"ISTE Group\" \/>\n<meta property=\"article:modified_time\" content=\"2024-01-03T13:41:44+00:00\" \/>\n<meta property=\"og:image\" content=\"https:\/\/www.istegroup.com\/wp-content\/uploads\/2018\/03\/Bendaoud-Cover_Front.jpg\" \/>\n\t<meta property=\"og:image:width\" content=\"623\" \/>\n\t<meta property=\"og:image:height\" content=\"949\" \/>\n\t<meta property=\"og:image:type\" content=\"image\/jpeg\" \/>\n<meta name=\"twitter:card\" content=\"summary_large_image\" \/>\n<meta name=\"twitter:label1\" content=\"Est. reading time\" \/>\n\t<meta name=\"twitter:data1\" content=\"1 minute\" \/>\n<script type=\"application\/ld+json\" class=\"yoast-schema-graph\">{\"@context\":\"https:\/\/schema.org\",\"@graph\":[{\"@type\":\"WebPage\",\"@id\":\"https:\/\/www.istegroup.com\/en\/produit\/nouveaux-systemes-de-sante\/\",\"url\":\"https:\/\/www.istegroup.com\/en\/produit\/nouveaux-systemes-de-sante\/\",\"name\":\"Nouveaux syst\u00e8mes de sant\u00e9 - ISTE Group\",\"isPartOf\":{\"@id\":\"https:\/\/www.istegroup.com\/#website\"},\"primaryImageOfPage\":{\"@id\":\"https:\/\/www.istegroup.com\/en\/produit\/nouveaux-systemes-de-sante\/#primaryimage\"},\"image\":{\"@id\":\"https:\/\/www.istegroup.com\/en\/produit\/nouveaux-systemes-de-sante\/#primaryimage\"},\"thumbnailUrl\":\"https:\/\/www.istegroup.com\/wp-content\/uploads\/2018\/03\/Bendaoud-Cover_Front.jpg\",\"datePublished\":\"2017-10-28T13:12:15+00:00\",\"dateModified\":\"2024-01-03T13:41:44+00:00\",\"description\":\"Nouveaux syst\u00e8mes de sant\u00e9\u00a0pr\u00e9sente un \u00e9tat des in\u00e9galit\u00e9s de sant\u00e9 dans le monde et examine la convergence des grands programmes de r\u00e9forme de syst\u00e8mes de sant\u00e9 dans l\u2019approche de soins int\u00e9gr\u00e9s.\",\"breadcrumb\":{\"@id\":\"https:\/\/www.istegroup.com\/en\/produit\/nouveaux-systemes-de-sante\/#breadcrumb\"},\"inLanguage\":\"en-US\",\"potentialAction\":[{\"@type\":\"ReadAction\",\"target\":[\"https:\/\/www.istegroup.com\/en\/produit\/nouveaux-systemes-de-sante\/\"]}]},{\"@type\":\"ImageObject\",\"inLanguage\":\"en-US\",\"@id\":\"https:\/\/www.istegroup.com\/en\/produit\/nouveaux-systemes-de-sante\/#primaryimage\",\"url\":\"https:\/\/www.istegroup.com\/wp-content\/uploads\/2018\/03\/Bendaoud-Cover_Front.jpg\",\"contentUrl\":\"https:\/\/www.istegroup.com\/wp-content\/uploads\/2018\/03\/Bendaoud-Cover_Front.jpg\",\"width\":623,\"height\":949,\"caption\":\"Soins int\u00e9gr\u00e9s et r\u00e9ductions des in\u00e9galit\u00e9s de sant\u00e9\"},{\"@type\":\"BreadcrumbList\",\"@id\":\"https:\/\/www.istegroup.com\/en\/produit\/nouveaux-systemes-de-sante\/#breadcrumb\",\"itemListElement\":[{\"@type\":\"ListItem\",\"position\":1,\"name\":\"Home\",\"item\":\"https:\/\/www.istegroup.com\/\"},{\"@type\":\"ListItem\",\"position\":2,\"name\":\"Shop\",\"item\":\"https:\/\/www.istegroup.com\/fr\/nouveautes\/\"},{\"@type\":\"ListItem\",\"position\":3,\"name\":\"Nouveaux syst\u00e8mes de sant\u00e9\"}]},{\"@type\":\"WebSite\",\"@id\":\"https:\/\/www.istegroup.com\/#website\",\"url\":\"https:\/\/www.istegroup.com\/\",\"name\":\"ISTE Group\",\"description\":\"Publishing Knowledge\",\"potentialAction\":[{\"@type\":\"SearchAction\",\"target\":{\"@type\":\"EntryPoint\",\"urlTemplate\":\"https:\/\/www.istegroup.com\/?s={search_term_string}\"},\"query-input\":{\"@type\":\"PropertyValueSpecification\",\"valueRequired\":true,\"valueName\":\"search_term_string\"}}],\"inLanguage\":\"en-US\"}]}<\/script>\n<!-- \/ Yoast SEO plugin. -->","yoast_head_json":{"title":"Nouveaux syst\u00e8mes de sant\u00e9 - ISTE Group","description":"Nouveaux syst\u00e8mes de sant\u00e9\u00a0pr\u00e9sente un \u00e9tat des in\u00e9galit\u00e9s de sant\u00e9 dans le monde et examine la convergence des grands programmes de r\u00e9forme de syst\u00e8mes de sant\u00e9 dans l\u2019approche de soins int\u00e9gr\u00e9s.","robots":{"index":"index","follow":"follow","max-snippet":"max-snippet:-1","max-image-preview":"max-image-preview:large","max-video-preview":"max-video-preview:-1"},"canonical":"https:\/\/www.istegroup.com\/en\/produit\/nouveaux-systemes-de-sante\/","og_locale":"en_US","og_type":"article","og_title":"Nouveaux syst\u00e8mes de sant\u00e9 - ISTE Group","og_description":"Nouveaux syst\u00e8mes de sant\u00e9\u00a0pr\u00e9sente un \u00e9tat des in\u00e9galit\u00e9s de sant\u00e9 dans le monde et examine la convergence des grands programmes de r\u00e9forme de syst\u00e8mes de sant\u00e9 dans l\u2019approche de soins int\u00e9gr\u00e9s.","og_url":"https:\/\/www.istegroup.com\/en\/produit\/nouveaux-systemes-de-sante\/","og_site_name":"ISTE Group","article_modified_time":"2024-01-03T13:41:44+00:00","og_image":[{"width":623,"height":949,"url":"https:\/\/www.istegroup.com\/wp-content\/uploads\/2018\/03\/Bendaoud-Cover_Front.jpg","type":"image\/jpeg"}],"twitter_card":"summary_large_image","twitter_misc":{"Est. reading time":"1 minute"},"schema":{"@context":"https:\/\/schema.org","@graph":[{"@type":"WebPage","@id":"https:\/\/www.istegroup.com\/en\/produit\/nouveaux-systemes-de-sante\/","url":"https:\/\/www.istegroup.com\/en\/produit\/nouveaux-systemes-de-sante\/","name":"Nouveaux syst\u00e8mes de sant\u00e9 - ISTE Group","isPartOf":{"@id":"https:\/\/www.istegroup.com\/#website"},"primaryImageOfPage":{"@id":"https:\/\/www.istegroup.com\/en\/produit\/nouveaux-systemes-de-sante\/#primaryimage"},"image":{"@id":"https:\/\/www.istegroup.com\/en\/produit\/nouveaux-systemes-de-sante\/#primaryimage"},"thumbnailUrl":"https:\/\/www.istegroup.com\/wp-content\/uploads\/2018\/03\/Bendaoud-Cover_Front.jpg","datePublished":"2017-10-28T13:12:15+00:00","dateModified":"2024-01-03T13:41:44+00:00","description":"Nouveaux syst\u00e8mes de sant\u00e9\u00a0pr\u00e9sente un \u00e9tat des in\u00e9galit\u00e9s de sant\u00e9 dans le monde et examine la convergence des grands programmes de r\u00e9forme de syst\u00e8mes de sant\u00e9 dans l\u2019approche de soins int\u00e9gr\u00e9s.","breadcrumb":{"@id":"https:\/\/www.istegroup.com\/en\/produit\/nouveaux-systemes-de-sante\/#breadcrumb"},"inLanguage":"en-US","potentialAction":[{"@type":"ReadAction","target":["https:\/\/www.istegroup.com\/en\/produit\/nouveaux-systemes-de-sante\/"]}]},{"@type":"ImageObject","inLanguage":"en-US","@id":"https:\/\/www.istegroup.com\/en\/produit\/nouveaux-systemes-de-sante\/#primaryimage","url":"https:\/\/www.istegroup.com\/wp-content\/uploads\/2018\/03\/Bendaoud-Cover_Front.jpg","contentUrl":"https:\/\/www.istegroup.com\/wp-content\/uploads\/2018\/03\/Bendaoud-Cover_Front.jpg","width":623,"height":949,"caption":"Soins int\u00e9gr\u00e9s et r\u00e9ductions des in\u00e9galit\u00e9s de sant\u00e9"},{"@type":"BreadcrumbList","@id":"https:\/\/www.istegroup.com\/en\/produit\/nouveaux-systemes-de-sante\/#breadcrumb","itemListElement":[{"@type":"ListItem","position":1,"name":"Home","item":"https:\/\/www.istegroup.com\/"},{"@type":"ListItem","position":2,"name":"Shop","item":"https:\/\/www.istegroup.com\/fr\/nouveautes\/"},{"@type":"ListItem","position":3,"name":"Nouveaux syst\u00e8mes de sant\u00e9"}]},{"@type":"WebSite","@id":"https:\/\/www.istegroup.com\/#website","url":"https:\/\/www.istegroup.com\/","name":"ISTE Group","description":"Publishing Knowledge","potentialAction":[{"@type":"SearchAction","target":{"@type":"EntryPoint","urlTemplate":"https:\/\/www.istegroup.com\/?s={search_term_string}"},"query-input":{"@type":"PropertyValueSpecification","valueRequired":true,"valueName":"search_term_string"}}],"inLanguage":"en-US"}]}},"_links":{"self":[{"href":"https:\/\/www.istegroup.com\/en\/wp-json\/wp\/v2\/product\/11686","targetHints":{"allow":["GET"]}}],"collection":[{"href":"https:\/\/www.istegroup.com\/en\/wp-json\/wp\/v2\/product"}],"about":[{"href":"https:\/\/www.istegroup.com\/en\/wp-json\/wp\/v2\/types\/product"}],"wp:featuredmedia":[{"embeddable":true,"href":"https:\/\/www.istegroup.com\/en\/wp-json\/wp\/v2\/media\/11693"}],"wp:attachment":[{"href":"https:\/\/www.istegroup.com\/en\/wp-json\/wp\/v2\/media?parent=11686"}],"wp:term":[{"taxonomy":"product_brand","embeddable":true,"href":"https:\/\/www.istegroup.com\/en\/wp-json\/wp\/v2\/product_brand?post=11686"},{"taxonomy":"product_cat","embeddable":true,"href":"https:\/\/www.istegroup.com\/en\/wp-json\/wp\/v2\/product_cat?post=11686"},{"taxonomy":"product_tag","embeddable":true,"href":"https:\/\/www.istegroup.com\/en\/wp-json\/wp\/v2\/product_tag?post=11686"}],"curies":[{"name":"wp","href":"https:\/\/api.w.org\/{rel}","templated":true}]}}