{"id":11682,"date":"2018-03-28T15:01:49","date_gmt":"2018-03-28T13:01:49","guid":{"rendered":"https:\/\/iste.yhello.co\/?post_type=product&#038;p=11682"},"modified":"2024-01-03T13:41:44","modified_gmt":"2024-01-03T13:41:44","slug":"neurofeedback","status":"publish","type":"product","link":"https:\/\/www.istegroup.com\/en\/produit\/neurofeedback\/","title":{"rendered":"Neurofeedback"},"content":{"rendered":"<p>L\u2019intelligence artificielle des robots, capables d\u2019apprendre de leurs erreurs et de modifier leur comportement en cons\u00e9quence, est \u00e9labor\u00e9e sur le mod\u00e8le de l\u2019activit\u00e9 des neurones du cerveau. Un stress \u00e9motionnel, un accident de la route, un d\u00e9c\u00e8s, sont autant de facteurs susceptibles de perturber cette activit\u00e9 neuronale et d\u2019en d\u00e9r\u00e9gler le fonctionnement au point de g\u00e9n\u00e9rer des souffrances dont il est parfois difficile de se lib\u00e9rer.<\/p>\n<p>Issu des neurosciences, le neurofeedback est une technique informatis\u00e9e d\u2019entra\u00eenement et de r\u00e9\u00e9quilibration de l\u2019activit\u00e9 \u00e9lectrique c\u00e9r\u00e9brale utilisant la neuroplasticit\u00e9.\u00a0<em>Neurofeedback<\/em>\u00a0examine la fa\u00e7on dont cette m\u00e9thode permet au cerveau de s\u2019autocorriger et de retrouver un \u00e9quilibre stable, favorisant ainsi l\u2019\u00e9vacuation des traumas et un retour au bien-\u00eatre.<\/p>\n<p>Cet ouvrage pr\u00e9sente diff\u00e9rents outils de neurofeedback, dont le fonctionnement et les sp\u00e9cificit\u00e9s s\u2019adaptent aux besoins de chaque utilisateur. Leurs applications sur les troubles psychiques et cognitifs en font une technique de neuroth\u00e9rapie performante et prometteuse.<\/p>\n<p><span data-mce-type=\"bookmark\" style=\"width: 0px;overflow: hidden;line-height: 0\" class=\"mce_SELRES_start\">\ufeff<\/span><\/p>\n","protected":false},"excerpt":{"rendered":"<p>L\u2019intelligence artificielle des robots, capables d\u2019apprendre de leurs erreurs et de modifier leur comportement en cons\u00e9quence, est \u00e9labor\u00e9e sur le mod\u00e8le de l\u2019activit\u00e9 des neurones du cerveau. Un stress \u00e9motionnel, un accident de la route, un d\u00e9c\u00e8s, sont autant de facteurs susceptibles de perturber cette activit\u00e9 neuronale et d\u2019en d\u00e9r\u00e9gler le fonctionnement au point de [&hellip;]<\/p>\n","protected":false},"featured_media":11685,"template":"","meta":{"_acf_changed":false,"_links_to":"","_links_to_target":""},"product_brand":[],"product_cat":[3262],"product_tag":[31,18,19,20,21,22,25,26,27,3562,3561,834,28,3560],"class_list":{"0":"post-11682","1":"product","2":"type-product","3":"status-publish","4":"has-post-thumbnail","6":"product_cat-non-classe","7":"product_tag-ebook","8":"product_tag-edition-scientifique","9":"product_tag-editions-francaise","10":"product_tag-editions-technique","11":"product_tag-iste-group","12":"product_tag-istegroup","13":"product_tag-livre-numerique","14":"product_tag-livre-scientifique-francais","15":"product_tag-livre-technique-francais","16":"product_tag-methodologies-et-applications","17":"product_tag-neurofeedback","18":"product_tag-outils","19":"product_tag-ouvrage-scientifique-francais","20":"product_tag-pascale-vincent","22":"first","23":"instock","24":"shipping-taxable","25":"purchasable","26":"product-type-variable"},"acf":[],"yoast_head":"<!-- This site is optimized with the Yoast SEO plugin v27.2 - https:\/\/yoast.com\/product\/yoast-seo-wordpress\/ -->\n<title>Neurofeedback - ISTE Group<\/title>\n<meta name=\"description\" content=\"Cet ouvrage pr\u00e9sente diff\u00e9rents outils de neurofeedback, dont le fonctionnement et les sp\u00e9cificit\u00e9s s\u2019adaptent aux besoins de chaque utilisateur.\" \/>\n<meta name=\"robots\" content=\"index, follow, max-snippet:-1, max-image-preview:large, max-video-preview:-1\" \/>\n<link rel=\"canonical\" href=\"https:\/\/www.istegroup.com\/en\/produit\/neurofeedback\/\" \/>\n<meta property=\"og:locale\" content=\"en_US\" \/>\n<meta property=\"og:type\" content=\"article\" \/>\n<meta property=\"og:title\" content=\"Neurofeedback - ISTE Group\" \/>\n<meta property=\"og:description\" content=\"Cet ouvrage pr\u00e9sente diff\u00e9rents outils de neurofeedback, dont le fonctionnement et les sp\u00e9cificit\u00e9s s\u2019adaptent aux besoins de chaque utilisateur.\" \/>\n<meta property=\"og:url\" content=\"https:\/\/www.istegroup.com\/en\/produit\/neurofeedback\/\" \/>\n<meta property=\"og:site_name\" content=\"ISTE Group\" \/>\n<meta property=\"article:modified_time\" content=\"2024-01-03T13:41:44+00:00\" \/>\n<meta property=\"og:image\" content=\"https:\/\/www.istegroup.com\/wp-content\/uploads\/2018\/03\/Vincent_Front-scaled.jpg\" \/>\n\t<meta property=\"og:image:width\" content=\"1658\" \/>\n\t<meta property=\"og:image:height\" content=\"2560\" \/>\n\t<meta property=\"og:image:type\" content=\"image\/jpeg\" \/>\n<meta name=\"twitter:card\" content=\"summary_large_image\" \/>\n<meta name=\"twitter:label1\" content=\"Est. reading time\" \/>\n\t<meta name=\"twitter:data1\" content=\"1 minute\" \/>\n<script type=\"application\/ld+json\" class=\"yoast-schema-graph\">{\"@context\":\"https:\/\/schema.org\",\"@graph\":[{\"@type\":\"WebPage\",\"@id\":\"https:\/\/www.istegroup.com\/en\/produit\/neurofeedback\/\",\"url\":\"https:\/\/www.istegroup.com\/en\/produit\/neurofeedback\/\",\"name\":\"Neurofeedback - ISTE Group\",\"isPartOf\":{\"@id\":\"https:\/\/www.istegroup.com\/#website\"},\"primaryImageOfPage\":{\"@id\":\"https:\/\/www.istegroup.com\/en\/produit\/neurofeedback\/#primaryimage\"},\"image\":{\"@id\":\"https:\/\/www.istegroup.com\/en\/produit\/neurofeedback\/#primaryimage\"},\"thumbnailUrl\":\"https:\/\/www.istegroup.com\/wp-content\/uploads\/2018\/03\/Vincent_Front-scaled.jpg\",\"datePublished\":\"2018-03-28T13:01:49+00:00\",\"dateModified\":\"2024-01-03T13:41:44+00:00\",\"description\":\"Cet ouvrage pr\u00e9sente diff\u00e9rents outils de neurofeedback, dont le fonctionnement et les sp\u00e9cificit\u00e9s s\u2019adaptent aux besoins de chaque utilisateur.\",\"breadcrumb\":{\"@id\":\"https:\/\/www.istegroup.com\/en\/produit\/neurofeedback\/#breadcrumb\"},\"inLanguage\":\"en-US\",\"potentialAction\":[{\"@type\":\"ReadAction\",\"target\":[\"https:\/\/www.istegroup.com\/en\/produit\/neurofeedback\/\"]}]},{\"@type\":\"ImageObject\",\"inLanguage\":\"en-US\",\"@id\":\"https:\/\/www.istegroup.com\/en\/produit\/neurofeedback\/#primaryimage\",\"url\":\"https:\/\/www.istegroup.com\/wp-content\/uploads\/2018\/03\/Vincent_Front-scaled.jpg\",\"contentUrl\":\"https:\/\/www.istegroup.com\/wp-content\/uploads\/2018\/03\/Vincent_Front-scaled.jpg\",\"width\":1658,\"height\":2560,\"caption\":\"Outils, m\u00e9thodologies et applications\"},{\"@type\":\"BreadcrumbList\",\"@id\":\"https:\/\/www.istegroup.com\/en\/produit\/neurofeedback\/#breadcrumb\",\"itemListElement\":[{\"@type\":\"ListItem\",\"position\":1,\"name\":\"Home\",\"item\":\"https:\/\/www.istegroup.com\/\"},{\"@type\":\"ListItem\",\"position\":2,\"name\":\"Shop\",\"item\":\"https:\/\/www.istegroup.com\/fr\/nouveautes\/\"},{\"@type\":\"ListItem\",\"position\":3,\"name\":\"Neurofeedback\"}]},{\"@type\":\"WebSite\",\"@id\":\"https:\/\/www.istegroup.com\/#website\",\"url\":\"https:\/\/www.istegroup.com\/\",\"name\":\"ISTE Group\",\"description\":\"Publishing Knowledge\",\"potentialAction\":[{\"@type\":\"SearchAction\",\"target\":{\"@type\":\"EntryPoint\",\"urlTemplate\":\"https:\/\/www.istegroup.com\/?s={search_term_string}\"},\"query-input\":{\"@type\":\"PropertyValueSpecification\",\"valueRequired\":true,\"valueName\":\"search_term_string\"}}],\"inLanguage\":\"en-US\"}]}<\/script>\n<!-- \/ Yoast SEO plugin. -->","yoast_head_json":{"title":"Neurofeedback - ISTE Group","description":"Cet ouvrage pr\u00e9sente diff\u00e9rents outils de neurofeedback, dont le fonctionnement et les sp\u00e9cificit\u00e9s s\u2019adaptent aux besoins de chaque utilisateur.","robots":{"index":"index","follow":"follow","max-snippet":"max-snippet:-1","max-image-preview":"max-image-preview:large","max-video-preview":"max-video-preview:-1"},"canonical":"https:\/\/www.istegroup.com\/en\/produit\/neurofeedback\/","og_locale":"en_US","og_type":"article","og_title":"Neurofeedback - ISTE Group","og_description":"Cet ouvrage pr\u00e9sente diff\u00e9rents outils de neurofeedback, dont le fonctionnement et les sp\u00e9cificit\u00e9s s\u2019adaptent aux besoins de chaque utilisateur.","og_url":"https:\/\/www.istegroup.com\/en\/produit\/neurofeedback\/","og_site_name":"ISTE Group","article_modified_time":"2024-01-03T13:41:44+00:00","og_image":[{"width":1658,"height":2560,"url":"https:\/\/www.istegroup.com\/wp-content\/uploads\/2018\/03\/Vincent_Front-scaled.jpg","type":"image\/jpeg"}],"twitter_card":"summary_large_image","twitter_misc":{"Est. reading time":"1 minute"},"schema":{"@context":"https:\/\/schema.org","@graph":[{"@type":"WebPage","@id":"https:\/\/www.istegroup.com\/en\/produit\/neurofeedback\/","url":"https:\/\/www.istegroup.com\/en\/produit\/neurofeedback\/","name":"Neurofeedback - ISTE Group","isPartOf":{"@id":"https:\/\/www.istegroup.com\/#website"},"primaryImageOfPage":{"@id":"https:\/\/www.istegroup.com\/en\/produit\/neurofeedback\/#primaryimage"},"image":{"@id":"https:\/\/www.istegroup.com\/en\/produit\/neurofeedback\/#primaryimage"},"thumbnailUrl":"https:\/\/www.istegroup.com\/wp-content\/uploads\/2018\/03\/Vincent_Front-scaled.jpg","datePublished":"2018-03-28T13:01:49+00:00","dateModified":"2024-01-03T13:41:44+00:00","description":"Cet ouvrage pr\u00e9sente diff\u00e9rents outils de neurofeedback, dont le fonctionnement et les sp\u00e9cificit\u00e9s s\u2019adaptent aux besoins de chaque utilisateur.","breadcrumb":{"@id":"https:\/\/www.istegroup.com\/en\/produit\/neurofeedback\/#breadcrumb"},"inLanguage":"en-US","potentialAction":[{"@type":"ReadAction","target":["https:\/\/www.istegroup.com\/en\/produit\/neurofeedback\/"]}]},{"@type":"ImageObject","inLanguage":"en-US","@id":"https:\/\/www.istegroup.com\/en\/produit\/neurofeedback\/#primaryimage","url":"https:\/\/www.istegroup.com\/wp-content\/uploads\/2018\/03\/Vincent_Front-scaled.jpg","contentUrl":"https:\/\/www.istegroup.com\/wp-content\/uploads\/2018\/03\/Vincent_Front-scaled.jpg","width":1658,"height":2560,"caption":"Outils, m\u00e9thodologies et applications"},{"@type":"BreadcrumbList","@id":"https:\/\/www.istegroup.com\/en\/produit\/neurofeedback\/#breadcrumb","itemListElement":[{"@type":"ListItem","position":1,"name":"Home","item":"https:\/\/www.istegroup.com\/"},{"@type":"ListItem","position":2,"name":"Shop","item":"https:\/\/www.istegroup.com\/fr\/nouveautes\/"},{"@type":"ListItem","position":3,"name":"Neurofeedback"}]},{"@type":"WebSite","@id":"https:\/\/www.istegroup.com\/#website","url":"https:\/\/www.istegroup.com\/","name":"ISTE Group","description":"Publishing Knowledge","potentialAction":[{"@type":"SearchAction","target":{"@type":"EntryPoint","urlTemplate":"https:\/\/www.istegroup.com\/?s={search_term_string}"},"query-input":{"@type":"PropertyValueSpecification","valueRequired":true,"valueName":"search_term_string"}}],"inLanguage":"en-US"}]}},"_links":{"self":[{"href":"https:\/\/www.istegroup.com\/en\/wp-json\/wp\/v2\/product\/11682","targetHints":{"allow":["GET"]}}],"collection":[{"href":"https:\/\/www.istegroup.com\/en\/wp-json\/wp\/v2\/product"}],"about":[{"href":"https:\/\/www.istegroup.com\/en\/wp-json\/wp\/v2\/types\/product"}],"wp:featuredmedia":[{"embeddable":true,"href":"https:\/\/www.istegroup.com\/en\/wp-json\/wp\/v2\/media\/11685"}],"wp:attachment":[{"href":"https:\/\/www.istegroup.com\/en\/wp-json\/wp\/v2\/media?parent=11682"}],"wp:term":[{"taxonomy":"product_brand","embeddable":true,"href":"https:\/\/www.istegroup.com\/en\/wp-json\/wp\/v2\/product_brand?post=11682"},{"taxonomy":"product_cat","embeddable":true,"href":"https:\/\/www.istegroup.com\/en\/wp-json\/wp\/v2\/product_cat?post=11682"},{"taxonomy":"product_tag","embeddable":true,"href":"https:\/\/www.istegroup.com\/en\/wp-json\/wp\/v2\/product_tag?post=11682"}],"curies":[{"name":"wp","href":"https:\/\/api.w.org\/{rel}","templated":true}]}}