{"id":11636,"date":"2018-03-28T11:38:40","date_gmt":"2018-03-28T09:38:40","guid":{"rendered":"https:\/\/iste.yhello.co\/?post_type=product&#038;p=11636"},"modified":"2024-01-03T13:41:43","modified_gmt":"2024-01-03T13:41:43","slug":"les-strategies-de-localisation-et-la-creation-de-valeur-des-fusions-acquisitions-internationales","status":"publish","type":"product","link":"https:\/\/www.istegroup.com\/en\/produit\/les-strategies-de-localisation-et-la-creation-de-valeur-des-fusions-acquisitions-internationales\/","title":{"rendered":"Les strat\u00e9gies de localisation et la cr\u00e9ation de valeur des fusions-acquisitions internationales"},"content":{"rendered":"<p>La globalisation des march\u00e9s et les mutations de l\u2019environnement \u00e9conomique incitent les entreprises \u00e0 acc\u00e9l\u00e9rer leur expansion internationale par le biais de fusions-acquisitions.<\/p>\n<p>Cet ouvrage est le fruit d\u2019une recherche fond\u00e9e sur un \u00e9chantillon de 395 fusions-acquisitions r\u00e9alis\u00e9es par des entreprises fran\u00e7aises \u00e0 l\u2019\u00e9chelle mondiale. Cette recherche s\u2019appuie sur un travail doctoral qui a re\u00e7u, en 2015, le Prix de th\u00e8se d\u00e9cern\u00e9 par l\u2019Association des responsables de fusions-acquisitions (ARFA), regroupant des dirigeants en fusions-acquisitions du CAC 40.<\/p>\n<p>Il comporte deux volets : premi\u00e8rement, l\u2019\u00e9tude du choix de l\u2019acqu\u00e9reur d\u2019entreprendre des op\u00e9rations dans les pays matures ou \u00e9mergents ; deuxi\u00e8mement, l\u2019identification des d\u00e9terminants de la cr\u00e9ation de valeur des fusions-acquisitions.<\/p>\n<p>Les r\u00e9sultats r\u00e9v\u00e8lent que les caract\u00e9ristiques du pays de la cible, et particuli\u00e8rement la qualit\u00e9 des institutions, sont d\u00e9terminantes dans le choix de l\u2019acqu\u00e9reur de proc\u00e9der \u00e0 des op\u00e9rations dans des pays \u00e9mergents. Il s\u2019av\u00e8re que les variables associ\u00e9es \u00e0 l\u2019acqu\u00e9reur et \u00e0 l\u2019op\u00e9ration exercent une influence significative sur la cr\u00e9ation de valeur des op\u00e9rations.<\/p>\n","protected":false},"excerpt":{"rendered":"<p>La globalisation des march\u00e9s et les mutations de l\u2019environnement \u00e9conomique incitent les entreprises \u00e0 acc\u00e9l\u00e9rer leur expansion internationale par le biais de fusions-acquisitions. Cet ouvrage est le fruit d\u2019une recherche fond\u00e9e sur un \u00e9chantillon de 395 fusions-acquisitions r\u00e9alis\u00e9es par des entreprises fran\u00e7aises \u00e0 l\u2019\u00e9chelle mondiale. Cette recherche s\u2019appuie sur un travail doctoral qui a re\u00e7u, [&hellip;]<\/p>\n","protected":false},"featured_media":11641,"template":"","meta":{"_acf_changed":false,"_links_to":"","_links_to_target":""},"product_brand":[],"product_cat":[3262],"product_tag":[31,18,19,20,3589,1080,21,22,3588,25,26,27,1579,3587,28],"class_list":{"0":"post-11636","1":"product","2":"type-product","3":"status-publish","4":"has-post-thumbnail","6":"product_cat-non-classe","7":"product_tag-ebook","8":"product_tag-edition-scientifique","9":"product_tag-editions-francaise","10":"product_tag-editions-technique","11":"product_tag-fusions-acquisitions-internationales","12":"product_tag-globalisation","13":"product_tag-iste-group","14":"product_tag-istegroup","15":"product_tag-les-strategies-de-localisation-et-la-creation-de-valeur-des-fusions-acquisitions-internationales","16":"product_tag-livre-numerique","17":"product_tag-livre-scientifique-francais","18":"product_tag-livre-technique-francais","19":"product_tag-localisation","20":"product_tag-ludivine-chalencon","21":"product_tag-ouvrage-scientifique-francais","23":"first","24":"instock","25":"shipping-taxable","26":"purchasable","27":"product-type-variable"},"acf":[],"yoast_head":"<!-- This site is optimized with the Yoast SEO plugin v27.2 - https:\/\/yoast.com\/product\/yoast-seo-wordpress\/ -->\n<title>Les strat\u00e9gies de localisation et la cr\u00e9ation de valeur des fusions-acquisitions internationales - ISTE Group<\/title>\n<meta name=\"description\" content=\"Cet ouvrage est le fruit d\u2019une recherche fond\u00e9e sur un \u00e9chantillon de 395 fusions-acquisitions r\u00e9alis\u00e9es par des entreprises fran\u00e7aises \u00e0 l\u2019\u00e9chelle mondiale. Cette recherche s\u2019appuie sur un travail doctoral qui a re\u00e7u, en 2015, le Prix de th\u00e8se d\u00e9cern\u00e9 par l\u2019Association des responsables de fusions-acquisitions (ARFA), regroupant des dirigeants en fusions-acquisitions du CAC 40.\" \/>\n<meta name=\"robots\" content=\"index, follow, max-snippet:-1, max-image-preview:large, max-video-preview:-1\" \/>\n<link rel=\"canonical\" href=\"https:\/\/www.istegroup.com\/fr\/produit\/les-strategies-de-localisation-et-la-creation-de-valeur-des-fusions-acquisitions-internationales\/\" \/>\n<meta property=\"og:locale\" content=\"en_US\" \/>\n<meta property=\"og:type\" content=\"article\" \/>\n<meta property=\"og:title\" content=\"Les strat\u00e9gies de localisation et la cr\u00e9ation de valeur des fusions-acquisitions internationales - ISTE Group\" \/>\n<meta property=\"og:description\" content=\"Cet ouvrage est le fruit d\u2019une recherche fond\u00e9e sur un \u00e9chantillon de 395 fusions-acquisitions r\u00e9alis\u00e9es par des entreprises fran\u00e7aises \u00e0 l\u2019\u00e9chelle mondiale. Cette recherche s\u2019appuie sur un travail doctoral qui a re\u00e7u, en 2015, le Prix de th\u00e8se d\u00e9cern\u00e9 par l\u2019Association des responsables de fusions-acquisitions (ARFA), regroupant des dirigeants en fusions-acquisitions du CAC 40.\" \/>\n<meta property=\"og:url\" content=\"https:\/\/www.istegroup.com\/fr\/produit\/les-strategies-de-localisation-et-la-creation-de-valeur-des-fusions-acquisitions-internationales\/\" \/>\n<meta property=\"og:site_name\" content=\"ISTE Group\" \/>\n<meta property=\"article:modified_time\" content=\"2024-01-03T13:41:43+00:00\" \/>\n<meta property=\"og:image\" content=\"https:\/\/www.istegroup.com\/wp-content\/uploads\/2018\/03\/Chalencon_Front.jpg\" \/>\n\t<meta property=\"og:image:width\" content=\"300\" \/>\n\t<meta property=\"og:image:height\" content=\"451\" \/>\n\t<meta property=\"og:image:type\" content=\"image\/jpeg\" \/>\n<meta name=\"twitter:card\" content=\"summary_large_image\" \/>\n<meta name=\"twitter:label1\" content=\"Est. reading time\" \/>\n\t<meta name=\"twitter:data1\" content=\"1 minute\" \/>\n<script type=\"application\/ld+json\" class=\"yoast-schema-graph\">{\"@context\":\"https:\/\/schema.org\",\"@graph\":[{\"@type\":\"WebPage\",\"@id\":\"https:\/\/www.istegroup.com\/fr\/produit\/les-strategies-de-localisation-et-la-creation-de-valeur-des-fusions-acquisitions-internationales\/\",\"url\":\"https:\/\/www.istegroup.com\/fr\/produit\/les-strategies-de-localisation-et-la-creation-de-valeur-des-fusions-acquisitions-internationales\/\",\"name\":\"Les strat\u00e9gies de localisation et la cr\u00e9ation de valeur des fusions-acquisitions internationales - ISTE Group\",\"isPartOf\":{\"@id\":\"https:\/\/www.istegroup.com\/#website\"},\"primaryImageOfPage\":{\"@id\":\"https:\/\/www.istegroup.com\/fr\/produit\/les-strategies-de-localisation-et-la-creation-de-valeur-des-fusions-acquisitions-internationales\/#primaryimage\"},\"image\":{\"@id\":\"https:\/\/www.istegroup.com\/fr\/produit\/les-strategies-de-localisation-et-la-creation-de-valeur-des-fusions-acquisitions-internationales\/#primaryimage\"},\"thumbnailUrl\":\"https:\/\/www.istegroup.com\/wp-content\/uploads\/2018\/03\/Chalencon_Front.jpg\",\"datePublished\":\"2018-03-28T09:38:40+00:00\",\"dateModified\":\"2024-01-03T13:41:43+00:00\",\"description\":\"Cet ouvrage est le fruit d\u2019une recherche fond\u00e9e sur un \u00e9chantillon de 395 fusions-acquisitions r\u00e9alis\u00e9es par des entreprises fran\u00e7aises \u00e0 l\u2019\u00e9chelle mondiale. Cette recherche s\u2019appuie sur un travail doctoral qui a re\u00e7u, en 2015, le Prix de th\u00e8se d\u00e9cern\u00e9 par l\u2019Association des responsables de fusions-acquisitions (ARFA), regroupant des dirigeants en fusions-acquisitions du CAC 40.\",\"breadcrumb\":{\"@id\":\"https:\/\/www.istegroup.com\/fr\/produit\/les-strategies-de-localisation-et-la-creation-de-valeur-des-fusions-acquisitions-internationales\/#breadcrumb\"},\"inLanguage\":\"en-US\",\"potentialAction\":[{\"@type\":\"ReadAction\",\"target\":[\"https:\/\/www.istegroup.com\/fr\/produit\/les-strategies-de-localisation-et-la-creation-de-valeur-des-fusions-acquisitions-internationales\/\"]}]},{\"@type\":\"ImageObject\",\"inLanguage\":\"en-US\",\"@id\":\"https:\/\/www.istegroup.com\/fr\/produit\/les-strategies-de-localisation-et-la-creation-de-valeur-des-fusions-acquisitions-internationales\/#primaryimage\",\"url\":\"https:\/\/www.istegroup.com\/wp-content\/uploads\/2018\/03\/Chalencon_Front.jpg\",\"contentUrl\":\"https:\/\/www.istegroup.com\/wp-content\/uploads\/2018\/03\/Chalencon_Front.jpg\",\"width\":300,\"height\":451,\"caption\":\"Les strat\u00e9gies de localisation et la cr\u00e9ation de valeur des fusions-acquisitions internationales iste group\"},{\"@type\":\"BreadcrumbList\",\"@id\":\"https:\/\/www.istegroup.com\/fr\/produit\/les-strategies-de-localisation-et-la-creation-de-valeur-des-fusions-acquisitions-internationales\/#breadcrumb\",\"itemListElement\":[{\"@type\":\"ListItem\",\"position\":1,\"name\":\"Home\",\"item\":\"https:\/\/www.istegroup.com\/\"},{\"@type\":\"ListItem\",\"position\":2,\"name\":\"Shop\",\"item\":\"https:\/\/www.istegroup.com\/fr\/nouveautes\/\"},{\"@type\":\"ListItem\",\"position\":3,\"name\":\"Les strat\u00e9gies de localisation et la cr\u00e9ation de valeur des fusions-acquisitions internationales\"}]},{\"@type\":\"WebSite\",\"@id\":\"https:\/\/www.istegroup.com\/#website\",\"url\":\"https:\/\/www.istegroup.com\/\",\"name\":\"ISTE Group\",\"description\":\"Publishing Knowledge\",\"potentialAction\":[{\"@type\":\"SearchAction\",\"target\":{\"@type\":\"EntryPoint\",\"urlTemplate\":\"https:\/\/www.istegroup.com\/?s={search_term_string}\"},\"query-input\":{\"@type\":\"PropertyValueSpecification\",\"valueRequired\":true,\"valueName\":\"search_term_string\"}}],\"inLanguage\":\"en-US\"}]}<\/script>\n<!-- \/ Yoast SEO plugin. -->","yoast_head_json":{"title":"Les strat\u00e9gies de localisation et la cr\u00e9ation de valeur des fusions-acquisitions internationales - ISTE Group","description":"Cet ouvrage est le fruit d\u2019une recherche fond\u00e9e sur un \u00e9chantillon de 395 fusions-acquisitions r\u00e9alis\u00e9es par des entreprises fran\u00e7aises \u00e0 l\u2019\u00e9chelle mondiale. Cette recherche s\u2019appuie sur un travail doctoral qui a re\u00e7u, en 2015, le Prix de th\u00e8se d\u00e9cern\u00e9 par l\u2019Association des responsables de fusions-acquisitions (ARFA), regroupant des dirigeants en fusions-acquisitions du CAC 40.","robots":{"index":"index","follow":"follow","max-snippet":"max-snippet:-1","max-image-preview":"max-image-preview:large","max-video-preview":"max-video-preview:-1"},"canonical":"https:\/\/www.istegroup.com\/fr\/produit\/les-strategies-de-localisation-et-la-creation-de-valeur-des-fusions-acquisitions-internationales\/","og_locale":"en_US","og_type":"article","og_title":"Les strat\u00e9gies de localisation et la cr\u00e9ation de valeur des fusions-acquisitions internationales - ISTE Group","og_description":"Cet ouvrage est le fruit d\u2019une recherche fond\u00e9e sur un \u00e9chantillon de 395 fusions-acquisitions r\u00e9alis\u00e9es par des entreprises fran\u00e7aises \u00e0 l\u2019\u00e9chelle mondiale. Cette recherche s\u2019appuie sur un travail doctoral qui a re\u00e7u, en 2015, le Prix de th\u00e8se d\u00e9cern\u00e9 par l\u2019Association des responsables de fusions-acquisitions (ARFA), regroupant des dirigeants en fusions-acquisitions du CAC 40.","og_url":"https:\/\/www.istegroup.com\/fr\/produit\/les-strategies-de-localisation-et-la-creation-de-valeur-des-fusions-acquisitions-internationales\/","og_site_name":"ISTE Group","article_modified_time":"2024-01-03T13:41:43+00:00","og_image":[{"width":300,"height":451,"url":"https:\/\/www.istegroup.com\/wp-content\/uploads\/2018\/03\/Chalencon_Front.jpg","type":"image\/jpeg"}],"twitter_card":"summary_large_image","twitter_misc":{"Est. reading time":"1 minute"},"schema":{"@context":"https:\/\/schema.org","@graph":[{"@type":"WebPage","@id":"https:\/\/www.istegroup.com\/fr\/produit\/les-strategies-de-localisation-et-la-creation-de-valeur-des-fusions-acquisitions-internationales\/","url":"https:\/\/www.istegroup.com\/fr\/produit\/les-strategies-de-localisation-et-la-creation-de-valeur-des-fusions-acquisitions-internationales\/","name":"Les strat\u00e9gies de localisation et la cr\u00e9ation de valeur des fusions-acquisitions internationales - ISTE Group","isPartOf":{"@id":"https:\/\/www.istegroup.com\/#website"},"primaryImageOfPage":{"@id":"https:\/\/www.istegroup.com\/fr\/produit\/les-strategies-de-localisation-et-la-creation-de-valeur-des-fusions-acquisitions-internationales\/#primaryimage"},"image":{"@id":"https:\/\/www.istegroup.com\/fr\/produit\/les-strategies-de-localisation-et-la-creation-de-valeur-des-fusions-acquisitions-internationales\/#primaryimage"},"thumbnailUrl":"https:\/\/www.istegroup.com\/wp-content\/uploads\/2018\/03\/Chalencon_Front.jpg","datePublished":"2018-03-28T09:38:40+00:00","dateModified":"2024-01-03T13:41:43+00:00","description":"Cet ouvrage est le fruit d\u2019une recherche fond\u00e9e sur un \u00e9chantillon de 395 fusions-acquisitions r\u00e9alis\u00e9es par des entreprises fran\u00e7aises \u00e0 l\u2019\u00e9chelle mondiale. Cette recherche s\u2019appuie sur un travail doctoral qui a re\u00e7u, en 2015, le Prix de th\u00e8se d\u00e9cern\u00e9 par l\u2019Association des responsables de fusions-acquisitions (ARFA), regroupant des dirigeants en fusions-acquisitions du CAC 40.","breadcrumb":{"@id":"https:\/\/www.istegroup.com\/fr\/produit\/les-strategies-de-localisation-et-la-creation-de-valeur-des-fusions-acquisitions-internationales\/#breadcrumb"},"inLanguage":"en-US","potentialAction":[{"@type":"ReadAction","target":["https:\/\/www.istegroup.com\/fr\/produit\/les-strategies-de-localisation-et-la-creation-de-valeur-des-fusions-acquisitions-internationales\/"]}]},{"@type":"ImageObject","inLanguage":"en-US","@id":"https:\/\/www.istegroup.com\/fr\/produit\/les-strategies-de-localisation-et-la-creation-de-valeur-des-fusions-acquisitions-internationales\/#primaryimage","url":"https:\/\/www.istegroup.com\/wp-content\/uploads\/2018\/03\/Chalencon_Front.jpg","contentUrl":"https:\/\/www.istegroup.com\/wp-content\/uploads\/2018\/03\/Chalencon_Front.jpg","width":300,"height":451,"caption":"Les strat\u00e9gies de localisation et la cr\u00e9ation de valeur des fusions-acquisitions internationales iste group"},{"@type":"BreadcrumbList","@id":"https:\/\/www.istegroup.com\/fr\/produit\/les-strategies-de-localisation-et-la-creation-de-valeur-des-fusions-acquisitions-internationales\/#breadcrumb","itemListElement":[{"@type":"ListItem","position":1,"name":"Home","item":"https:\/\/www.istegroup.com\/"},{"@type":"ListItem","position":2,"name":"Shop","item":"https:\/\/www.istegroup.com\/fr\/nouveautes\/"},{"@type":"ListItem","position":3,"name":"Les strat\u00e9gies de localisation et la cr\u00e9ation de valeur des fusions-acquisitions internationales"}]},{"@type":"WebSite","@id":"https:\/\/www.istegroup.com\/#website","url":"https:\/\/www.istegroup.com\/","name":"ISTE Group","description":"Publishing Knowledge","potentialAction":[{"@type":"SearchAction","target":{"@type":"EntryPoint","urlTemplate":"https:\/\/www.istegroup.com\/?s={search_term_string}"},"query-input":{"@type":"PropertyValueSpecification","valueRequired":true,"valueName":"search_term_string"}}],"inLanguage":"en-US"}]}},"_links":{"self":[{"href":"https:\/\/www.istegroup.com\/en\/wp-json\/wp\/v2\/product\/11636","targetHints":{"allow":["GET"]}}],"collection":[{"href":"https:\/\/www.istegroup.com\/en\/wp-json\/wp\/v2\/product"}],"about":[{"href":"https:\/\/www.istegroup.com\/en\/wp-json\/wp\/v2\/types\/product"}],"wp:featuredmedia":[{"embeddable":true,"href":"https:\/\/www.istegroup.com\/en\/wp-json\/wp\/v2\/media\/11641"}],"wp:attachment":[{"href":"https:\/\/www.istegroup.com\/en\/wp-json\/wp\/v2\/media?parent=11636"}],"wp:term":[{"taxonomy":"product_brand","embeddable":true,"href":"https:\/\/www.istegroup.com\/en\/wp-json\/wp\/v2\/product_brand?post=11636"},{"taxonomy":"product_cat","embeddable":true,"href":"https:\/\/www.istegroup.com\/en\/wp-json\/wp\/v2\/product_cat?post=11636"},{"taxonomy":"product_tag","embeddable":true,"href":"https:\/\/www.istegroup.com\/en\/wp-json\/wp\/v2\/product_tag?post=11636"}],"curies":[{"name":"wp","href":"https:\/\/api.w.org\/{rel}","templated":true}]}}