{"id":11601,"date":"2018-03-28T10:50:21","date_gmt":"2018-03-28T08:50:21","guid":{"rendered":"https:\/\/iste.yhello.co\/?post_type=product&#038;p=11601"},"modified":"2024-01-03T14:37:55","modified_gmt":"2024-01-03T14:37:55","slug":"les-reseaux-de-sante","status":"publish","type":"product","link":"https:\/\/www.istegroup.com\/en\/produit\/les-reseaux-de-sante\/","title":{"rendered":"Les r\u00e9seaux de sant\u00e9"},"content":{"rendered":"<p>En France, le r\u00e9seau de sant\u00e9 se trouve \u00e0 la crois\u00e9e des chemins. Du fait de la crise \u00e9conomique, les financeurs publics sont dans l\u2019obligation de faire des choix : l\u2019orientation actuelle des politiques publiques pr\u00e9conise la mutualisation des r\u00e9seaux de sant\u00e9 monoth\u00e9matiques en un r\u00e9seau unique multith\u00e9matique, dot\u00e9 d\u2019un territoire g\u00e9ographique plus \u00e9tendu. Cela est per\u00e7u par certains professionnels des r\u00e9seaux et du terrain et par des acteurs publics comme \u00e9tant la fin du cycle de vie des r\u00e9seaux de sant\u00e9 en France, au moins dans leur forme actuelle.<\/p>\n<p>Cependant, cette restructuration justifi\u00e9e et l\u00e9gitime ne doit pas faire perdre au r\u00e9seau de sant\u00e9 sa proximit\u00e9 avec le terrain ni r\u00e9duire la qualit\u00e9 du service rendu au patient, voire lui faire perdre son sens et sa raison d\u2019\u00eatre.<\/p>\n<p>Cet ouvrage offre une r\u00e9flexion sur la p\u00e9rennisation de l\u2019action des r\u00e9seaux de sant\u00e9 en France, en portant attention \u00e0 leur mod\u00e8le \u00e9conomique et \u00e0 leur dimension politique.<\/p>\n","protected":false},"excerpt":{"rendered":"<p>En France, le r\u00e9seau de sant\u00e9 se trouve \u00e0 la crois\u00e9e des chemins. Du fait de la crise \u00e9conomique, les financeurs publics sont dans l\u2019obligation de faire des choix : l\u2019orientation actuelle des politiques publiques pr\u00e9conise la mutualisation des r\u00e9seaux de sant\u00e9 monoth\u00e9matiques en un r\u00e9seau unique multith\u00e9matique, dot\u00e9 d\u2019un territoire g\u00e9ographique plus \u00e9tendu. Cela [&hellip;]<\/p>\n","protected":false},"featured_media":11607,"template":"","meta":{"_acf_changed":false,"_links_to":"","_links_to_target":""},"product_brand":[],"product_cat":[3262],"product_tag":[3612,18,19,199,21,22,3611,3610,25,26,27,28,3609],"class_list":{"0":"post-11601","1":"product","2":"type-product","3":"status-publish","4":"has-post-thumbnail","6":"product_cat-non-classe","7":"product_tag-aline-courie-lemeur","8":"product_tag-edition-scientifique","9":"product_tag-editions-francaise","10":"product_tag-iste-editions","11":"product_tag-iste-group","12":"product_tag-istegroup","13":"product_tag-les-enjeux-de-la-perennite","14":"product_tag-les-reseaux-de-sante","15":"product_tag-livre-numerique","16":"product_tag-livre-scientifique-francais","17":"product_tag-livre-technique-francais","18":"product_tag-ouvrage-scientifique-francais","19":"product_tag-sante-et-patients","21":"first","22":"instock","23":"shipping-taxable","24":"purchasable","25":"product-type-variable"},"acf":[],"yoast_head":"<!-- This site is optimized with the Yoast SEO plugin v27.2 - https:\/\/yoast.com\/product\/yoast-seo-wordpress\/ -->\n<title>Les r\u00e9seaux de sant\u00e9 - ISTE Group<\/title>\n<meta name=\"description\" content=\"Cet ouvrage offre une r\u00e9flexion sur la p\u00e9rennisation de l\u2019action des r\u00e9seaux de sant\u00e9 en France, en portant attention \u00e0 leur mod\u00e8le \u00e9conomique et \u00e0 leur dimension politique.\" \/>\n<meta name=\"robots\" content=\"index, follow, max-snippet:-1, max-image-preview:large, max-video-preview:-1\" \/>\n<link rel=\"canonical\" href=\"https:\/\/www.istegroup.com\/fr\/produit\/les-reseaux-de-sante\/\" \/>\n<meta property=\"og:locale\" content=\"en_US\" \/>\n<meta property=\"og:type\" content=\"article\" \/>\n<meta property=\"og:title\" content=\"Les r\u00e9seaux de sant\u00e9 - ISTE Group\" \/>\n<meta property=\"og:description\" content=\"Cet ouvrage offre une r\u00e9flexion sur la p\u00e9rennisation de l\u2019action des r\u00e9seaux de sant\u00e9 en France, en portant attention \u00e0 leur mod\u00e8le \u00e9conomique et \u00e0 leur dimension politique.\" \/>\n<meta property=\"og:url\" content=\"https:\/\/www.istegroup.com\/fr\/produit\/les-reseaux-de-sante\/\" \/>\n<meta property=\"og:site_name\" content=\"ISTE Group\" \/>\n<meta property=\"article:modified_time\" content=\"2024-01-03T14:37:55+00:00\" \/>\n<meta property=\"og:image\" content=\"https:\/\/www.istegroup.com\/wp-content\/uploads\/2018\/03\/Courie-Lemeur_Front-scaled.jpg\" \/>\n\t<meta property=\"og:image:width\" content=\"1707\" \/>\n\t<meta property=\"og:image:height\" content=\"2560\" \/>\n\t<meta property=\"og:image:type\" content=\"image\/jpeg\" \/>\n<meta name=\"twitter:card\" content=\"summary_large_image\" \/>\n<meta name=\"twitter:label1\" content=\"Est. reading time\" \/>\n\t<meta name=\"twitter:data1\" content=\"1 minute\" \/>\n<script type=\"application\/ld+json\" class=\"yoast-schema-graph\">{\"@context\":\"https:\/\/schema.org\",\"@graph\":[{\"@type\":\"WebPage\",\"@id\":\"https:\/\/www.istegroup.com\/fr\/produit\/les-reseaux-de-sante\/\",\"url\":\"https:\/\/www.istegroup.com\/fr\/produit\/les-reseaux-de-sante\/\",\"name\":\"Les r\u00e9seaux de sant\u00e9 - ISTE Group\",\"isPartOf\":{\"@id\":\"https:\/\/www.istegroup.com\/#website\"},\"primaryImageOfPage\":{\"@id\":\"https:\/\/www.istegroup.com\/fr\/produit\/les-reseaux-de-sante\/#primaryimage\"},\"image\":{\"@id\":\"https:\/\/www.istegroup.com\/fr\/produit\/les-reseaux-de-sante\/#primaryimage\"},\"thumbnailUrl\":\"https:\/\/www.istegroup.com\/wp-content\/uploads\/2018\/03\/Courie-Lemeur_Front-scaled.jpg\",\"datePublished\":\"2018-03-28T08:50:21+00:00\",\"dateModified\":\"2024-01-03T14:37:55+00:00\",\"description\":\"Cet ouvrage offre une r\u00e9flexion sur la p\u00e9rennisation de l\u2019action des r\u00e9seaux de sant\u00e9 en France, en portant attention \u00e0 leur mod\u00e8le \u00e9conomique et \u00e0 leur dimension politique.\",\"breadcrumb\":{\"@id\":\"https:\/\/www.istegroup.com\/fr\/produit\/les-reseaux-de-sante\/#breadcrumb\"},\"inLanguage\":\"en-US\",\"potentialAction\":[{\"@type\":\"ReadAction\",\"target\":[\"https:\/\/www.istegroup.com\/fr\/produit\/les-reseaux-de-sante\/\"]}]},{\"@type\":\"ImageObject\",\"inLanguage\":\"en-US\",\"@id\":\"https:\/\/www.istegroup.com\/fr\/produit\/les-reseaux-de-sante\/#primaryimage\",\"url\":\"https:\/\/www.istegroup.com\/wp-content\/uploads\/2018\/03\/Courie-Lemeur_Front-scaled.jpg\",\"contentUrl\":\"https:\/\/www.istegroup.com\/wp-content\/uploads\/2018\/03\/Courie-Lemeur_Front-scaled.jpg\",\"width\":1707,\"height\":2560,\"caption\":\"Les enjeux de la p\u00e9rennit\u00e9\"},{\"@type\":\"BreadcrumbList\",\"@id\":\"https:\/\/www.istegroup.com\/fr\/produit\/les-reseaux-de-sante\/#breadcrumb\",\"itemListElement\":[{\"@type\":\"ListItem\",\"position\":1,\"name\":\"Home\",\"item\":\"https:\/\/www.istegroup.com\/\"},{\"@type\":\"ListItem\",\"position\":2,\"name\":\"Shop\",\"item\":\"https:\/\/www.istegroup.com\/fr\/nouveautes\/\"},{\"@type\":\"ListItem\",\"position\":3,\"name\":\"Les r\u00e9seaux de sant\u00e9\"}]},{\"@type\":\"WebSite\",\"@id\":\"https:\/\/www.istegroup.com\/#website\",\"url\":\"https:\/\/www.istegroup.com\/\",\"name\":\"ISTE Group\",\"description\":\"Publishing Knowledge\",\"potentialAction\":[{\"@type\":\"SearchAction\",\"target\":{\"@type\":\"EntryPoint\",\"urlTemplate\":\"https:\/\/www.istegroup.com\/?s={search_term_string}\"},\"query-input\":{\"@type\":\"PropertyValueSpecification\",\"valueRequired\":true,\"valueName\":\"search_term_string\"}}],\"inLanguage\":\"en-US\"}]}<\/script>\n<!-- \/ Yoast SEO plugin. -->","yoast_head_json":{"title":"Les r\u00e9seaux de sant\u00e9 - ISTE Group","description":"Cet ouvrage offre une r\u00e9flexion sur la p\u00e9rennisation de l\u2019action des r\u00e9seaux de sant\u00e9 en France, en portant attention \u00e0 leur mod\u00e8le \u00e9conomique et \u00e0 leur dimension politique.","robots":{"index":"index","follow":"follow","max-snippet":"max-snippet:-1","max-image-preview":"max-image-preview:large","max-video-preview":"max-video-preview:-1"},"canonical":"https:\/\/www.istegroup.com\/fr\/produit\/les-reseaux-de-sante\/","og_locale":"en_US","og_type":"article","og_title":"Les r\u00e9seaux de sant\u00e9 - ISTE Group","og_description":"Cet ouvrage offre une r\u00e9flexion sur la p\u00e9rennisation de l\u2019action des r\u00e9seaux de sant\u00e9 en France, en portant attention \u00e0 leur mod\u00e8le \u00e9conomique et \u00e0 leur dimension politique.","og_url":"https:\/\/www.istegroup.com\/fr\/produit\/les-reseaux-de-sante\/","og_site_name":"ISTE Group","article_modified_time":"2024-01-03T14:37:55+00:00","og_image":[{"width":1707,"height":2560,"url":"https:\/\/www.istegroup.com\/wp-content\/uploads\/2018\/03\/Courie-Lemeur_Front-scaled.jpg","type":"image\/jpeg"}],"twitter_card":"summary_large_image","twitter_misc":{"Est. reading time":"1 minute"},"schema":{"@context":"https:\/\/schema.org","@graph":[{"@type":"WebPage","@id":"https:\/\/www.istegroup.com\/fr\/produit\/les-reseaux-de-sante\/","url":"https:\/\/www.istegroup.com\/fr\/produit\/les-reseaux-de-sante\/","name":"Les r\u00e9seaux de sant\u00e9 - ISTE Group","isPartOf":{"@id":"https:\/\/www.istegroup.com\/#website"},"primaryImageOfPage":{"@id":"https:\/\/www.istegroup.com\/fr\/produit\/les-reseaux-de-sante\/#primaryimage"},"image":{"@id":"https:\/\/www.istegroup.com\/fr\/produit\/les-reseaux-de-sante\/#primaryimage"},"thumbnailUrl":"https:\/\/www.istegroup.com\/wp-content\/uploads\/2018\/03\/Courie-Lemeur_Front-scaled.jpg","datePublished":"2018-03-28T08:50:21+00:00","dateModified":"2024-01-03T14:37:55+00:00","description":"Cet ouvrage offre une r\u00e9flexion sur la p\u00e9rennisation de l\u2019action des r\u00e9seaux de sant\u00e9 en France, en portant attention \u00e0 leur mod\u00e8le \u00e9conomique et \u00e0 leur dimension politique.","breadcrumb":{"@id":"https:\/\/www.istegroup.com\/fr\/produit\/les-reseaux-de-sante\/#breadcrumb"},"inLanguage":"en-US","potentialAction":[{"@type":"ReadAction","target":["https:\/\/www.istegroup.com\/fr\/produit\/les-reseaux-de-sante\/"]}]},{"@type":"ImageObject","inLanguage":"en-US","@id":"https:\/\/www.istegroup.com\/fr\/produit\/les-reseaux-de-sante\/#primaryimage","url":"https:\/\/www.istegroup.com\/wp-content\/uploads\/2018\/03\/Courie-Lemeur_Front-scaled.jpg","contentUrl":"https:\/\/www.istegroup.com\/wp-content\/uploads\/2018\/03\/Courie-Lemeur_Front-scaled.jpg","width":1707,"height":2560,"caption":"Les enjeux de la p\u00e9rennit\u00e9"},{"@type":"BreadcrumbList","@id":"https:\/\/www.istegroup.com\/fr\/produit\/les-reseaux-de-sante\/#breadcrumb","itemListElement":[{"@type":"ListItem","position":1,"name":"Home","item":"https:\/\/www.istegroup.com\/"},{"@type":"ListItem","position":2,"name":"Shop","item":"https:\/\/www.istegroup.com\/fr\/nouveautes\/"},{"@type":"ListItem","position":3,"name":"Les r\u00e9seaux de sant\u00e9"}]},{"@type":"WebSite","@id":"https:\/\/www.istegroup.com\/#website","url":"https:\/\/www.istegroup.com\/","name":"ISTE Group","description":"Publishing Knowledge","potentialAction":[{"@type":"SearchAction","target":{"@type":"EntryPoint","urlTemplate":"https:\/\/www.istegroup.com\/?s={search_term_string}"},"query-input":{"@type":"PropertyValueSpecification","valueRequired":true,"valueName":"search_term_string"}}],"inLanguage":"en-US"}]}},"_links":{"self":[{"href":"https:\/\/www.istegroup.com\/en\/wp-json\/wp\/v2\/product\/11601","targetHints":{"allow":["GET"]}}],"collection":[{"href":"https:\/\/www.istegroup.com\/en\/wp-json\/wp\/v2\/product"}],"about":[{"href":"https:\/\/www.istegroup.com\/en\/wp-json\/wp\/v2\/types\/product"}],"wp:featuredmedia":[{"embeddable":true,"href":"https:\/\/www.istegroup.com\/en\/wp-json\/wp\/v2\/media\/11607"}],"wp:attachment":[{"href":"https:\/\/www.istegroup.com\/en\/wp-json\/wp\/v2\/media?parent=11601"}],"wp:term":[{"taxonomy":"product_brand","embeddable":true,"href":"https:\/\/www.istegroup.com\/en\/wp-json\/wp\/v2\/product_brand?post=11601"},{"taxonomy":"product_cat","embeddable":true,"href":"https:\/\/www.istegroup.com\/en\/wp-json\/wp\/v2\/product_cat?post=11601"},{"taxonomy":"product_tag","embeddable":true,"href":"https:\/\/www.istegroup.com\/en\/wp-json\/wp\/v2\/product_tag?post=11601"}],"curies":[{"name":"wp","href":"https:\/\/api.w.org\/{rel}","templated":true}]}}