{"id":11587,"date":"2018-03-28T10:44:16","date_gmt":"2018-03-28T08:44:16","guid":{"rendered":"https:\/\/iste.yhello.co\/?post_type=product&#038;p=11587"},"modified":"2024-01-03T13:41:41","modified_gmt":"2024-01-03T13:41:41","slug":"spectroscopie-infrarouge-de-molecules-diatomiques-pour-lobservation-spatiale","status":"publish","type":"product","link":"https:\/\/www.istegroup.com\/en\/produit\/spectroscopie-infrarouge-de-molecules-diatomiques-pour-lobservation-spatiale\/","title":{"rendered":"Spectroscopie infrarouge de mol\u00e9cules diatomiques pour l\u2019observation spatiale"},"content":{"rendered":"<p>Cet ouvrage d\u00e9crit les m\u00e9thodes th\u00e9oriques qui sont mises en oeuvre dans le cadre de recherches fondamentales pour interpr\u00e9ter les spectres de mol\u00e9cules diatomiques observ\u00e9es dans le domaine infrarouge lorsque ces mol\u00e9cules sont soumises \u00e0 un environnement o\u00f9 la temp\u00e9rature et la pression modifient leurs spectres infrarouges en phase gazeuse ou dans des nanocages.<\/p>\n<p>Il pr\u00e9sente les mod\u00e8les th\u00e9oriques qui ont \u00e9t\u00e9 d\u00e9velopp\u00e9s pour \u00e9tudier la modification des spectres infrarouges des diatomiques sous l\u2019effet de la pression, l\u2019\u00e9largissement du profil de raie, le d\u00e9placement des centres de bandes et la modification du spectre rovibrationnel dans les nanocages ou sur des surfaces.<\/p>\n<p>Cet ouvrage s\u2019adresse aux \u00e9tudiants de master ou de doctorat, aux enseignants, chercheurs, astronomes et astrophysiciens qui analysent les donn\u00e9es correspondant \u00e0 l\u2019interaction du rayonnement \u00e9lectromagn\u00e9tique avec la mati\u00e8re dans le domaine de l\u2019infrarouge afin d\u2019identifier les esp\u00e8ces chimiques et leurs environnements.<\/p>\n","protected":false},"excerpt":{"rendered":"<p>Cet ouvrage d\u00e9crit les m\u00e9thodes th\u00e9oriques qui sont mises en oeuvre dans le cadre de recherches fondamentales pour interpr\u00e9ter les spectres de mol\u00e9cules diatomiques observ\u00e9es dans le domaine infrarouge lorsque ces mol\u00e9cules sont soumises \u00e0 un environnement o\u00f9 la temp\u00e9rature et la pression modifient leurs spectres infrarouges en phase gazeuse ou dans des nanocages. Il [&hellip;]<\/p>\n","protected":false},"featured_media":11600,"template":"","meta":{"_acf_changed":false,"_links_to":"","_links_to_target":""},"product_brand":[],"product_cat":[3262],"product_tag":[3616,18,19,20,21,22,3615,63,172,26,27,145,28,1032,3614,3613],"class_list":{"0":"post-11587","1":"product","2":"type-product","3":"status-publish","4":"has-post-thumbnail","6":"product_cat-non-classe","7":"product_tag-azzedine-lakhlifi","8":"product_tag-edition-scientifique","9":"product_tag-editions-francaise","10":"product_tag-editions-technique","11":"product_tag-iste-group","12":"product_tag-istegroup","13":"product_tag-la-spectroscopie-infrarouge","14":"product_tag-livre-electronique","15":"product_tag-livre-scientifique","16":"product_tag-livre-scientifique-francais","17":"product_tag-livre-technique-francais","18":"product_tag-ouvrage-scientifique","19":"product_tag-ouvrage-scientifique-francais","20":"product_tag-pierre-richard-dahoo","21":"product_tag-spectres","22":"product_tag-spectroscopie-infrarouge-de-molecules-diatomiques-pour-lobservation-spatiale","24":"first","25":"instock","26":"shipping-taxable","27":"purchasable","28":"product-type-variable"},"acf":[],"yoast_head":"<!-- This site is optimized with the Yoast SEO plugin v27.2 - https:\/\/yoast.com\/product\/yoast-seo-wordpress\/ -->\n<title>Spectroscopie infrarouge de mol\u00e9cules diatomiques pour l\u2019observation spatiale - ISTE Group<\/title>\n<meta name=\"robots\" content=\"index, follow, max-snippet:-1, max-image-preview:large, max-video-preview:-1\" \/>\n<link rel=\"canonical\" href=\"https:\/\/www.istegroup.com\/en\/produit\/spectroscopie-infrarouge-de-molecules-diatomiques-pour-lobservation-spatiale\/\" \/>\n<meta property=\"og:locale\" content=\"en_US\" \/>\n<meta property=\"og:type\" content=\"article\" \/>\n<meta property=\"og:title\" content=\"Spectroscopie infrarouge de mol\u00e9cules diatomiques pour l\u2019observation spatiale - ISTE Group\" \/>\n<meta property=\"og:description\" content=\"Cet ouvrage d\u00e9crit les m\u00e9thodes th\u00e9oriques qui sont mises en oeuvre dans le cadre de recherches fondamentales pour interpr\u00e9ter les spectres de mol\u00e9cules diatomiques observ\u00e9es dans le domaine infrarouge lorsque ces mol\u00e9cules sont soumises \u00e0 un environnement o\u00f9 la temp\u00e9rature et la pression modifient leurs spectres infrarouges en phase gazeuse ou dans des nanocages. Il [&hellip;]\" \/>\n<meta property=\"og:url\" content=\"https:\/\/www.istegroup.com\/en\/produit\/spectroscopie-infrarouge-de-molecules-diatomiques-pour-lobservation-spatiale\/\" \/>\n<meta property=\"og:site_name\" content=\"ISTE Group\" \/>\n<meta property=\"article:modified_time\" content=\"2024-01-03T13:41:41+00:00\" \/>\n<meta property=\"og:image\" content=\"https:\/\/www.istegroup.com\/wp-content\/uploads\/2018\/03\/Dahoo_Front-scaled.jpg\" \/>\n\t<meta property=\"og:image:width\" content=\"1671\" \/>\n\t<meta property=\"og:image:height\" content=\"2560\" \/>\n\t<meta property=\"og:image:type\" content=\"image\/jpeg\" \/>\n<meta name=\"twitter:card\" content=\"summary_large_image\" \/>\n<meta name=\"twitter:label1\" content=\"Est. reading time\" \/>\n\t<meta name=\"twitter:data1\" content=\"1 minute\" \/>\n<script type=\"application\/ld+json\" class=\"yoast-schema-graph\">{\"@context\":\"https:\/\/schema.org\",\"@graph\":[{\"@type\":\"WebPage\",\"@id\":\"https:\/\/www.istegroup.com\/en\/produit\/spectroscopie-infrarouge-de-molecules-diatomiques-pour-lobservation-spatiale\/\",\"url\":\"https:\/\/www.istegroup.com\/en\/produit\/spectroscopie-infrarouge-de-molecules-diatomiques-pour-lobservation-spatiale\/\",\"name\":\"Spectroscopie infrarouge de mol\u00e9cules diatomiques pour l\u2019observation spatiale - ISTE Group\",\"isPartOf\":{\"@id\":\"https:\/\/www.istegroup.com\/#website\"},\"primaryImageOfPage\":{\"@id\":\"https:\/\/www.istegroup.com\/en\/produit\/spectroscopie-infrarouge-de-molecules-diatomiques-pour-lobservation-spatiale\/#primaryimage\"},\"image\":{\"@id\":\"https:\/\/www.istegroup.com\/en\/produit\/spectroscopie-infrarouge-de-molecules-diatomiques-pour-lobservation-spatiale\/#primaryimage\"},\"thumbnailUrl\":\"https:\/\/www.istegroup.com\/wp-content\/uploads\/2018\/03\/Dahoo_Front-scaled.jpg\",\"datePublished\":\"2018-03-28T08:44:16+00:00\",\"dateModified\":\"2024-01-03T13:41:41+00:00\",\"breadcrumb\":{\"@id\":\"https:\/\/www.istegroup.com\/en\/produit\/spectroscopie-infrarouge-de-molecules-diatomiques-pour-lobservation-spatiale\/#breadcrumb\"},\"inLanguage\":\"en-US\",\"potentialAction\":[{\"@type\":\"ReadAction\",\"target\":[\"https:\/\/www.istegroup.com\/en\/produit\/spectroscopie-infrarouge-de-molecules-diatomiques-pour-lobservation-spatiale\/\"]}]},{\"@type\":\"ImageObject\",\"inLanguage\":\"en-US\",\"@id\":\"https:\/\/www.istegroup.com\/en\/produit\/spectroscopie-infrarouge-de-molecules-diatomiques-pour-lobservation-spatiale\/#primaryimage\",\"url\":\"https:\/\/www.istegroup.com\/wp-content\/uploads\/2018\/03\/Dahoo_Front-scaled.jpg\",\"contentUrl\":\"https:\/\/www.istegroup.com\/wp-content\/uploads\/2018\/03\/Dahoo_Front-scaled.jpg\",\"width\":1671,\"height\":2560,\"caption\":\"Spectroscopie infrarouge de mol\u00e9cules triatomiques pour l\u2019observation spatiale iste group\"},{\"@type\":\"BreadcrumbList\",\"@id\":\"https:\/\/www.istegroup.com\/en\/produit\/spectroscopie-infrarouge-de-molecules-diatomiques-pour-lobservation-spatiale\/#breadcrumb\",\"itemListElement\":[{\"@type\":\"ListItem\",\"position\":1,\"name\":\"Home\",\"item\":\"https:\/\/www.istegroup.com\/\"},{\"@type\":\"ListItem\",\"position\":2,\"name\":\"Shop\",\"item\":\"https:\/\/www.istegroup.com\/fr\/nouveautes\/\"},{\"@type\":\"ListItem\",\"position\":3,\"name\":\"Spectroscopie infrarouge de mol\u00e9cules diatomiques pour l\u2019observation spatiale\"}]},{\"@type\":\"WebSite\",\"@id\":\"https:\/\/www.istegroup.com\/#website\",\"url\":\"https:\/\/www.istegroup.com\/\",\"name\":\"ISTE Group\",\"description\":\"Publishing Knowledge\",\"potentialAction\":[{\"@type\":\"SearchAction\",\"target\":{\"@type\":\"EntryPoint\",\"urlTemplate\":\"https:\/\/www.istegroup.com\/?s={search_term_string}\"},\"query-input\":{\"@type\":\"PropertyValueSpecification\",\"valueRequired\":true,\"valueName\":\"search_term_string\"}}],\"inLanguage\":\"en-US\"}]}<\/script>\n<!-- \/ Yoast SEO plugin. -->","yoast_head_json":{"title":"Spectroscopie infrarouge de mol\u00e9cules diatomiques pour l\u2019observation spatiale - ISTE Group","robots":{"index":"index","follow":"follow","max-snippet":"max-snippet:-1","max-image-preview":"max-image-preview:large","max-video-preview":"max-video-preview:-1"},"canonical":"https:\/\/www.istegroup.com\/en\/produit\/spectroscopie-infrarouge-de-molecules-diatomiques-pour-lobservation-spatiale\/","og_locale":"en_US","og_type":"article","og_title":"Spectroscopie infrarouge de mol\u00e9cules diatomiques pour l\u2019observation spatiale - ISTE Group","og_description":"Cet ouvrage d\u00e9crit les m\u00e9thodes th\u00e9oriques qui sont mises en oeuvre dans le cadre de recherches fondamentales pour interpr\u00e9ter les spectres de mol\u00e9cules diatomiques observ\u00e9es dans le domaine infrarouge lorsque ces mol\u00e9cules sont soumises \u00e0 un environnement o\u00f9 la temp\u00e9rature et la pression modifient leurs spectres infrarouges en phase gazeuse ou dans des nanocages. Il [&hellip;]","og_url":"https:\/\/www.istegroup.com\/en\/produit\/spectroscopie-infrarouge-de-molecules-diatomiques-pour-lobservation-spatiale\/","og_site_name":"ISTE Group","article_modified_time":"2024-01-03T13:41:41+00:00","og_image":[{"width":1671,"height":2560,"url":"https:\/\/www.istegroup.com\/wp-content\/uploads\/2018\/03\/Dahoo_Front-scaled.jpg","type":"image\/jpeg"}],"twitter_card":"summary_large_image","twitter_misc":{"Est. reading time":"1 minute"},"schema":{"@context":"https:\/\/schema.org","@graph":[{"@type":"WebPage","@id":"https:\/\/www.istegroup.com\/en\/produit\/spectroscopie-infrarouge-de-molecules-diatomiques-pour-lobservation-spatiale\/","url":"https:\/\/www.istegroup.com\/en\/produit\/spectroscopie-infrarouge-de-molecules-diatomiques-pour-lobservation-spatiale\/","name":"Spectroscopie infrarouge de mol\u00e9cules diatomiques pour l\u2019observation spatiale - ISTE Group","isPartOf":{"@id":"https:\/\/www.istegroup.com\/#website"},"primaryImageOfPage":{"@id":"https:\/\/www.istegroup.com\/en\/produit\/spectroscopie-infrarouge-de-molecules-diatomiques-pour-lobservation-spatiale\/#primaryimage"},"image":{"@id":"https:\/\/www.istegroup.com\/en\/produit\/spectroscopie-infrarouge-de-molecules-diatomiques-pour-lobservation-spatiale\/#primaryimage"},"thumbnailUrl":"https:\/\/www.istegroup.com\/wp-content\/uploads\/2018\/03\/Dahoo_Front-scaled.jpg","datePublished":"2018-03-28T08:44:16+00:00","dateModified":"2024-01-03T13:41:41+00:00","breadcrumb":{"@id":"https:\/\/www.istegroup.com\/en\/produit\/spectroscopie-infrarouge-de-molecules-diatomiques-pour-lobservation-spatiale\/#breadcrumb"},"inLanguage":"en-US","potentialAction":[{"@type":"ReadAction","target":["https:\/\/www.istegroup.com\/en\/produit\/spectroscopie-infrarouge-de-molecules-diatomiques-pour-lobservation-spatiale\/"]}]},{"@type":"ImageObject","inLanguage":"en-US","@id":"https:\/\/www.istegroup.com\/en\/produit\/spectroscopie-infrarouge-de-molecules-diatomiques-pour-lobservation-spatiale\/#primaryimage","url":"https:\/\/www.istegroup.com\/wp-content\/uploads\/2018\/03\/Dahoo_Front-scaled.jpg","contentUrl":"https:\/\/www.istegroup.com\/wp-content\/uploads\/2018\/03\/Dahoo_Front-scaled.jpg","width":1671,"height":2560,"caption":"Spectroscopie infrarouge de mol\u00e9cules triatomiques pour l\u2019observation spatiale iste group"},{"@type":"BreadcrumbList","@id":"https:\/\/www.istegroup.com\/en\/produit\/spectroscopie-infrarouge-de-molecules-diatomiques-pour-lobservation-spatiale\/#breadcrumb","itemListElement":[{"@type":"ListItem","position":1,"name":"Home","item":"https:\/\/www.istegroup.com\/"},{"@type":"ListItem","position":2,"name":"Shop","item":"https:\/\/www.istegroup.com\/fr\/nouveautes\/"},{"@type":"ListItem","position":3,"name":"Spectroscopie infrarouge de mol\u00e9cules diatomiques pour l\u2019observation spatiale"}]},{"@type":"WebSite","@id":"https:\/\/www.istegroup.com\/#website","url":"https:\/\/www.istegroup.com\/","name":"ISTE Group","description":"Publishing Knowledge","potentialAction":[{"@type":"SearchAction","target":{"@type":"EntryPoint","urlTemplate":"https:\/\/www.istegroup.com\/?s={search_term_string}"},"query-input":{"@type":"PropertyValueSpecification","valueRequired":true,"valueName":"search_term_string"}}],"inLanguage":"en-US"}]}},"_links":{"self":[{"href":"https:\/\/www.istegroup.com\/en\/wp-json\/wp\/v2\/product\/11587","targetHints":{"allow":["GET"]}}],"collection":[{"href":"https:\/\/www.istegroup.com\/en\/wp-json\/wp\/v2\/product"}],"about":[{"href":"https:\/\/www.istegroup.com\/en\/wp-json\/wp\/v2\/types\/product"}],"wp:featuredmedia":[{"embeddable":true,"href":"https:\/\/www.istegroup.com\/en\/wp-json\/wp\/v2\/media\/11600"}],"wp:attachment":[{"href":"https:\/\/www.istegroup.com\/en\/wp-json\/wp\/v2\/media?parent=11587"}],"wp:term":[{"taxonomy":"product_brand","embeddable":true,"href":"https:\/\/www.istegroup.com\/en\/wp-json\/wp\/v2\/product_brand?post=11587"},{"taxonomy":"product_cat","embeddable":true,"href":"https:\/\/www.istegroup.com\/en\/wp-json\/wp\/v2\/product_cat?post=11587"},{"taxonomy":"product_tag","embeddable":true,"href":"https:\/\/www.istegroup.com\/en\/wp-json\/wp\/v2\/product_tag?post=11587"}],"curies":[{"name":"wp","href":"https:\/\/api.w.org\/{rel}","templated":true}]}}