{"id":11576,"date":"2018-03-28T10:22:21","date_gmt":"2018-03-28T08:22:21","guid":{"rendered":"https:\/\/iste.yhello.co\/?post_type=product&#038;p=11576"},"modified":"2024-01-03T13:41:37","modified_gmt":"2024-01-03T13:41:37","slug":"utopies-contemporaines-en-information-documentation","status":"publish","type":"product","link":"https:\/\/www.istegroup.com\/en\/produit\/utopies-contemporaines-en-information-documentation\/","title":{"rendered":"Utopies contemporaines en information-documentation"},"content":{"rendered":"<p>Force est de constater que le XXe si\u00e8cle et le d\u00e9but du XXIe sont, dans le milieu de la documentation, caract\u00e9ris\u00e9s par l\u2019essor des techniques de l\u2019information. Cela a une incidence majeure sur la circulation et la diffusion des savoirs, la posture et les missions des professionnels de l\u2019information documentaire, ainsi que la capacit\u00e9 de r\u00e9ception des usagers et plus largement des citoyens.<\/p>\n<p><em>Utopies contemporaines en information-documentation\u00a0<\/em>analyse, \u00e0 travers les discours d\u2019intellectuels, la mani\u00e8re dont les conceptions mais aussi les gestes documentaires sont nourris d\u2019utopies qui contribuent \u00e0 inscrire de fa\u00e7on \u00e0 la fois pragmatique et politique les objets info-documentaires.<\/p>\n<p>Travailler sur les utopies, et sur les textes \u00e0 vis\u00e9e utopique et projective, revient \u00e0 \u00e9noncer une critique de notre temps et de l\u2019\u00e9poque privil\u00e9gi\u00e9e ; critique absolument n\u00e9cessaire pour saisir les logiques sociales et professionnelles \u00e0 l\u2019oeuvre, et anticiper l\u2019avenir du secteur de la documentation.<\/p>\n","protected":false},"excerpt":{"rendered":"<p>Force est de constater que le XXe si\u00e8cle et le d\u00e9but du XXIe sont, dans le milieu de la documentation, caract\u00e9ris\u00e9s par l\u2019essor des techniques de l\u2019information. Cela a une incidence majeure sur la circulation et la diffusion des savoirs, la posture et les missions des professionnels de l\u2019information documentaire, ainsi que la capacit\u00e9 de [&hellip;]<\/p>\n","protected":false},"featured_media":11586,"template":"","meta":{"_acf_changed":false,"_links_to":"","_links_to_target":""},"product_brand":[],"product_cat":[3262],"product_tag":[3621,3620,18,19,20,21,22,25,26,27,209,28,3619,3618,3617],"class_list":{"0":"post-11576","1":"product","2":"type-product","3":"status-publish","4":"has-post-thumbnail","6":"product_cat-non-classe","7":"product_tag-anne-cordier","8":"product_tag-communication-et-documentation","9":"product_tag-edition-scientifique","10":"product_tag-editions-francaise","11":"product_tag-editions-technique","12":"product_tag-iste-group","13":"product_tag-istegroup","14":"product_tag-livre-numerique","15":"product_tag-livre-scientifique-francais","16":"product_tag-livre-technique-francais","17":"product_tag-livres-scientifiques","18":"product_tag-ouvrage-scientifique-francais","19":"product_tag-utopies-contemporaines-en-information-documentation","20":"product_tag-utopies-en-information","21":"product_tag-vincent-liquete","23":"first","24":"instock","25":"shipping-taxable","26":"purchasable","27":"product-type-variable"},"acf":[],"yoast_head":"<!-- This site is optimized with the Yoast SEO plugin v27.2 - https:\/\/yoast.com\/product\/yoast-seo-wordpress\/ -->\n<title>Utopies contemporaines en information-documentation - ISTE Group<\/title>\n<meta name=\"description\" content=\"Utopies contemporaines en information-documentation\u00a0analyse, \u00e0 travers les discours d\u2019intellectuels, la mani\u00e8re dont les conceptions mais aussi les gestes documentaires sont nourris d\u2019utopies qui contribuent \u00e0 inscrire de fa\u00e7on \u00e0 la fois pragmatique et politique les objets info-documentaires.\" \/>\n<meta name=\"robots\" content=\"index, follow, max-snippet:-1, max-image-preview:large, max-video-preview:-1\" \/>\n<link rel=\"canonical\" href=\"https:\/\/www.istegroup.com\/en\/produit\/utopies-contemporaines-en-information-documentation\/\" \/>\n<meta property=\"og:locale\" content=\"en_US\" \/>\n<meta property=\"og:type\" content=\"article\" \/>\n<meta property=\"og:title\" content=\"Utopies contemporaines en information-documentation - ISTE Group\" \/>\n<meta property=\"og:description\" content=\"Utopies contemporaines en information-documentation\u00a0analyse, \u00e0 travers les discours d\u2019intellectuels, la mani\u00e8re dont les conceptions mais aussi les gestes documentaires sont nourris d\u2019utopies qui contribuent \u00e0 inscrire de fa\u00e7on \u00e0 la fois pragmatique et politique les objets info-documentaires.\" \/>\n<meta property=\"og:url\" content=\"https:\/\/www.istegroup.com\/en\/produit\/utopies-contemporaines-en-information-documentation\/\" \/>\n<meta property=\"og:site_name\" content=\"ISTE Group\" \/>\n<meta property=\"article:modified_time\" content=\"2024-01-03T13:41:37+00:00\" \/>\n<meta property=\"og:image\" content=\"https:\/\/www.istegroup.com\/wp-content\/uploads\/2018\/03\/Liquete_Front-scaled.jpg\" \/>\n\t<meta property=\"og:image:width\" content=\"1688\" \/>\n\t<meta property=\"og:image:height\" content=\"2560\" \/>\n\t<meta property=\"og:image:type\" content=\"image\/jpeg\" \/>\n<meta name=\"twitter:card\" content=\"summary_large_image\" \/>\n<meta name=\"twitter:label1\" content=\"Est. reading time\" \/>\n\t<meta name=\"twitter:data1\" content=\"1 minute\" \/>\n<script type=\"application\/ld+json\" class=\"yoast-schema-graph\">{\"@context\":\"https:\/\/schema.org\",\"@graph\":[{\"@type\":\"WebPage\",\"@id\":\"https:\/\/www.istegroup.com\/en\/produit\/utopies-contemporaines-en-information-documentation\/\",\"url\":\"https:\/\/www.istegroup.com\/en\/produit\/utopies-contemporaines-en-information-documentation\/\",\"name\":\"Utopies contemporaines en information-documentation - ISTE Group\",\"isPartOf\":{\"@id\":\"https:\/\/www.istegroup.com\/#website\"},\"primaryImageOfPage\":{\"@id\":\"https:\/\/www.istegroup.com\/en\/produit\/utopies-contemporaines-en-information-documentation\/#primaryimage\"},\"image\":{\"@id\":\"https:\/\/www.istegroup.com\/en\/produit\/utopies-contemporaines-en-information-documentation\/#primaryimage\"},\"thumbnailUrl\":\"https:\/\/www.istegroup.com\/wp-content\/uploads\/2018\/03\/Liquete_Front-scaled.jpg\",\"datePublished\":\"2018-03-28T08:22:21+00:00\",\"dateModified\":\"2024-01-03T13:41:37+00:00\",\"description\":\"Utopies contemporaines en information-documentation\u00a0analyse, \u00e0 travers les discours d\u2019intellectuels, la mani\u00e8re dont les conceptions mais aussi les gestes documentaires sont nourris d\u2019utopies qui contribuent \u00e0 inscrire de fa\u00e7on \u00e0 la fois pragmatique et politique les objets info-documentaires.\",\"breadcrumb\":{\"@id\":\"https:\/\/www.istegroup.com\/en\/produit\/utopies-contemporaines-en-information-documentation\/#breadcrumb\"},\"inLanguage\":\"en-US\",\"potentialAction\":[{\"@type\":\"ReadAction\",\"target\":[\"https:\/\/www.istegroup.com\/en\/produit\/utopies-contemporaines-en-information-documentation\/\"]}]},{\"@type\":\"ImageObject\",\"inLanguage\":\"en-US\",\"@id\":\"https:\/\/www.istegroup.com\/en\/produit\/utopies-contemporaines-en-information-documentation\/#primaryimage\",\"url\":\"https:\/\/www.istegroup.com\/wp-content\/uploads\/2018\/03\/Liquete_Front-scaled.jpg\",\"contentUrl\":\"https:\/\/www.istegroup.com\/wp-content\/uploads\/2018\/03\/Liquete_Front-scaled.jpg\",\"width\":1688,\"height\":2560,\"caption\":\"Utopies contemporaines en information-documentation iste group\"},{\"@type\":\"BreadcrumbList\",\"@id\":\"https:\/\/www.istegroup.com\/en\/produit\/utopies-contemporaines-en-information-documentation\/#breadcrumb\",\"itemListElement\":[{\"@type\":\"ListItem\",\"position\":1,\"name\":\"Home\",\"item\":\"https:\/\/www.istegroup.com\/\"},{\"@type\":\"ListItem\",\"position\":2,\"name\":\"Shop\",\"item\":\"https:\/\/www.istegroup.com\/fr\/nouveautes\/\"},{\"@type\":\"ListItem\",\"position\":3,\"name\":\"Utopies contemporaines en information-documentation\"}]},{\"@type\":\"WebSite\",\"@id\":\"https:\/\/www.istegroup.com\/#website\",\"url\":\"https:\/\/www.istegroup.com\/\",\"name\":\"ISTE Group\",\"description\":\"Publishing Knowledge\",\"potentialAction\":[{\"@type\":\"SearchAction\",\"target\":{\"@type\":\"EntryPoint\",\"urlTemplate\":\"https:\/\/www.istegroup.com\/?s={search_term_string}\"},\"query-input\":{\"@type\":\"PropertyValueSpecification\",\"valueRequired\":true,\"valueName\":\"search_term_string\"}}],\"inLanguage\":\"en-US\"}]}<\/script>\n<!-- \/ Yoast SEO plugin. -->","yoast_head_json":{"title":"Utopies contemporaines en information-documentation - ISTE Group","description":"Utopies contemporaines en information-documentation\u00a0analyse, \u00e0 travers les discours d\u2019intellectuels, la mani\u00e8re dont les conceptions mais aussi les gestes documentaires sont nourris d\u2019utopies qui contribuent \u00e0 inscrire de fa\u00e7on \u00e0 la fois pragmatique et politique les objets info-documentaires.","robots":{"index":"index","follow":"follow","max-snippet":"max-snippet:-1","max-image-preview":"max-image-preview:large","max-video-preview":"max-video-preview:-1"},"canonical":"https:\/\/www.istegroup.com\/en\/produit\/utopies-contemporaines-en-information-documentation\/","og_locale":"en_US","og_type":"article","og_title":"Utopies contemporaines en information-documentation - ISTE Group","og_description":"Utopies contemporaines en information-documentation\u00a0analyse, \u00e0 travers les discours d\u2019intellectuels, la mani\u00e8re dont les conceptions mais aussi les gestes documentaires sont nourris d\u2019utopies qui contribuent \u00e0 inscrire de fa\u00e7on \u00e0 la fois pragmatique et politique les objets info-documentaires.","og_url":"https:\/\/www.istegroup.com\/en\/produit\/utopies-contemporaines-en-information-documentation\/","og_site_name":"ISTE Group","article_modified_time":"2024-01-03T13:41:37+00:00","og_image":[{"width":1688,"height":2560,"url":"https:\/\/www.istegroup.com\/wp-content\/uploads\/2018\/03\/Liquete_Front-scaled.jpg","type":"image\/jpeg"}],"twitter_card":"summary_large_image","twitter_misc":{"Est. reading time":"1 minute"},"schema":{"@context":"https:\/\/schema.org","@graph":[{"@type":"WebPage","@id":"https:\/\/www.istegroup.com\/en\/produit\/utopies-contemporaines-en-information-documentation\/","url":"https:\/\/www.istegroup.com\/en\/produit\/utopies-contemporaines-en-information-documentation\/","name":"Utopies contemporaines en information-documentation - ISTE Group","isPartOf":{"@id":"https:\/\/www.istegroup.com\/#website"},"primaryImageOfPage":{"@id":"https:\/\/www.istegroup.com\/en\/produit\/utopies-contemporaines-en-information-documentation\/#primaryimage"},"image":{"@id":"https:\/\/www.istegroup.com\/en\/produit\/utopies-contemporaines-en-information-documentation\/#primaryimage"},"thumbnailUrl":"https:\/\/www.istegroup.com\/wp-content\/uploads\/2018\/03\/Liquete_Front-scaled.jpg","datePublished":"2018-03-28T08:22:21+00:00","dateModified":"2024-01-03T13:41:37+00:00","description":"Utopies contemporaines en information-documentation\u00a0analyse, \u00e0 travers les discours d\u2019intellectuels, la mani\u00e8re dont les conceptions mais aussi les gestes documentaires sont nourris d\u2019utopies qui contribuent \u00e0 inscrire de fa\u00e7on \u00e0 la fois pragmatique et politique les objets info-documentaires.","breadcrumb":{"@id":"https:\/\/www.istegroup.com\/en\/produit\/utopies-contemporaines-en-information-documentation\/#breadcrumb"},"inLanguage":"en-US","potentialAction":[{"@type":"ReadAction","target":["https:\/\/www.istegroup.com\/en\/produit\/utopies-contemporaines-en-information-documentation\/"]}]},{"@type":"ImageObject","inLanguage":"en-US","@id":"https:\/\/www.istegroup.com\/en\/produit\/utopies-contemporaines-en-information-documentation\/#primaryimage","url":"https:\/\/www.istegroup.com\/wp-content\/uploads\/2018\/03\/Liquete_Front-scaled.jpg","contentUrl":"https:\/\/www.istegroup.com\/wp-content\/uploads\/2018\/03\/Liquete_Front-scaled.jpg","width":1688,"height":2560,"caption":"Utopies contemporaines en information-documentation iste group"},{"@type":"BreadcrumbList","@id":"https:\/\/www.istegroup.com\/en\/produit\/utopies-contemporaines-en-information-documentation\/#breadcrumb","itemListElement":[{"@type":"ListItem","position":1,"name":"Home","item":"https:\/\/www.istegroup.com\/"},{"@type":"ListItem","position":2,"name":"Shop","item":"https:\/\/www.istegroup.com\/fr\/nouveautes\/"},{"@type":"ListItem","position":3,"name":"Utopies contemporaines en information-documentation"}]},{"@type":"WebSite","@id":"https:\/\/www.istegroup.com\/#website","url":"https:\/\/www.istegroup.com\/","name":"ISTE Group","description":"Publishing Knowledge","potentialAction":[{"@type":"SearchAction","target":{"@type":"EntryPoint","urlTemplate":"https:\/\/www.istegroup.com\/?s={search_term_string}"},"query-input":{"@type":"PropertyValueSpecification","valueRequired":true,"valueName":"search_term_string"}}],"inLanguage":"en-US"}]}},"_links":{"self":[{"href":"https:\/\/www.istegroup.com\/en\/wp-json\/wp\/v2\/product\/11576","targetHints":{"allow":["GET"]}}],"collection":[{"href":"https:\/\/www.istegroup.com\/en\/wp-json\/wp\/v2\/product"}],"about":[{"href":"https:\/\/www.istegroup.com\/en\/wp-json\/wp\/v2\/types\/product"}],"wp:featuredmedia":[{"embeddable":true,"href":"https:\/\/www.istegroup.com\/en\/wp-json\/wp\/v2\/media\/11586"}],"wp:attachment":[{"href":"https:\/\/www.istegroup.com\/en\/wp-json\/wp\/v2\/media?parent=11576"}],"wp:term":[{"taxonomy":"product_brand","embeddable":true,"href":"https:\/\/www.istegroup.com\/en\/wp-json\/wp\/v2\/product_brand?post=11576"},{"taxonomy":"product_cat","embeddable":true,"href":"https:\/\/www.istegroup.com\/en\/wp-json\/wp\/v2\/product_cat?post=11576"},{"taxonomy":"product_tag","embeddable":true,"href":"https:\/\/www.istegroup.com\/en\/wp-json\/wp\/v2\/product_tag?post=11576"}],"curies":[{"name":"wp","href":"https:\/\/api.w.org\/{rel}","templated":true}]}}