{"id":11539,"date":"2018-03-27T17:00:41","date_gmt":"2018-03-27T15:00:41","guid":{"rendered":"https:\/\/iste.yhello.co\/?post_type=product&#038;p=11539"},"modified":"2024-01-03T13:41:36","modified_gmt":"2024-01-03T13:41:36","slug":"la-traque-informationnelle","status":"publish","type":"product","link":"https:\/\/www.istegroup.com\/en\/produit\/la-traque-informationnelle\/","title":{"rendered":"La traque informationnelle"},"content":{"rendered":"<p>Qu\u2019est-ce que la couleur ? Que signifie \u00ab la bourse cl\u00f4ture en baisse de 5 % ce soir \u00bb ? Comment se d\u00e9finit un t\u00e9l\u00e9spectateur ? Comment le sens vient-il \u00e0 l\u2019image ? C\u2019est \u00e0 ces questions banales ou c\u00e9l\u00e8bres que r\u00e9pond<em>\u00a0La traque informationnelle<\/em>.<\/p>\n<p>Un jeu, un divertissement r\u00e9cr\u00e9atif sous forme de sayn\u00e8te fictionnelle, des \u00e9nigmes et de multiples exemples viennent concr\u00e9tiser les concepts et\/ou les expos\u00e9s th\u00e9oriques pr\u00e9sent\u00e9s dans cet ouvrage, rendant l\u2019approche plus intuitive et plus digeste. L\u2019ensemble entend revisiter le processus informationnel ; la \u00ab donn\u00e9e \u00bb en forme le pivot.<\/p>\n<p>Au plan scientifique, la perspective \u00e9pist\u00e9mologique est celle d\u2019une \u00ab relativit\u00e9 radicale \u00bb. D\u00e8s lors, tout comme la trace qui porte en elle le spectre du processus qui l\u2019a engendr\u00e9e, la qu\u00eate informationnelle rel\u00e8ve de la traque de sens, o\u00f9 les \u00ab \u00e9chafaudages interpr\u00e9tatifs \u00bb permettent d\u2019inf\u00e9rer des r\u00e9alit\u00e9s plausibles.<\/p>\n","protected":false},"excerpt":{"rendered":"<p>Qu\u2019est-ce que la couleur ? Que signifie \u00ab la bourse cl\u00f4ture en baisse de 5 % ce soir \u00bb ? Comment se d\u00e9finit un t\u00e9l\u00e9spectateur ? Comment le sens vient-il \u00e0 l\u2019image ? C\u2019est \u00e0 ces questions banales ou c\u00e9l\u00e8bres que r\u00e9pond\u00a0La traque informationnelle. Un jeu, un divertissement r\u00e9cr\u00e9atif sous forme de sayn\u00e8te fictionnelle, des [&hellip;]<\/p>\n","protected":false},"featured_media":11546,"template":"","meta":{"_acf_changed":false,"_links_to":"","_links_to_target":""},"product_brand":[],"product_cat":[3262],"product_tag":[18,19,20,21,22,3636,25,26,27,28,1253,3406,1386,3635],"class_list":{"0":"post-11539","1":"product","2":"type-product","3":"status-publish","4":"has-post-thumbnail","6":"product_cat-non-classe","7":"product_tag-edition-scientifique","8":"product_tag-editions-francaise","9":"product_tag-editions-technique","10":"product_tag-iste-group","11":"product_tag-istegroup","12":"product_tag-la-traque-informationnelle","13":"product_tag-livre-numerique","14":"product_tag-livre-scientifique-francais","15":"product_tag-livre-technique-francais","16":"product_tag-ouvrage-scientifique-francais","17":"product_tag-sciences","18":"product_tag-societe-et-nouvelles-technologies","19":"product_tag-sylvie-leleu-merviel","20":"product_tag-traces","22":"first","23":"instock","24":"shipping-taxable","25":"purchasable","26":"product-type-variable"},"acf":[],"yoast_head":"<!-- This site is optimized with the Yoast SEO plugin v27.2 - https:\/\/yoast.com\/product\/yoast-seo-wordpress\/ -->\n<title>La traque informationnelle - ISTE Group<\/title>\n<meta name=\"description\" content=\"Qu\u2019est-ce que la couleur ? Que signifie \u00ab la bourse cl\u00f4ture en baisse de 5 %% ce soir \u00bb ? Comment se d\u00e9finit un t\u00e9l\u00e9spectateur ? Comment le sens vient-il \u00e0 l\u2019image ? C\u2019est \u00e0 ces questions banales ou c\u00e9l\u00e8bres que r\u00e9pond\u00a0La traque informationnelle.\" \/>\n<meta name=\"robots\" content=\"index, follow, max-snippet:-1, max-image-preview:large, max-video-preview:-1\" \/>\n<link rel=\"canonical\" href=\"https:\/\/www.istegroup.com\/en\/produit\/la-traque-informationnelle\/\" \/>\n<meta property=\"og:locale\" content=\"en_US\" \/>\n<meta property=\"og:type\" content=\"article\" \/>\n<meta property=\"og:title\" content=\"La traque informationnelle - ISTE Group\" \/>\n<meta property=\"og:description\" content=\"Qu\u2019est-ce que la couleur ? Que signifie \u00ab la bourse cl\u00f4ture en baisse de 5 %% ce soir \u00bb ? Comment se d\u00e9finit un t\u00e9l\u00e9spectateur ? Comment le sens vient-il \u00e0 l\u2019image ? C\u2019est \u00e0 ces questions banales ou c\u00e9l\u00e8bres que r\u00e9pond\u00a0La traque informationnelle.\" \/>\n<meta property=\"og:url\" content=\"https:\/\/www.istegroup.com\/en\/produit\/la-traque-informationnelle\/\" \/>\n<meta property=\"og:site_name\" content=\"ISTE Group\" \/>\n<meta property=\"article:modified_time\" content=\"2024-01-03T13:41:36+00:00\" \/>\n<meta property=\"og:image\" content=\"https:\/\/www.istegroup.com\/wp-content\/uploads\/2018\/03\/Leleu_Front.jpg\" \/>\n\t<meta property=\"og:image:width\" content=\"300\" \/>\n\t<meta property=\"og:image:height\" content=\"451\" \/>\n\t<meta property=\"og:image:type\" content=\"image\/jpeg\" \/>\n<meta name=\"twitter:card\" content=\"summary_large_image\" \/>\n<meta name=\"twitter:label1\" content=\"Est. reading time\" \/>\n\t<meta name=\"twitter:data1\" content=\"1 minute\" \/>\n<script type=\"application\/ld+json\" class=\"yoast-schema-graph\">{\"@context\":\"https:\/\/schema.org\",\"@graph\":[{\"@type\":\"WebPage\",\"@id\":\"https:\/\/www.istegroup.com\/en\/produit\/la-traque-informationnelle\/\",\"url\":\"https:\/\/www.istegroup.com\/en\/produit\/la-traque-informationnelle\/\",\"name\":\"La traque informationnelle - ISTE Group\",\"isPartOf\":{\"@id\":\"https:\/\/www.istegroup.com\/#website\"},\"primaryImageOfPage\":{\"@id\":\"https:\/\/www.istegroup.com\/en\/produit\/la-traque-informationnelle\/#primaryimage\"},\"image\":{\"@id\":\"https:\/\/www.istegroup.com\/en\/produit\/la-traque-informationnelle\/#primaryimage\"},\"thumbnailUrl\":\"https:\/\/www.istegroup.com\/wp-content\/uploads\/2018\/03\/Leleu_Front.jpg\",\"datePublished\":\"2018-03-27T15:00:41+00:00\",\"dateModified\":\"2024-01-03T13:41:36+00:00\",\"description\":\"Qu\u2019est-ce que la couleur ? Que signifie \u00ab la bourse cl\u00f4ture en baisse de 5 %% ce soir \u00bb ? Comment se d\u00e9finit un t\u00e9l\u00e9spectateur ? Comment le sens vient-il \u00e0 l\u2019image ? C\u2019est \u00e0 ces questions banales ou c\u00e9l\u00e8bres que r\u00e9pond\u00a0La traque informationnelle.\",\"breadcrumb\":{\"@id\":\"https:\/\/www.istegroup.com\/en\/produit\/la-traque-informationnelle\/#breadcrumb\"},\"inLanguage\":\"en-US\",\"potentialAction\":[{\"@type\":\"ReadAction\",\"target\":[\"https:\/\/www.istegroup.com\/en\/produit\/la-traque-informationnelle\/\"]}]},{\"@type\":\"ImageObject\",\"inLanguage\":\"en-US\",\"@id\":\"https:\/\/www.istegroup.com\/en\/produit\/la-traque-informationnelle\/#primaryimage\",\"url\":\"https:\/\/www.istegroup.com\/wp-content\/uploads\/2018\/03\/Leleu_Front.jpg\",\"contentUrl\":\"https:\/\/www.istegroup.com\/wp-content\/uploads\/2018\/03\/Leleu_Front.jpg\",\"width\":300,\"height\":451,\"caption\":\"La traque informationnelle iste group\"},{\"@type\":\"BreadcrumbList\",\"@id\":\"https:\/\/www.istegroup.com\/en\/produit\/la-traque-informationnelle\/#breadcrumb\",\"itemListElement\":[{\"@type\":\"ListItem\",\"position\":1,\"name\":\"Home\",\"item\":\"https:\/\/www.istegroup.com\/\"},{\"@type\":\"ListItem\",\"position\":2,\"name\":\"Shop\",\"item\":\"https:\/\/www.istegroup.com\/fr\/nouveautes\/\"},{\"@type\":\"ListItem\",\"position\":3,\"name\":\"La traque informationnelle\"}]},{\"@type\":\"WebSite\",\"@id\":\"https:\/\/www.istegroup.com\/#website\",\"url\":\"https:\/\/www.istegroup.com\/\",\"name\":\"ISTE Group\",\"description\":\"Publishing Knowledge\",\"potentialAction\":[{\"@type\":\"SearchAction\",\"target\":{\"@type\":\"EntryPoint\",\"urlTemplate\":\"https:\/\/www.istegroup.com\/?s={search_term_string}\"},\"query-input\":{\"@type\":\"PropertyValueSpecification\",\"valueRequired\":true,\"valueName\":\"search_term_string\"}}],\"inLanguage\":\"en-US\"}]}<\/script>\n<!-- \/ Yoast SEO plugin. -->","yoast_head_json":{"title":"La traque informationnelle - ISTE Group","description":"Qu\u2019est-ce que la couleur ? Que signifie \u00ab la bourse cl\u00f4ture en baisse de 5 %% ce soir \u00bb ? Comment se d\u00e9finit un t\u00e9l\u00e9spectateur ? Comment le sens vient-il \u00e0 l\u2019image ? C\u2019est \u00e0 ces questions banales ou c\u00e9l\u00e8bres que r\u00e9pond\u00a0La traque informationnelle.","robots":{"index":"index","follow":"follow","max-snippet":"max-snippet:-1","max-image-preview":"max-image-preview:large","max-video-preview":"max-video-preview:-1"},"canonical":"https:\/\/www.istegroup.com\/en\/produit\/la-traque-informationnelle\/","og_locale":"en_US","og_type":"article","og_title":"La traque informationnelle - ISTE Group","og_description":"Qu\u2019est-ce que la couleur ? Que signifie \u00ab la bourse cl\u00f4ture en baisse de 5 %% ce soir \u00bb ? Comment se d\u00e9finit un t\u00e9l\u00e9spectateur ? Comment le sens vient-il \u00e0 l\u2019image ? C\u2019est \u00e0 ces questions banales ou c\u00e9l\u00e8bres que r\u00e9pond\u00a0La traque informationnelle.","og_url":"https:\/\/www.istegroup.com\/en\/produit\/la-traque-informationnelle\/","og_site_name":"ISTE Group","article_modified_time":"2024-01-03T13:41:36+00:00","og_image":[{"width":300,"height":451,"url":"https:\/\/www.istegroup.com\/wp-content\/uploads\/2018\/03\/Leleu_Front.jpg","type":"image\/jpeg"}],"twitter_card":"summary_large_image","twitter_misc":{"Est. reading time":"1 minute"},"schema":{"@context":"https:\/\/schema.org","@graph":[{"@type":"WebPage","@id":"https:\/\/www.istegroup.com\/en\/produit\/la-traque-informationnelle\/","url":"https:\/\/www.istegroup.com\/en\/produit\/la-traque-informationnelle\/","name":"La traque informationnelle - ISTE Group","isPartOf":{"@id":"https:\/\/www.istegroup.com\/#website"},"primaryImageOfPage":{"@id":"https:\/\/www.istegroup.com\/en\/produit\/la-traque-informationnelle\/#primaryimage"},"image":{"@id":"https:\/\/www.istegroup.com\/en\/produit\/la-traque-informationnelle\/#primaryimage"},"thumbnailUrl":"https:\/\/www.istegroup.com\/wp-content\/uploads\/2018\/03\/Leleu_Front.jpg","datePublished":"2018-03-27T15:00:41+00:00","dateModified":"2024-01-03T13:41:36+00:00","description":"Qu\u2019est-ce que la couleur ? Que signifie \u00ab la bourse cl\u00f4ture en baisse de 5 %% ce soir \u00bb ? Comment se d\u00e9finit un t\u00e9l\u00e9spectateur ? Comment le sens vient-il \u00e0 l\u2019image ? C\u2019est \u00e0 ces questions banales ou c\u00e9l\u00e8bres que r\u00e9pond\u00a0La traque informationnelle.","breadcrumb":{"@id":"https:\/\/www.istegroup.com\/en\/produit\/la-traque-informationnelle\/#breadcrumb"},"inLanguage":"en-US","potentialAction":[{"@type":"ReadAction","target":["https:\/\/www.istegroup.com\/en\/produit\/la-traque-informationnelle\/"]}]},{"@type":"ImageObject","inLanguage":"en-US","@id":"https:\/\/www.istegroup.com\/en\/produit\/la-traque-informationnelle\/#primaryimage","url":"https:\/\/www.istegroup.com\/wp-content\/uploads\/2018\/03\/Leleu_Front.jpg","contentUrl":"https:\/\/www.istegroup.com\/wp-content\/uploads\/2018\/03\/Leleu_Front.jpg","width":300,"height":451,"caption":"La traque informationnelle iste group"},{"@type":"BreadcrumbList","@id":"https:\/\/www.istegroup.com\/en\/produit\/la-traque-informationnelle\/#breadcrumb","itemListElement":[{"@type":"ListItem","position":1,"name":"Home","item":"https:\/\/www.istegroup.com\/"},{"@type":"ListItem","position":2,"name":"Shop","item":"https:\/\/www.istegroup.com\/fr\/nouveautes\/"},{"@type":"ListItem","position":3,"name":"La traque informationnelle"}]},{"@type":"WebSite","@id":"https:\/\/www.istegroup.com\/#website","url":"https:\/\/www.istegroup.com\/","name":"ISTE Group","description":"Publishing Knowledge","potentialAction":[{"@type":"SearchAction","target":{"@type":"EntryPoint","urlTemplate":"https:\/\/www.istegroup.com\/?s={search_term_string}"},"query-input":{"@type":"PropertyValueSpecification","valueRequired":true,"valueName":"search_term_string"}}],"inLanguage":"en-US"}]}},"_links":{"self":[{"href":"https:\/\/www.istegroup.com\/en\/wp-json\/wp\/v2\/product\/11539","targetHints":{"allow":["GET"]}}],"collection":[{"href":"https:\/\/www.istegroup.com\/en\/wp-json\/wp\/v2\/product"}],"about":[{"href":"https:\/\/www.istegroup.com\/en\/wp-json\/wp\/v2\/types\/product"}],"wp:featuredmedia":[{"embeddable":true,"href":"https:\/\/www.istegroup.com\/en\/wp-json\/wp\/v2\/media\/11546"}],"wp:attachment":[{"href":"https:\/\/www.istegroup.com\/en\/wp-json\/wp\/v2\/media?parent=11539"}],"wp:term":[{"taxonomy":"product_brand","embeddable":true,"href":"https:\/\/www.istegroup.com\/en\/wp-json\/wp\/v2\/product_brand?post=11539"},{"taxonomy":"product_cat","embeddable":true,"href":"https:\/\/www.istegroup.com\/en\/wp-json\/wp\/v2\/product_cat?post=11539"},{"taxonomy":"product_tag","embeddable":true,"href":"https:\/\/www.istegroup.com\/en\/wp-json\/wp\/v2\/product_tag?post=11539"}],"curies":[{"name":"wp","href":"https:\/\/api.w.org\/{rel}","templated":true}]}}