{"id":11512,"date":"2017-07-30T15:52:46","date_gmt":"2017-07-30T13:52:46","guid":{"rendered":"https:\/\/iste.yhello.co\/?post_type=product&#038;p=11512"},"modified":"2024-01-03T13:41:35","modified_gmt":"2024-01-03T13:41:35","slug":"innovation-et-societe","status":"publish","type":"product","link":"https:\/\/www.istegroup.com\/en\/produit\/innovation-et-societe\/","title":{"rendered":"Innovation et soci\u00e9t\u00e9"},"content":{"rendered":"<p>La s\u00e9rie\u00a0<em>Smart innovation<\/em>\u00a0pr\u00e9sente les th\u00e8mes li\u00e9s \u00e0 la dynamique technologique, entrepreneuriale, territoriale et \u00e9conomique de l&#8217;innovation. Elle privil\u00e9gie les approches novatrices des acteurs qui, par leurs comportements, strat\u00e9gies et politiques d&#8217;innovation intelligente, modifient les mod\u00e8les \u00e9conomiques dans une perspective de croissance durable.<\/p>\n<p>L\u2019innovation, terme marqueur des \u00e9volutions de nos soci\u00e9t\u00e9s occidentales, v\u00e9n\u00e9r\u00e9e au cours des deux derniers si\u00e8cles, n\u2019a pas toujours \u00e9t\u00e9 historiquement consid\u00e9r\u00e9e positivement.<\/p>\n<p>Cet ouvrage fait le point sur les significations engendr\u00e9es par l\u2019innovation, notamment par l\u2019innovation sociale, nettement distincte de l\u2019innovation technologique. En effet, les transformations soci\u00e9tales traduisent, \u00e0 travers l\u2019innovation sociale, les r\u00e9ponses apport\u00e9es \u00e0 la nouveaut\u00e9, \u00e0 son investissement, \u00e0 ses valeurs et \u00e0 ses impacts. Si l\u2019innovation sociale en g\u00e9n\u00e9ral a produit de nombreux ouvrages en sciences sociales, l\u2019innovation \u00e0 l\u2019\u00e9cole, \u00e0 laquelle elle appartient, n\u2019a pas eu cette faveur et a souvent pris l\u2019aspect d\u2019une description de l\u2019action innovante, sans en d\u00e9gager une th\u00e9orisation de compr\u00e9hension des enjeux, des processus et des instrumentalisations, notamment dans les politiques de pilotage des syst\u00e8mes \u00e9ducatifs.<\/p>\n<p>L\u2019innovation \u00e0 l\u2019\u00e9cole m\u00e9ritait donc d\u2019\u00eatre consid\u00e9r\u00e9e comme un objet d\u2019attention \u00e0 part enti\u00e8re. Cet ouvrage traite de la question gr\u00e2ce \u00e0 une th\u00e9orisation qui pr\u00e9sente l\u2019\u00e9volution de l\u2019\u00e9cole.<\/p>\n<p>&nbsp;<\/p>\n<p><strong>La presse en parle<\/strong><\/p>\n<p>Fran\u00e7oise Cros sait lui donner du souffle et en faire un \u00e9l\u00e9ment de dynamisation du changement vers une transformation radicale et d\u00e9mocratique de l\u2019\u00e9cole d\u2019aujourd\u2019hui (\u2026)<\/p>\n<p><a style=\"color: #1e9691\" href=\"https:\/\/journals.openedition.org\/edso\/3118\"><em>\u00c9ducation et socialisation. Les Cahiers du CERFEE, 2018<\/em><\/a><\/p>\n","protected":false},"excerpt":{"rendered":"<p>La s\u00e9rie\u00a0Smart innovation\u00a0pr\u00e9sente les th\u00e8mes li\u00e9s \u00e0 la dynamique technologique, entrepreneuriale, territoriale et \u00e9conomique de l&#8217;innovation. Elle privil\u00e9gie les approches novatrices des acteurs qui, par leurs comportements, strat\u00e9gies et politiques d&#8217;innovation intelligente, modifient les mod\u00e8les \u00e9conomiques dans une perspective de croissance durable. L\u2019innovation, terme marqueur des \u00e9volutions de nos soci\u00e9t\u00e9s occidentales, v\u00e9n\u00e9r\u00e9e au cours des [&hellip;]<\/p>\n","protected":false},"featured_media":11518,"template":"","meta":{"_acf_changed":false,"_links_to":"","_links_to_target":""},"product_brand":[],"product_cat":[3262],"product_tag":[],"class_list":{"0":"post-11512","1":"product","2":"type-product","3":"status-publish","4":"has-post-thumbnail","6":"product_cat-non-classe","8":"first","9":"instock","10":"shipping-taxable","11":"purchasable","12":"product-type-variable"},"acf":[],"yoast_head":"<!-- This site is optimized with the Yoast SEO plugin v27.2 - https:\/\/yoast.com\/product\/yoast-seo-wordpress\/ -->\n<title>Innovation et soci\u00e9t\u00e9 - ISTE Group<\/title>\n<meta name=\"description\" content=\"Cet ouvrage fait le point sur les significations engendr\u00e9es par l\u2019innovation, notamment par l\u2019innovation sociale, nettement distincte de l\u2019innovation technologique. En effet, les transformations soci\u00e9tales traduisent, \u00e0 travers l\u2019innovation sociale, les r\u00e9ponses apport\u00e9es \u00e0 la nouveaut\u00e9, \u00e0 son investissement, \u00e0 ses valeurs et \u00e0 ses impacts.\" \/>\n<meta name=\"robots\" content=\"index, follow, max-snippet:-1, max-image-preview:large, max-video-preview:-1\" \/>\n<link rel=\"canonical\" href=\"https:\/\/www.istegroup.com\/fr\/produit\/innovation-et-societe\/\" \/>\n<meta property=\"og:locale\" content=\"en_US\" \/>\n<meta property=\"og:type\" content=\"article\" \/>\n<meta property=\"og:title\" content=\"Innovation et soci\u00e9t\u00e9 - ISTE Group\" \/>\n<meta property=\"og:description\" content=\"Cet ouvrage fait le point sur les significations engendr\u00e9es par l\u2019innovation, notamment par l\u2019innovation sociale, nettement distincte de l\u2019innovation technologique. En effet, les transformations soci\u00e9tales traduisent, \u00e0 travers l\u2019innovation sociale, les r\u00e9ponses apport\u00e9es \u00e0 la nouveaut\u00e9, \u00e0 son investissement, \u00e0 ses valeurs et \u00e0 ses impacts.\" \/>\n<meta property=\"og:url\" content=\"https:\/\/www.istegroup.com\/fr\/produit\/innovation-et-societe\/\" \/>\n<meta property=\"og:site_name\" content=\"ISTE Group\" \/>\n<meta property=\"article:modified_time\" content=\"2024-01-03T13:41:35+00:00\" \/>\n<meta property=\"og:image\" content=\"https:\/\/www.istegroup.com\/wp-content\/uploads\/2018\/03\/321_Innovation-et-soci\u00e9t\u00e9.jpg\" \/>\n\t<meta property=\"og:image:width\" content=\"300\" \/>\n\t<meta property=\"og:image:height\" content=\"452\" \/>\n\t<meta property=\"og:image:type\" content=\"image\/jpeg\" \/>\n<meta name=\"twitter:card\" content=\"summary_large_image\" \/>\n<meta name=\"twitter:label1\" content=\"Est. reading time\" \/>\n\t<meta name=\"twitter:data1\" content=\"1 minute\" \/>\n<script type=\"application\/ld+json\" class=\"yoast-schema-graph\">{\"@context\":\"https:\/\/schema.org\",\"@graph\":[{\"@type\":\"WebPage\",\"@id\":\"https:\/\/www.istegroup.com\/fr\/produit\/innovation-et-societe\/\",\"url\":\"https:\/\/www.istegroup.com\/fr\/produit\/innovation-et-societe\/\",\"name\":\"Innovation et soci\u00e9t\u00e9 - ISTE Group\",\"isPartOf\":{\"@id\":\"https:\/\/www.istegroup.com\/#website\"},\"primaryImageOfPage\":{\"@id\":\"https:\/\/www.istegroup.com\/fr\/produit\/innovation-et-societe\/#primaryimage\"},\"image\":{\"@id\":\"https:\/\/www.istegroup.com\/fr\/produit\/innovation-et-societe\/#primaryimage\"},\"thumbnailUrl\":\"https:\/\/www.istegroup.com\/wp-content\/uploads\/2018\/03\/321_Innovation-et-soci\u00e9t\u00e9.jpg\",\"datePublished\":\"2017-07-30T13:52:46+00:00\",\"dateModified\":\"2024-01-03T13:41:35+00:00\",\"description\":\"Cet ouvrage fait le point sur les significations engendr\u00e9es par l\u2019innovation, notamment par l\u2019innovation sociale, nettement distincte de l\u2019innovation technologique. En effet, les transformations soci\u00e9tales traduisent, \u00e0 travers l\u2019innovation sociale, les r\u00e9ponses apport\u00e9es \u00e0 la nouveaut\u00e9, \u00e0 son investissement, \u00e0 ses valeurs et \u00e0 ses impacts.\",\"breadcrumb\":{\"@id\":\"https:\/\/www.istegroup.com\/fr\/produit\/innovation-et-societe\/#breadcrumb\"},\"inLanguage\":\"en-US\",\"potentialAction\":[{\"@type\":\"ReadAction\",\"target\":[\"https:\/\/www.istegroup.com\/fr\/produit\/innovation-et-societe\/\"]}]},{\"@type\":\"ImageObject\",\"inLanguage\":\"en-US\",\"@id\":\"https:\/\/www.istegroup.com\/fr\/produit\/innovation-et-societe\/#primaryimage\",\"url\":\"https:\/\/www.istegroup.com\/wp-content\/uploads\/2018\/03\/321_Innovation-et-soci\u00e9t\u00e9.jpg\",\"contentUrl\":\"https:\/\/www.istegroup.com\/wp-content\/uploads\/2018\/03\/321_Innovation-et-soci\u00e9t\u00e9.jpg\",\"width\":300,\"height\":452,\"caption\":\"Le cas de l\u2019\u00e9cole\"},{\"@type\":\"BreadcrumbList\",\"@id\":\"https:\/\/www.istegroup.com\/fr\/produit\/innovation-et-societe\/#breadcrumb\",\"itemListElement\":[{\"@type\":\"ListItem\",\"position\":1,\"name\":\"Home\",\"item\":\"https:\/\/www.istegroup.com\/\"},{\"@type\":\"ListItem\",\"position\":2,\"name\":\"Shop\",\"item\":\"https:\/\/www.istegroup.com\/fr\/nouveautes\/\"},{\"@type\":\"ListItem\",\"position\":3,\"name\":\"Innovation et soci\u00e9t\u00e9\"}]},{\"@type\":\"WebSite\",\"@id\":\"https:\/\/www.istegroup.com\/#website\",\"url\":\"https:\/\/www.istegroup.com\/\",\"name\":\"ISTE Group\",\"description\":\"Publishing Knowledge\",\"potentialAction\":[{\"@type\":\"SearchAction\",\"target\":{\"@type\":\"EntryPoint\",\"urlTemplate\":\"https:\/\/www.istegroup.com\/?s={search_term_string}\"},\"query-input\":{\"@type\":\"PropertyValueSpecification\",\"valueRequired\":true,\"valueName\":\"search_term_string\"}}],\"inLanguage\":\"en-US\"}]}<\/script>\n<!-- \/ Yoast SEO plugin. -->","yoast_head_json":{"title":"Innovation et soci\u00e9t\u00e9 - ISTE Group","description":"Cet ouvrage fait le point sur les significations engendr\u00e9es par l\u2019innovation, notamment par l\u2019innovation sociale, nettement distincte de l\u2019innovation technologique. En effet, les transformations soci\u00e9tales traduisent, \u00e0 travers l\u2019innovation sociale, les r\u00e9ponses apport\u00e9es \u00e0 la nouveaut\u00e9, \u00e0 son investissement, \u00e0 ses valeurs et \u00e0 ses impacts.","robots":{"index":"index","follow":"follow","max-snippet":"max-snippet:-1","max-image-preview":"max-image-preview:large","max-video-preview":"max-video-preview:-1"},"canonical":"https:\/\/www.istegroup.com\/fr\/produit\/innovation-et-societe\/","og_locale":"en_US","og_type":"article","og_title":"Innovation et soci\u00e9t\u00e9 - ISTE Group","og_description":"Cet ouvrage fait le point sur les significations engendr\u00e9es par l\u2019innovation, notamment par l\u2019innovation sociale, nettement distincte de l\u2019innovation technologique. En effet, les transformations soci\u00e9tales traduisent, \u00e0 travers l\u2019innovation sociale, les r\u00e9ponses apport\u00e9es \u00e0 la nouveaut\u00e9, \u00e0 son investissement, \u00e0 ses valeurs et \u00e0 ses impacts.","og_url":"https:\/\/www.istegroup.com\/fr\/produit\/innovation-et-societe\/","og_site_name":"ISTE Group","article_modified_time":"2024-01-03T13:41:35+00:00","og_image":[{"width":300,"height":452,"url":"https:\/\/www.istegroup.com\/wp-content\/uploads\/2018\/03\/321_Innovation-et-soci\u00e9t\u00e9.jpg","type":"image\/jpeg"}],"twitter_card":"summary_large_image","twitter_misc":{"Est. reading time":"1 minute"},"schema":{"@context":"https:\/\/schema.org","@graph":[{"@type":"WebPage","@id":"https:\/\/www.istegroup.com\/fr\/produit\/innovation-et-societe\/","url":"https:\/\/www.istegroup.com\/fr\/produit\/innovation-et-societe\/","name":"Innovation et soci\u00e9t\u00e9 - ISTE Group","isPartOf":{"@id":"https:\/\/www.istegroup.com\/#website"},"primaryImageOfPage":{"@id":"https:\/\/www.istegroup.com\/fr\/produit\/innovation-et-societe\/#primaryimage"},"image":{"@id":"https:\/\/www.istegroup.com\/fr\/produit\/innovation-et-societe\/#primaryimage"},"thumbnailUrl":"https:\/\/www.istegroup.com\/wp-content\/uploads\/2018\/03\/321_Innovation-et-soci\u00e9t\u00e9.jpg","datePublished":"2017-07-30T13:52:46+00:00","dateModified":"2024-01-03T13:41:35+00:00","description":"Cet ouvrage fait le point sur les significations engendr\u00e9es par l\u2019innovation, notamment par l\u2019innovation sociale, nettement distincte de l\u2019innovation technologique. En effet, les transformations soci\u00e9tales traduisent, \u00e0 travers l\u2019innovation sociale, les r\u00e9ponses apport\u00e9es \u00e0 la nouveaut\u00e9, \u00e0 son investissement, \u00e0 ses valeurs et \u00e0 ses impacts.","breadcrumb":{"@id":"https:\/\/www.istegroup.com\/fr\/produit\/innovation-et-societe\/#breadcrumb"},"inLanguage":"en-US","potentialAction":[{"@type":"ReadAction","target":["https:\/\/www.istegroup.com\/fr\/produit\/innovation-et-societe\/"]}]},{"@type":"ImageObject","inLanguage":"en-US","@id":"https:\/\/www.istegroup.com\/fr\/produit\/innovation-et-societe\/#primaryimage","url":"https:\/\/www.istegroup.com\/wp-content\/uploads\/2018\/03\/321_Innovation-et-soci\u00e9t\u00e9.jpg","contentUrl":"https:\/\/www.istegroup.com\/wp-content\/uploads\/2018\/03\/321_Innovation-et-soci\u00e9t\u00e9.jpg","width":300,"height":452,"caption":"Le cas de l\u2019\u00e9cole"},{"@type":"BreadcrumbList","@id":"https:\/\/www.istegroup.com\/fr\/produit\/innovation-et-societe\/#breadcrumb","itemListElement":[{"@type":"ListItem","position":1,"name":"Home","item":"https:\/\/www.istegroup.com\/"},{"@type":"ListItem","position":2,"name":"Shop","item":"https:\/\/www.istegroup.com\/fr\/nouveautes\/"},{"@type":"ListItem","position":3,"name":"Innovation et soci\u00e9t\u00e9"}]},{"@type":"WebSite","@id":"https:\/\/www.istegroup.com\/#website","url":"https:\/\/www.istegroup.com\/","name":"ISTE Group","description":"Publishing Knowledge","potentialAction":[{"@type":"SearchAction","target":{"@type":"EntryPoint","urlTemplate":"https:\/\/www.istegroup.com\/?s={search_term_string}"},"query-input":{"@type":"PropertyValueSpecification","valueRequired":true,"valueName":"search_term_string"}}],"inLanguage":"en-US"}]}},"_links":{"self":[{"href":"https:\/\/www.istegroup.com\/en\/wp-json\/wp\/v2\/product\/11512","targetHints":{"allow":["GET"]}}],"collection":[{"href":"https:\/\/www.istegroup.com\/en\/wp-json\/wp\/v2\/product"}],"about":[{"href":"https:\/\/www.istegroup.com\/en\/wp-json\/wp\/v2\/types\/product"}],"wp:featuredmedia":[{"embeddable":true,"href":"https:\/\/www.istegroup.com\/en\/wp-json\/wp\/v2\/media\/11518"}],"wp:attachment":[{"href":"https:\/\/www.istegroup.com\/en\/wp-json\/wp\/v2\/media?parent=11512"}],"wp:term":[{"taxonomy":"product_brand","embeddable":true,"href":"https:\/\/www.istegroup.com\/en\/wp-json\/wp\/v2\/product_brand?post=11512"},{"taxonomy":"product_cat","embeddable":true,"href":"https:\/\/www.istegroup.com\/en\/wp-json\/wp\/v2\/product_cat?post=11512"},{"taxonomy":"product_tag","embeddable":true,"href":"https:\/\/www.istegroup.com\/en\/wp-json\/wp\/v2\/product_tag?post=11512"}],"curies":[{"name":"wp","href":"https:\/\/api.w.org\/{rel}","templated":true}]}}