{"id":11500,"date":"2018-03-27T15:32:59","date_gmt":"2018-03-27T13:32:59","guid":{"rendered":"https:\/\/iste.yhello.co\/?post_type=product&#038;p=11500"},"modified":"2024-01-03T13:41:35","modified_gmt":"2024-01-03T13:41:35","slug":"geopolitique-du-darknet","status":"publish","type":"product","link":"https:\/\/www.istegroup.com\/en\/produit\/geopolitique-du-darknet\/","title":{"rendered":"G\u00e9opolitique du Darknet"},"content":{"rendered":"<p>Par ses approches socio-historique, socio-\u00e9conomique et socio-politique, la s\u00e9rie\u00a0<em><a href=\"https:\/\/www.istegroup.com\/fr\/series\/informatique-et-societe-connectees\/\">Informatique et soci\u00e9t\u00e9 connect\u00e9es<\/a>\u00a0<\/em>offre une r\u00e9flexion critique sur l\u2019omnipr\u00e9sence de l\u2019informatique dans la soci\u00e9t\u00e9 et sur les enjeux qu\u2019elle suscite \u00e0 travers les questions relatives \u00e0 la cybersurveillance, aux libert\u00e9s individuelles et collectives, \u00e0 l\u2019impact environ-nemental et \u00e0 l\u2019hyperconnectivit\u00e9.<\/p>\n<p>Le Darknet suscite depuis plusieurs ann\u00e9es fascination et inqui\u00e9tude. Internet cach\u00e9, web profond, darknet, deep web, ces termes souvent confondus d\u00e9signent des r\u00e9alit\u00e9s pourtant bien diff\u00e9rentes.<\/p>\n<p>Depuis l&#8217;apparition du hacking et le d\u00e9veloppement du t\u00e9l\u00e9chargement ill\u00e9gal jusqu\u2019\u00e0 la cr\u00e9ation des v\u00e9ritables r\u00e9seaux parall\u00e8les que constituent Tor, I2P ou Freenet, les darknets sont un ph\u00e9nom\u00e8ne informatique en passe de devenir un ph\u00e9nom\u00e8ne de soci\u00e9t\u00e9. Alors que Facebook ou Twitter ont d\u00e9j\u00e0 fait leur entr\u00e9e sur Tor, cryptoanarchistes, activistes et lanceurs d&#8217;alerte c\u00f4toient encore pirates informatiques et vendeurs de stup\u00e9fiants sur des r\u00e9seaux cach\u00e9s qui s&#8217;ouvrent lentement au grand public.<\/p>\n<p><em>G\u00e9opolitique du Darknet<\/em>\u00a0retrace l&#8217;historique de la cr\u00e9ation et du d\u00e9veloppement de ces r\u00e9seaux parall\u00e8les et analyse les implications g\u00e9opolitiques, \u00e9conomiques et socioculturelles du ph\u00e9nom\u00e8ne en termes de cybers\u00e9curit\u00e9, de pr\u00e9servation des libert\u00e9s individuelles et de gouvernance globale d&#8217;Internet.<\/p>\n<p>&nbsp;<\/p>\n<p><strong>La presse en parle<\/strong><\/p>\n<p><a style=\"color: #1e9691\" href=\"https:\/\/www.bvoltaire.fr\/loi-avia-cette-loi-peut-faire-peser-un-danger-sur-la-liberte-dexpression\/\"><em>Boulevard Voltaire,<\/em><em>\u00a0mars 2019<\/em><\/a><\/p>\n<p><a style=\"color: #1e9691\" href=\"https:\/\/www.lefigaro.fr\/vox\/societe\/2018\/01\/26\/31003-20180126ARTFIG00288-avec-laurent-gayard-plongee-dans-les-profondeurs-du-darknet.php\"><em>Le Figaro,<\/em><em>\u00a0janvier 2018<\/em><\/a><\/p>\n","protected":false},"excerpt":{"rendered":"<p>Par ses approches socio-historique, socio-\u00e9conomique et socio-politique, la s\u00e9rie\u00a0Informatique et soci\u00e9t\u00e9 connect\u00e9es\u00a0offre une r\u00e9flexion critique sur l\u2019omnipr\u00e9sence de l\u2019informatique dans la soci\u00e9t\u00e9 et sur les enjeux qu\u2019elle suscite \u00e0 travers les questions relatives \u00e0 la cybersurveillance, aux libert\u00e9s individuelles et collectives, \u00e0 l\u2019impact environ-nemental et \u00e0 l\u2019hyperconnectivit\u00e9. Le Darknet suscite depuis plusieurs ann\u00e9es fascination et [&hellip;]<\/p>\n","protected":false},"featured_media":11507,"template":"","meta":{"_acf_changed":false,"_links_to":"","_links_to_target":""},"product_brand":[],"product_cat":[3262],"product_tag":[],"class_list":{"0":"post-11500","1":"product","2":"type-product","3":"status-publish","4":"has-post-thumbnail","6":"product_cat-non-classe","8":"first","9":"instock","10":"shipping-taxable","11":"purchasable","12":"product-type-variable"},"acf":[],"yoast_head":"<!-- This site is optimized with the Yoast SEO plugin v27.2 - https:\/\/yoast.com\/product\/yoast-seo-wordpress\/ -->\n<title>G\u00e9opolitique du Darknet - ISTE Group<\/title>\n<meta name=\"description\" content=\"G\u00e9opolitique du Darknet\u00a0retrace l&#039;historique de la cr\u00e9ation et du d\u00e9veloppement de ces r\u00e9seaux parall\u00e8les et analyse les implications g\u00e9opolitiques, \u00e9conomiques et socioculturelles du ph\u00e9nom\u00e8ne en termes de cybers\u00e9curit\u00e9, de pr\u00e9servation des libert\u00e9s individuelles et de gouvernance globale d&#039;Internet.\" \/>\n<meta name=\"robots\" content=\"index, follow, max-snippet:-1, max-image-preview:large, max-video-preview:-1\" \/>\n<link rel=\"canonical\" href=\"https:\/\/www.istegroup.com\/en\/produit\/geopolitique-du-darknet\/\" \/>\n<meta property=\"og:locale\" content=\"en_US\" \/>\n<meta property=\"og:type\" content=\"article\" \/>\n<meta property=\"og:title\" content=\"G\u00e9opolitique du Darknet - ISTE Group\" \/>\n<meta property=\"og:description\" content=\"G\u00e9opolitique du Darknet\u00a0retrace l&#039;historique de la cr\u00e9ation et du d\u00e9veloppement de ces r\u00e9seaux parall\u00e8les et analyse les implications g\u00e9opolitiques, \u00e9conomiques et socioculturelles du ph\u00e9nom\u00e8ne en termes de cybers\u00e9curit\u00e9, de pr\u00e9servation des libert\u00e9s individuelles et de gouvernance globale d&#039;Internet.\" \/>\n<meta property=\"og:url\" content=\"https:\/\/www.istegroup.com\/en\/produit\/geopolitique-du-darknet\/\" \/>\n<meta property=\"og:site_name\" content=\"ISTE Group\" \/>\n<meta property=\"article:modified_time\" content=\"2024-01-03T13:41:35+00:00\" \/>\n<meta property=\"og:image\" content=\"https:\/\/www.istegroup.com\/wp-content\/uploads\/2018\/03\/Gayard-Cover_Front-scaled.jpg\" \/>\n\t<meta property=\"og:image:width\" content=\"1654\" \/>\n\t<meta property=\"og:image:height\" content=\"2560\" \/>\n\t<meta property=\"og:image:type\" content=\"image\/jpeg\" \/>\n<meta name=\"twitter:card\" content=\"summary_large_image\" \/>\n<meta name=\"twitter:label1\" content=\"Est. reading time\" \/>\n\t<meta name=\"twitter:data1\" content=\"1 minute\" \/>\n<script type=\"application\/ld+json\" class=\"yoast-schema-graph\">{\"@context\":\"https:\/\/schema.org\",\"@graph\":[{\"@type\":\"WebPage\",\"@id\":\"https:\/\/www.istegroup.com\/en\/produit\/geopolitique-du-darknet\/\",\"url\":\"https:\/\/www.istegroup.com\/en\/produit\/geopolitique-du-darknet\/\",\"name\":\"G\u00e9opolitique du Darknet - ISTE Group\",\"isPartOf\":{\"@id\":\"https:\/\/www.istegroup.com\/#website\"},\"primaryImageOfPage\":{\"@id\":\"https:\/\/www.istegroup.com\/en\/produit\/geopolitique-du-darknet\/#primaryimage\"},\"image\":{\"@id\":\"https:\/\/www.istegroup.com\/en\/produit\/geopolitique-du-darknet\/#primaryimage\"},\"thumbnailUrl\":\"https:\/\/www.istegroup.com\/wp-content\/uploads\/2018\/03\/Gayard-Cover_Front-scaled.jpg\",\"datePublished\":\"2018-03-27T13:32:59+00:00\",\"dateModified\":\"2024-01-03T13:41:35+00:00\",\"description\":\"G\u00e9opolitique du Darknet\u00a0retrace l'historique de la cr\u00e9ation et du d\u00e9veloppement de ces r\u00e9seaux parall\u00e8les et analyse les implications g\u00e9opolitiques, \u00e9conomiques et socioculturelles du ph\u00e9nom\u00e8ne en termes de cybers\u00e9curit\u00e9, de pr\u00e9servation des libert\u00e9s individuelles et de gouvernance globale d'Internet.\",\"breadcrumb\":{\"@id\":\"https:\/\/www.istegroup.com\/en\/produit\/geopolitique-du-darknet\/#breadcrumb\"},\"inLanguage\":\"en-US\",\"potentialAction\":[{\"@type\":\"ReadAction\",\"target\":[\"https:\/\/www.istegroup.com\/en\/produit\/geopolitique-du-darknet\/\"]}]},{\"@type\":\"ImageObject\",\"inLanguage\":\"en-US\",\"@id\":\"https:\/\/www.istegroup.com\/en\/produit\/geopolitique-du-darknet\/#primaryimage\",\"url\":\"https:\/\/www.istegroup.com\/wp-content\/uploads\/2018\/03\/Gayard-Cover_Front-scaled.jpg\",\"contentUrl\":\"https:\/\/www.istegroup.com\/wp-content\/uploads\/2018\/03\/Gayard-Cover_Front-scaled.jpg\",\"width\":1654,\"height\":2560,\"caption\":\"Nouvelles fronti\u00e8res et nouveaux usages du num\u00e9rique\"},{\"@type\":\"BreadcrumbList\",\"@id\":\"https:\/\/www.istegroup.com\/en\/produit\/geopolitique-du-darknet\/#breadcrumb\",\"itemListElement\":[{\"@type\":\"ListItem\",\"position\":1,\"name\":\"Home\",\"item\":\"https:\/\/www.istegroup.com\/\"},{\"@type\":\"ListItem\",\"position\":2,\"name\":\"Shop\",\"item\":\"https:\/\/www.istegroup.com\/fr\/nouveautes\/\"},{\"@type\":\"ListItem\",\"position\":3,\"name\":\"G\u00e9opolitique du Darknet\"}]},{\"@type\":\"WebSite\",\"@id\":\"https:\/\/www.istegroup.com\/#website\",\"url\":\"https:\/\/www.istegroup.com\/\",\"name\":\"ISTE Group\",\"description\":\"Publishing Knowledge\",\"potentialAction\":[{\"@type\":\"SearchAction\",\"target\":{\"@type\":\"EntryPoint\",\"urlTemplate\":\"https:\/\/www.istegroup.com\/?s={search_term_string}\"},\"query-input\":{\"@type\":\"PropertyValueSpecification\",\"valueRequired\":true,\"valueName\":\"search_term_string\"}}],\"inLanguage\":\"en-US\"}]}<\/script>\n<!-- \/ Yoast SEO plugin. -->","yoast_head_json":{"title":"G\u00e9opolitique du Darknet - ISTE Group","description":"G\u00e9opolitique du Darknet\u00a0retrace l'historique de la cr\u00e9ation et du d\u00e9veloppement de ces r\u00e9seaux parall\u00e8les et analyse les implications g\u00e9opolitiques, \u00e9conomiques et socioculturelles du ph\u00e9nom\u00e8ne en termes de cybers\u00e9curit\u00e9, de pr\u00e9servation des libert\u00e9s individuelles et de gouvernance globale d'Internet.","robots":{"index":"index","follow":"follow","max-snippet":"max-snippet:-1","max-image-preview":"max-image-preview:large","max-video-preview":"max-video-preview:-1"},"canonical":"https:\/\/www.istegroup.com\/en\/produit\/geopolitique-du-darknet\/","og_locale":"en_US","og_type":"article","og_title":"G\u00e9opolitique du Darknet - ISTE Group","og_description":"G\u00e9opolitique du Darknet\u00a0retrace l'historique de la cr\u00e9ation et du d\u00e9veloppement de ces r\u00e9seaux parall\u00e8les et analyse les implications g\u00e9opolitiques, \u00e9conomiques et socioculturelles du ph\u00e9nom\u00e8ne en termes de cybers\u00e9curit\u00e9, de pr\u00e9servation des libert\u00e9s individuelles et de gouvernance globale d'Internet.","og_url":"https:\/\/www.istegroup.com\/en\/produit\/geopolitique-du-darknet\/","og_site_name":"ISTE Group","article_modified_time":"2024-01-03T13:41:35+00:00","og_image":[{"width":1654,"height":2560,"url":"https:\/\/www.istegroup.com\/wp-content\/uploads\/2018\/03\/Gayard-Cover_Front-scaled.jpg","type":"image\/jpeg"}],"twitter_card":"summary_large_image","twitter_misc":{"Est. reading time":"1 minute"},"schema":{"@context":"https:\/\/schema.org","@graph":[{"@type":"WebPage","@id":"https:\/\/www.istegroup.com\/en\/produit\/geopolitique-du-darknet\/","url":"https:\/\/www.istegroup.com\/en\/produit\/geopolitique-du-darknet\/","name":"G\u00e9opolitique du Darknet - ISTE Group","isPartOf":{"@id":"https:\/\/www.istegroup.com\/#website"},"primaryImageOfPage":{"@id":"https:\/\/www.istegroup.com\/en\/produit\/geopolitique-du-darknet\/#primaryimage"},"image":{"@id":"https:\/\/www.istegroup.com\/en\/produit\/geopolitique-du-darknet\/#primaryimage"},"thumbnailUrl":"https:\/\/www.istegroup.com\/wp-content\/uploads\/2018\/03\/Gayard-Cover_Front-scaled.jpg","datePublished":"2018-03-27T13:32:59+00:00","dateModified":"2024-01-03T13:41:35+00:00","description":"G\u00e9opolitique du Darknet\u00a0retrace l'historique de la cr\u00e9ation et du d\u00e9veloppement de ces r\u00e9seaux parall\u00e8les et analyse les implications g\u00e9opolitiques, \u00e9conomiques et socioculturelles du ph\u00e9nom\u00e8ne en termes de cybers\u00e9curit\u00e9, de pr\u00e9servation des libert\u00e9s individuelles et de gouvernance globale d'Internet.","breadcrumb":{"@id":"https:\/\/www.istegroup.com\/en\/produit\/geopolitique-du-darknet\/#breadcrumb"},"inLanguage":"en-US","potentialAction":[{"@type":"ReadAction","target":["https:\/\/www.istegroup.com\/en\/produit\/geopolitique-du-darknet\/"]}]},{"@type":"ImageObject","inLanguage":"en-US","@id":"https:\/\/www.istegroup.com\/en\/produit\/geopolitique-du-darknet\/#primaryimage","url":"https:\/\/www.istegroup.com\/wp-content\/uploads\/2018\/03\/Gayard-Cover_Front-scaled.jpg","contentUrl":"https:\/\/www.istegroup.com\/wp-content\/uploads\/2018\/03\/Gayard-Cover_Front-scaled.jpg","width":1654,"height":2560,"caption":"Nouvelles fronti\u00e8res et nouveaux usages du num\u00e9rique"},{"@type":"BreadcrumbList","@id":"https:\/\/www.istegroup.com\/en\/produit\/geopolitique-du-darknet\/#breadcrumb","itemListElement":[{"@type":"ListItem","position":1,"name":"Home","item":"https:\/\/www.istegroup.com\/"},{"@type":"ListItem","position":2,"name":"Shop","item":"https:\/\/www.istegroup.com\/fr\/nouveautes\/"},{"@type":"ListItem","position":3,"name":"G\u00e9opolitique du Darknet"}]},{"@type":"WebSite","@id":"https:\/\/www.istegroup.com\/#website","url":"https:\/\/www.istegroup.com\/","name":"ISTE Group","description":"Publishing Knowledge","potentialAction":[{"@type":"SearchAction","target":{"@type":"EntryPoint","urlTemplate":"https:\/\/www.istegroup.com\/?s={search_term_string}"},"query-input":{"@type":"PropertyValueSpecification","valueRequired":true,"valueName":"search_term_string"}}],"inLanguage":"en-US"}]}},"_links":{"self":[{"href":"https:\/\/www.istegroup.com\/en\/wp-json\/wp\/v2\/product\/11500","targetHints":{"allow":["GET"]}}],"collection":[{"href":"https:\/\/www.istegroup.com\/en\/wp-json\/wp\/v2\/product"}],"about":[{"href":"https:\/\/www.istegroup.com\/en\/wp-json\/wp\/v2\/types\/product"}],"wp:featuredmedia":[{"embeddable":true,"href":"https:\/\/www.istegroup.com\/en\/wp-json\/wp\/v2\/media\/11507"}],"wp:attachment":[{"href":"https:\/\/www.istegroup.com\/en\/wp-json\/wp\/v2\/media?parent=11500"}],"wp:term":[{"taxonomy":"product_brand","embeddable":true,"href":"https:\/\/www.istegroup.com\/en\/wp-json\/wp\/v2\/product_brand?post=11500"},{"taxonomy":"product_cat","embeddable":true,"href":"https:\/\/www.istegroup.com\/en\/wp-json\/wp\/v2\/product_cat?post=11500"},{"taxonomy":"product_tag","embeddable":true,"href":"https:\/\/www.istegroup.com\/en\/wp-json\/wp\/v2\/product_tag?post=11500"}],"curies":[{"name":"wp","href":"https:\/\/api.w.org\/{rel}","templated":true}]}}