{"id":11493,"date":"2018-03-27T15:28:26","date_gmt":"2018-03-27T13:28:26","guid":{"rendered":"https:\/\/iste.yhello.co\/?post_type=product&#038;p=11493"},"modified":"2024-01-03T14:35:17","modified_gmt":"2024-01-03T14:35:17","slug":"formation-des-ingenieurs-a-linnovation","status":"publish","type":"product","link":"https:\/\/www.istegroup.com\/en\/produit\/formation-des-ingenieurs-a-linnovation\/","title":{"rendered":"Formation des ing\u00e9nieurs \u00e0 l\u2019innovation"},"content":{"rendered":"<p>\u00c0 travers les \u00e9poques et les cultures, les ing\u00e9nieurs se d\u00e9finissent comme ceux qui apportent l\u2019innovation technique dans la soci\u00e9t\u00e9. Cependant, les conceptions de l\u2019innovation et du r\u00f4le des ing\u00e9nieurs \u00e9voluent aujourd\u2019hui sous les effets de la mondialisation, de la r\u00e9volution num\u00e9rique, de la mont\u00e9e des in\u00e9galit\u00e9s et des probl\u00e8mes environnementaux.<\/p>\n<p><em>Formation des ing\u00e9nieurs \u00e0 l\u2019innovation<\/em>\u00a0analyse la fa\u00e7on dont les syst\u00e8mes de formation des ing\u00e9nieurs s\u2019adaptent aux nouveaux imp\u00e9ratifs, ainsi que les conditions dans lesquelles cet apprentissage est \u00e9labor\u00e9 aujourd\u2019hui. Cet ouvrage rassemble les travaux d\u2019un consortium de chercheurs qui se sont consacr\u00e9s \u00e0 cela \u00e0 travers le projet Innov\u2019Ing 2020 : la formation des ing\u00e9nieurs \u00e0 l\u2019innovation, nouveaux m\u00e9tiers, nouvelles formations.<\/p>\n<p>Cet ouvrage propose des moyens de concevoir des p\u00e9dagogies adapt\u00e9es \u00e0 une approche holistique de l\u2019innovation, qui associe les dimensions techniques, \u00e9conomiques, sociales, \u00e9thiques et environnementales de l\u2019ing\u00e9nierie.<\/p>\n","protected":false},"excerpt":{"rendered":"<p>\u00c0 travers les \u00e9poques et les cultures, les ing\u00e9nieurs se d\u00e9finissent comme ceux qui apportent l\u2019innovation technique dans la soci\u00e9t\u00e9. Cependant, les conceptions de l\u2019innovation et du r\u00f4le des ing\u00e9nieurs \u00e9voluent aujourd\u2019hui sous les effets de la mondialisation, de la r\u00e9volution num\u00e9rique, de la mont\u00e9e des in\u00e9galit\u00e9s et des probl\u00e8mes environnementaux. Formation des ing\u00e9nieurs \u00e0 [&hellip;]<\/p>\n","protected":false},"featured_media":11499,"template":"","meta":{"_acf_changed":false,"_links_to":"","_links_to_target":""},"product_brand":[],"product_cat":[3262],"product_tag":[],"class_list":{"0":"post-11493","1":"product","2":"type-product","3":"status-publish","4":"has-post-thumbnail","6":"product_cat-non-classe","8":"first","9":"instock","10":"shipping-taxable","11":"purchasable","12":"product-type-variable"},"acf":[],"yoast_head":"<!-- This site is optimized with the Yoast SEO plugin v27.2 - https:\/\/yoast.com\/product\/yoast-seo-wordpress\/ -->\n<title>Formation des ing\u00e9nieurs \u00e0 l\u2019innovation - ISTE Group<\/title>\n<meta name=\"description\" content=\"Formation des ing\u00e9nieurs \u00e0 l\u2019innovation\u00a0analyse la fa\u00e7on dont les syst\u00e8mes de formation des ing\u00e9nieurs s\u2019adaptent aux nouveaux imp\u00e9ratifs, ainsi que les conditions dans lesquelles cet apprentissage est \u00e9labor\u00e9 aujourd\u2019hui.\" \/>\n<meta name=\"robots\" content=\"index, follow, max-snippet:-1, max-image-preview:large, max-video-preview:-1\" \/>\n<link rel=\"canonical\" href=\"https:\/\/www.istegroup.com\/fr\/produit\/formation-des-ingenieurs-a-linnovation\/\" \/>\n<meta property=\"og:locale\" content=\"en_US\" \/>\n<meta property=\"og:type\" content=\"article\" \/>\n<meta property=\"og:title\" content=\"Formation des ing\u00e9nieurs \u00e0 l\u2019innovation - ISTE Group\" \/>\n<meta property=\"og:description\" content=\"Formation des ing\u00e9nieurs \u00e0 l\u2019innovation\u00a0analyse la fa\u00e7on dont les syst\u00e8mes de formation des ing\u00e9nieurs s\u2019adaptent aux nouveaux imp\u00e9ratifs, ainsi que les conditions dans lesquelles cet apprentissage est \u00e9labor\u00e9 aujourd\u2019hui.\" \/>\n<meta property=\"og:url\" content=\"https:\/\/www.istegroup.com\/fr\/produit\/formation-des-ingenieurs-a-linnovation\/\" \/>\n<meta property=\"og:site_name\" content=\"ISTE Group\" \/>\n<meta property=\"article:modified_time\" content=\"2024-01-03T14:35:17+00:00\" \/>\n<meta property=\"og:image\" content=\"https:\/\/www.istegroup.com\/wp-content\/uploads\/2018\/03\/Lemaitre_Front-scaled.jpg\" \/>\n\t<meta property=\"og:image:width\" content=\"1700\" \/>\n\t<meta property=\"og:image:height\" content=\"2560\" \/>\n\t<meta property=\"og:image:type\" content=\"image\/jpeg\" \/>\n<meta name=\"twitter:card\" content=\"summary_large_image\" \/>\n<meta name=\"twitter:label1\" content=\"Est. reading time\" \/>\n\t<meta name=\"twitter:data1\" content=\"1 minute\" \/>\n<script type=\"application\/ld+json\" class=\"yoast-schema-graph\">{\"@context\":\"https:\/\/schema.org\",\"@graph\":[{\"@type\":\"WebPage\",\"@id\":\"https:\/\/www.istegroup.com\/fr\/produit\/formation-des-ingenieurs-a-linnovation\/\",\"url\":\"https:\/\/www.istegroup.com\/fr\/produit\/formation-des-ingenieurs-a-linnovation\/\",\"name\":\"Formation des ing\u00e9nieurs \u00e0 l\u2019innovation - ISTE Group\",\"isPartOf\":{\"@id\":\"https:\/\/www.istegroup.com\/#website\"},\"primaryImageOfPage\":{\"@id\":\"https:\/\/www.istegroup.com\/fr\/produit\/formation-des-ingenieurs-a-linnovation\/#primaryimage\"},\"image\":{\"@id\":\"https:\/\/www.istegroup.com\/fr\/produit\/formation-des-ingenieurs-a-linnovation\/#primaryimage\"},\"thumbnailUrl\":\"https:\/\/www.istegroup.com\/wp-content\/uploads\/2018\/03\/Lemaitre_Front-scaled.jpg\",\"datePublished\":\"2018-03-27T13:28:26+00:00\",\"dateModified\":\"2024-01-03T14:35:17+00:00\",\"description\":\"Formation des ing\u00e9nieurs \u00e0 l\u2019innovation\u00a0analyse la fa\u00e7on dont les syst\u00e8mes de formation des ing\u00e9nieurs s\u2019adaptent aux nouveaux imp\u00e9ratifs, ainsi que les conditions dans lesquelles cet apprentissage est \u00e9labor\u00e9 aujourd\u2019hui.\",\"breadcrumb\":{\"@id\":\"https:\/\/www.istegroup.com\/fr\/produit\/formation-des-ingenieurs-a-linnovation\/#breadcrumb\"},\"inLanguage\":\"en-US\",\"potentialAction\":[{\"@type\":\"ReadAction\",\"target\":[\"https:\/\/www.istegroup.com\/fr\/produit\/formation-des-ingenieurs-a-linnovation\/\"]}]},{\"@type\":\"ImageObject\",\"inLanguage\":\"en-US\",\"@id\":\"https:\/\/www.istegroup.com\/fr\/produit\/formation-des-ingenieurs-a-linnovation\/#primaryimage\",\"url\":\"https:\/\/www.istegroup.com\/wp-content\/uploads\/2018\/03\/Lemaitre_Front-scaled.jpg\",\"contentUrl\":\"https:\/\/www.istegroup.com\/wp-content\/uploads\/2018\/03\/Lemaitre_Front-scaled.jpg\",\"width\":1700,\"height\":2560,\"caption\":\"Formation des ing\u00e9nieurs \u00e0 l\u2019innovation iste group\"},{\"@type\":\"BreadcrumbList\",\"@id\":\"https:\/\/www.istegroup.com\/fr\/produit\/formation-des-ingenieurs-a-linnovation\/#breadcrumb\",\"itemListElement\":[{\"@type\":\"ListItem\",\"position\":1,\"name\":\"Home\",\"item\":\"https:\/\/www.istegroup.com\/\"},{\"@type\":\"ListItem\",\"position\":2,\"name\":\"Shop\",\"item\":\"https:\/\/www.istegroup.com\/fr\/nouveautes\/\"},{\"@type\":\"ListItem\",\"position\":3,\"name\":\"Formation des ing\u00e9nieurs \u00e0 l\u2019innovation\"}]},{\"@type\":\"WebSite\",\"@id\":\"https:\/\/www.istegroup.com\/#website\",\"url\":\"https:\/\/www.istegroup.com\/\",\"name\":\"ISTE Group\",\"description\":\"Publishing Knowledge\",\"potentialAction\":[{\"@type\":\"SearchAction\",\"target\":{\"@type\":\"EntryPoint\",\"urlTemplate\":\"https:\/\/www.istegroup.com\/?s={search_term_string}\"},\"query-input\":{\"@type\":\"PropertyValueSpecification\",\"valueRequired\":true,\"valueName\":\"search_term_string\"}}],\"inLanguage\":\"en-US\"}]}<\/script>\n<!-- \/ Yoast SEO plugin. -->","yoast_head_json":{"title":"Formation des ing\u00e9nieurs \u00e0 l\u2019innovation - ISTE Group","description":"Formation des ing\u00e9nieurs \u00e0 l\u2019innovation\u00a0analyse la fa\u00e7on dont les syst\u00e8mes de formation des ing\u00e9nieurs s\u2019adaptent aux nouveaux imp\u00e9ratifs, ainsi que les conditions dans lesquelles cet apprentissage est \u00e9labor\u00e9 aujourd\u2019hui.","robots":{"index":"index","follow":"follow","max-snippet":"max-snippet:-1","max-image-preview":"max-image-preview:large","max-video-preview":"max-video-preview:-1"},"canonical":"https:\/\/www.istegroup.com\/fr\/produit\/formation-des-ingenieurs-a-linnovation\/","og_locale":"en_US","og_type":"article","og_title":"Formation des ing\u00e9nieurs \u00e0 l\u2019innovation - ISTE Group","og_description":"Formation des ing\u00e9nieurs \u00e0 l\u2019innovation\u00a0analyse la fa\u00e7on dont les syst\u00e8mes de formation des ing\u00e9nieurs s\u2019adaptent aux nouveaux imp\u00e9ratifs, ainsi que les conditions dans lesquelles cet apprentissage est \u00e9labor\u00e9 aujourd\u2019hui.","og_url":"https:\/\/www.istegroup.com\/fr\/produit\/formation-des-ingenieurs-a-linnovation\/","og_site_name":"ISTE Group","article_modified_time":"2024-01-03T14:35:17+00:00","og_image":[{"width":1700,"height":2560,"url":"https:\/\/www.istegroup.com\/wp-content\/uploads\/2018\/03\/Lemaitre_Front-scaled.jpg","type":"image\/jpeg"}],"twitter_card":"summary_large_image","twitter_misc":{"Est. reading time":"1 minute"},"schema":{"@context":"https:\/\/schema.org","@graph":[{"@type":"WebPage","@id":"https:\/\/www.istegroup.com\/fr\/produit\/formation-des-ingenieurs-a-linnovation\/","url":"https:\/\/www.istegroup.com\/fr\/produit\/formation-des-ingenieurs-a-linnovation\/","name":"Formation des ing\u00e9nieurs \u00e0 l\u2019innovation - ISTE Group","isPartOf":{"@id":"https:\/\/www.istegroup.com\/#website"},"primaryImageOfPage":{"@id":"https:\/\/www.istegroup.com\/fr\/produit\/formation-des-ingenieurs-a-linnovation\/#primaryimage"},"image":{"@id":"https:\/\/www.istegroup.com\/fr\/produit\/formation-des-ingenieurs-a-linnovation\/#primaryimage"},"thumbnailUrl":"https:\/\/www.istegroup.com\/wp-content\/uploads\/2018\/03\/Lemaitre_Front-scaled.jpg","datePublished":"2018-03-27T13:28:26+00:00","dateModified":"2024-01-03T14:35:17+00:00","description":"Formation des ing\u00e9nieurs \u00e0 l\u2019innovation\u00a0analyse la fa\u00e7on dont les syst\u00e8mes de formation des ing\u00e9nieurs s\u2019adaptent aux nouveaux imp\u00e9ratifs, ainsi que les conditions dans lesquelles cet apprentissage est \u00e9labor\u00e9 aujourd\u2019hui.","breadcrumb":{"@id":"https:\/\/www.istegroup.com\/fr\/produit\/formation-des-ingenieurs-a-linnovation\/#breadcrumb"},"inLanguage":"en-US","potentialAction":[{"@type":"ReadAction","target":["https:\/\/www.istegroup.com\/fr\/produit\/formation-des-ingenieurs-a-linnovation\/"]}]},{"@type":"ImageObject","inLanguage":"en-US","@id":"https:\/\/www.istegroup.com\/fr\/produit\/formation-des-ingenieurs-a-linnovation\/#primaryimage","url":"https:\/\/www.istegroup.com\/wp-content\/uploads\/2018\/03\/Lemaitre_Front-scaled.jpg","contentUrl":"https:\/\/www.istegroup.com\/wp-content\/uploads\/2018\/03\/Lemaitre_Front-scaled.jpg","width":1700,"height":2560,"caption":"Formation des ing\u00e9nieurs \u00e0 l\u2019innovation iste group"},{"@type":"BreadcrumbList","@id":"https:\/\/www.istegroup.com\/fr\/produit\/formation-des-ingenieurs-a-linnovation\/#breadcrumb","itemListElement":[{"@type":"ListItem","position":1,"name":"Home","item":"https:\/\/www.istegroup.com\/"},{"@type":"ListItem","position":2,"name":"Shop","item":"https:\/\/www.istegroup.com\/fr\/nouveautes\/"},{"@type":"ListItem","position":3,"name":"Formation des ing\u00e9nieurs \u00e0 l\u2019innovation"}]},{"@type":"WebSite","@id":"https:\/\/www.istegroup.com\/#website","url":"https:\/\/www.istegroup.com\/","name":"ISTE Group","description":"Publishing Knowledge","potentialAction":[{"@type":"SearchAction","target":{"@type":"EntryPoint","urlTemplate":"https:\/\/www.istegroup.com\/?s={search_term_string}"},"query-input":{"@type":"PropertyValueSpecification","valueRequired":true,"valueName":"search_term_string"}}],"inLanguage":"en-US"}]}},"_links":{"self":[{"href":"https:\/\/www.istegroup.com\/en\/wp-json\/wp\/v2\/product\/11493","targetHints":{"allow":["GET"]}}],"collection":[{"href":"https:\/\/www.istegroup.com\/en\/wp-json\/wp\/v2\/product"}],"about":[{"href":"https:\/\/www.istegroup.com\/en\/wp-json\/wp\/v2\/types\/product"}],"wp:featuredmedia":[{"embeddable":true,"href":"https:\/\/www.istegroup.com\/en\/wp-json\/wp\/v2\/media\/11499"}],"wp:attachment":[{"href":"https:\/\/www.istegroup.com\/en\/wp-json\/wp\/v2\/media?parent=11493"}],"wp:term":[{"taxonomy":"product_brand","embeddable":true,"href":"https:\/\/www.istegroup.com\/en\/wp-json\/wp\/v2\/product_brand?post=11493"},{"taxonomy":"product_cat","embeddable":true,"href":"https:\/\/www.istegroup.com\/en\/wp-json\/wp\/v2\/product_cat?post=11493"},{"taxonomy":"product_tag","embeddable":true,"href":"https:\/\/www.istegroup.com\/en\/wp-json\/wp\/v2\/product_tag?post=11493"}],"curies":[{"name":"wp","href":"https:\/\/api.w.org\/{rel}","templated":true}]}}