{"id":11476,"date":"2018-03-27T15:16:35","date_gmt":"2018-03-27T13:16:35","guid":{"rendered":"https:\/\/iste.yhello.co\/?post_type=product&#038;p=11476"},"modified":"2024-01-03T13:41:35","modified_gmt":"2024-01-03T13:41:35","slug":"efficacite-organisationnelle-et-performance-sociale","status":"publish","type":"product","link":"https:\/\/www.istegroup.com\/en\/produit\/efficacite-organisationnelle-et-performance-sociale\/","title":{"rendered":"Efficacit\u00e9 organisationnelle et performance sociale"},"content":{"rendered":"<p>Les managers de demain sont condamn\u00e9s \u00e0 allier action, vision et leadership ainsi qu\u2019\u00e0 concilier rentabilit\u00e9, performance sociale et bien-\u00eatre. Plus que jamais, ils ont besoin d\u2019une vue d\u2019ensemble globale de leur milieu socio-\u00e9conomique, d\u2019outils pratiques de gestion et de mesure.<\/p>\n<p>Cet ouvrage pr\u00e9sente les dix leviers n\u00e9cessaires \u00e0 une meilleure efficacit\u00e9 organisationnelle et gestion sociale. Pratique, il inclut des questionnaires et indicateurs, pr\u00e9sente des mesures et recommandations, et offre une panoplie d\u2019exemples d\u2019actualit\u00e9 \u00e9tayant les concepts sous-jacents aux analyses et recommandations propos\u00e9es.<\/p>\n<p>S\u2019adressant aux cadres dirigeants des entreprises, experts en gestion et consultants en qu\u00eate de solutions pragmatiques et d\u00e9sirant parfaire leurs connaissances en management du capital humain,\u00a0<em>Efficacit\u00e9 organisationnelle et performance sociale<\/em>\u00a0leur donne un cadre de travail et d\u2019intervention pr\u00e9cis, une vision structur\u00e9e et un fil conducteur rigoureux \u00e0 suivre.<\/p>\n","protected":false},"excerpt":{"rendered":"<p>Les managers de demain sont condamn\u00e9s \u00e0 allier action, vision et leadership ainsi qu\u2019\u00e0 concilier rentabilit\u00e9, performance sociale et bien-\u00eatre. Plus que jamais, ils ont besoin d\u2019une vue d\u2019ensemble globale de leur milieu socio-\u00e9conomique, d\u2019outils pratiques de gestion et de mesure. Cet ouvrage pr\u00e9sente les dix leviers n\u00e9cessaires \u00e0 une meilleure efficacit\u00e9 organisationnelle et gestion [&hellip;]<\/p>\n","protected":false},"featured_media":11487,"template":"","meta":{"_acf_changed":false,"_links_to":"","_links_to_target":""},"product_brand":[],"product_cat":[3262],"product_tag":[],"class_list":{"0":"post-11476","1":"product","2":"type-product","3":"status-publish","4":"has-post-thumbnail","6":"product_cat-non-classe","8":"first","9":"instock","10":"shipping-taxable","11":"purchasable","12":"product-type-variable"},"acf":[],"yoast_head":"<!-- This site is optimized with the Yoast SEO plugin v27.2 - https:\/\/yoast.com\/product\/yoast-seo-wordpress\/ -->\n<title>Efficacit\u00e9 organisationnelle et performance sociale - ISTE Group<\/title>\n<meta name=\"description\" content=\"Cet ouvrage pr\u00e9sente les dix leviers n\u00e9cessaires \u00e0 une meilleure efficacit\u00e9 organisationnelle et gestion sociale. Pratique, il inclut des questionnaires et indicateurs, pr\u00e9sente des mesures et recommandations, et offre une panoplie d\u2019exemples d\u2019actualit\u00e9 \u00e9tayant les concepts sous-jacents aux analyses et recommandations propos\u00e9es.\" \/>\n<meta name=\"robots\" content=\"index, follow, max-snippet:-1, max-image-preview:large, max-video-preview:-1\" \/>\n<link rel=\"canonical\" href=\"https:\/\/www.istegroup.com\/fr\/produit\/efficacite-organisationnelle-et-performance-sociale\/\" \/>\n<meta property=\"og:locale\" content=\"en_US\" \/>\n<meta property=\"og:type\" content=\"article\" \/>\n<meta property=\"og:title\" content=\"Efficacit\u00e9 organisationnelle et performance sociale - ISTE Group\" \/>\n<meta property=\"og:description\" content=\"Cet ouvrage pr\u00e9sente les dix leviers n\u00e9cessaires \u00e0 une meilleure efficacit\u00e9 organisationnelle et gestion sociale. Pratique, il inclut des questionnaires et indicateurs, pr\u00e9sente des mesures et recommandations, et offre une panoplie d\u2019exemples d\u2019actualit\u00e9 \u00e9tayant les concepts sous-jacents aux analyses et recommandations propos\u00e9es.\" \/>\n<meta property=\"og:url\" content=\"https:\/\/www.istegroup.com\/fr\/produit\/efficacite-organisationnelle-et-performance-sociale\/\" \/>\n<meta property=\"og:site_name\" content=\"ISTE Group\" \/>\n<meta property=\"article:modified_time\" content=\"2024-01-03T13:41:35+00:00\" \/>\n<meta property=\"og:image\" content=\"https:\/\/www.istegroup.com\/wp-content\/uploads\/2018\/03\/Belout_Front-scaled.jpg\" \/>\n\t<meta property=\"og:image:width\" content=\"1697\" \/>\n\t<meta property=\"og:image:height\" content=\"2560\" \/>\n\t<meta property=\"og:image:type\" content=\"image\/jpeg\" \/>\n<meta name=\"twitter:card\" content=\"summary_large_image\" \/>\n<meta name=\"twitter:label1\" content=\"Est. reading time\" \/>\n\t<meta name=\"twitter:data1\" content=\"1 minute\" \/>\n<script type=\"application\/ld+json\" class=\"yoast-schema-graph\">{\"@context\":\"https:\/\/schema.org\",\"@graph\":[{\"@type\":\"WebPage\",\"@id\":\"https:\/\/www.istegroup.com\/fr\/produit\/efficacite-organisationnelle-et-performance-sociale\/\",\"url\":\"https:\/\/www.istegroup.com\/fr\/produit\/efficacite-organisationnelle-et-performance-sociale\/\",\"name\":\"Efficacit\u00e9 organisationnelle et performance sociale - ISTE Group\",\"isPartOf\":{\"@id\":\"https:\/\/www.istegroup.com\/#website\"},\"primaryImageOfPage\":{\"@id\":\"https:\/\/www.istegroup.com\/fr\/produit\/efficacite-organisationnelle-et-performance-sociale\/#primaryimage\"},\"image\":{\"@id\":\"https:\/\/www.istegroup.com\/fr\/produit\/efficacite-organisationnelle-et-performance-sociale\/#primaryimage\"},\"thumbnailUrl\":\"https:\/\/www.istegroup.com\/wp-content\/uploads\/2018\/03\/Belout_Front-scaled.jpg\",\"datePublished\":\"2018-03-27T13:16:35+00:00\",\"dateModified\":\"2024-01-03T13:41:35+00:00\",\"description\":\"Cet ouvrage pr\u00e9sente les dix leviers n\u00e9cessaires \u00e0 une meilleure efficacit\u00e9 organisationnelle et gestion sociale. Pratique, il inclut des questionnaires et indicateurs, pr\u00e9sente des mesures et recommandations, et offre une panoplie d\u2019exemples d\u2019actualit\u00e9 \u00e9tayant les concepts sous-jacents aux analyses et recommandations propos\u00e9es.\",\"breadcrumb\":{\"@id\":\"https:\/\/www.istegroup.com\/fr\/produit\/efficacite-organisationnelle-et-performance-sociale\/#breadcrumb\"},\"inLanguage\":\"en-US\",\"potentialAction\":[{\"@type\":\"ReadAction\",\"target\":[\"https:\/\/www.istegroup.com\/fr\/produit\/efficacite-organisationnelle-et-performance-sociale\/\"]}]},{\"@type\":\"ImageObject\",\"inLanguage\":\"en-US\",\"@id\":\"https:\/\/www.istegroup.com\/fr\/produit\/efficacite-organisationnelle-et-performance-sociale\/#primaryimage\",\"url\":\"https:\/\/www.istegroup.com\/wp-content\/uploads\/2018\/03\/Belout_Front-scaled.jpg\",\"contentUrl\":\"https:\/\/www.istegroup.com\/wp-content\/uploads\/2018\/03\/Belout_Front-scaled.jpg\",\"width\":1697,\"height\":2560,\"caption\":\"Efficacit\u00e9 organisationnelle et performance sociale iste group\"},{\"@type\":\"BreadcrumbList\",\"@id\":\"https:\/\/www.istegroup.com\/fr\/produit\/efficacite-organisationnelle-et-performance-sociale\/#breadcrumb\",\"itemListElement\":[{\"@type\":\"ListItem\",\"position\":1,\"name\":\"Home\",\"item\":\"https:\/\/www.istegroup.com\/\"},{\"@type\":\"ListItem\",\"position\":2,\"name\":\"Shop\",\"item\":\"https:\/\/www.istegroup.com\/fr\/nouveautes\/\"},{\"@type\":\"ListItem\",\"position\":3,\"name\":\"Efficacit\u00e9 organisationnelle et performance sociale\"}]},{\"@type\":\"WebSite\",\"@id\":\"https:\/\/www.istegroup.com\/#website\",\"url\":\"https:\/\/www.istegroup.com\/\",\"name\":\"ISTE Group\",\"description\":\"Publishing Knowledge\",\"potentialAction\":[{\"@type\":\"SearchAction\",\"target\":{\"@type\":\"EntryPoint\",\"urlTemplate\":\"https:\/\/www.istegroup.com\/?s={search_term_string}\"},\"query-input\":{\"@type\":\"PropertyValueSpecification\",\"valueRequired\":true,\"valueName\":\"search_term_string\"}}],\"inLanguage\":\"en-US\"}]}<\/script>\n<!-- \/ Yoast SEO plugin. -->","yoast_head_json":{"title":"Efficacit\u00e9 organisationnelle et performance sociale - ISTE Group","description":"Cet ouvrage pr\u00e9sente les dix leviers n\u00e9cessaires \u00e0 une meilleure efficacit\u00e9 organisationnelle et gestion sociale. Pratique, il inclut des questionnaires et indicateurs, pr\u00e9sente des mesures et recommandations, et offre une panoplie d\u2019exemples d\u2019actualit\u00e9 \u00e9tayant les concepts sous-jacents aux analyses et recommandations propos\u00e9es.","robots":{"index":"index","follow":"follow","max-snippet":"max-snippet:-1","max-image-preview":"max-image-preview:large","max-video-preview":"max-video-preview:-1"},"canonical":"https:\/\/www.istegroup.com\/fr\/produit\/efficacite-organisationnelle-et-performance-sociale\/","og_locale":"en_US","og_type":"article","og_title":"Efficacit\u00e9 organisationnelle et performance sociale - ISTE Group","og_description":"Cet ouvrage pr\u00e9sente les dix leviers n\u00e9cessaires \u00e0 une meilleure efficacit\u00e9 organisationnelle et gestion sociale. Pratique, il inclut des questionnaires et indicateurs, pr\u00e9sente des mesures et recommandations, et offre une panoplie d\u2019exemples d\u2019actualit\u00e9 \u00e9tayant les concepts sous-jacents aux analyses et recommandations propos\u00e9es.","og_url":"https:\/\/www.istegroup.com\/fr\/produit\/efficacite-organisationnelle-et-performance-sociale\/","og_site_name":"ISTE Group","article_modified_time":"2024-01-03T13:41:35+00:00","og_image":[{"width":1697,"height":2560,"url":"https:\/\/www.istegroup.com\/wp-content\/uploads\/2018\/03\/Belout_Front-scaled.jpg","type":"image\/jpeg"}],"twitter_card":"summary_large_image","twitter_misc":{"Est. reading time":"1 minute"},"schema":{"@context":"https:\/\/schema.org","@graph":[{"@type":"WebPage","@id":"https:\/\/www.istegroup.com\/fr\/produit\/efficacite-organisationnelle-et-performance-sociale\/","url":"https:\/\/www.istegroup.com\/fr\/produit\/efficacite-organisationnelle-et-performance-sociale\/","name":"Efficacit\u00e9 organisationnelle et performance sociale - ISTE Group","isPartOf":{"@id":"https:\/\/www.istegroup.com\/#website"},"primaryImageOfPage":{"@id":"https:\/\/www.istegroup.com\/fr\/produit\/efficacite-organisationnelle-et-performance-sociale\/#primaryimage"},"image":{"@id":"https:\/\/www.istegroup.com\/fr\/produit\/efficacite-organisationnelle-et-performance-sociale\/#primaryimage"},"thumbnailUrl":"https:\/\/www.istegroup.com\/wp-content\/uploads\/2018\/03\/Belout_Front-scaled.jpg","datePublished":"2018-03-27T13:16:35+00:00","dateModified":"2024-01-03T13:41:35+00:00","description":"Cet ouvrage pr\u00e9sente les dix leviers n\u00e9cessaires \u00e0 une meilleure efficacit\u00e9 organisationnelle et gestion sociale. Pratique, il inclut des questionnaires et indicateurs, pr\u00e9sente des mesures et recommandations, et offre une panoplie d\u2019exemples d\u2019actualit\u00e9 \u00e9tayant les concepts sous-jacents aux analyses et recommandations propos\u00e9es.","breadcrumb":{"@id":"https:\/\/www.istegroup.com\/fr\/produit\/efficacite-organisationnelle-et-performance-sociale\/#breadcrumb"},"inLanguage":"en-US","potentialAction":[{"@type":"ReadAction","target":["https:\/\/www.istegroup.com\/fr\/produit\/efficacite-organisationnelle-et-performance-sociale\/"]}]},{"@type":"ImageObject","inLanguage":"en-US","@id":"https:\/\/www.istegroup.com\/fr\/produit\/efficacite-organisationnelle-et-performance-sociale\/#primaryimage","url":"https:\/\/www.istegroup.com\/wp-content\/uploads\/2018\/03\/Belout_Front-scaled.jpg","contentUrl":"https:\/\/www.istegroup.com\/wp-content\/uploads\/2018\/03\/Belout_Front-scaled.jpg","width":1697,"height":2560,"caption":"Efficacit\u00e9 organisationnelle et performance sociale iste group"},{"@type":"BreadcrumbList","@id":"https:\/\/www.istegroup.com\/fr\/produit\/efficacite-organisationnelle-et-performance-sociale\/#breadcrumb","itemListElement":[{"@type":"ListItem","position":1,"name":"Home","item":"https:\/\/www.istegroup.com\/"},{"@type":"ListItem","position":2,"name":"Shop","item":"https:\/\/www.istegroup.com\/fr\/nouveautes\/"},{"@type":"ListItem","position":3,"name":"Efficacit\u00e9 organisationnelle et performance sociale"}]},{"@type":"WebSite","@id":"https:\/\/www.istegroup.com\/#website","url":"https:\/\/www.istegroup.com\/","name":"ISTE Group","description":"Publishing Knowledge","potentialAction":[{"@type":"SearchAction","target":{"@type":"EntryPoint","urlTemplate":"https:\/\/www.istegroup.com\/?s={search_term_string}"},"query-input":{"@type":"PropertyValueSpecification","valueRequired":true,"valueName":"search_term_string"}}],"inLanguage":"en-US"}]}},"_links":{"self":[{"href":"https:\/\/www.istegroup.com\/en\/wp-json\/wp\/v2\/product\/11476","targetHints":{"allow":["GET"]}}],"collection":[{"href":"https:\/\/www.istegroup.com\/en\/wp-json\/wp\/v2\/product"}],"about":[{"href":"https:\/\/www.istegroup.com\/en\/wp-json\/wp\/v2\/types\/product"}],"wp:featuredmedia":[{"embeddable":true,"href":"https:\/\/www.istegroup.com\/en\/wp-json\/wp\/v2\/media\/11487"}],"wp:attachment":[{"href":"https:\/\/www.istegroup.com\/en\/wp-json\/wp\/v2\/media?parent=11476"}],"wp:term":[{"taxonomy":"product_brand","embeddable":true,"href":"https:\/\/www.istegroup.com\/en\/wp-json\/wp\/v2\/product_brand?post=11476"},{"taxonomy":"product_cat","embeddable":true,"href":"https:\/\/www.istegroup.com\/en\/wp-json\/wp\/v2\/product_cat?post=11476"},{"taxonomy":"product_tag","embeddable":true,"href":"https:\/\/www.istegroup.com\/en\/wp-json\/wp\/v2\/product_tag?post=11476"}],"curies":[{"name":"wp","href":"https:\/\/api.w.org\/{rel}","templated":true}]}}