{"id":11450,"date":"2017-10-27T14:24:38","date_gmt":"2017-10-27T12:24:38","guid":{"rendered":"https:\/\/iste.yhello.co\/?post_type=product&#038;p=11450"},"modified":"2024-01-03T13:41:31","modified_gmt":"2024-01-03T13:41:31","slug":"du-concept-de-phm-a-la-maintenance-predictive-2","status":"publish","type":"product","link":"https:\/\/www.istegroup.com\/en\/produit\/du-concept-de-phm-a-la-maintenance-predictive-2\/","title":{"rendered":"Du concept de PHM \u00e0 la maintenance pr\u00e9dictive 2"},"content":{"rendered":"<p>La s\u00e9rie\u00a0<em>Fiabilit\u00e9 des syst\u00e8mes multiphysiques<\/em>\u00a0s\u2019int\u00e9resse aux avanc\u00e9es de la recherche et de l\u2019industrie appliqu\u00e9es aux domaines de l\u2019optimisation, de la fiabilit\u00e9 et de la prise en compte des incertitudes des syst\u00e8mes. Ce couplage est \u00e0 la base de la comp\u00e9titivit\u00e9 des entreprises dans les secteurs de l\u2019automobile, de l\u2019a\u00e9ronautique, du g\u00e9nie civil ou de la d\u00e9fense.<\/p>\n<p>Avec les \u00e9volutions technologiques, informatiques et organisationnelles, les \u00e9quipements industriels deviennent plus complexes et automatis\u00e9s. Cette complexit\u00e9 est \u00e0 l\u2019origine de nombreux incidents, d\u00e9faillances ou d\u00e9g\u00e2ts sur les biens, l\u2019environnement et les personnes et n\u00e9cessite la mise en place d\u2019une strat\u00e9gie de maintenance efficiente, notamment au niveau du pronostic.<\/p>\n<p>Le processus de tra\u00e7abilit\u00e9 et de capitalisation des donn\u00e9es est un \u00e9l\u00e9ment cl\u00e9 dans la perspective de l\u2019\u00e9volution de la maintenance vers des strat\u00e9gies pr\u00e9dictives. Ainsi, on dispose d\u2019informations pertinentes et de connaissances appropri\u00e9es permettant de prendre des d\u00e9cisions \u00e9clair\u00e9es pr\u00e9alables \u00e0 la mise en place d\u2019une politique strat\u00e9gique de maintenance pr\u00e9dictive.<\/p>\n<p>Cet ouvrage traite des strat\u00e9gies de maintenance pr\u00e9dictive d\u2019\u00e9quipements industriels. Il fait suite au premier volume d\u00e9di\u00e9 aux premiers modules du cycle PHM et expose les modules relatifs \u00e0 l\u2019aide \u00e0 la d\u00e9cision, la tra\u00e7abilit\u00e9 de l\u2019information et la capitalisation des connaissances.<\/p>\n","protected":false},"excerpt":{"rendered":"<p>La s\u00e9rie\u00a0Fiabilit\u00e9 des syst\u00e8mes multiphysiques\u00a0s\u2019int\u00e9resse aux avanc\u00e9es de la recherche et de l\u2019industrie appliqu\u00e9es aux domaines de l\u2019optimisation, de la fiabilit\u00e9 et de la prise en compte des incertitudes des syst\u00e8mes. Ce couplage est \u00e0 la base de la comp\u00e9titivit\u00e9 des entreprises dans les secteurs de l\u2019automobile, de l\u2019a\u00e9ronautique, du g\u00e9nie civil ou de la [&hellip;]<\/p>\n","protected":false},"featured_media":20885,"template":"","meta":{"_acf_changed":false,"_links_to":"","_links_to_target":""},"product_brand":[],"product_cat":[3262],"product_tag":[],"class_list":{"0":"post-11450","1":"product","2":"type-product","3":"status-publish","4":"has-post-thumbnail","6":"product_cat-non-classe","8":"first","9":"instock","10":"shipping-taxable","11":"purchasable","12":"product-type-variable"},"acf":[],"yoast_head":"<!-- This site is optimized with the Yoast SEO plugin v27.2 - https:\/\/yoast.com\/product\/yoast-seo-wordpress\/ -->\n<title>Du concept de PHM \u00e0 la maintenance pr\u00e9dictive 2 - ISTE Group<\/title>\n<meta name=\"description\" content=\"Cet ouvrage traite des strat\u00e9gies de maintenance pr\u00e9dictive d\u2019\u00e9quipements industriels. Il fait suite au premier volume d\u00e9di\u00e9 aux premiers modules du cycle PHM et expose les modules relatifs \u00e0 l\u2019aide \u00e0 la d\u00e9cision, la tra\u00e7abilit\u00e9 de l\u2019information et la capitalisation des connaissances.\" \/>\n<meta name=\"robots\" content=\"index, follow, max-snippet:-1, max-image-preview:large, max-video-preview:-1\" \/>\n<link rel=\"canonical\" href=\"https:\/\/www.istegroup.com\/fr\/produit\/du-concept-de-phm-a-la-maintenance-predictive-2\/\" \/>\n<meta property=\"og:locale\" content=\"en_US\" \/>\n<meta property=\"og:type\" content=\"article\" \/>\n<meta property=\"og:title\" content=\"Du concept de PHM \u00e0 la maintenance pr\u00e9dictive 2 - ISTE Group\" \/>\n<meta property=\"og:description\" content=\"Cet ouvrage traite des strat\u00e9gies de maintenance pr\u00e9dictive d\u2019\u00e9quipements industriels. Il fait suite au premier volume d\u00e9di\u00e9 aux premiers modules du cycle PHM et expose les modules relatifs \u00e0 l\u2019aide \u00e0 la d\u00e9cision, la tra\u00e7abilit\u00e9 de l\u2019information et la capitalisation des connaissances.\" \/>\n<meta property=\"og:url\" content=\"https:\/\/www.istegroup.com\/fr\/produit\/du-concept-de-phm-a-la-maintenance-predictive-2\/\" \/>\n<meta property=\"og:site_name\" content=\"ISTE Group\" \/>\n<meta property=\"article:modified_time\" content=\"2024-01-03T13:41:31+00:00\" \/>\n<meta property=\"og:image\" content=\"https:\/\/www.istegroup.com\/wp-content\/uploads\/2019\/05\/Du-concept-de-PHM-\u00e0-la-maintenance-pr\u00e9dictive-2.jpg\" \/>\n\t<meta property=\"og:image:width\" content=\"606\" \/>\n\t<meta property=\"og:image:height\" content=\"911\" \/>\n\t<meta property=\"og:image:type\" content=\"image\/jpeg\" \/>\n<meta name=\"twitter:card\" content=\"summary_large_image\" \/>\n<meta name=\"twitter:label1\" content=\"Est. reading time\" \/>\n\t<meta name=\"twitter:data1\" content=\"1 minute\" \/>\n<script type=\"application\/ld+json\" class=\"yoast-schema-graph\">{\"@context\":\"https:\/\/schema.org\",\"@graph\":[{\"@type\":\"WebPage\",\"@id\":\"https:\/\/www.istegroup.com\/fr\/produit\/du-concept-de-phm-a-la-maintenance-predictive-2\/\",\"url\":\"https:\/\/www.istegroup.com\/fr\/produit\/du-concept-de-phm-a-la-maintenance-predictive-2\/\",\"name\":\"Du concept de PHM \u00e0 la maintenance pr\u00e9dictive 2 - ISTE Group\",\"isPartOf\":{\"@id\":\"https:\/\/www.istegroup.com\/#website\"},\"primaryImageOfPage\":{\"@id\":\"https:\/\/www.istegroup.com\/fr\/produit\/du-concept-de-phm-a-la-maintenance-predictive-2\/#primaryimage\"},\"image\":{\"@id\":\"https:\/\/www.istegroup.com\/fr\/produit\/du-concept-de-phm-a-la-maintenance-predictive-2\/#primaryimage\"},\"thumbnailUrl\":\"https:\/\/www.istegroup.com\/wp-content\/uploads\/2019\/05\/Du-concept-de-PHM-\u00e0-la-maintenance-pr\u00e9dictive-2.jpg\",\"datePublished\":\"2017-10-27T12:24:38+00:00\",\"dateModified\":\"2024-01-03T13:41:31+00:00\",\"description\":\"Cet ouvrage traite des strat\u00e9gies de maintenance pr\u00e9dictive d\u2019\u00e9quipements industriels. Il fait suite au premier volume d\u00e9di\u00e9 aux premiers modules du cycle PHM et expose les modules relatifs \u00e0 l\u2019aide \u00e0 la d\u00e9cision, la tra\u00e7abilit\u00e9 de l\u2019information et la capitalisation des connaissances.\",\"breadcrumb\":{\"@id\":\"https:\/\/www.istegroup.com\/fr\/produit\/du-concept-de-phm-a-la-maintenance-predictive-2\/#breadcrumb\"},\"inLanguage\":\"en-US\",\"potentialAction\":[{\"@type\":\"ReadAction\",\"target\":[\"https:\/\/www.istegroup.com\/fr\/produit\/du-concept-de-phm-a-la-maintenance-predictive-2\/\"]}]},{\"@type\":\"ImageObject\",\"inLanguage\":\"en-US\",\"@id\":\"https:\/\/www.istegroup.com\/fr\/produit\/du-concept-de-phm-a-la-maintenance-predictive-2\/#primaryimage\",\"url\":\"https:\/\/www.istegroup.com\/wp-content\/uploads\/2019\/05\/Du-concept-de-PHM-\u00e0-la-maintenance-pr\u00e9dictive-2.jpg\",\"contentUrl\":\"https:\/\/www.istegroup.com\/wp-content\/uploads\/2019\/05\/Du-concept-de-PHM-\u00e0-la-maintenance-pr\u00e9dictive-2.jpg\",\"width\":606,\"height\":911,\"caption\":\"Connaissance, tra\u00e7abilit\u00e9 et d\u00e9cision\"},{\"@type\":\"BreadcrumbList\",\"@id\":\"https:\/\/www.istegroup.com\/fr\/produit\/du-concept-de-phm-a-la-maintenance-predictive-2\/#breadcrumb\",\"itemListElement\":[{\"@type\":\"ListItem\",\"position\":1,\"name\":\"Home\",\"item\":\"https:\/\/www.istegroup.com\/\"},{\"@type\":\"ListItem\",\"position\":2,\"name\":\"Shop\",\"item\":\"https:\/\/www.istegroup.com\/fr\/nouveautes\/\"},{\"@type\":\"ListItem\",\"position\":3,\"name\":\"Du concept de PHM \u00e0 la maintenance pr\u00e9dictive 2\"}]},{\"@type\":\"WebSite\",\"@id\":\"https:\/\/www.istegroup.com\/#website\",\"url\":\"https:\/\/www.istegroup.com\/\",\"name\":\"ISTE Group\",\"description\":\"Publishing Knowledge\",\"potentialAction\":[{\"@type\":\"SearchAction\",\"target\":{\"@type\":\"EntryPoint\",\"urlTemplate\":\"https:\/\/www.istegroup.com\/?s={search_term_string}\"},\"query-input\":{\"@type\":\"PropertyValueSpecification\",\"valueRequired\":true,\"valueName\":\"search_term_string\"}}],\"inLanguage\":\"en-US\"}]}<\/script>\n<!-- \/ Yoast SEO plugin. -->","yoast_head_json":{"title":"Du concept de PHM \u00e0 la maintenance pr\u00e9dictive 2 - ISTE Group","description":"Cet ouvrage traite des strat\u00e9gies de maintenance pr\u00e9dictive d\u2019\u00e9quipements industriels. Il fait suite au premier volume d\u00e9di\u00e9 aux premiers modules du cycle PHM et expose les modules relatifs \u00e0 l\u2019aide \u00e0 la d\u00e9cision, la tra\u00e7abilit\u00e9 de l\u2019information et la capitalisation des connaissances.","robots":{"index":"index","follow":"follow","max-snippet":"max-snippet:-1","max-image-preview":"max-image-preview:large","max-video-preview":"max-video-preview:-1"},"canonical":"https:\/\/www.istegroup.com\/fr\/produit\/du-concept-de-phm-a-la-maintenance-predictive-2\/","og_locale":"en_US","og_type":"article","og_title":"Du concept de PHM \u00e0 la maintenance pr\u00e9dictive 2 - ISTE Group","og_description":"Cet ouvrage traite des strat\u00e9gies de maintenance pr\u00e9dictive d\u2019\u00e9quipements industriels. Il fait suite au premier volume d\u00e9di\u00e9 aux premiers modules du cycle PHM et expose les modules relatifs \u00e0 l\u2019aide \u00e0 la d\u00e9cision, la tra\u00e7abilit\u00e9 de l\u2019information et la capitalisation des connaissances.","og_url":"https:\/\/www.istegroup.com\/fr\/produit\/du-concept-de-phm-a-la-maintenance-predictive-2\/","og_site_name":"ISTE Group","article_modified_time":"2024-01-03T13:41:31+00:00","og_image":[{"width":606,"height":911,"url":"https:\/\/www.istegroup.com\/wp-content\/uploads\/2019\/05\/Du-concept-de-PHM-\u00e0-la-maintenance-pr\u00e9dictive-2.jpg","type":"image\/jpeg"}],"twitter_card":"summary_large_image","twitter_misc":{"Est. reading time":"1 minute"},"schema":{"@context":"https:\/\/schema.org","@graph":[{"@type":"WebPage","@id":"https:\/\/www.istegroup.com\/fr\/produit\/du-concept-de-phm-a-la-maintenance-predictive-2\/","url":"https:\/\/www.istegroup.com\/fr\/produit\/du-concept-de-phm-a-la-maintenance-predictive-2\/","name":"Du concept de PHM \u00e0 la maintenance pr\u00e9dictive 2 - ISTE Group","isPartOf":{"@id":"https:\/\/www.istegroup.com\/#website"},"primaryImageOfPage":{"@id":"https:\/\/www.istegroup.com\/fr\/produit\/du-concept-de-phm-a-la-maintenance-predictive-2\/#primaryimage"},"image":{"@id":"https:\/\/www.istegroup.com\/fr\/produit\/du-concept-de-phm-a-la-maintenance-predictive-2\/#primaryimage"},"thumbnailUrl":"https:\/\/www.istegroup.com\/wp-content\/uploads\/2019\/05\/Du-concept-de-PHM-\u00e0-la-maintenance-pr\u00e9dictive-2.jpg","datePublished":"2017-10-27T12:24:38+00:00","dateModified":"2024-01-03T13:41:31+00:00","description":"Cet ouvrage traite des strat\u00e9gies de maintenance pr\u00e9dictive d\u2019\u00e9quipements industriels. Il fait suite au premier volume d\u00e9di\u00e9 aux premiers modules du cycle PHM et expose les modules relatifs \u00e0 l\u2019aide \u00e0 la d\u00e9cision, la tra\u00e7abilit\u00e9 de l\u2019information et la capitalisation des connaissances.","breadcrumb":{"@id":"https:\/\/www.istegroup.com\/fr\/produit\/du-concept-de-phm-a-la-maintenance-predictive-2\/#breadcrumb"},"inLanguage":"en-US","potentialAction":[{"@type":"ReadAction","target":["https:\/\/www.istegroup.com\/fr\/produit\/du-concept-de-phm-a-la-maintenance-predictive-2\/"]}]},{"@type":"ImageObject","inLanguage":"en-US","@id":"https:\/\/www.istegroup.com\/fr\/produit\/du-concept-de-phm-a-la-maintenance-predictive-2\/#primaryimage","url":"https:\/\/www.istegroup.com\/wp-content\/uploads\/2019\/05\/Du-concept-de-PHM-\u00e0-la-maintenance-pr\u00e9dictive-2.jpg","contentUrl":"https:\/\/www.istegroup.com\/wp-content\/uploads\/2019\/05\/Du-concept-de-PHM-\u00e0-la-maintenance-pr\u00e9dictive-2.jpg","width":606,"height":911,"caption":"Connaissance, tra\u00e7abilit\u00e9 et d\u00e9cision"},{"@type":"BreadcrumbList","@id":"https:\/\/www.istegroup.com\/fr\/produit\/du-concept-de-phm-a-la-maintenance-predictive-2\/#breadcrumb","itemListElement":[{"@type":"ListItem","position":1,"name":"Home","item":"https:\/\/www.istegroup.com\/"},{"@type":"ListItem","position":2,"name":"Shop","item":"https:\/\/www.istegroup.com\/fr\/nouveautes\/"},{"@type":"ListItem","position":3,"name":"Du concept de PHM \u00e0 la maintenance pr\u00e9dictive 2"}]},{"@type":"WebSite","@id":"https:\/\/www.istegroup.com\/#website","url":"https:\/\/www.istegroup.com\/","name":"ISTE Group","description":"Publishing Knowledge","potentialAction":[{"@type":"SearchAction","target":{"@type":"EntryPoint","urlTemplate":"https:\/\/www.istegroup.com\/?s={search_term_string}"},"query-input":{"@type":"PropertyValueSpecification","valueRequired":true,"valueName":"search_term_string"}}],"inLanguage":"en-US"}]}},"_links":{"self":[{"href":"https:\/\/www.istegroup.com\/en\/wp-json\/wp\/v2\/product\/11450","targetHints":{"allow":["GET"]}}],"collection":[{"href":"https:\/\/www.istegroup.com\/en\/wp-json\/wp\/v2\/product"}],"about":[{"href":"https:\/\/www.istegroup.com\/en\/wp-json\/wp\/v2\/types\/product"}],"wp:featuredmedia":[{"embeddable":true,"href":"https:\/\/www.istegroup.com\/en\/wp-json\/wp\/v2\/media\/20885"}],"wp:attachment":[{"href":"https:\/\/www.istegroup.com\/en\/wp-json\/wp\/v2\/media?parent=11450"}],"wp:term":[{"taxonomy":"product_brand","embeddable":true,"href":"https:\/\/www.istegroup.com\/en\/wp-json\/wp\/v2\/product_brand?post=11450"},{"taxonomy":"product_cat","embeddable":true,"href":"https:\/\/www.istegroup.com\/en\/wp-json\/wp\/v2\/product_cat?post=11450"},{"taxonomy":"product_tag","embeddable":true,"href":"https:\/\/www.istegroup.com\/en\/wp-json\/wp\/v2\/product_tag?post=11450"}],"curies":[{"name":"wp","href":"https:\/\/api.w.org\/{rel}","templated":true}]}}