{"id":11384,"date":"2018-03-26T18:00:16","date_gmt":"2018-03-26T16:00:16","guid":{"rendered":"https:\/\/iste.yhello.co\/?post_type=product&#038;p=11384"},"modified":"2024-01-03T13:41:30","modified_gmt":"2024-01-03T13:41:30","slug":"les-utopies-organisationnelles","status":"publish","type":"product","link":"https:\/\/www.istegroup.com\/en\/produit\/les-utopies-organisationnelles\/","title":{"rendered":"Les utopies organisationnelles"},"content":{"rendered":"<p>Des r\u00e9cits utopiques entourent nos organisations, qu\u2019elles soient publiques ou priv\u00e9es : l\u2019utopie de l\u2019organisation num\u00e9rique et \u00ab sans papiers \u00bb, l\u2019utopie de l\u2019organisation parlant d\u2019une seule voix ou l\u2019utopie de l\u2019organisation comme lieu d\u2019\u00e9panouissement de soi.<\/p>\n<p><em>Les utopies organisationnelles<\/em>\u00a0examine ces repr\u00e9sentations id\u00e9ales de l\u2019organisation, afin d\u2019offrir des alternatives et d\u2019ouvrir des perspectives d\u2019analyses qui permettent de mieux comprendre la complexit\u00e9 organisationnelle. C\u2019est en regardant l\u2019organisme de l\u2019int\u00e9rieur, en observant les pratiques, en se proposant de suivre l\u2019organisation en action que l\u2019ouvrage interroge ces utopies, les met \u00e0 l\u2019\u00e9preuve du r\u00e9el et les d\u00e9construit.<\/p>\n<p>Chaque chapitre est illustr\u00e9 par des cas tir\u00e9s de recherches men\u00e9es dans diverses organisations \u2013 h\u00f4pitaux, cabinets d\u2019experts-conseils, services d\u2019urgence et universit\u00e9s.<\/p>\n","protected":false},"excerpt":{"rendered":"<p>Des r\u00e9cits utopiques entourent nos organisations, qu\u2019elles soient publiques ou priv\u00e9es : l\u2019utopie de l\u2019organisation num\u00e9rique et \u00ab sans papiers \u00bb, l\u2019utopie de l\u2019organisation parlant d\u2019une seule voix ou l\u2019utopie de l\u2019organisation comme lieu d\u2019\u00e9panouissement de soi. Les utopies organisationnelles\u00a0examine ces repr\u00e9sentations id\u00e9ales de l\u2019organisation, afin d\u2019offrir des alternatives et d\u2019ouvrir des perspectives d\u2019analyses qui [&hellip;]<\/p>\n","protected":false},"featured_media":15658,"template":"","meta":{"_acf_changed":false,"_links_to":"","_links_to_target":""},"product_brand":[],"product_cat":[3262],"product_tag":[],"class_list":{"0":"post-11384","1":"product","2":"type-product","3":"status-publish","4":"has-post-thumbnail","6":"product_cat-non-classe","8":"first","9":"instock","10":"shipping-taxable","11":"purchasable","12":"product-type-variable"},"acf":[],"yoast_head":"<!-- This site is optimized with the Yoast SEO plugin v27.2 - https:\/\/yoast.com\/product\/yoast-seo-wordpress\/ -->\n<title>Les utopies organisationnelles - ISTE Group<\/title>\n<meta name=\"robots\" content=\"index, follow, max-snippet:-1, max-image-preview:large, max-video-preview:-1\" \/>\n<link rel=\"canonical\" href=\"https:\/\/www.istegroup.com\/en\/produit\/les-utopies-organisationnelles\/\" \/>\n<meta property=\"og:locale\" content=\"en_US\" \/>\n<meta property=\"og:type\" content=\"article\" \/>\n<meta property=\"og:title\" content=\"Les utopies organisationnelles - ISTE Group\" \/>\n<meta property=\"og:description\" content=\"Des r\u00e9cits utopiques entourent nos organisations, qu\u2019elles soient publiques ou priv\u00e9es : l\u2019utopie de l\u2019organisation num\u00e9rique et \u00ab sans papiers \u00bb, l\u2019utopie de l\u2019organisation parlant d\u2019une seule voix ou l\u2019utopie de l\u2019organisation comme lieu d\u2019\u00e9panouissement de soi. Les utopies organisationnelles\u00a0examine ces repr\u00e9sentations id\u00e9ales de l\u2019organisation, afin d\u2019offrir des alternatives et d\u2019ouvrir des perspectives d\u2019analyses qui [&hellip;]\" \/>\n<meta property=\"og:url\" content=\"https:\/\/www.istegroup.com\/en\/produit\/les-utopies-organisationnelles\/\" \/>\n<meta property=\"og:site_name\" content=\"ISTE Group\" \/>\n<meta property=\"article:modified_time\" content=\"2024-01-03T13:41:30+00:00\" \/>\n<meta property=\"og:image\" content=\"https:\/\/www.istegroup.com\/wp-content\/uploads\/2018\/11\/Grosjean_Front.Cover_-scaled.jpg\" \/>\n\t<meta property=\"og:image:width\" content=\"1588\" \/>\n\t<meta property=\"og:image:height\" content=\"2560\" \/>\n\t<meta property=\"og:image:type\" content=\"image\/jpeg\" \/>\n<meta name=\"twitter:card\" content=\"summary_large_image\" \/>\n<meta name=\"twitter:label1\" content=\"Est. reading time\" \/>\n\t<meta name=\"twitter:data1\" content=\"1 minute\" \/>\n<script type=\"application\/ld+json\" class=\"yoast-schema-graph\">{\"@context\":\"https:\/\/schema.org\",\"@graph\":[{\"@type\":\"WebPage\",\"@id\":\"https:\/\/www.istegroup.com\/en\/produit\/les-utopies-organisationnelles\/\",\"url\":\"https:\/\/www.istegroup.com\/en\/produit\/les-utopies-organisationnelles\/\",\"name\":\"Les utopies organisationnelles - ISTE Group\",\"isPartOf\":{\"@id\":\"https:\/\/www.istegroup.com\/#website\"},\"primaryImageOfPage\":{\"@id\":\"https:\/\/www.istegroup.com\/en\/produit\/les-utopies-organisationnelles\/#primaryimage\"},\"image\":{\"@id\":\"https:\/\/www.istegroup.com\/en\/produit\/les-utopies-organisationnelles\/#primaryimage\"},\"thumbnailUrl\":\"https:\/\/www.istegroup.com\/wp-content\/uploads\/2018\/11\/Grosjean_Front.Cover_-scaled.jpg\",\"datePublished\":\"2018-03-26T16:00:16+00:00\",\"dateModified\":\"2024-01-03T13:41:30+00:00\",\"breadcrumb\":{\"@id\":\"https:\/\/www.istegroup.com\/en\/produit\/les-utopies-organisationnelles\/#breadcrumb\"},\"inLanguage\":\"en-US\",\"potentialAction\":[{\"@type\":\"ReadAction\",\"target\":[\"https:\/\/www.istegroup.com\/en\/produit\/les-utopies-organisationnelles\/\"]}]},{\"@type\":\"ImageObject\",\"inLanguage\":\"en-US\",\"@id\":\"https:\/\/www.istegroup.com\/en\/produit\/les-utopies-organisationnelles\/#primaryimage\",\"url\":\"https:\/\/www.istegroup.com\/wp-content\/uploads\/2018\/11\/Grosjean_Front.Cover_-scaled.jpg\",\"contentUrl\":\"https:\/\/www.istegroup.com\/wp-content\/uploads\/2018\/11\/Grosjean_Front.Cover_-scaled.jpg\",\"width\":1588,\"height\":2560,\"caption\":\"Les utopies organisationnelles\"},{\"@type\":\"BreadcrumbList\",\"@id\":\"https:\/\/www.istegroup.com\/en\/produit\/les-utopies-organisationnelles\/#breadcrumb\",\"itemListElement\":[{\"@type\":\"ListItem\",\"position\":1,\"name\":\"Home\",\"item\":\"https:\/\/www.istegroup.com\/\"},{\"@type\":\"ListItem\",\"position\":2,\"name\":\"Shop\",\"item\":\"https:\/\/www.istegroup.com\/fr\/nouveautes\/\"},{\"@type\":\"ListItem\",\"position\":3,\"name\":\"Les utopies organisationnelles\"}]},{\"@type\":\"WebSite\",\"@id\":\"https:\/\/www.istegroup.com\/#website\",\"url\":\"https:\/\/www.istegroup.com\/\",\"name\":\"ISTE Group\",\"description\":\"Publishing Knowledge\",\"potentialAction\":[{\"@type\":\"SearchAction\",\"target\":{\"@type\":\"EntryPoint\",\"urlTemplate\":\"https:\/\/www.istegroup.com\/?s={search_term_string}\"},\"query-input\":{\"@type\":\"PropertyValueSpecification\",\"valueRequired\":true,\"valueName\":\"search_term_string\"}}],\"inLanguage\":\"en-US\"}]}<\/script>\n<!-- \/ Yoast SEO plugin. -->","yoast_head_json":{"title":"Les utopies organisationnelles - ISTE Group","robots":{"index":"index","follow":"follow","max-snippet":"max-snippet:-1","max-image-preview":"max-image-preview:large","max-video-preview":"max-video-preview:-1"},"canonical":"https:\/\/www.istegroup.com\/en\/produit\/les-utopies-organisationnelles\/","og_locale":"en_US","og_type":"article","og_title":"Les utopies organisationnelles - ISTE Group","og_description":"Des r\u00e9cits utopiques entourent nos organisations, qu\u2019elles soient publiques ou priv\u00e9es : l\u2019utopie de l\u2019organisation num\u00e9rique et \u00ab sans papiers \u00bb, l\u2019utopie de l\u2019organisation parlant d\u2019une seule voix ou l\u2019utopie de l\u2019organisation comme lieu d\u2019\u00e9panouissement de soi. Les utopies organisationnelles\u00a0examine ces repr\u00e9sentations id\u00e9ales de l\u2019organisation, afin d\u2019offrir des alternatives et d\u2019ouvrir des perspectives d\u2019analyses qui [&hellip;]","og_url":"https:\/\/www.istegroup.com\/en\/produit\/les-utopies-organisationnelles\/","og_site_name":"ISTE Group","article_modified_time":"2024-01-03T13:41:30+00:00","og_image":[{"width":1588,"height":2560,"url":"https:\/\/www.istegroup.com\/wp-content\/uploads\/2018\/11\/Grosjean_Front.Cover_-scaled.jpg","type":"image\/jpeg"}],"twitter_card":"summary_large_image","twitter_misc":{"Est. reading time":"1 minute"},"schema":{"@context":"https:\/\/schema.org","@graph":[{"@type":"WebPage","@id":"https:\/\/www.istegroup.com\/en\/produit\/les-utopies-organisationnelles\/","url":"https:\/\/www.istegroup.com\/en\/produit\/les-utopies-organisationnelles\/","name":"Les utopies organisationnelles - ISTE Group","isPartOf":{"@id":"https:\/\/www.istegroup.com\/#website"},"primaryImageOfPage":{"@id":"https:\/\/www.istegroup.com\/en\/produit\/les-utopies-organisationnelles\/#primaryimage"},"image":{"@id":"https:\/\/www.istegroup.com\/en\/produit\/les-utopies-organisationnelles\/#primaryimage"},"thumbnailUrl":"https:\/\/www.istegroup.com\/wp-content\/uploads\/2018\/11\/Grosjean_Front.Cover_-scaled.jpg","datePublished":"2018-03-26T16:00:16+00:00","dateModified":"2024-01-03T13:41:30+00:00","breadcrumb":{"@id":"https:\/\/www.istegroup.com\/en\/produit\/les-utopies-organisationnelles\/#breadcrumb"},"inLanguage":"en-US","potentialAction":[{"@type":"ReadAction","target":["https:\/\/www.istegroup.com\/en\/produit\/les-utopies-organisationnelles\/"]}]},{"@type":"ImageObject","inLanguage":"en-US","@id":"https:\/\/www.istegroup.com\/en\/produit\/les-utopies-organisationnelles\/#primaryimage","url":"https:\/\/www.istegroup.com\/wp-content\/uploads\/2018\/11\/Grosjean_Front.Cover_-scaled.jpg","contentUrl":"https:\/\/www.istegroup.com\/wp-content\/uploads\/2018\/11\/Grosjean_Front.Cover_-scaled.jpg","width":1588,"height":2560,"caption":"Les utopies organisationnelles"},{"@type":"BreadcrumbList","@id":"https:\/\/www.istegroup.com\/en\/produit\/les-utopies-organisationnelles\/#breadcrumb","itemListElement":[{"@type":"ListItem","position":1,"name":"Home","item":"https:\/\/www.istegroup.com\/"},{"@type":"ListItem","position":2,"name":"Shop","item":"https:\/\/www.istegroup.com\/fr\/nouveautes\/"},{"@type":"ListItem","position":3,"name":"Les utopies organisationnelles"}]},{"@type":"WebSite","@id":"https:\/\/www.istegroup.com\/#website","url":"https:\/\/www.istegroup.com\/","name":"ISTE Group","description":"Publishing Knowledge","potentialAction":[{"@type":"SearchAction","target":{"@type":"EntryPoint","urlTemplate":"https:\/\/www.istegroup.com\/?s={search_term_string}"},"query-input":{"@type":"PropertyValueSpecification","valueRequired":true,"valueName":"search_term_string"}}],"inLanguage":"en-US"}]}},"_links":{"self":[{"href":"https:\/\/www.istegroup.com\/en\/wp-json\/wp\/v2\/product\/11384","targetHints":{"allow":["GET"]}}],"collection":[{"href":"https:\/\/www.istegroup.com\/en\/wp-json\/wp\/v2\/product"}],"about":[{"href":"https:\/\/www.istegroup.com\/en\/wp-json\/wp\/v2\/types\/product"}],"wp:featuredmedia":[{"embeddable":true,"href":"https:\/\/www.istegroup.com\/en\/wp-json\/wp\/v2\/media\/15658"}],"wp:attachment":[{"href":"https:\/\/www.istegroup.com\/en\/wp-json\/wp\/v2\/media?parent=11384"}],"wp:term":[{"taxonomy":"product_brand","embeddable":true,"href":"https:\/\/www.istegroup.com\/en\/wp-json\/wp\/v2\/product_brand?post=11384"},{"taxonomy":"product_cat","embeddable":true,"href":"https:\/\/www.istegroup.com\/en\/wp-json\/wp\/v2\/product_cat?post=11384"},{"taxonomy":"product_tag","embeddable":true,"href":"https:\/\/www.istegroup.com\/en\/wp-json\/wp\/v2\/product_tag?post=11384"}],"curies":[{"name":"wp","href":"https:\/\/api.w.org\/{rel}","templated":true}]}}