{"id":11371,"date":"2018-03-26T16:33:49","date_gmt":"2018-03-26T14:33:49","guid":{"rendered":"https:\/\/iste.yhello.co\/?post_type=product&#038;p=11371"},"modified":"2024-01-03T13:41:30","modified_gmt":"2024-01-03T13:41:30","slug":"le-management-du-vivant-ou-lemo-management","status":"publish","type":"product","link":"https:\/\/www.istegroup.com\/en\/produit\/le-management-du-vivant-ou-lemo-management\/","title":{"rendered":"Le management du vivant ou l\u2019\u00e9mo-management"},"content":{"rendered":"<p>Souvent et historiquement d\u00e9cri\u00e9e en faveur de la rationalit\u00e9, l\u2019existence de l\u2019\u00e9motion dans l\u2019entreprise n\u2019est plus \u00e0 d\u00e9montrer.<\/p>\n<p>\u00c0 partir de recherches sur le r\u00f4le des \u00e9motions dans les domaines de la psychologie, de la neurologie, de la sociologie, de l\u2019\u00e9conomie et de la gestion,<em>\u00a0Le management du vivant ou l\u2019\u00e9mo-management<\/em>\u00a0pr\u00e9sente l\u2019\u00e9-motion \u2013 \u00e9tymologiquement la mise en mouvement \u2013 comme indispensable \u00e0 la vision holistique de l\u2019individu et du groupe. Encore peu consid\u00e9r\u00e9e, elle peut pourtant \u00eatre un facteur paradoxal, d\u2019acceptation comme de rejet du changement, de bien-\u00eatre comme de probl\u00e8mes de sant\u00e9, d\u2019aide \u00e0 la d\u00e9cision comme de biais d\u00e9cisionnel.<\/p>\n<p>\u00c0 travers des exemples concrets de son intervention dans le quotidien, cet ouvrage analyse son management \u2013 l\u2019\u00e9mo-management \u2013 comme un facteur essentiel \u00e0 la gestion individuelle et de groupe, au travail collaboratif et \u00e0 la cr\u00e9ativit\u00e9, y compris dans un contexte aussi particulier que le travail \u00e0 distance.<\/p>\n","protected":false},"excerpt":{"rendered":"<p>Souvent et historiquement d\u00e9cri\u00e9e en faveur de la rationalit\u00e9, l\u2019existence de l\u2019\u00e9motion dans l\u2019entreprise n\u2019est plus \u00e0 d\u00e9montrer. \u00c0 partir de recherches sur le r\u00f4le des \u00e9motions dans les domaines de la psychologie, de la neurologie, de la sociologie, de l\u2019\u00e9conomie et de la gestion,\u00a0Le management du vivant ou l\u2019\u00e9mo-management\u00a0pr\u00e9sente l\u2019\u00e9-motion \u2013 \u00e9tymologiquement la mise [&hellip;]<\/p>\n","protected":false},"featured_media":11378,"template":"","meta":{"_acf_changed":false,"_links_to":"","_links_to_target":""},"product_brand":[],"product_cat":[3262],"product_tag":[],"class_list":{"0":"post-11371","1":"product","2":"type-product","3":"status-publish","4":"has-post-thumbnail","6":"product_cat-non-classe","8":"first","9":"instock","10":"shipping-taxable","11":"purchasable","12":"product-type-variable"},"acf":[],"yoast_head":"<!-- This site is optimized with the Yoast SEO plugin v27.2 - https:\/\/yoast.com\/product\/yoast-seo-wordpress\/ -->\n<title>Le management du vivant ou l\u2019\u00e9mo-management - ISTE Group<\/title>\n<meta name=\"description\" content=\"\u00c0 partir de recherches sur le r\u00f4le des \u00e9motions dans les domaines de la psychologie, de la neurologie, de la sociologie, de l\u2019\u00e9conomie et de la gestion,\u00a0Le management du vivant ou l\u2019\u00e9momanagement\u00a0pr\u00e9sente l\u2019\u00e9-motion \u2013 \u00e9tymologiquement la mise en mouvement \u2013 comme indispensable \u00e0 la vision holistique de l\u2019individu et du groupe.\" \/>\n<meta name=\"robots\" content=\"index, follow, max-snippet:-1, max-image-preview:large, max-video-preview:-1\" \/>\n<link rel=\"canonical\" href=\"https:\/\/www.istegroup.com\/en\/produit\/le-management-du-vivant-ou-lemo-management\/\" \/>\n<meta property=\"og:locale\" content=\"en_US\" \/>\n<meta property=\"og:type\" content=\"article\" \/>\n<meta property=\"og:title\" content=\"Le management du vivant ou l\u2019\u00e9mo-management - ISTE Group\" \/>\n<meta property=\"og:description\" content=\"\u00c0 partir de recherches sur le r\u00f4le des \u00e9motions dans les domaines de la psychologie, de la neurologie, de la sociologie, de l\u2019\u00e9conomie et de la gestion,\u00a0Le management du vivant ou l\u2019\u00e9momanagement\u00a0pr\u00e9sente l\u2019\u00e9-motion \u2013 \u00e9tymologiquement la mise en mouvement \u2013 comme indispensable \u00e0 la vision holistique de l\u2019individu et du groupe.\" \/>\n<meta property=\"og:url\" content=\"https:\/\/www.istegroup.com\/en\/produit\/le-management-du-vivant-ou-lemo-management\/\" \/>\n<meta property=\"og:site_name\" content=\"ISTE Group\" \/>\n<meta property=\"article:modified_time\" content=\"2024-01-03T13:41:30+00:00\" \/>\n<meta property=\"og:image\" content=\"https:\/\/www.istegroup.com\/wp-content\/uploads\/2018\/03\/van-Hoorebeke_Front-scaled.jpg\" \/>\n\t<meta property=\"og:image:width\" content=\"1634\" \/>\n\t<meta property=\"og:image:height\" content=\"2560\" \/>\n\t<meta property=\"og:image:type\" content=\"image\/jpeg\" \/>\n<meta name=\"twitter:card\" content=\"summary_large_image\" \/>\n<meta name=\"twitter:label1\" content=\"Est. reading time\" \/>\n\t<meta name=\"twitter:data1\" content=\"1 minute\" \/>\n<script type=\"application\/ld+json\" class=\"yoast-schema-graph\">{\"@context\":\"https:\/\/schema.org\",\"@graph\":[{\"@type\":\"WebPage\",\"@id\":\"https:\/\/www.istegroup.com\/en\/produit\/le-management-du-vivant-ou-lemo-management\/\",\"url\":\"https:\/\/www.istegroup.com\/en\/produit\/le-management-du-vivant-ou-lemo-management\/\",\"name\":\"Le management du vivant ou l\u2019\u00e9mo-management - ISTE Group\",\"isPartOf\":{\"@id\":\"https:\/\/www.istegroup.com\/#website\"},\"primaryImageOfPage\":{\"@id\":\"https:\/\/www.istegroup.com\/en\/produit\/le-management-du-vivant-ou-lemo-management\/#primaryimage\"},\"image\":{\"@id\":\"https:\/\/www.istegroup.com\/en\/produit\/le-management-du-vivant-ou-lemo-management\/#primaryimage\"},\"thumbnailUrl\":\"https:\/\/www.istegroup.com\/wp-content\/uploads\/2018\/03\/van-Hoorebeke_Front-scaled.jpg\",\"datePublished\":\"2018-03-26T14:33:49+00:00\",\"dateModified\":\"2024-01-03T13:41:30+00:00\",\"description\":\"\u00c0 partir de recherches sur le r\u00f4le des \u00e9motions dans les domaines de la psychologie, de la neurologie, de la sociologie, de l\u2019\u00e9conomie et de la gestion,\u00a0Le management du vivant ou l\u2019\u00e9momanagement\u00a0pr\u00e9sente l\u2019\u00e9-motion \u2013 \u00e9tymologiquement la mise en mouvement \u2013 comme indispensable \u00e0 la vision holistique de l\u2019individu et du groupe.\",\"breadcrumb\":{\"@id\":\"https:\/\/www.istegroup.com\/en\/produit\/le-management-du-vivant-ou-lemo-management\/#breadcrumb\"},\"inLanguage\":\"en-US\",\"potentialAction\":[{\"@type\":\"ReadAction\",\"target\":[\"https:\/\/www.istegroup.com\/en\/produit\/le-management-du-vivant-ou-lemo-management\/\"]}]},{\"@type\":\"ImageObject\",\"inLanguage\":\"en-US\",\"@id\":\"https:\/\/www.istegroup.com\/en\/produit\/le-management-du-vivant-ou-lemo-management\/#primaryimage\",\"url\":\"https:\/\/www.istegroup.com\/wp-content\/uploads\/2018\/03\/van-Hoorebeke_Front-scaled.jpg\",\"contentUrl\":\"https:\/\/www.istegroup.com\/wp-content\/uploads\/2018\/03\/van-Hoorebeke_Front-scaled.jpg\",\"width\":1634,\"height\":2560,\"caption\":\"Le management du vivant ou l\u2019\u00e9mo-management\"},{\"@type\":\"BreadcrumbList\",\"@id\":\"https:\/\/www.istegroup.com\/en\/produit\/le-management-du-vivant-ou-lemo-management\/#breadcrumb\",\"itemListElement\":[{\"@type\":\"ListItem\",\"position\":1,\"name\":\"Home\",\"item\":\"https:\/\/www.istegroup.com\/\"},{\"@type\":\"ListItem\",\"position\":2,\"name\":\"Shop\",\"item\":\"https:\/\/www.istegroup.com\/fr\/nouveautes\/\"},{\"@type\":\"ListItem\",\"position\":3,\"name\":\"Le management du vivant ou l\u2019\u00e9mo-management\"}]},{\"@type\":\"WebSite\",\"@id\":\"https:\/\/www.istegroup.com\/#website\",\"url\":\"https:\/\/www.istegroup.com\/\",\"name\":\"ISTE Group\",\"description\":\"Publishing Knowledge\",\"potentialAction\":[{\"@type\":\"SearchAction\",\"target\":{\"@type\":\"EntryPoint\",\"urlTemplate\":\"https:\/\/www.istegroup.com\/?s={search_term_string}\"},\"query-input\":{\"@type\":\"PropertyValueSpecification\",\"valueRequired\":true,\"valueName\":\"search_term_string\"}}],\"inLanguage\":\"en-US\"}]}<\/script>\n<!-- \/ Yoast SEO plugin. -->","yoast_head_json":{"title":"Le management du vivant ou l\u2019\u00e9mo-management - ISTE Group","description":"\u00c0 partir de recherches sur le r\u00f4le des \u00e9motions dans les domaines de la psychologie, de la neurologie, de la sociologie, de l\u2019\u00e9conomie et de la gestion,\u00a0Le management du vivant ou l\u2019\u00e9momanagement\u00a0pr\u00e9sente l\u2019\u00e9-motion \u2013 \u00e9tymologiquement la mise en mouvement \u2013 comme indispensable \u00e0 la vision holistique de l\u2019individu et du groupe.","robots":{"index":"index","follow":"follow","max-snippet":"max-snippet:-1","max-image-preview":"max-image-preview:large","max-video-preview":"max-video-preview:-1"},"canonical":"https:\/\/www.istegroup.com\/en\/produit\/le-management-du-vivant-ou-lemo-management\/","og_locale":"en_US","og_type":"article","og_title":"Le management du vivant ou l\u2019\u00e9mo-management - ISTE Group","og_description":"\u00c0 partir de recherches sur le r\u00f4le des \u00e9motions dans les domaines de la psychologie, de la neurologie, de la sociologie, de l\u2019\u00e9conomie et de la gestion,\u00a0Le management du vivant ou l\u2019\u00e9momanagement\u00a0pr\u00e9sente l\u2019\u00e9-motion \u2013 \u00e9tymologiquement la mise en mouvement \u2013 comme indispensable \u00e0 la vision holistique de l\u2019individu et du groupe.","og_url":"https:\/\/www.istegroup.com\/en\/produit\/le-management-du-vivant-ou-lemo-management\/","og_site_name":"ISTE Group","article_modified_time":"2024-01-03T13:41:30+00:00","og_image":[{"width":1634,"height":2560,"url":"https:\/\/www.istegroup.com\/wp-content\/uploads\/2018\/03\/van-Hoorebeke_Front-scaled.jpg","type":"image\/jpeg"}],"twitter_card":"summary_large_image","twitter_misc":{"Est. reading time":"1 minute"},"schema":{"@context":"https:\/\/schema.org","@graph":[{"@type":"WebPage","@id":"https:\/\/www.istegroup.com\/en\/produit\/le-management-du-vivant-ou-lemo-management\/","url":"https:\/\/www.istegroup.com\/en\/produit\/le-management-du-vivant-ou-lemo-management\/","name":"Le management du vivant ou l\u2019\u00e9mo-management - ISTE Group","isPartOf":{"@id":"https:\/\/www.istegroup.com\/#website"},"primaryImageOfPage":{"@id":"https:\/\/www.istegroup.com\/en\/produit\/le-management-du-vivant-ou-lemo-management\/#primaryimage"},"image":{"@id":"https:\/\/www.istegroup.com\/en\/produit\/le-management-du-vivant-ou-lemo-management\/#primaryimage"},"thumbnailUrl":"https:\/\/www.istegroup.com\/wp-content\/uploads\/2018\/03\/van-Hoorebeke_Front-scaled.jpg","datePublished":"2018-03-26T14:33:49+00:00","dateModified":"2024-01-03T13:41:30+00:00","description":"\u00c0 partir de recherches sur le r\u00f4le des \u00e9motions dans les domaines de la psychologie, de la neurologie, de la sociologie, de l\u2019\u00e9conomie et de la gestion,\u00a0Le management du vivant ou l\u2019\u00e9momanagement\u00a0pr\u00e9sente l\u2019\u00e9-motion \u2013 \u00e9tymologiquement la mise en mouvement \u2013 comme indispensable \u00e0 la vision holistique de l\u2019individu et du groupe.","breadcrumb":{"@id":"https:\/\/www.istegroup.com\/en\/produit\/le-management-du-vivant-ou-lemo-management\/#breadcrumb"},"inLanguage":"en-US","potentialAction":[{"@type":"ReadAction","target":["https:\/\/www.istegroup.com\/en\/produit\/le-management-du-vivant-ou-lemo-management\/"]}]},{"@type":"ImageObject","inLanguage":"en-US","@id":"https:\/\/www.istegroup.com\/en\/produit\/le-management-du-vivant-ou-lemo-management\/#primaryimage","url":"https:\/\/www.istegroup.com\/wp-content\/uploads\/2018\/03\/van-Hoorebeke_Front-scaled.jpg","contentUrl":"https:\/\/www.istegroup.com\/wp-content\/uploads\/2018\/03\/van-Hoorebeke_Front-scaled.jpg","width":1634,"height":2560,"caption":"Le management du vivant ou l\u2019\u00e9mo-management"},{"@type":"BreadcrumbList","@id":"https:\/\/www.istegroup.com\/en\/produit\/le-management-du-vivant-ou-lemo-management\/#breadcrumb","itemListElement":[{"@type":"ListItem","position":1,"name":"Home","item":"https:\/\/www.istegroup.com\/"},{"@type":"ListItem","position":2,"name":"Shop","item":"https:\/\/www.istegroup.com\/fr\/nouveautes\/"},{"@type":"ListItem","position":3,"name":"Le management du vivant ou l\u2019\u00e9mo-management"}]},{"@type":"WebSite","@id":"https:\/\/www.istegroup.com\/#website","url":"https:\/\/www.istegroup.com\/","name":"ISTE Group","description":"Publishing Knowledge","potentialAction":[{"@type":"SearchAction","target":{"@type":"EntryPoint","urlTemplate":"https:\/\/www.istegroup.com\/?s={search_term_string}"},"query-input":{"@type":"PropertyValueSpecification","valueRequired":true,"valueName":"search_term_string"}}],"inLanguage":"en-US"}]}},"_links":{"self":[{"href":"https:\/\/www.istegroup.com\/en\/wp-json\/wp\/v2\/product\/11371","targetHints":{"allow":["GET"]}}],"collection":[{"href":"https:\/\/www.istegroup.com\/en\/wp-json\/wp\/v2\/product"}],"about":[{"href":"https:\/\/www.istegroup.com\/en\/wp-json\/wp\/v2\/types\/product"}],"wp:featuredmedia":[{"embeddable":true,"href":"https:\/\/www.istegroup.com\/en\/wp-json\/wp\/v2\/media\/11378"}],"wp:attachment":[{"href":"https:\/\/www.istegroup.com\/en\/wp-json\/wp\/v2\/media?parent=11371"}],"wp:term":[{"taxonomy":"product_brand","embeddable":true,"href":"https:\/\/www.istegroup.com\/en\/wp-json\/wp\/v2\/product_brand?post=11371"},{"taxonomy":"product_cat","embeddable":true,"href":"https:\/\/www.istegroup.com\/en\/wp-json\/wp\/v2\/product_cat?post=11371"},{"taxonomy":"product_tag","embeddable":true,"href":"https:\/\/www.istegroup.com\/en\/wp-json\/wp\/v2\/product_tag?post=11371"}],"curies":[{"name":"wp","href":"https:\/\/api.w.org\/{rel}","templated":true}]}}