{"id":11346,"date":"2018-03-27T16:09:05","date_gmt":"2018-03-27T14:09:05","guid":{"rendered":"https:\/\/iste.yhello.co\/?post_type=product&#038;p=11346"},"modified":"2024-01-03T13:41:26","modified_gmt":"2024-01-03T13:41:26","slug":"le-capital-savoir-de-lentreprise","status":"publish","type":"product","link":"https:\/\/www.istegroup.com\/en\/produit\/le-capital-savoir-de-lentreprise\/","title":{"rendered":"Le capital savoir de l\u2019entreprise"},"content":{"rendered":"<p>La s\u00e9rie\u00a0<a href=\"https:\/\/www.istegroup.com\/fr\/series\/smart-innovation\/\"><em>Smart innovation<\/em><\/a>\u00a0pr\u00e9sente les th\u00e8mes li\u00e9s \u00e0 la dynamique technologique, entrepreneuriale, territoriale et \u00e9conomique de l&#8217;innovation. Elle privil\u00e9gie les approches novatrices des acteurs qui, par leurs comportements, strat\u00e9gies et politiques d&#8217;innovation intelligente, modifient les mod\u00e8les \u00e9conomiques dans une perspective de croissance durable.<\/p>\n<p>Le \u00ab capital savoir \u00bb de l\u2019entreprise se d\u00e9finit comme l\u2019ensemble des informations et connaissances scientifiques et techniques produites, acquises et mobilis\u00e9es par la firme pour \u00eatre utilis\u00e9es dans un processus de production de valeur.<\/p>\n<p>C\u2019est de l\u2019origine, des r\u00f4les, des strat\u00e9gies de constitution, de protection et de valorisation de ce capital que traite cet ouvrage. L\u2019accent est mis sur la globalisation des firmes et ses cons\u00e9quences sur leur capacit\u00e9 \u00e0 faire \u00e9merger de nouvelles trajectoires d\u2019innovation.<\/p>\n<p><em>Le capital savoir de l\u2019entreprise<\/em>\u00a0se fonde sur une analyse historique des faits et de la pens\u00e9e, sur la litt\u00e9rature r\u00e9cente en \u00e9conomie ainsi qu\u2019en management de l\u2019innovation, et sur des \u00e9tudes de cas r\u00e9alis\u00e9es au cours des derni\u00e8res ann\u00e9es aupr\u00e8s d\u2019entreprises du Cac 40.<\/p>\n","protected":false},"excerpt":{"rendered":"<p>La s\u00e9rie\u00a0Smart innovation\u00a0pr\u00e9sente les th\u00e8mes li\u00e9s \u00e0 la dynamique technologique, entrepreneuriale, territoriale et \u00e9conomique de l&#8217;innovation. Elle privil\u00e9gie les approches novatrices des acteurs qui, par leurs comportements, strat\u00e9gies et politiques d&#8217;innovation intelligente, modifient les mod\u00e8les \u00e9conomiques dans une perspective de croissance durable. Le \u00ab capital savoir \u00bb de l\u2019entreprise se d\u00e9finit comme l\u2019ensemble des informations [&hellip;]<\/p>\n","protected":false},"featured_media":11351,"template":"","meta":{"_acf_changed":false,"_links_to":"","_links_to_target":""},"product_brand":[],"product_cat":[654,3262],"product_tag":[],"class_list":{"0":"post-11346","1":"product","2":"type-product","3":"status-publish","4":"has-post-thumbnail","6":"product_cat-agronomie-et-science-des-aliments","7":"product_cat-non-classe","9":"first","10":"instock","11":"shipping-taxable","12":"purchasable","13":"product-type-variable"},"acf":[],"yoast_head":"<!-- This site is optimized with the Yoast SEO plugin v27.2 - https:\/\/yoast.com\/product\/yoast-seo-wordpress\/ -->\n<title>Le capital savoir de l\u2019entreprise - ISTE Group<\/title>\n<meta name=\"description\" content=\"Le capital savoir de l\u2019entreprise\u00a0se fonde sur une analyse historique des faits et de la pens\u00e9e, sur la litt\u00e9rature r\u00e9cente en \u00e9conomie ainsi qu\u2019en management de l\u2019innovation, et sur des \u00e9tudes de cas r\u00e9alis\u00e9es au cours des derni\u00e8res ann\u00e9es aupr\u00e8s d\u2019entreprises du Cac 40.\" \/>\n<meta name=\"robots\" content=\"index, follow, max-snippet:-1, max-image-preview:large, max-video-preview:-1\" \/>\n<link rel=\"canonical\" href=\"https:\/\/www.istegroup.com\/fr\/produit\/le-capital-savoir-de-lentreprise\/\" \/>\n<meta property=\"og:locale\" content=\"en_US\" \/>\n<meta property=\"og:type\" content=\"article\" \/>\n<meta property=\"og:title\" content=\"Le capital savoir de l\u2019entreprise - ISTE Group\" \/>\n<meta property=\"og:description\" content=\"Le capital savoir de l\u2019entreprise\u00a0se fonde sur une analyse historique des faits et de la pens\u00e9e, sur la litt\u00e9rature r\u00e9cente en \u00e9conomie ainsi qu\u2019en management de l\u2019innovation, et sur des \u00e9tudes de cas r\u00e9alis\u00e9es au cours des derni\u00e8res ann\u00e9es aupr\u00e8s d\u2019entreprises du Cac 40.\" \/>\n<meta property=\"og:url\" content=\"https:\/\/www.istegroup.com\/fr\/produit\/le-capital-savoir-de-lentreprise\/\" \/>\n<meta property=\"og:site_name\" content=\"ISTE Group\" \/>\n<meta property=\"article:modified_time\" content=\"2024-01-03T13:41:26+00:00\" \/>\n<meta property=\"og:image\" content=\"https:\/\/www.istegroup.com\/wp-content\/uploads\/2018\/03\/Laperche_Front-scaled.jpg\" \/>\n\t<meta property=\"og:image:width\" content=\"1675\" \/>\n\t<meta property=\"og:image:height\" content=\"2560\" \/>\n\t<meta property=\"og:image:type\" content=\"image\/jpeg\" \/>\n<meta name=\"twitter:card\" content=\"summary_large_image\" \/>\n<meta name=\"twitter:label1\" content=\"Est. reading time\" \/>\n\t<meta name=\"twitter:data1\" content=\"1 minute\" \/>\n<script type=\"application\/ld+json\" class=\"yoast-schema-graph\">{\"@context\":\"https:\/\/schema.org\",\"@graph\":[{\"@type\":\"WebPage\",\"@id\":\"https:\/\/www.istegroup.com\/fr\/produit\/le-capital-savoir-de-lentreprise\/\",\"url\":\"https:\/\/www.istegroup.com\/fr\/produit\/le-capital-savoir-de-lentreprise\/\",\"name\":\"Le capital savoir de l\u2019entreprise - ISTE Group\",\"isPartOf\":{\"@id\":\"https:\/\/www.istegroup.com\/#website\"},\"primaryImageOfPage\":{\"@id\":\"https:\/\/www.istegroup.com\/fr\/produit\/le-capital-savoir-de-lentreprise\/#primaryimage\"},\"image\":{\"@id\":\"https:\/\/www.istegroup.com\/fr\/produit\/le-capital-savoir-de-lentreprise\/#primaryimage\"},\"thumbnailUrl\":\"https:\/\/www.istegroup.com\/wp-content\/uploads\/2018\/03\/Laperche_Front-scaled.jpg\",\"datePublished\":\"2018-03-27T14:09:05+00:00\",\"dateModified\":\"2024-01-03T13:41:26+00:00\",\"description\":\"Le capital savoir de l\u2019entreprise\u00a0se fonde sur une analyse historique des faits et de la pens\u00e9e, sur la litt\u00e9rature r\u00e9cente en \u00e9conomie ainsi qu\u2019en management de l\u2019innovation, et sur des \u00e9tudes de cas r\u00e9alis\u00e9es au cours des derni\u00e8res ann\u00e9es aupr\u00e8s d\u2019entreprises du Cac 40.\",\"breadcrumb\":{\"@id\":\"https:\/\/www.istegroup.com\/fr\/produit\/le-capital-savoir-de-lentreprise\/#breadcrumb\"},\"inLanguage\":\"en-US\",\"potentialAction\":[{\"@type\":\"ReadAction\",\"target\":[\"https:\/\/www.istegroup.com\/fr\/produit\/le-capital-savoir-de-lentreprise\/\"]}]},{\"@type\":\"ImageObject\",\"inLanguage\":\"en-US\",\"@id\":\"https:\/\/www.istegroup.com\/fr\/produit\/le-capital-savoir-de-lentreprise\/#primaryimage\",\"url\":\"https:\/\/www.istegroup.com\/wp-content\/uploads\/2018\/03\/Laperche_Front-scaled.jpg\",\"contentUrl\":\"https:\/\/www.istegroup.com\/wp-content\/uploads\/2018\/03\/Laperche_Front-scaled.jpg\",\"width\":1675,\"height\":2560,\"caption\":\"Le capital savoir de l\u2019entreprise\"},{\"@type\":\"BreadcrumbList\",\"@id\":\"https:\/\/www.istegroup.com\/fr\/produit\/le-capital-savoir-de-lentreprise\/#breadcrumb\",\"itemListElement\":[{\"@type\":\"ListItem\",\"position\":1,\"name\":\"Home\",\"item\":\"https:\/\/www.istegroup.com\/\"},{\"@type\":\"ListItem\",\"position\":2,\"name\":\"Shop\",\"item\":\"https:\/\/www.istegroup.com\/fr\/nouveautes\/\"},{\"@type\":\"ListItem\",\"position\":3,\"name\":\"Le capital savoir de l\u2019entreprise\"}]},{\"@type\":\"WebSite\",\"@id\":\"https:\/\/www.istegroup.com\/#website\",\"url\":\"https:\/\/www.istegroup.com\/\",\"name\":\"ISTE Group\",\"description\":\"Publishing Knowledge\",\"potentialAction\":[{\"@type\":\"SearchAction\",\"target\":{\"@type\":\"EntryPoint\",\"urlTemplate\":\"https:\/\/www.istegroup.com\/?s={search_term_string}\"},\"query-input\":{\"@type\":\"PropertyValueSpecification\",\"valueRequired\":true,\"valueName\":\"search_term_string\"}}],\"inLanguage\":\"en-US\"}]}<\/script>\n<!-- \/ Yoast SEO plugin. -->","yoast_head_json":{"title":"Le capital savoir de l\u2019entreprise - ISTE Group","description":"Le capital savoir de l\u2019entreprise\u00a0se fonde sur une analyse historique des faits et de la pens\u00e9e, sur la litt\u00e9rature r\u00e9cente en \u00e9conomie ainsi qu\u2019en management de l\u2019innovation, et sur des \u00e9tudes de cas r\u00e9alis\u00e9es au cours des derni\u00e8res ann\u00e9es aupr\u00e8s d\u2019entreprises du Cac 40.","robots":{"index":"index","follow":"follow","max-snippet":"max-snippet:-1","max-image-preview":"max-image-preview:large","max-video-preview":"max-video-preview:-1"},"canonical":"https:\/\/www.istegroup.com\/fr\/produit\/le-capital-savoir-de-lentreprise\/","og_locale":"en_US","og_type":"article","og_title":"Le capital savoir de l\u2019entreprise - ISTE Group","og_description":"Le capital savoir de l\u2019entreprise\u00a0se fonde sur une analyse historique des faits et de la pens\u00e9e, sur la litt\u00e9rature r\u00e9cente en \u00e9conomie ainsi qu\u2019en management de l\u2019innovation, et sur des \u00e9tudes de cas r\u00e9alis\u00e9es au cours des derni\u00e8res ann\u00e9es aupr\u00e8s d\u2019entreprises du Cac 40.","og_url":"https:\/\/www.istegroup.com\/fr\/produit\/le-capital-savoir-de-lentreprise\/","og_site_name":"ISTE Group","article_modified_time":"2024-01-03T13:41:26+00:00","og_image":[{"width":1675,"height":2560,"url":"https:\/\/www.istegroup.com\/wp-content\/uploads\/2018\/03\/Laperche_Front-scaled.jpg","type":"image\/jpeg"}],"twitter_card":"summary_large_image","twitter_misc":{"Est. reading time":"1 minute"},"schema":{"@context":"https:\/\/schema.org","@graph":[{"@type":"WebPage","@id":"https:\/\/www.istegroup.com\/fr\/produit\/le-capital-savoir-de-lentreprise\/","url":"https:\/\/www.istegroup.com\/fr\/produit\/le-capital-savoir-de-lentreprise\/","name":"Le capital savoir de l\u2019entreprise - ISTE Group","isPartOf":{"@id":"https:\/\/www.istegroup.com\/#website"},"primaryImageOfPage":{"@id":"https:\/\/www.istegroup.com\/fr\/produit\/le-capital-savoir-de-lentreprise\/#primaryimage"},"image":{"@id":"https:\/\/www.istegroup.com\/fr\/produit\/le-capital-savoir-de-lentreprise\/#primaryimage"},"thumbnailUrl":"https:\/\/www.istegroup.com\/wp-content\/uploads\/2018\/03\/Laperche_Front-scaled.jpg","datePublished":"2018-03-27T14:09:05+00:00","dateModified":"2024-01-03T13:41:26+00:00","description":"Le capital savoir de l\u2019entreprise\u00a0se fonde sur une analyse historique des faits et de la pens\u00e9e, sur la litt\u00e9rature r\u00e9cente en \u00e9conomie ainsi qu\u2019en management de l\u2019innovation, et sur des \u00e9tudes de cas r\u00e9alis\u00e9es au cours des derni\u00e8res ann\u00e9es aupr\u00e8s d\u2019entreprises du Cac 40.","breadcrumb":{"@id":"https:\/\/www.istegroup.com\/fr\/produit\/le-capital-savoir-de-lentreprise\/#breadcrumb"},"inLanguage":"en-US","potentialAction":[{"@type":"ReadAction","target":["https:\/\/www.istegroup.com\/fr\/produit\/le-capital-savoir-de-lentreprise\/"]}]},{"@type":"ImageObject","inLanguage":"en-US","@id":"https:\/\/www.istegroup.com\/fr\/produit\/le-capital-savoir-de-lentreprise\/#primaryimage","url":"https:\/\/www.istegroup.com\/wp-content\/uploads\/2018\/03\/Laperche_Front-scaled.jpg","contentUrl":"https:\/\/www.istegroup.com\/wp-content\/uploads\/2018\/03\/Laperche_Front-scaled.jpg","width":1675,"height":2560,"caption":"Le capital savoir de l\u2019entreprise"},{"@type":"BreadcrumbList","@id":"https:\/\/www.istegroup.com\/fr\/produit\/le-capital-savoir-de-lentreprise\/#breadcrumb","itemListElement":[{"@type":"ListItem","position":1,"name":"Home","item":"https:\/\/www.istegroup.com\/"},{"@type":"ListItem","position":2,"name":"Shop","item":"https:\/\/www.istegroup.com\/fr\/nouveautes\/"},{"@type":"ListItem","position":3,"name":"Le capital savoir de l\u2019entreprise"}]},{"@type":"WebSite","@id":"https:\/\/www.istegroup.com\/#website","url":"https:\/\/www.istegroup.com\/","name":"ISTE Group","description":"Publishing Knowledge","potentialAction":[{"@type":"SearchAction","target":{"@type":"EntryPoint","urlTemplate":"https:\/\/www.istegroup.com\/?s={search_term_string}"},"query-input":{"@type":"PropertyValueSpecification","valueRequired":true,"valueName":"search_term_string"}}],"inLanguage":"en-US"}]}},"_links":{"self":[{"href":"https:\/\/www.istegroup.com\/en\/wp-json\/wp\/v2\/product\/11346","targetHints":{"allow":["GET"]}}],"collection":[{"href":"https:\/\/www.istegroup.com\/en\/wp-json\/wp\/v2\/product"}],"about":[{"href":"https:\/\/www.istegroup.com\/en\/wp-json\/wp\/v2\/types\/product"}],"wp:featuredmedia":[{"embeddable":true,"href":"https:\/\/www.istegroup.com\/en\/wp-json\/wp\/v2\/media\/11351"}],"wp:attachment":[{"href":"https:\/\/www.istegroup.com\/en\/wp-json\/wp\/v2\/media?parent=11346"}],"wp:term":[{"taxonomy":"product_brand","embeddable":true,"href":"https:\/\/www.istegroup.com\/en\/wp-json\/wp\/v2\/product_brand?post=11346"},{"taxonomy":"product_cat","embeddable":true,"href":"https:\/\/www.istegroup.com\/en\/wp-json\/wp\/v2\/product_cat?post=11346"},{"taxonomy":"product_tag","embeddable":true,"href":"https:\/\/www.istegroup.com\/en\/wp-json\/wp\/v2\/product_tag?post=11346"}],"curies":[{"name":"wp","href":"https:\/\/api.w.org\/{rel}","templated":true}]}}