{"id":48945,"date":"2022-11-14T12:23:55","date_gmt":"2022-11-14T12:23:55","guid":{"rendered":"https:\/\/www.istegroup.com\/?page_id=48945"},"modified":"2023-11-15T13:24:45","modified_gmt":"2023-11-15T13:24:45","slug":"collection-abreges","status":"publish","type":"page","link":"https:\/\/www.istegroup.com\/en\/collection-abreges\/","title":{"rendered":"Series Abr\u00e9g\u00e9s"},"content":{"rendered":"<p>The Abr\u00e9g\u00e9s series is composed of short texts regarding cutting-edge research or practical applications from research results.<br \/>\nBeing a compact volume of 40-150 pages, these texts cover a wide range of professional and academic subjects:<br \/>\nAI, Quantum Computing, Climate, Environment, Bioengineering, Health, Energies, New Technologies, etc.<\/p>\n<p><strong>A typical Abr\u00e9g\u00e9s volume can include:<\/strong><br \/>\n\u2013 a presentation of recent research with some context for the reader<br \/>\n\u2013 a bridge between new research results published in journal articles and applications<br \/>\n\u2013 a snapshot of a hot or emerging topic<br \/>\n\u2013 an in-depth case study<br \/>\n\u2013 a presentation of fundamental concepts that students need to understand in order to be able to make independent contributions<\/p>\n<p><strong>Advantages for the author:<\/strong><br \/>\n\u2013 presentation of new ideas and results in a concise volume<br \/>\n\u2013 publication and distribution as part of the ISTE Group&#8217;s digital book collections<br \/>\n\u2013 fast, global electronic distribution, standard publishing contracts, easy-to-use manuscript preparation guidelines and expedited production schedules<\/p>\n<p>Manuscripts will be submitted for the approval of recorder appointed by the editorial managers.<\/p>\n<p><a style=\"color: #1e9691;\" href=\"https:\/\/www.istegroup.com\/wp-content\/uploads\/2019\/09\/proposal_GB.doc\">Manuscript proposal form<\/a><\/p>","protected":false},"excerpt":{"rendered":"<p>The Abr\u00e9g\u00e9s series is composed of short texts regarding cutting-edge research or practical applications from research results. Being a compact volume of 40-150 pages, these texts cover a wide range of professional and academic subjects: AI, Quantum Computing, Climate, Environment, Bioengineering, Health, Energies, New Technologies, etc. A typical Abr\u00e9g\u00e9s volume can include: \u2013 a presentation [&hellip;]<\/p>\n","protected":false},"author":203,"featured_media":48943,"parent":0,"menu_order":0,"comment_status":"closed","ping_status":"closed","template":"page-flexible.php","meta":{"_acf_changed":false,"footnotes":"","_links_to":"","_links_to_target":""},"class_list":["post-48945","page","type-page","status-publish","has-post-thumbnail","hentry"],"acf":[],"yoast_head":"<!-- This site is optimized with the Yoast SEO plugin v27.2 - https:\/\/yoast.com\/product\/yoast-seo-wordpress\/ -->\n<title>Series Abr\u00e9g\u00e9s - ISTE Group<\/title>\n<meta name=\"robots\" content=\"index, follow, max-snippet:-1, max-image-preview:large, max-video-preview:-1\" \/>\n<link rel=\"canonical\" href=\"https:\/\/www.istegroup.com\/en\/collection-abreges\/\" \/>\n<meta property=\"og:locale\" content=\"en_US\" \/>\n<meta property=\"og:type\" content=\"article\" \/>\n<meta property=\"og:title\" content=\"[:fr]Collection Abr\u00e9g\u00e9s[:en]Series Abr\u00e9g\u00e9s[:] - ISTE Group\" \/>\n<meta property=\"og:description\" content=\"The Abr\u00e9g\u00e9s series is composed of short texts regarding cutting-edge research or practical applications from research results. Being a compact volume of 40-150 pages, these texts cover a wide range of professional and academic subjects: AI, Quantum Computing, Climate, Environment, Bioengineering, Health, Energies, New Technologies, etc. A typical Abr\u00e9g\u00e9s volume can include: \u2013 a presentation [&hellip;]\" \/>\n<meta property=\"og:url\" content=\"https:\/\/www.istegroup.com\/en\/collection-abreges\/\" \/>\n<meta property=\"og:site_name\" content=\"ISTE Group\" \/>\n<meta property=\"article:modified_time\" content=\"2023-11-15T13:24:45+00:00\" \/>\n<meta property=\"og:image\" content=\"https:\/\/www.istegroup.com\/wp-content\/uploads\/2022\/11\/ISTE-TC.jpg\" \/>\n\t<meta property=\"og:image:width\" content=\"1305\" \/>\n\t<meta property=\"og:image:height\" content=\"800\" \/>\n\t<meta property=\"og:image:type\" content=\"image\/jpeg\" \/>\n<meta name=\"twitter:card\" content=\"summary_large_image\" \/>\n<meta name=\"twitter:label1\" content=\"Est. reading time\" \/>\n\t<meta name=\"twitter:data1\" content=\"2 minutes\" \/>\n<script type=\"application\/ld+json\" class=\"yoast-schema-graph\">{\"@context\":\"https:\/\/schema.org\",\"@graph\":[{\"@type\":\"WebPage\",\"@id\":\"https:\/\/www.istegroup.com\/en\/collection-abreges\/\",\"url\":\"https:\/\/www.istegroup.com\/en\/collection-abreges\/\",\"name\":\"[:fr]Collection Abr\u00e9g\u00e9s[:en]Series Abr\u00e9g\u00e9s[:] - ISTE Group\",\"isPartOf\":{\"@id\":\"https:\/\/www.istegroup.com\/#website\"},\"primaryImageOfPage\":{\"@id\":\"https:\/\/www.istegroup.com\/en\/collection-abreges\/#primaryimage\"},\"image\":{\"@id\":\"https:\/\/www.istegroup.com\/en\/collection-abreges\/#primaryimage\"},\"thumbnailUrl\":\"https:\/\/www.istegroup.com\/wp-content\/uploads\/2022\/11\/ISTE-TC.jpg\",\"datePublished\":\"2022-11-14T12:23:55+00:00\",\"dateModified\":\"2023-11-15T13:24:45+00:00\",\"breadcrumb\":{\"@id\":\"https:\/\/www.istegroup.com\/en\/collection-abreges\/#breadcrumb\"},\"inLanguage\":\"en-US\",\"potentialAction\":[{\"@type\":\"ReadAction\",\"target\":[\"https:\/\/www.istegroup.com\/en\/collection-abreges\/\"]}]},{\"@type\":\"ImageObject\",\"inLanguage\":\"en-US\",\"@id\":\"https:\/\/www.istegroup.com\/en\/collection-abreges\/#primaryimage\",\"url\":\"https:\/\/www.istegroup.com\/wp-content\/uploads\/2022\/11\/ISTE-TC.jpg\",\"contentUrl\":\"https:\/\/www.istegroup.com\/wp-content\/uploads\/2022\/11\/ISTE-TC.jpg\",\"width\":1305,\"height\":800},{\"@type\":\"BreadcrumbList\",\"@id\":\"https:\/\/www.istegroup.com\/en\/collection-abreges\/#breadcrumb\",\"itemListElement\":[{\"@type\":\"ListItem\",\"position\":1,\"name\":\"Home\",\"item\":\"https:\/\/www.istegroup.com\/\"},{\"@type\":\"ListItem\",\"position\":2,\"name\":\"Series Abr\u00e9g\u00e9s\"}]},{\"@type\":\"WebSite\",\"@id\":\"https:\/\/www.istegroup.com\/#website\",\"url\":\"https:\/\/www.istegroup.com\/\",\"name\":\"ISTE Group\",\"description\":\"Publishing Knowledge\",\"potentialAction\":[{\"@type\":\"SearchAction\",\"target\":{\"@type\":\"EntryPoint\",\"urlTemplate\":\"https:\/\/www.istegroup.com\/?s={search_term_string}\"},\"query-input\":{\"@type\":\"PropertyValueSpecification\",\"valueRequired\":true,\"valueName\":\"search_term_string\"}}],\"inLanguage\":\"en-US\"}]}<\/script>\n<!-- \/ Yoast SEO plugin. -->","yoast_head_json":{"title":"[:fr]Collection Abr\u00e9g\u00e9s[:en]Series Abr\u00e9g\u00e9s[:] - ISTE Group","robots":{"index":"index","follow":"follow","max-snippet":"max-snippet:-1","max-image-preview":"max-image-preview:large","max-video-preview":"max-video-preview:-1"},"canonical":"https:\/\/www.istegroup.com\/en\/collection-abreges\/","og_locale":"en_US","og_type":"article","og_title":"[:fr]Collection Abr\u00e9g\u00e9s[:en]Series Abr\u00e9g\u00e9s[:] - ISTE Group","og_description":"The Abr\u00e9g\u00e9s series is composed of short texts regarding cutting-edge research or practical applications from research results. Being a compact volume of 40-150 pages, these texts cover a wide range of professional and academic subjects: AI, Quantum Computing, Climate, Environment, Bioengineering, Health, Energies, New Technologies, etc. A typical Abr\u00e9g\u00e9s volume can include: \u2013 a presentation [&hellip;]","og_url":"https:\/\/www.istegroup.com\/en\/collection-abreges\/","og_site_name":"ISTE Group","article_modified_time":"2023-11-15T13:24:45+00:00","og_image":[{"width":1305,"height":800,"url":"https:\/\/www.istegroup.com\/wp-content\/uploads\/2022\/11\/ISTE-TC.jpg","type":"image\/jpeg"}],"twitter_card":"summary_large_image","twitter_misc":{"Est. reading time":"2 minutes"},"schema":{"@context":"https:\/\/schema.org","@graph":[{"@type":"WebPage","@id":"https:\/\/www.istegroup.com\/en\/collection-abreges\/","url":"https:\/\/www.istegroup.com\/en\/collection-abreges\/","name":"[:fr]Collection Abr\u00e9g\u00e9s[:en]Series Abr\u00e9g\u00e9s[:] - ISTE Group","isPartOf":{"@id":"https:\/\/www.istegroup.com\/#website"},"primaryImageOfPage":{"@id":"https:\/\/www.istegroup.com\/en\/collection-abreges\/#primaryimage"},"image":{"@id":"https:\/\/www.istegroup.com\/en\/collection-abreges\/#primaryimage"},"thumbnailUrl":"https:\/\/www.istegroup.com\/wp-content\/uploads\/2022\/11\/ISTE-TC.jpg","datePublished":"2022-11-14T12:23:55+00:00","dateModified":"2023-11-15T13:24:45+00:00","breadcrumb":{"@id":"https:\/\/www.istegroup.com\/en\/collection-abreges\/#breadcrumb"},"inLanguage":"en-US","potentialAction":[{"@type":"ReadAction","target":["https:\/\/www.istegroup.com\/en\/collection-abreges\/"]}]},{"@type":"ImageObject","inLanguage":"en-US","@id":"https:\/\/www.istegroup.com\/en\/collection-abreges\/#primaryimage","url":"https:\/\/www.istegroup.com\/wp-content\/uploads\/2022\/11\/ISTE-TC.jpg","contentUrl":"https:\/\/www.istegroup.com\/wp-content\/uploads\/2022\/11\/ISTE-TC.jpg","width":1305,"height":800},{"@type":"BreadcrumbList","@id":"https:\/\/www.istegroup.com\/en\/collection-abreges\/#breadcrumb","itemListElement":[{"@type":"ListItem","position":1,"name":"Home","item":"https:\/\/www.istegroup.com\/"},{"@type":"ListItem","position":2,"name":"Series Abr\u00e9g\u00e9s"}]},{"@type":"WebSite","@id":"https:\/\/www.istegroup.com\/#website","url":"https:\/\/www.istegroup.com\/","name":"ISTE Group","description":"Publishing Knowledge","potentialAction":[{"@type":"SearchAction","target":{"@type":"EntryPoint","urlTemplate":"https:\/\/www.istegroup.com\/?s={search_term_string}"},"query-input":{"@type":"PropertyValueSpecification","valueRequired":true,"valueName":"search_term_string"}}],"inLanguage":"en-US"}]}},"_links":{"self":[{"href":"https:\/\/www.istegroup.com\/en\/wp-json\/wp\/v2\/pages\/48945","targetHints":{"allow":["GET"]}}],"collection":[{"href":"https:\/\/www.istegroup.com\/en\/wp-json\/wp\/v2\/pages"}],"about":[{"href":"https:\/\/www.istegroup.com\/en\/wp-json\/wp\/v2\/types\/page"}],"author":[{"embeddable":true,"href":"https:\/\/www.istegroup.com\/en\/wp-json\/wp\/v2\/users\/203"}],"replies":[{"embeddable":true,"href":"https:\/\/www.istegroup.com\/en\/wp-json\/wp\/v2\/comments?post=48945"}],"version-history":[{"count":0,"href":"https:\/\/www.istegroup.com\/en\/wp-json\/wp\/v2\/pages\/48945\/revisions"}],"wp:featuredmedia":[{"embeddable":true,"href":"https:\/\/www.istegroup.com\/en\/wp-json\/wp\/v2\/media\/48943"}],"wp:attachment":[{"href":"https:\/\/www.istegroup.com\/en\/wp-json\/wp\/v2\/media?parent=48945"}],"curies":[{"name":"wp","href":"https:\/\/api.w.org\/{rel}","templated":true}]}}