{"id":16,"date":"2017-07-27T15:15:50","date_gmt":"2017-07-27T13:15:50","guid":{"rendered":"http:\/\/iste.yhello.co\/cart\/"},"modified":"2024-03-01T09:02:43","modified_gmt":"2024-03-01T09:02:43","slug":"panier","status":"publish","type":"page","link":"https:\/\/www.istegroup.com\/en\/panier\/","title":{"rendered":"Cart"},"content":{"rendered":"<p><\/p>\n<p>IMPORTANT : Nous vous rappelons qu&#8217;un achat d&#8217;ebook est strictement \u00e0 usage personnel et ne peut en aucun cas \u00eatre mis \u00e0 la disposition de votre \u00e9tablissement.<\/p>\n<p>Depuis le 1er janvier 2021, les achats en ligne exp\u00e9di\u00e9s depuis le Royaume-Uni sont soumis \u00e0 de nouvelles formalit\u00e9s douani\u00e8res d\u2019importation. Un r\u00e8glement de 5,5% de TVA ainsi que des frais de passage en douane peuvent \u00e9ventuellement vous \u00eatre r\u00e9clam\u00e9s par le transporteur (ces frais sont librement fix\u00e9s par les transporteurs, si ces frais d\u00e9passent les 15 euros, merci de nous contacter sur info@iste-editions.fr ).<\/p>","protected":false},"excerpt":{"rendered":"<p>IMPORTANT : Nous vous rappelons qu&#8217;un achat d&#8217;ebook est strictement \u00e0 usage personnel et ne peut en aucun cas \u00eatre mis \u00e0 la disposition de votre \u00e9tablissement. Depuis le 1er janvier 2021, les achats en ligne exp\u00e9di\u00e9s depuis le Royaume-Uni sont soumis \u00e0 de nouvelles formalit\u00e9s douani\u00e8res d\u2019importation. Un r\u00e8glement de 5,5% de TVA ainsi [&hellip;]<\/p>\n","protected":false},"author":1,"featured_media":14712,"parent":0,"menu_order":0,"comment_status":"closed","ping_status":"closed","template":"page-flexible.php","meta":{"_acf_changed":false,"footnotes":"","_links_to":"","_links_to_target":""},"class_list":["post-16","page","type-page","status-publish","has-post-thumbnail","hentry"],"acf":[],"yoast_head":"<!-- This site is optimized with the Yoast SEO plugin v27.2 - https:\/\/yoast.com\/product\/yoast-seo-wordpress\/ -->\n<title>Cart - ISTE Group<\/title>\n<meta name=\"robots\" content=\"index, follow, max-snippet:-1, max-image-preview:large, max-video-preview:-1\" \/>\n<link rel=\"canonical\" href=\"https:\/\/www.istegroup.com\/fr\/panier\/\" \/>\n<meta property=\"og:locale\" content=\"en_US\" \/>\n<meta property=\"og:type\" content=\"article\" \/>\n<meta property=\"og:title\" content=\"[:fr]Panier[:en]Cart[:] - ISTE Group\" \/>\n<meta property=\"og:description\" content=\"IMPORTANT : Nous vous rappelons qu&#8217;un achat d&#8217;ebook est strictement \u00e0 usage personnel et ne peut en aucun cas \u00eatre mis \u00e0 la disposition de votre \u00e9tablissement. Depuis le 1er janvier 2021, les achats en ligne exp\u00e9di\u00e9s depuis le Royaume-Uni sont soumis \u00e0 de nouvelles formalit\u00e9s douani\u00e8res d\u2019importation. Un r\u00e8glement de 5,5% de TVA ainsi [&hellip;]\" \/>\n<meta property=\"og:url\" content=\"https:\/\/www.istegroup.com\/fr\/panier\/\" \/>\n<meta property=\"og:site_name\" content=\"ISTE Group\" \/>\n<meta property=\"article:modified_time\" content=\"2024-03-01T09:02:43+00:00\" \/>\n<meta property=\"og:image\" content=\"https:\/\/www.istegroup.com\/wp-content\/uploads\/2018\/10\/image2.jpg\" \/>\n\t<meta property=\"og:image:width\" content=\"1920\" \/>\n\t<meta property=\"og:image:height\" content=\"1080\" \/>\n\t<meta property=\"og:image:type\" content=\"image\/jpeg\" \/>\n<meta name=\"twitter:card\" content=\"summary_large_image\" \/>\n<meta name=\"twitter:label1\" content=\"Est. reading time\" \/>\n\t<meta name=\"twitter:data1\" content=\"1 minute\" \/>\n<script type=\"application\/ld+json\" class=\"yoast-schema-graph\">{\"@context\":\"https:\/\/schema.org\",\"@graph\":[{\"@type\":\"WebPage\",\"@id\":\"https:\/\/www.istegroup.com\/fr\/panier\/\",\"url\":\"https:\/\/www.istegroup.com\/fr\/panier\/\",\"name\":\"[:fr]Panier[:en]Cart[:] - ISTE Group\",\"isPartOf\":{\"@id\":\"https:\/\/www.istegroup.com\/#website\"},\"primaryImageOfPage\":{\"@id\":\"https:\/\/www.istegroup.com\/fr\/panier\/#primaryimage\"},\"image\":{\"@id\":\"https:\/\/www.istegroup.com\/fr\/panier\/#primaryimage\"},\"thumbnailUrl\":\"https:\/\/www.istegroup.com\/wp-content\/uploads\/2018\/10\/image2.jpg\",\"datePublished\":\"2017-07-27T13:15:50+00:00\",\"dateModified\":\"2024-03-01T09:02:43+00:00\",\"breadcrumb\":{\"@id\":\"https:\/\/www.istegroup.com\/fr\/panier\/#breadcrumb\"},\"inLanguage\":\"en-US\",\"potentialAction\":[{\"@type\":\"ReadAction\",\"target\":[\"https:\/\/www.istegroup.com\/fr\/panier\/\"]}]},{\"@type\":\"ImageObject\",\"inLanguage\":\"en-US\",\"@id\":\"https:\/\/www.istegroup.com\/fr\/panier\/#primaryimage\",\"url\":\"https:\/\/www.istegroup.com\/wp-content\/uploads\/2018\/10\/image2.jpg\",\"contentUrl\":\"https:\/\/www.istegroup.com\/wp-content\/uploads\/2018\/10\/image2.jpg\",\"width\":1920,\"height\":1080},{\"@type\":\"BreadcrumbList\",\"@id\":\"https:\/\/www.istegroup.com\/fr\/panier\/#breadcrumb\",\"itemListElement\":[{\"@type\":\"ListItem\",\"position\":1,\"name\":\"Home\",\"item\":\"https:\/\/www.istegroup.com\/\"},{\"@type\":\"ListItem\",\"position\":2,\"name\":\"Panier\"}]},{\"@type\":\"WebSite\",\"@id\":\"https:\/\/www.istegroup.com\/#website\",\"url\":\"https:\/\/www.istegroup.com\/\",\"name\":\"ISTE Group\",\"description\":\"Publishing Knowledge\",\"potentialAction\":[{\"@type\":\"SearchAction\",\"target\":{\"@type\":\"EntryPoint\",\"urlTemplate\":\"https:\/\/www.istegroup.com\/?s={search_term_string}\"},\"query-input\":{\"@type\":\"PropertyValueSpecification\",\"valueRequired\":true,\"valueName\":\"search_term_string\"}}],\"inLanguage\":\"en-US\"}]}<\/script>\n<!-- \/ Yoast SEO plugin. -->","yoast_head_json":{"title":"[:fr]Panier[:en]Cart[:] - ISTE Group","robots":{"index":"index","follow":"follow","max-snippet":"max-snippet:-1","max-image-preview":"max-image-preview:large","max-video-preview":"max-video-preview:-1"},"canonical":"https:\/\/www.istegroup.com\/fr\/panier\/","og_locale":"en_US","og_type":"article","og_title":"[:fr]Panier[:en]Cart[:] - ISTE Group","og_description":"IMPORTANT : Nous vous rappelons qu&#8217;un achat d&#8217;ebook est strictement \u00e0 usage personnel et ne peut en aucun cas \u00eatre mis \u00e0 la disposition de votre \u00e9tablissement. Depuis le 1er janvier 2021, les achats en ligne exp\u00e9di\u00e9s depuis le Royaume-Uni sont soumis \u00e0 de nouvelles formalit\u00e9s douani\u00e8res d\u2019importation. Un r\u00e8glement de 5,5% de TVA ainsi [&hellip;]","og_url":"https:\/\/www.istegroup.com\/fr\/panier\/","og_site_name":"ISTE Group","article_modified_time":"2024-03-01T09:02:43+00:00","og_image":[{"width":1920,"height":1080,"url":"https:\/\/www.istegroup.com\/wp-content\/uploads\/2018\/10\/image2.jpg","type":"image\/jpeg"}],"twitter_card":"summary_large_image","twitter_misc":{"Est. reading time":"1 minute"},"schema":{"@context":"https:\/\/schema.org","@graph":[{"@type":"WebPage","@id":"https:\/\/www.istegroup.com\/fr\/panier\/","url":"https:\/\/www.istegroup.com\/fr\/panier\/","name":"[:fr]Panier[:en]Cart[:] - ISTE Group","isPartOf":{"@id":"https:\/\/www.istegroup.com\/#website"},"primaryImageOfPage":{"@id":"https:\/\/www.istegroup.com\/fr\/panier\/#primaryimage"},"image":{"@id":"https:\/\/www.istegroup.com\/fr\/panier\/#primaryimage"},"thumbnailUrl":"https:\/\/www.istegroup.com\/wp-content\/uploads\/2018\/10\/image2.jpg","datePublished":"2017-07-27T13:15:50+00:00","dateModified":"2024-03-01T09:02:43+00:00","breadcrumb":{"@id":"https:\/\/www.istegroup.com\/fr\/panier\/#breadcrumb"},"inLanguage":"en-US","potentialAction":[{"@type":"ReadAction","target":["https:\/\/www.istegroup.com\/fr\/panier\/"]}]},{"@type":"ImageObject","inLanguage":"en-US","@id":"https:\/\/www.istegroup.com\/fr\/panier\/#primaryimage","url":"https:\/\/www.istegroup.com\/wp-content\/uploads\/2018\/10\/image2.jpg","contentUrl":"https:\/\/www.istegroup.com\/wp-content\/uploads\/2018\/10\/image2.jpg","width":1920,"height":1080},{"@type":"BreadcrumbList","@id":"https:\/\/www.istegroup.com\/fr\/panier\/#breadcrumb","itemListElement":[{"@type":"ListItem","position":1,"name":"Home","item":"https:\/\/www.istegroup.com\/"},{"@type":"ListItem","position":2,"name":"Panier"}]},{"@type":"WebSite","@id":"https:\/\/www.istegroup.com\/#website","url":"https:\/\/www.istegroup.com\/","name":"ISTE Group","description":"Publishing Knowledge","potentialAction":[{"@type":"SearchAction","target":{"@type":"EntryPoint","urlTemplate":"https:\/\/www.istegroup.com\/?s={search_term_string}"},"query-input":{"@type":"PropertyValueSpecification","valueRequired":true,"valueName":"search_term_string"}}],"inLanguage":"en-US"}]}},"_links":{"self":[{"href":"https:\/\/www.istegroup.com\/en\/wp-json\/wp\/v2\/pages\/16","targetHints":{"allow":["GET"]}}],"collection":[{"href":"https:\/\/www.istegroup.com\/en\/wp-json\/wp\/v2\/pages"}],"about":[{"href":"https:\/\/www.istegroup.com\/en\/wp-json\/wp\/v2\/types\/page"}],"author":[{"embeddable":true,"href":"https:\/\/www.istegroup.com\/en\/wp-json\/wp\/v2\/users\/1"}],"replies":[{"embeddable":true,"href":"https:\/\/www.istegroup.com\/en\/wp-json\/wp\/v2\/comments?post=16"}],"version-history":[{"count":0,"href":"https:\/\/www.istegroup.com\/en\/wp-json\/wp\/v2\/pages\/16\/revisions"}],"wp:featuredmedia":[{"embeddable":true,"href":"https:\/\/www.istegroup.com\/en\/wp-json\/wp\/v2\/media\/14712"}],"wp:attachment":[{"href":"https:\/\/www.istegroup.com\/en\/wp-json\/wp\/v2\/media?parent=16"}],"curies":[{"name":"wp","href":"https:\/\/api.w.org\/{rel}","templated":true}]}}