{"id":13875,"date":"2018-07-12T17:03:19","date_gmt":"2018-07-12T15:03:19","guid":{"rendered":"https:\/\/iste.yhello.co\/?page_id=13875"},"modified":"2026-01-09T08:49:22","modified_gmt":"2026-01-09T08:49:22","slug":"sciences","status":"publish","type":"page","link":"https:\/\/www.istegroup.com\/en\/sciences\/","title":{"rendered":"SCIENCES"},"content":{"rendered":"<p><\/p>\n<p style=\"text-align: center;\">A word from the President of the ISTE Scientific Committee on <a style=\"color: #1e9691;\" href=\"https:\/\/www.istegroup.com\/en\/sciences-lencyclopedie-de-notre-temps\/\"> SCIENCES<\/a>.<\/p>\n<p><center><iframe loading=\"lazy\" src=\"https:\/\/www.youtube.com\/embed\/HhJLfENOFXA?modestbranding=1\" width=\"640\" height=\"360\" frameborder=\"0\" allowfullscreen=\"allowfullscreen\"><span data-mce-type=\"bookmark\" style=\"display: inline-block; width: 0px; overflow: hidden; line-height: 0;\" class=\"mce_SELRES_start\">\ufeff<\/span><\/iframe><\/center><\/p>\n<p style=\"text-align: center;\">SCIENCES is organized into <a style=\"color: #1e9691;\" href=\"https:\/\/www.istegroup.com\/en\/domaine\/\">scientific fields<\/a>, each divided into subjects defined by the Field Director who appoints the Subject Heads.<\/p>\n<p><\/p>","protected":false},"excerpt":{"rendered":"<p>A word from the President of the ISTE Scientific Committee on SCIENCES. \ufeff SCIENCES is organized into scientific fields, each divided into subjects defined by the Field Director who appoints the Subject Heads.<\/p>\n","protected":false},"author":1,"featured_media":14706,"parent":0,"menu_order":0,"comment_status":"closed","ping_status":"closed","template":"template-sciences.php","meta":{"_acf_changed":false,"footnotes":"","_links_to":"","_links_to_target":""},"class_list":["post-13875","page","type-page","status-publish","has-post-thumbnail","hentry"],"acf":[],"yoast_head":"<!-- This site is optimized with the Yoast SEO plugin v27.2 - https:\/\/yoast.com\/product\/yoast-seo-wordpress\/ -->\n<title>SCIENCES - ISTE Group<\/title>\n<meta name=\"description\" content=\"Une encyclop\u00e9die de plus de 800 volumes, qui couvre les sciences pures et appliqu\u00e9es, la sant\u00e9 et les SHS. Les ouvrages traitent de l\u2019\u00e9tat de l\u2019art, de la recherche et des applications.\" \/>\n<meta name=\"robots\" content=\"index, follow, max-snippet:-1, max-image-preview:large, max-video-preview:-1\" \/>\n<link rel=\"canonical\" href=\"https:\/\/www.istegroup.com\/sciences\/\" \/>\n<meta property=\"og:locale\" content=\"en_US\" \/>\n<meta property=\"og:type\" content=\"article\" \/>\n<meta property=\"og:title\" content=\"[:fr]Encyclop\u00e9die SCIENCES[:en]SCIENCES[:] - ISTE Group\" \/>\n<meta property=\"og:description\" content=\"Une encyclop\u00e9die de plus de 800 volumes, qui couvre les sciences pures et appliqu\u00e9es, la sant\u00e9 et les SHS. Les ouvrages traitent de l\u2019\u00e9tat de l\u2019art, de la recherche et des applications.\" \/>\n<meta property=\"og:url\" content=\"https:\/\/www.istegroup.com\/sciences\/\" \/>\n<meta property=\"og:site_name\" content=\"ISTE Group\" \/>\n<meta property=\"article:modified_time\" content=\"2026-01-09T08:49:22+00:00\" \/>\n<meta property=\"og:image\" content=\"https:\/\/www.istegroup.com\/wp-content\/uploads\/2018\/10\/rawpixel-781987-unsplash-scaled.jpg\" \/>\n\t<meta property=\"og:image:width\" content=\"2560\" \/>\n\t<meta property=\"og:image:height\" content=\"1807\" \/>\n\t<meta property=\"og:image:type\" content=\"image\/jpeg\" \/>\n<meta name=\"twitter:card\" content=\"summary_large_image\" \/>\n<meta name=\"twitter:label1\" content=\"Est. reading time\" \/>\n\t<meta name=\"twitter:data1\" content=\"2 minutes\" \/>\n<script type=\"application\/ld+json\" class=\"yoast-schema-graph\">{\"@context\":\"https:\/\/schema.org\",\"@graph\":[{\"@type\":\"WebPage\",\"@id\":\"https:\/\/www.istegroup.com\/sciences\/\",\"url\":\"https:\/\/www.istegroup.com\/sciences\/\",\"name\":\"[:fr]Encyclop\u00e9die SCIENCES[:en]SCIENCES[:] - ISTE Group\",\"isPartOf\":{\"@id\":\"https:\/\/www.istegroup.com\/#website\"},\"primaryImageOfPage\":{\"@id\":\"https:\/\/www.istegroup.com\/sciences\/#primaryimage\"},\"image\":{\"@id\":\"https:\/\/www.istegroup.com\/sciences\/#primaryimage\"},\"thumbnailUrl\":\"https:\/\/www.istegroup.com\/wp-content\/uploads\/2018\/10\/rawpixel-781987-unsplash-scaled.jpg\",\"datePublished\":\"2018-07-12T15:03:19+00:00\",\"dateModified\":\"2026-01-09T08:49:22+00:00\",\"description\":\"Une encyclop\u00e9die de plus de 800 volumes, qui couvre les sciences pures et appliqu\u00e9es, la sant\u00e9 et les SHS. Les ouvrages traitent de l\u2019\u00e9tat de l\u2019art, de la recherche et des applications.\",\"breadcrumb\":{\"@id\":\"https:\/\/www.istegroup.com\/sciences\/#breadcrumb\"},\"inLanguage\":\"en-US\",\"potentialAction\":[{\"@type\":\"ReadAction\",\"target\":[\"https:\/\/www.istegroup.com\/sciences\/\"]}]},{\"@type\":\"ImageObject\",\"inLanguage\":\"en-US\",\"@id\":\"https:\/\/www.istegroup.com\/sciences\/#primaryimage\",\"url\":\"https:\/\/www.istegroup.com\/wp-content\/uploads\/2018\/10\/rawpixel-781987-unsplash-scaled.jpg\",\"contentUrl\":\"https:\/\/www.istegroup.com\/wp-content\/uploads\/2018\/10\/rawpixel-781987-unsplash-scaled.jpg\",\"width\":2560,\"height\":1807,\"caption\":\"Encyclopedie Science - ISTE editions - Livres scientifiques et techniques\"},{\"@type\":\"BreadcrumbList\",\"@id\":\"https:\/\/www.istegroup.com\/sciences\/#breadcrumb\",\"itemListElement\":[{\"@type\":\"ListItem\",\"position\":1,\"name\":\"Home\",\"item\":\"https:\/\/www.istegroup.com\/\"},{\"@type\":\"ListItem\",\"position\":2,\"name\":\"Encyclop\u00e9die SCIENCES\"}]},{\"@type\":\"WebSite\",\"@id\":\"https:\/\/www.istegroup.com\/#website\",\"url\":\"https:\/\/www.istegroup.com\/\",\"name\":\"ISTE Group\",\"description\":\"Publishing Knowledge\",\"potentialAction\":[{\"@type\":\"SearchAction\",\"target\":{\"@type\":\"EntryPoint\",\"urlTemplate\":\"https:\/\/www.istegroup.com\/?s={search_term_string}\"},\"query-input\":{\"@type\":\"PropertyValueSpecification\",\"valueRequired\":true,\"valueName\":\"search_term_string\"}}],\"inLanguage\":\"en-US\"}]}<\/script>\n<!-- \/ Yoast SEO plugin. -->","yoast_head_json":{"title":"[:fr]Encyclop\u00e9die SCIENCES[:en]SCIENCES[:] - ISTE Group","description":"Une encyclop\u00e9die de plus de 800 volumes, qui couvre les sciences pures et appliqu\u00e9es, la sant\u00e9 et les SHS. Les ouvrages traitent de l\u2019\u00e9tat de l\u2019art, de la recherche et des applications.","robots":{"index":"index","follow":"follow","max-snippet":"max-snippet:-1","max-image-preview":"max-image-preview:large","max-video-preview":"max-video-preview:-1"},"canonical":"https:\/\/www.istegroup.com\/sciences\/","og_locale":"en_US","og_type":"article","og_title":"[:fr]Encyclop\u00e9die SCIENCES[:en]SCIENCES[:] - ISTE Group","og_description":"Une encyclop\u00e9die de plus de 800 volumes, qui couvre les sciences pures et appliqu\u00e9es, la sant\u00e9 et les SHS. Les ouvrages traitent de l\u2019\u00e9tat de l\u2019art, de la recherche et des applications.","og_url":"https:\/\/www.istegroup.com\/sciences\/","og_site_name":"ISTE Group","article_modified_time":"2026-01-09T08:49:22+00:00","og_image":[{"width":2560,"height":1807,"url":"https:\/\/www.istegroup.com\/wp-content\/uploads\/2018\/10\/rawpixel-781987-unsplash-scaled.jpg","type":"image\/jpeg"}],"twitter_card":"summary_large_image","twitter_misc":{"Est. reading time":"2 minutes"},"schema":{"@context":"https:\/\/schema.org","@graph":[{"@type":"WebPage","@id":"https:\/\/www.istegroup.com\/sciences\/","url":"https:\/\/www.istegroup.com\/sciences\/","name":"[:fr]Encyclop\u00e9die SCIENCES[:en]SCIENCES[:] - ISTE Group","isPartOf":{"@id":"https:\/\/www.istegroup.com\/#website"},"primaryImageOfPage":{"@id":"https:\/\/www.istegroup.com\/sciences\/#primaryimage"},"image":{"@id":"https:\/\/www.istegroup.com\/sciences\/#primaryimage"},"thumbnailUrl":"https:\/\/www.istegroup.com\/wp-content\/uploads\/2018\/10\/rawpixel-781987-unsplash-scaled.jpg","datePublished":"2018-07-12T15:03:19+00:00","dateModified":"2026-01-09T08:49:22+00:00","description":"Une encyclop\u00e9die de plus de 800 volumes, qui couvre les sciences pures et appliqu\u00e9es, la sant\u00e9 et les SHS. Les ouvrages traitent de l\u2019\u00e9tat de l\u2019art, de la recherche et des applications.","breadcrumb":{"@id":"https:\/\/www.istegroup.com\/sciences\/#breadcrumb"},"inLanguage":"en-US","potentialAction":[{"@type":"ReadAction","target":["https:\/\/www.istegroup.com\/sciences\/"]}]},{"@type":"ImageObject","inLanguage":"en-US","@id":"https:\/\/www.istegroup.com\/sciences\/#primaryimage","url":"https:\/\/www.istegroup.com\/wp-content\/uploads\/2018\/10\/rawpixel-781987-unsplash-scaled.jpg","contentUrl":"https:\/\/www.istegroup.com\/wp-content\/uploads\/2018\/10\/rawpixel-781987-unsplash-scaled.jpg","width":2560,"height":1807,"caption":"Encyclopedie Science - ISTE editions - Livres scientifiques et techniques"},{"@type":"BreadcrumbList","@id":"https:\/\/www.istegroup.com\/sciences\/#breadcrumb","itemListElement":[{"@type":"ListItem","position":1,"name":"Home","item":"https:\/\/www.istegroup.com\/"},{"@type":"ListItem","position":2,"name":"Encyclop\u00e9die SCIENCES"}]},{"@type":"WebSite","@id":"https:\/\/www.istegroup.com\/#website","url":"https:\/\/www.istegroup.com\/","name":"ISTE Group","description":"Publishing Knowledge","potentialAction":[{"@type":"SearchAction","target":{"@type":"EntryPoint","urlTemplate":"https:\/\/www.istegroup.com\/?s={search_term_string}"},"query-input":{"@type":"PropertyValueSpecification","valueRequired":true,"valueName":"search_term_string"}}],"inLanguage":"en-US"}]}},"_links":{"self":[{"href":"https:\/\/www.istegroup.com\/en\/wp-json\/wp\/v2\/pages\/13875","targetHints":{"allow":["GET"]}}],"collection":[{"href":"https:\/\/www.istegroup.com\/en\/wp-json\/wp\/v2\/pages"}],"about":[{"href":"https:\/\/www.istegroup.com\/en\/wp-json\/wp\/v2\/types\/page"}],"author":[{"embeddable":true,"href":"https:\/\/www.istegroup.com\/en\/wp-json\/wp\/v2\/users\/1"}],"replies":[{"embeddable":true,"href":"https:\/\/www.istegroup.com\/en\/wp-json\/wp\/v2\/comments?post=13875"}],"version-history":[{"count":0,"href":"https:\/\/www.istegroup.com\/en\/wp-json\/wp\/v2\/pages\/13875\/revisions"}],"wp:featuredmedia":[{"embeddable":true,"href":"https:\/\/www.istegroup.com\/en\/wp-json\/wp\/v2\/media\/14706"}],"wp:attachment":[{"href":"https:\/\/www.istegroup.com\/en\/wp-json\/wp\/v2\/media?parent=13875"}],"curies":[{"name":"wp","href":"https:\/\/api.w.org\/{rel}","templated":true}]}}