{"id":114,"date":"2017-07-28T10:38:06","date_gmt":"2017-07-28T08:38:06","guid":{"rendered":"https:\/\/iste.yhello.co\/?page_id=114"},"modified":"2026-04-27T17:01:16","modified_gmt":"2026-04-27T16:01:16","slug":"welcome","status":"publish","type":"page","link":"https:\/\/www.istegroup.com\/en\/","title":{"rendered":"ISTE Group"},"content":{"rendered":"<p class=\"qtranxs-available-languages-message qtranxs-available-languages-message-en\">Sorry, this entry is only available in <a href=\"https:\/\/www.istegroup.com\/fr\/wp-json\/wp\/v2\/pages\/114\" class=\"qtranxs-available-language-link qtranxs-available-language-link-fr\" title=\"FR\">FR<\/a>.<\/p>","protected":false},"excerpt":{"rendered":"<p>Sorry, this entry is only available in FR.<\/p>\n","protected":false},"author":1,"featured_media":16794,"parent":0,"menu_order":0,"comment_status":"closed","ping_status":"closed","template":"template-home.php","meta":{"_acf_changed":false,"footnotes":"","_links_to":"","_links_to_target":""},"class_list":["post-114","page","type-page","status-publish","has-post-thumbnail","hentry"],"acf":[],"yoast_head":"<!-- This site is optimized with the Yoast SEO plugin v27.2 - https:\/\/yoast.com\/product\/yoast-seo-wordpress\/ -->\n<title>ISTE Group - \u00c9diteur des Sciences<\/title>\n<meta name=\"description\" content=\"Leader de l&#039;\u00e9dition fran\u00e7aise de livres en sciences et techniques. ISTE Group publie des livres et des ebooks scientifiques en fran\u00e7ais et en anglais.\" \/>\n<meta name=\"robots\" content=\"index, follow, max-snippet:-1, max-image-preview:large, max-video-preview:-1\" \/>\n<link rel=\"canonical\" href=\"https:\/\/www.istegroup.com\/\" \/>\n<meta property=\"og:locale\" content=\"en_US\" \/>\n<meta property=\"og:type\" content=\"article\" \/>\n<meta property=\"og:title\" content=\"ISTE Group - \u00c9diteur des Sciences\" \/>\n<meta property=\"og:description\" content=\"Leader de l&#039;\u00e9dition fran\u00e7aise de livres en sciences et techniques. ISTE Group publie des livres et des ebooks scientifiques en fran\u00e7ais et en anglais.\" \/>\n<meta property=\"og:url\" content=\"https:\/\/www.istegroup.com\/\" \/>\n<meta property=\"og:site_name\" content=\"ISTE Group\" \/>\n<meta property=\"article:modified_time\" content=\"2026-04-27T16:01:16+00:00\" \/>\n<meta property=\"og:image\" content=\"https:\/\/www.istegroup.com\/wp-content\/uploads\/2019\/01\/abstraction.jpg\" \/>\n\t<meta property=\"og:image:width\" content=\"1920\" \/>\n\t<meta property=\"og:image:height\" content=\"1080\" \/>\n\t<meta property=\"og:image:type\" content=\"image\/jpeg\" \/>\n<meta name=\"twitter:card\" content=\"summary_large_image\" \/>\n<meta name=\"twitter:label1\" content=\"Est. reading time\" \/>\n\t<meta name=\"twitter:data1\" content=\"1 minute\" \/>\n<script type=\"application\/ld+json\" class=\"yoast-schema-graph\">{\"@context\":\"https:\/\/schema.org\",\"@graph\":[{\"@type\":\"WebPage\",\"@id\":\"https:\/\/www.istegroup.com\/\",\"url\":\"https:\/\/www.istegroup.com\/\",\"name\":\"ISTE Group - \u00c9diteur des Sciences\",\"isPartOf\":{\"@id\":\"https:\/\/www.istegroup.com\/#website\"},\"primaryImageOfPage\":{\"@id\":\"https:\/\/www.istegroup.com\/#primaryimage\"},\"image\":{\"@id\":\"https:\/\/www.istegroup.com\/#primaryimage\"},\"thumbnailUrl\":\"https:\/\/www.istegroup.com\/wp-content\/uploads\/2019\/01\/abstraction.jpg\",\"datePublished\":\"2017-07-28T08:38:06+00:00\",\"dateModified\":\"2026-04-27T16:01:16+00:00\",\"description\":\"Leader de l'\u00e9dition fran\u00e7aise de livres en sciences et techniques. ISTE Group publie des livres et des ebooks scientifiques en fran\u00e7ais et en anglais.\",\"breadcrumb\":{\"@id\":\"https:\/\/www.istegroup.com\/#breadcrumb\"},\"inLanguage\":\"en-US\",\"potentialAction\":[{\"@type\":\"ReadAction\",\"target\":[\"https:\/\/www.istegroup.com\/\"]}]},{\"@type\":\"ImageObject\",\"inLanguage\":\"en-US\",\"@id\":\"https:\/\/www.istegroup.com\/#primaryimage\",\"url\":\"https:\/\/www.istegroup.com\/wp-content\/uploads\/2019\/01\/abstraction.jpg\",\"contentUrl\":\"https:\/\/www.istegroup.com\/wp-content\/uploads\/2019\/01\/abstraction.jpg\",\"width\":1920,\"height\":1080},{\"@type\":\"BreadcrumbList\",\"@id\":\"https:\/\/www.istegroup.com\/#breadcrumb\",\"itemListElement\":[{\"@type\":\"ListItem\",\"position\":1,\"name\":\"Home\",\"item\":\"https:\/\/www.istegroup.com\/\"},{\"@type\":\"ListItem\",\"position\":2,\"name\":\"ISTE Group\"}]},{\"@type\":\"WebSite\",\"@id\":\"https:\/\/www.istegroup.com\/#website\",\"url\":\"https:\/\/www.istegroup.com\/\",\"name\":\"ISTE Group\",\"description\":\"Publishing Knowledge\",\"potentialAction\":[{\"@type\":\"SearchAction\",\"target\":{\"@type\":\"EntryPoint\",\"urlTemplate\":\"https:\/\/www.istegroup.com\/?s={search_term_string}\"},\"query-input\":{\"@type\":\"PropertyValueSpecification\",\"valueRequired\":true,\"valueName\":\"search_term_string\"}}],\"inLanguage\":\"en-US\"}]}<\/script>\n<!-- \/ Yoast SEO plugin. -->","yoast_head_json":{"title":"ISTE Group - \u00c9diteur des Sciences","description":"Leader de l'\u00e9dition fran\u00e7aise de livres en sciences et techniques. ISTE Group publie des livres et des ebooks scientifiques en fran\u00e7ais et en anglais.","robots":{"index":"index","follow":"follow","max-snippet":"max-snippet:-1","max-image-preview":"max-image-preview:large","max-video-preview":"max-video-preview:-1"},"canonical":"https:\/\/www.istegroup.com\/","og_locale":"en_US","og_type":"article","og_title":"ISTE Group - \u00c9diteur des Sciences","og_description":"Leader de l'\u00e9dition fran\u00e7aise de livres en sciences et techniques. ISTE Group publie des livres et des ebooks scientifiques en fran\u00e7ais et en anglais.","og_url":"https:\/\/www.istegroup.com\/","og_site_name":"ISTE Group","article_modified_time":"2026-04-27T16:01:16+00:00","og_image":[{"width":1920,"height":1080,"url":"https:\/\/www.istegroup.com\/wp-content\/uploads\/2019\/01\/abstraction.jpg","type":"image\/jpeg"}],"twitter_card":"summary_large_image","twitter_misc":{"Est. reading time":"1 minute"},"schema":{"@context":"https:\/\/schema.org","@graph":[{"@type":"WebPage","@id":"https:\/\/www.istegroup.com\/","url":"https:\/\/www.istegroup.com\/","name":"ISTE Group - \u00c9diteur des Sciences","isPartOf":{"@id":"https:\/\/www.istegroup.com\/#website"},"primaryImageOfPage":{"@id":"https:\/\/www.istegroup.com\/#primaryimage"},"image":{"@id":"https:\/\/www.istegroup.com\/#primaryimage"},"thumbnailUrl":"https:\/\/www.istegroup.com\/wp-content\/uploads\/2019\/01\/abstraction.jpg","datePublished":"2017-07-28T08:38:06+00:00","dateModified":"2026-04-27T16:01:16+00:00","description":"Leader de l'\u00e9dition fran\u00e7aise de livres en sciences et techniques. ISTE Group publie des livres et des ebooks scientifiques en fran\u00e7ais et en anglais.","breadcrumb":{"@id":"https:\/\/www.istegroup.com\/#breadcrumb"},"inLanguage":"en-US","potentialAction":[{"@type":"ReadAction","target":["https:\/\/www.istegroup.com\/"]}]},{"@type":"ImageObject","inLanguage":"en-US","@id":"https:\/\/www.istegroup.com\/#primaryimage","url":"https:\/\/www.istegroup.com\/wp-content\/uploads\/2019\/01\/abstraction.jpg","contentUrl":"https:\/\/www.istegroup.com\/wp-content\/uploads\/2019\/01\/abstraction.jpg","width":1920,"height":1080},{"@type":"BreadcrumbList","@id":"https:\/\/www.istegroup.com\/#breadcrumb","itemListElement":[{"@type":"ListItem","position":1,"name":"Home","item":"https:\/\/www.istegroup.com\/"},{"@type":"ListItem","position":2,"name":"ISTE Group"}]},{"@type":"WebSite","@id":"https:\/\/www.istegroup.com\/#website","url":"https:\/\/www.istegroup.com\/","name":"ISTE Group","description":"Publishing Knowledge","potentialAction":[{"@type":"SearchAction","target":{"@type":"EntryPoint","urlTemplate":"https:\/\/www.istegroup.com\/?s={search_term_string}"},"query-input":{"@type":"PropertyValueSpecification","valueRequired":true,"valueName":"search_term_string"}}],"inLanguage":"en-US"}]}},"_links":{"self":[{"href":"https:\/\/www.istegroup.com\/en\/wp-json\/wp\/v2\/pages\/114","targetHints":{"allow":["GET"]}}],"collection":[{"href":"https:\/\/www.istegroup.com\/en\/wp-json\/wp\/v2\/pages"}],"about":[{"href":"https:\/\/www.istegroup.com\/en\/wp-json\/wp\/v2\/types\/page"}],"author":[{"embeddable":true,"href":"https:\/\/www.istegroup.com\/en\/wp-json\/wp\/v2\/users\/1"}],"replies":[{"embeddable":true,"href":"https:\/\/www.istegroup.com\/en\/wp-json\/wp\/v2\/comments?post=114"}],"version-history":[{"count":2,"href":"https:\/\/www.istegroup.com\/en\/wp-json\/wp\/v2\/pages\/114\/revisions"}],"predecessor-version":[{"id":63817,"href":"https:\/\/www.istegroup.com\/en\/wp-json\/wp\/v2\/pages\/114\/revisions\/63817"}],"wp:featuredmedia":[{"embeddable":true,"href":"https:\/\/www.istegroup.com\/en\/wp-json\/wp\/v2\/media\/16794"}],"wp:attachment":[{"href":"https:\/\/www.istegroup.com\/en\/wp-json\/wp\/v2\/media?parent=114"}],"curies":[{"name":"wp","href":"https:\/\/api.w.org\/{rel}","templated":true}]}}